{"id":10501,"date":"2020-09-22T09:01:59","date_gmt":"2020-09-22T07:01:59","guid":{"rendered":"http:\/\/agora.xtec.cat\/iesegara\/?page_id=10501"},"modified":"2023-11-18T10:14:37","modified_gmt":"2023-11-18T09:14:37","slug":"carta-de-compromis-educatiu","status":"publish","type":"page","link":"https:\/\/agora.xtec.cat\/iesegara\/carta-de-compromis-educatiu\/","title":{"rendered":"Carta de Comprom\u00eds Educatiu"},"content":{"rendered":"<p>Prement en el seg\u00fcent enlla\u00e7 accedireu a la <a href=\"https:\/\/docs.google.com\/document\/d\/1iEg0kq0UKnsvykukL5bEYxDQBEgiHcuAzlBNrISB9zE\/edit?usp=sharing\">Carta de comprom\u00eds educatiu.<\/a><\/p>\n<p>&nbsp;<\/p>\n","protected":false},"excerpt":{"rendered":"<p>Prement en el seg\u00fcent enlla\u00e7 accedireu a la <a href=\"https:\/\/docs.google.com\/document\/d\/1iEg0kq0UKnsvykukL5bEYxDQBEgiHcuAzlBNrISB9zE\/edit?usp=sharing\">Carta de comprom\u00eds educatiu.<\/a><br \/>\n&nbsp;<\/p>\n","protected":false},"author":3,"featured_media":0,"parent":0,"menu_order":0,"comment_status":"closed","ping_status":"closed","template":"","meta":{"_bbp_topic_count":0,"_bbp_reply_count":0,"_bbp_total_topic_count":0,"_bbp_total_reply_count":0,"_bbp_voice_count":0,"_bbp_anonymous_reply_count":0,"_bbp_topic_count_hidden":0,"_bbp_reply_count_hidden":0,"_bbp_forum_subforum_count":0,"footnotes":""},"class_list":["post-10501","page","type-page","status-publish","hentry"],"post_mailing_queue_ids":[],"_links":{"self":[{"href":"https:\/\/agora.xtec.cat\/iesegara\/wp-json\/wp\/v2\/pages\/10501","targetHints":{"allow":["GET"]}}],"collection":[{"href":"https:\/\/agora.xtec.cat\/iesegara\/wp-json\/wp\/v2\/pages"}],"about":[{"href":"https:\/\/agora.xtec.cat\/iesegara\/wp-json\/wp\/v2\/types\/page"}],"author":[{"embeddable":true,"href":"https:\/\/agora.xtec.cat\/iesegara\/wp-json\/wp\/v2\/users\/3"}],"replies":[{"embeddable":true,"href":"https:\/\/agora.xtec.cat\/iesegara\/wp-json\/wp\/v2\/comments?post=10501"}],"version-history":[{"count":4,"href":"https:\/\/agora.xtec.cat\/iesegara\/wp-json\/wp\/v2\/pages\/10501\/revisions"}],"predecessor-version":[{"id":11718,"href":"https:\/\/agora.xtec.cat\/iesegara\/wp-json\/wp\/v2\/pages\/10501\/revisions\/11718"}],"wp:attachment":[{"href":"https:\/\/agora.xtec.cat\/iesegara\/wp-json\/wp\/v2\/media?parent=10501"}],"curies":[{"name":"wp","href":"https:\/\/api.w.org\/{rel}","templated":true}]}}