{"id":9223,"date":"2023-08-14T00:25:25","date_gmt":"2023-08-13T22:25:25","guid":{"rendered":"https:\/\/agora.xtec.cat\/iesducdemontblanc\/?page_id=9223"},"modified":"2023-08-14T00:50:50","modified_gmt":"2023-08-13T22:50:50","slug":"idcat-com-obtenir-lo","status":"publish","type":"page","link":"https:\/\/agora.xtec.cat\/iesducdemontblanc\/secretaria\/idcat-com-obtenir-lo\/","title":{"rendered":"idCAT. Com obtenir-lo?"},"content":{"rendered":"<p>Des de\u00a0<a href=\"https:\/\/idcatmobil.cat\/\"><b>aqu\u00ed<\/b>\u00a0<\/a>ets pots donar d\u2019alta amb o sense certificat digital, per\u00f2 cal que tinguis la Targeta sanit\u00e0ria individual o la targeta de MUFACE.<\/p>\n<h4><span style=\"text-decoration: underline;\"><strong>Alta sense certificat digital<\/strong><\/span><\/h4>\n<p>\u2022 persones que tinguin nacionalitat espanyola<br \/>\n\u2022 persones estrangeres que tinguin Targeta d\u2019Identitat d\u2019Estranger (TIE).<\/p>\n<p>Si \u00e9s el teu cas, haur\u00e0s de seguir els seg\u00fcents passos:<\/p>\n<ul>\n<li>Acreditar la teva identitat amb el n\u00famero i la data de caducitat del DNI o de la TIE, la data de naixement i el codi de barres de la Targeta Sanit\u00e0ria Individual (TSI) que lliura el CatSalut.<\/li>\n<\/ul>\n<p><img loading=\"lazy\" decoding=\"async\" class=\"aligncenter size-full wp-image-9225\" src=\"https:\/\/agora.xtec.cat\/iesducdemontblanc\/wp-content\/uploads\/usu873\/2023\/08\/catsalut.jpg\" alt=\"\" width=\"354\" height=\"120\" srcset=\"https:\/\/agora.xtec.cat\/iesducdemontblanc\/wp-content\/uploads\/usu873\/2023\/08\/catsalut.jpg 354w, https:\/\/agora.xtec.cat\/iesducdemontblanc\/wp-content\/uploads\/usu873\/2023\/08\/catsalut-300x102.jpg 300w\" sizes=\"auto, (max-width: 354px) 100vw, 354px\" \/><\/p>\n<ul>\n<li>Indicar el teu tel\u00e8fon m\u00f2bil, per identificar-te i rebre avisos, i el correu electr\u00f2nic.<\/li>\n<li>Informar la contrasenya d\u2019un sol \u00fas que rebr\u00e0s al m\u00f2bil per finalitzar l\u2019alta.<\/li>\n<\/ul>\n<h4><span style=\"text-decoration: underline;\"><strong>Alta amb certificat digital<\/strong><\/span><\/h4>\n<p>Si tens un certificat de persona f\u00edsica, corporatiu de persona f\u00edsica o de persona f\u00edsica representant que est\u00e0 vigent i em\u00e8s per una entitat classificada pel <a href=\"https:\/\/www.aoc.cat\/encyclopedia\/alta-idcatmobil-certificat-requisits-tecnics\/\">CAOC<\/a>.<\/p>\n","protected":false},"excerpt":{"rendered":"<p>Des de\u00a0aqu\u00ed\u00a0ets pots donar d\u2019alta amb o sense certificat digital, per\u00f2 cal que tinguis la Targeta sanit\u00e0ria individual o la [&hellip;]<\/p>\n","protected":false},"author":1,"featured_media":0,"parent":3251,"menu_order":6,"comment_status":"closed","ping_status":"closed","template":"page-templates\/side-menu.php","meta":{"_bbp_topic_count":0,"_bbp_reply_count":0,"_bbp_total_topic_count":0,"_bbp_total_reply_count":0,"_bbp_voice_count":0,"_bbp_anonymous_reply_count":0,"_bbp_topic_count_hidden":0,"_bbp_reply_count_hidden":0,"_bbp_forum_subforum_count":0,"site-sidebar-layout":"default","site-content-layout":"","ast-site-content-layout":"","site-content-style":"default","site-sidebar-style":"default","ast-global-header-display":"","ast-banner-title-visibility":"","ast-main-header-display":"","ast-hfb-above-header-display":"","ast-hfb-below-header-display":"","ast-hfb-mobile-header-display":"","site-post-title":"","ast-breadcrumbs-content":"","ast-featured-img":"","footer-sml-layout":"","theme-transparent-header-meta":"","adv-header-id-meta":"","stick-header-meta":"","header-above-stick-meta":"","header-main-stick-meta":"","header-below-stick-meta":"","astra-migrate-meta-layouts":"default","ast-page-background-enabled":"default","ast-page-background-meta":{"desktop":{"background-color":"var(--ast-global-color-4)","background-image":"","background-repeat":"repeat","background-position":"center center","background-size":"auto","background-attachment":"scroll","background-type":"","background-media":"","overlay-type":"","overlay-color":"","overlay-opacity":"","overlay-gradient":""},"tablet":{"background-color":"","background-image":"","background-repeat":"repeat","background-position":"center center","background-size":"auto","background-attachment":"scroll","background-type":"","background-media":"","overlay-type":"","overlay-color":"","overlay-opacity":"","overlay-gradient":""},"mobile":{"background-color":"","background-image":"","background-repeat":"repeat","background-position":"center center","background-size":"auto","background-attachment":"scroll","background-type":"","background-media":"","overlay-type":"","overlay-color":"","overlay-opacity":"","overlay-gradient":""}},"ast-content-background-meta":{"desktop":{"background-color":"var(--ast-global-color-5)","background-image":"","background-repeat":"repeat","background-position":"center center","background-size":"auto","background-attachment":"scroll","background-type":"","background-media":"","overlay-type":"","overlay-color":"","overlay-opacity":"","overlay-gradient":""},"tablet":{"background-color":"var(--ast-global-color-5)","background-image":"","background-repeat":"repeat","background-position":"center center","background-size":"auto","background-attachment":"scroll","background-type":"","background-media":"","overlay-type":"","overlay-color":"","overlay-opacity":"","overlay-gradient":""},"mobile":{"background-color":"var(--ast-global-color-5)","background-image":"","background-repeat":"repeat","background-position":"center center","background-size":"auto","background-attachment":"scroll","background-type":"","background-media":"","overlay-type":"","overlay-color":"","overlay-opacity":"","overlay-gradient":""}},"footnotes":""},"class_list":["post-9223","page","type-page","status-publish","hentry"],"post_mailing_queue_ids":[],"_links":{"self":[{"href":"https:\/\/agora.xtec.cat\/iesducdemontblanc\/wp-json\/wp\/v2\/pages\/9223","targetHints":{"allow":["GET"]}}],"collection":[{"href":"https:\/\/agora.xtec.cat\/iesducdemontblanc\/wp-json\/wp\/v2\/pages"}],"about":[{"href":"https:\/\/agora.xtec.cat\/iesducdemontblanc\/wp-json\/wp\/v2\/types\/page"}],"author":[{"embeddable":true,"href":"https:\/\/agora.xtec.cat\/iesducdemontblanc\/wp-json\/wp\/v2\/users\/1"}],"replies":[{"embeddable":true,"href":"https:\/\/agora.xtec.cat\/iesducdemontblanc\/wp-json\/wp\/v2\/comments?post=9223"}],"version-history":[{"count":2,"href":"https:\/\/agora.xtec.cat\/iesducdemontblanc\/wp-json\/wp\/v2\/pages\/9223\/revisions"}],"predecessor-version":[{"id":9226,"href":"https:\/\/agora.xtec.cat\/iesducdemontblanc\/wp-json\/wp\/v2\/pages\/9223\/revisions\/9226"}],"up":[{"embeddable":true,"href":"https:\/\/agora.xtec.cat\/iesducdemontblanc\/wp-json\/wp\/v2\/pages\/3251"}],"wp:attachment":[{"href":"https:\/\/agora.xtec.cat\/iesducdemontblanc\/wp-json\/wp\/v2\/media?parent=9223"}],"curies":[{"name":"wp","href":"https:\/\/api.w.org\/{rel}","templated":true}]}}