{"id":9221,"date":"2023-08-14T00:22:06","date_gmt":"2023-08-13T22:22:06","guid":{"rendered":"https:\/\/agora.xtec.cat\/iesducdemontblanc\/?page_id=9221"},"modified":"2023-08-21T11:44:47","modified_gmt":"2023-08-21T09:44:47","slug":"homologacions","status":"publish","type":"page","link":"https:\/\/agora.xtec.cat\/iesducdemontblanc\/secretaria\/homologacions\/","title":{"rendered":"Homologacions"},"content":{"rendered":"<p>Es poden homologar tots els estudis de sistemes educatius estrangers no universitaris excepte els d\u2019idiomes.<\/p>\n<p>Els\u00a0<b>estudis fets a l\u2019estranger\u00a0<\/b>han de complir els requisits seg\u00fcents:<\/p>\n<ul>\n<li aria-level=\"1\">tenir validesa oficial en el sistema educatiu del pa\u00eds al qual corresponen,<\/li>\n<li aria-level=\"1\">estar efectivament\u00a0superats\u00a0en el pa\u00eds de proced\u00e8ncia. No es convaliden assignatures soltes,<\/li>\n<li aria-level=\"1\">haver superat tots i cada un dels cursos anteriors al curs que es vol homologar o convalidar,<\/li>\n<li aria-level=\"1\">haver-hi equival\u00e8ncia\u00a0acad\u00e8mica suficient, en la durada i els continguts, respecte als estudis o al t\u00edtol espanyol.<\/li>\n<\/ul>\n<p>No es pot homologar un t\u00edtol estranger obtingut per homologaci\u00f3, convalidaci\u00f3 o reconeixement d\u2019un altre t\u00edtol obtingut en un tercer pa\u00eds.<\/p>\n<p>Els estudis fets en un centre estranger ubicat a l\u2019Estat espanyol\u00a0han de complir els requisits seg\u00fcents:<\/p>\n<ul>\n<li aria-level=\"1\">El centre que els imparteix ha de tenir l\u2019autoritzaci\u00f3 de l\u2019administraci\u00f3 educativa espanyola competent.<\/li>\n<li aria-level=\"1\">No es pot haver aconseguit pr\u00e8viament el mateix t\u00edtol o estudis en el sistema educatiu espanyol.<\/li>\n<\/ul>\n<p>L&#8217;alumnat de sistemes educatius estrangers que s\u2019incorporen a un curs d\u2019educaci\u00f3 <b>prim\u00e0ria<\/b>\u00a0o\u00a0<b>secund\u00e0ria<\/b>\u00a0(ensenyaments obligatoris),\u00a0<b>no han de sol\u00b7licitar l\u2019homologaci\u00f3<\/b>; aquests alumnes s\u2019escolaritzen per edat. Tampoc no l\u2019han de sol\u00b7licitar les persones adultes que volen cursar ensenyaments d\u2019Educaci\u00f3 Secund\u00e0ria Obligat\u00f2ria.<\/p>\n<p>Per a la sol\u00b7licitud d\u2019homologaci\u00f3 al t\u00edtol de graduat en educaci\u00f3 secund\u00e0ria no s\u2019abonar\u00e0 cap taxa; per a la resta d\u2019ensenyaments, els imports de les taxes s\u00f3n els mateixos que cal pagar per l\u2019<a href=\"http:\/\/ensenyament.gencat.cat\/ca\/departament\/normativa\/taxes-preus-publics\/taxes\/#FW_bloc_4f0d7493-656d-11e4-b4dc-000c29cdf219_1\">expedici\u00f3 de t\u00edtols acad\u00e8mics i professionals.<\/a><\/p>\n<p><strong><a href=\"https:\/\/triaeducativa.gencat.cat\/ca\/homologacio\/inici\/\">Clica aqu\u00ed per m\u00e9s informaci\u00f3 sobre les homologacions<\/a><\/strong><\/p>\n","protected":false},"excerpt":{"rendered":"<p>Es poden homologar tots els estudis de sistemes educatius estrangers no universitaris excepte els d\u2019idiomes. Els\u00a0estudis fets a l\u2019estranger\u00a0han de [&hellip;]<\/p>\n","protected":false},"author":1,"featured_media":0,"parent":3251,"menu_order":5,"comment_status":"closed","ping_status":"closed","template":"page-templates\/side-menu.php","meta":{"_bbp_topic_count":0,"_bbp_reply_count":0,"_bbp_total_topic_count":0,"_bbp_total_reply_count":0,"_bbp_voice_count":0,"_bbp_anonymous_reply_count":0,"_bbp_topic_count_hidden":0,"_bbp_reply_count_hidden":0,"_bbp_forum_subforum_count":0,"site-sidebar-layout":"default","site-content-layout":"","ast-site-content-layout":"","site-content-style":"default","site-sidebar-style":"default","ast-global-header-display":"","ast-banner-title-visibility":"","ast-main-header-display":"","ast-hfb-above-header-display":"","ast-hfb-below-header-display":"","ast-hfb-mobile-header-display":"","site-post-title":"","ast-breadcrumbs-content":"","ast-featured-img":"","footer-sml-layout":"","theme-transparent-header-meta":"","adv-header-id-meta":"","stick-header-meta":"","header-above-stick-meta":"","header-main-stick-meta":"","header-below-stick-meta":"","astra-migrate-meta-layouts":"default","ast-page-background-enabled":"default","ast-page-background-meta":{"desktop":{"background-color":"var(--ast-global-color-4)","background-image":"","background-repeat":"repeat","background-position":"center center","background-size":"auto","background-attachment":"scroll","background-type":"","background-media":"","overlay-type":"","overlay-color":"","overlay-opacity":"","overlay-gradient":""},"tablet":{"background-color":"","background-image":"","background-repeat":"repeat","background-position":"center center","background-size":"auto","background-attachment":"scroll","background-type":"","background-media":"","overlay-type":"","overlay-color":"","overlay-opacity":"","overlay-gradient":""},"mobile":{"background-color":"","background-image":"","background-repeat":"repeat","background-position":"center center","background-size":"auto","background-attachment":"scroll","background-type":"","background-media":"","overlay-type":"","overlay-color":"","overlay-opacity":"","overlay-gradient":""}},"ast-content-background-meta":{"desktop":{"background-color":"var(--ast-global-color-5)","background-image":"","background-repeat":"repeat","background-position":"center center","background-size":"auto","background-attachment":"scroll","background-type":"","background-media":"","overlay-type":"","overlay-color":"","overlay-opacity":"","overlay-gradient":""},"tablet":{"background-color":"var(--ast-global-color-5)","background-image":"","background-repeat":"repeat","background-position":"center center","background-size":"auto","background-attachment":"scroll","background-type":"","background-media":"","overlay-type":"","overlay-color":"","overlay-opacity":"","overlay-gradient":""},"mobile":{"background-color":"var(--ast-global-color-5)","background-image":"","background-repeat":"repeat","background-position":"center center","background-size":"auto","background-attachment":"scroll","background-type":"","background-media":"","overlay-type":"","overlay-color":"","overlay-opacity":"","overlay-gradient":""}},"footnotes":""},"class_list":["post-9221","page","type-page","status-publish","hentry"],"post_mailing_queue_ids":[],"_links":{"self":[{"href":"https:\/\/agora.xtec.cat\/iesducdemontblanc\/wp-json\/wp\/v2\/pages\/9221","targetHints":{"allow":["GET"]}}],"collection":[{"href":"https:\/\/agora.xtec.cat\/iesducdemontblanc\/wp-json\/wp\/v2\/pages"}],"about":[{"href":"https:\/\/agora.xtec.cat\/iesducdemontblanc\/wp-json\/wp\/v2\/types\/page"}],"author":[{"embeddable":true,"href":"https:\/\/agora.xtec.cat\/iesducdemontblanc\/wp-json\/wp\/v2\/users\/1"}],"replies":[{"embeddable":true,"href":"https:\/\/agora.xtec.cat\/iesducdemontblanc\/wp-json\/wp\/v2\/comments?post=9221"}],"version-history":[{"count":1,"href":"https:\/\/agora.xtec.cat\/iesducdemontblanc\/wp-json\/wp\/v2\/pages\/9221\/revisions"}],"predecessor-version":[{"id":9222,"href":"https:\/\/agora.xtec.cat\/iesducdemontblanc\/wp-json\/wp\/v2\/pages\/9221\/revisions\/9222"}],"up":[{"embeddable":true,"href":"https:\/\/agora.xtec.cat\/iesducdemontblanc\/wp-json\/wp\/v2\/pages\/3251"}],"wp:attachment":[{"href":"https:\/\/agora.xtec.cat\/iesducdemontblanc\/wp-json\/wp\/v2\/media?parent=9221"}],"curies":[{"name":"wp","href":"https:\/\/api.w.org\/{rel}","templated":true}]}}