{"id":9190,"date":"2023-08-13T21:24:35","date_gmt":"2023-08-13T19:24:35","guid":{"rendered":"https:\/\/agora.xtec.cat\/iesducdemontblanc\/?page_id=9190"},"modified":"2026-03-21T19:46:28","modified_gmt":"2026-03-21T18:46:28","slug":"expedicio-de-titols","status":"publish","type":"page","link":"https:\/\/agora.xtec.cat\/iesducdemontblanc\/secretaria\/expedicio-de-titols\/","title":{"rendered":"Expedici\u00f3 de t\u00edtols"},"content":{"rendered":"<p>L\u2019expedici\u00f3 de t\u00edtols es tramita quan l\u2019alumnat ha finalitzat els estudis reglats en qualsevol centre, per tant, ha superat l\u2019ESO o el Batxillerat.<\/p>\n<h4><span style=\"text-decoration: underline;\">ESO<\/span><\/h4>\n<p><strong>L\u2019expedici\u00f3 dels t\u00edtols de l\u2019ensenyament obligatori (ESO)<\/strong> es fa d\u2019ofici per part del centre, i no comporta el pagament de cap mena de taxa per part de l\u2019alumnat. L\u2019alumnat no ha de fer cap tr\u00e0mit per a la seva tramitaci\u00f3, \u00e9s el centre qui fa tota la tramitaci\u00f3 i comunica a l\u2019alumnat l\u2019arribada del mateix al centre i les condicions per a efectuar el seu lliurament mitjan\u00e7ant una comunicaci\u00f3 per correu.<\/p>\n<p>La secretaria et donar\u00e0 el resguard del t\u00edtol amb el segell de l&#8217;institut (no el perdis, perqu\u00e8 l&#8217;haur\u00e0s de presentar quan et toqui recollir el t\u00edtol). <strong>Aquest resguard t\u00e9 la mateixa validesa que el mateix t\u00edtol mentre aquest no s&#8217;hagi impr\u00e8s.<\/strong><\/p>\n<p><strong>TAXA:<\/strong> Gratu\u00efta<br \/>\n<strong>TERMINI<\/strong>: Normalment, passen dos anys des de la seva tramitaci\u00f3. El centre us avisar\u00e0 quan arribi. En cas de no poder-lo recollir la persona titular, la persona que vingui a recollir-lo ha de portar una <a href=\"https:\/\/agora.xtec.cat\/iesducdemontblanc\/wp-content\/uploads\/usu873\/2023\/08\/autoritzacio.pdf\" target=\"_blank\" rel=\"noopener\">autoritzaci\u00f3<\/a>.<\/p>\n<h4><span style=\"text-decoration: underline;\">BATXILLERAT<\/span><\/h4>\n<p><strong>L\u2019expedici\u00f3 del t\u00edtol de Batxillerat<\/strong> est\u00e0 subjecte al pagament de la taxa corresponent.<\/p>\n<p><strong>PAS 1.<\/strong> En finalitzar els estudis, sempre que s&#8217;hagin superat, s&#8217;enviar\u00e0 per correu electr\u00f2nic a l\u2019alumnat, el <strong>resguard de sol\u00b7licitud de t\u00edtol acad\u00e8mic i professional i liquidaci\u00f3 de taxa. <\/strong><\/p>\n<p><img loading=\"lazy\" decoding=\"async\" class=\"aligncenter\" src=\"https:\/\/agora.xtec.cat\/insleonardo\/wp-content\/uploads\/usu34\/2021\/06\/t%C3%ADtol.jpg\" width=\"463\" height=\"430\" \/><\/p>\n<p><strong>PAS 2.<\/strong> S&#8217;haur\u00e0 d&#8217;abonar la taxa mitjan\u00e7ant els m\u00e8todes indicats dins del termini establert al document. Si s&#8217;acaba el termini i no s&#8217;ha abonat la taxa, caldr\u00e0 demanar un nou full de sol\u00b7licitud a la secretaria del centre.<\/p>\n<p><strong>PAS 3.<\/strong> Una vegada s&#8217;hagi pagat la taxa, <strong>\u00c9S IMPRESCINDIBLE<\/strong> tornar al centre el resguard del pagament i el comprovant de pagament per poder fer la tramitaci\u00f3 del t\u00edtol.<\/p>\n<p><strong>PAS 4.\u00a0<\/strong>La secretaria et donar\u00e0 el resguard del t\u00edtol amb el segell de l&#8217;institut (no el perdis, perqu\u00e8 l&#8217;haur\u00e0s de presentar quan et toqui recollir el t\u00edtol). <strong>Aquest resguard t\u00e9 la mateixa validesa que el mateix t\u00edtol mentre aquest no s&#8217;hagi impr\u00e8s.<\/strong><\/p>\n<p><strong>TAXA:\u00a0<\/strong>69,65\u202f\u20ac l&#8217;any 2026<br \/>\n<strong>TERMINI<\/strong>: Normalment, passen dos anys des de la seva tramitaci\u00f3. El centre us avisar\u00e0 quan arribi. En cas de no poder-lo recollir la persona titular, la persona que vingui a recollir-lo ha de portar una <a href=\"https:\/\/agora.xtec.cat\/iesducdemontblanc\/wp-content\/uploads\/usu873\/2023\/08\/autoritzacio.pdf\" target=\"_blank\" rel=\"noopener\">autoritzaci\u00f3<\/a>.<\/p>\n<h4><span style=\"text-decoration: underline;\">DUPLICAT DE T\u00cdTOLS<\/span><\/h4>\n<p>Quan l&#8217;alumnat ha perdut, ha malm\u00e8s o hi ha un canvi de dades legals d&#8217;un t\u00edtol oficial pot demanar l\u2019expedici\u00f3 d\u2019un duplicat adre\u00e7ant una sol\u00b7licitud al centre. Caldr\u00e0 justificar la petici\u00f3 presentant el t\u00edtol deteriorat, justificant la p\u00e8rdua del t\u00edtol original o acreditant documentalment el canvi legal de dades. Caldr\u00e0 fer el pagament de la taxa corresponent.<\/p>\n<p><strong><a href=\"https:\/\/agora.xtec.cat\/iesducdemontblanc\/wp-content\/uploads\/usu873\/2023\/08\/duplicat.pdf\" target=\"_blank\" rel=\"noopener\">Sol\u00b7licitud de duplicat de t\u00edtol acad\u00e8mic i professional no universitari<\/a><\/strong><\/p>\n<p><strong>TAXA:<\/strong> 17,25 \u20ac l&#8217;any 2026<\/p>\n<h4><span style=\"text-decoration: underline;\">BONIFICACIONS I EXEMPCIONS GENERALS<\/span><\/h4>\n<p><strong>Bonificaci\u00f3 del 50% de l&#8217;import*<\/strong><\/p>\n<ul>\n<li style=\"list-style-type: none;\">\n<ul>\n<li>Fam\u00edlies nombroses categoria general<\/li>\n<li>Fam\u00edlies monoparentals<\/li>\n<\/ul>\n<\/li>\n<\/ul>\n<p><strong>Exempci\u00f3 del 100% de l&#8217;import*<\/strong><\/p>\n<ul>\n<li style=\"list-style-type: none;\">\n<ul>\n<li>Fam\u00edlies nombroses de categoria especial<\/li>\n<li>Persones amb discapacitat igual o superior al 33%<\/li>\n<li>Infants o adolescents en acolliment familiar<\/li>\n<li>V\u00edctimes del terrorisme (i els seus c\u00f2njuges i els seus fills\/es)<\/li>\n<\/ul>\n<\/li>\n<\/ul>\n<p>*Cal presentar la documentaci\u00f3 corresponent.<\/p>\n<p>M\u00e9s informaci\u00f3 a: <a href=\"https:\/\/educacio.gencat.cat\/ca\/departament\/normativa\/taxes-preus-publics\/taxes\/index.html\" target=\"_blank\" rel=\"noopener\">https:\/\/educacio.gencat.cat\/ca\/departament\/normativa\/taxes-preus-publics\/taxes\/index.html<\/a><\/p>\n<h4><span style=\"text-decoration: underline;\">BUP<\/span><\/h4>\n<p>Instruccions per a sol\u00b7licitar el duplicat del teu t\u00edtol de BUP.<\/p>\n<p><strong>PAS 1.\u00a0<\/strong>Fer el pagament de la taxa. Al seg\u00fcent enlla\u00e7 trobar\u00e0s el formulari per fer el pagament de la taxa.<\/p>\n<p>https:\/\/sede.administracionespublicas.gob.es\/pagina\/index\/directorio\/tasa059<\/p>\n<p>Per formalitzar el pagament de la taxa:<\/p>\n<ul>\n<li>Entrar a la p\u00e0gina web<\/li>\n<li>Accedir a <strong><em>Gesti\u00f3n y Pagos de Tasas<\/em><\/strong><\/li>\n<li><em><strong>Tasa 059<\/strong><\/em><\/li>\n<li><em><strong>Acceder a rellenar e imprimir el formulario de liquidaci\u00f3n de la tasa 059<\/strong><\/em><\/li>\n<li>Emplenar el formulari<\/li>\n<li>Efectuar el pagament<\/li>\n<\/ul>\n<p><strong>PAS 2. <\/strong>Fer arribar per correu electr\u00f2nic a la secretaria del nostre centre la seg\u00fcent documentaci\u00f3:<\/p>\n<ul>\n<li>Comprovant de pagament.<\/li>\n<li>DNI per les dues cares.<\/li>\n<li><a href=\"https:\/\/agora.xtec.cat\/iesducdemontblanc\/wp-content\/uploads\/usu873\/2023\/08\/duplicat.pdf\">Sol\u00b7licitud de la tramitaci\u00f3 del duplicat.<\/a><\/li>\n<li><a href=\"https:\/\/agora.xtec.cat\/iesducdemontblanc\/wp-content\/uploads\/usu873\/2024\/04\/Declaracio_Jurada.pdf\">Declaraci\u00f3 jurada.<\/a><\/li>\n<\/ul>\n<p>Una vegada arribi aquesta documentaci\u00f3 s&#8217;iniciaran els tr\u00e0mits per a la sol\u00b7licitud a l&#8217;administraci\u00f3.<\/p>\n","protected":false},"excerpt":{"rendered":"<p>L\u2019expedici\u00f3 de t\u00edtols es tramita quan l\u2019alumnat ha finalitzat els estudis reglats en qualsevol centre, per tant, ha superat l\u2019ESO [&hellip;]<\/p>\n","protected":false},"author":1,"featured_media":0,"parent":3251,"menu_order":2,"comment_status":"closed","ping_status":"closed","template":"","meta":{"_bbp_topic_count":0,"_bbp_reply_count":0,"_bbp_total_topic_count":0,"_bbp_total_reply_count":0,"_bbp_voice_count":0,"_bbp_anonymous_reply_count":0,"_bbp_topic_count_hidden":0,"_bbp_reply_count_hidden":0,"_bbp_forum_subforum_count":0,"site-sidebar-layout":"default","site-content-layout":"","ast-site-content-layout":"default","site-content-style":"default","site-sidebar-style":"default","ast-global-header-display":"","ast-banner-title-visibility":"","ast-main-header-display":"","ast-hfb-above-header-display":"","ast-hfb-below-header-display":"","ast-hfb-mobile-header-display":"","site-post-title":"","ast-breadcrumbs-content":"","ast-featured-img":"","footer-sml-layout":"","theme-transparent-header-meta":"","adv-header-id-meta":"","stick-header-meta":"","header-above-stick-meta":"","header-main-stick-meta":"","header-below-stick-meta":"","astra-migrate-meta-layouts":"set","ast-page-background-enabled":"default","ast-page-background-meta":{"desktop":{"background-color":"var(--ast-global-color-4)","background-image":"","background-repeat":"repeat","background-position":"center center","background-size":"auto","background-attachment":"scroll","background-type":"","background-media":"","overlay-type":"","overlay-color":"","overlay-opacity":"","overlay-gradient":""},"tablet":{"background-color":"","background-image":"","background-repeat":"repeat","background-position":"center center","background-size":"auto","background-attachment":"scroll","background-type":"","background-media":"","overlay-type":"","overlay-color":"","overlay-opacity":"","overlay-gradient":""},"mobile":{"background-color":"","background-image":"","background-repeat":"repeat","background-position":"center center","background-size":"auto","background-attachment":"scroll","background-type":"","background-media":"","overlay-type":"","overlay-color":"","overlay-opacity":"","overlay-gradient":""}},"ast-content-background-meta":{"desktop":{"background-color":"var(--ast-global-color-5)","background-image":"","background-repeat":"repeat","background-position":"center center","background-size":"auto","background-attachment":"scroll","background-type":"","background-media":"","overlay-type":"","overlay-color":"","overlay-opacity":"","overlay-gradient":""},"tablet":{"background-color":"var(--ast-global-color-5)","background-image":"","background-repeat":"repeat","background-position":"center center","background-size":"auto","background-attachment":"scroll","background-type":"","background-media":"","overlay-type":"","overlay-color":"","overlay-opacity":"","overlay-gradient":""},"mobile":{"background-color":"var(--ast-global-color-5)","background-image":"","background-repeat":"repeat","background-position":"center center","background-size":"auto","background-attachment":"scroll","background-type":"","background-media":"","overlay-type":"","overlay-color":"","overlay-opacity":"","overlay-gradient":""}},"footnotes":""},"class_list":["post-9190","page","type-page","status-publish","hentry"],"post_mailing_queue_ids":[],"_links":{"self":[{"href":"https:\/\/agora.xtec.cat\/iesducdemontblanc\/wp-json\/wp\/v2\/pages\/9190","targetHints":{"allow":["GET"]}}],"collection":[{"href":"https:\/\/agora.xtec.cat\/iesducdemontblanc\/wp-json\/wp\/v2\/pages"}],"about":[{"href":"https:\/\/agora.xtec.cat\/iesducdemontblanc\/wp-json\/wp\/v2\/types\/page"}],"author":[{"embeddable":true,"href":"https:\/\/agora.xtec.cat\/iesducdemontblanc\/wp-json\/wp\/v2\/users\/1"}],"replies":[{"embeddable":true,"href":"https:\/\/agora.xtec.cat\/iesducdemontblanc\/wp-json\/wp\/v2\/comments?post=9190"}],"version-history":[{"count":6,"href":"https:\/\/agora.xtec.cat\/iesducdemontblanc\/wp-json\/wp\/v2\/pages\/9190\/revisions"}],"predecessor-version":[{"id":14965,"href":"https:\/\/agora.xtec.cat\/iesducdemontblanc\/wp-json\/wp\/v2\/pages\/9190\/revisions\/14965"}],"up":[{"embeddable":true,"href":"https:\/\/agora.xtec.cat\/iesducdemontblanc\/wp-json\/wp\/v2\/pages\/3251"}],"wp:attachment":[{"href":"https:\/\/agora.xtec.cat\/iesducdemontblanc\/wp-json\/wp\/v2\/media?parent=9190"}],"curies":[{"name":"wp","href":"https:\/\/api.w.org\/{rel}","templated":true}]}}