{"id":69,"date":"2017-07-11T10:15:07","date_gmt":"2017-07-11T08:15:07","guid":{"rendered":"http:\/\/agora.xtec.cat\/iesducdemontblanc\/?page_id=69"},"modified":"2025-01-22T09:21:54","modified_gmt":"2025-01-22T08:21:54","slug":"salut-escola","status":"publish","type":"page","link":"https:\/\/agora.xtec.cat\/iesducdemontblanc\/salut-escola\/","title":{"rendered":"Salut i Escola"},"content":{"rendered":"<p style=\"text-align: justify;\">L\u2019objectiu del <a href=\"http:\/\/salutpublica.gencat.cat\/web\/.content\/minisite\/aspcat\/promocio_salut\/infancia-i-adolescencia\/03salut-i-escola\/guia-implementacio-salutescola.pdf\">programa Salut i Escola<\/a> (PSiE) \u00e9s millorar la salut dels adolescents mitjan\u00e7ant accions de promoci\u00f3 de la salut, de prevenci\u00f3 de les situacions de risc i d\u2019atenci\u00f3 preco\u00e7 per als problemes relacionats amb la salut mental, la salut afectiva i sexual, el consum de drogues, alcohol i tabac, en col\u00b7laboraci\u00f3 amb els centres educatius i els serveis de salut comunit\u00e0ria presents en el territori.<\/p>\n<p style=\"text-align: justify;\">Els eixos fonamentals d&#8217;actuaci\u00f3 del PSiE s\u00f3n la salut mental; la salut afectiva i sexual; la viol\u00e8ncia i els maltractaments segons g\u00e8nere, els h\u00e0bits de salut (consum de tabac i altres drogues, altres addiccions, exercici f\u00edsic, dieta, etc) i els trastorns de la conducta aliment\u00e0ria.<\/p>\n<p style=\"text-align: justify;\">Una de les principals l\u00ednies d\u2019actuaci\u00f3 d\u2019aquest programa \u00e9s el servei Consulta Oberta, que implica el despla\u00e7ament peri\u00f2dic de professionals de l\u2019infermeria als centres docents per afavorir l\u2019accessibilitat dels adolescents a l\u2019atenci\u00f3 sanit\u00e0ria amb garanties de privacitat, confidencialitat i proximitat.<\/p>\n","protected":false},"excerpt":{"rendered":"<p>L\u2019objectiu del programa Salut i Escola (PSiE) \u00e9s millorar la salut dels adolescents mitjan\u00e7ant accions de promoci\u00f3 de la salut, [&hellip;]<\/p>\n","protected":false},"author":1,"featured_media":0,"parent":0,"menu_order":20,"comment_status":"closed","ping_status":"closed","template":"","meta":{"_bbp_topic_count":0,"_bbp_reply_count":0,"_bbp_total_topic_count":0,"_bbp_total_reply_count":0,"_bbp_voice_count":0,"_bbp_anonymous_reply_count":0,"_bbp_topic_count_hidden":0,"_bbp_reply_count_hidden":0,"_bbp_forum_subforum_count":0,"site-sidebar-layout":"no-sidebar","site-content-layout":"","ast-site-content-layout":"default","site-content-style":"default","site-sidebar-style":"default","ast-global-header-display":"","ast-banner-title-visibility":"","ast-main-header-display":"","ast-hfb-above-header-display":"","ast-hfb-below-header-display":"","ast-hfb-mobile-header-display":"","site-post-title":"","ast-breadcrumbs-content":"","ast-featured-img":"","footer-sml-layout":"","theme-transparent-header-meta":"","adv-header-id-meta":"","stick-header-meta":"","header-above-stick-meta":"","header-main-stick-meta":"","header-below-stick-meta":"","astra-migrate-meta-layouts":"set","ast-page-background-enabled":"default","ast-page-background-meta":{"desktop":{"background-color":"var(--ast-global-color-4)","background-image":"","background-repeat":"repeat","background-position":"center center","background-size":"auto","background-attachment":"scroll","background-type":"","background-media":"","overlay-type":"","overlay-color":"","overlay-opacity":"","overlay-gradient":""},"tablet":{"background-color":"","background-image":"","background-repeat":"repeat","background-position":"center center","background-size":"auto","background-attachment":"scroll","background-type":"","background-media":"","overlay-type":"","overlay-color":"","overlay-opacity":"","overlay-gradient":""},"mobile":{"background-color":"","background-image":"","background-repeat":"repeat","background-position":"center center","background-size":"auto","background-attachment":"scroll","background-type":"","background-media":"","overlay-type":"","overlay-color":"","overlay-opacity":"","overlay-gradient":""}},"ast-content-background-meta":{"desktop":{"background-color":"var(--ast-global-color-5)","background-image":"","background-repeat":"repeat","background-position":"center center","background-size":"auto","background-attachment":"scroll","background-type":"","background-media":"","overlay-type":"","overlay-color":"","overlay-opacity":"","overlay-gradient":""},"tablet":{"background-color":"var(--ast-global-color-5)","background-image":"","background-repeat":"repeat","background-position":"center center","background-size":"auto","background-attachment":"scroll","background-type":"","background-media":"","overlay-type":"","overlay-color":"","overlay-opacity":"","overlay-gradient":""},"mobile":{"background-color":"var(--ast-global-color-5)","background-image":"","background-repeat":"repeat","background-position":"center center","background-size":"auto","background-attachment":"scroll","background-type":"","background-media":"","overlay-type":"","overlay-color":"","overlay-opacity":"","overlay-gradient":""}},"footnotes":""},"class_list":["post-69","page","type-page","status-publish","hentry"],"post_mailing_queue_ids":[],"_links":{"self":[{"href":"https:\/\/agora.xtec.cat\/iesducdemontblanc\/wp-json\/wp\/v2\/pages\/69","targetHints":{"allow":["GET"]}}],"collection":[{"href":"https:\/\/agora.xtec.cat\/iesducdemontblanc\/wp-json\/wp\/v2\/pages"}],"about":[{"href":"https:\/\/agora.xtec.cat\/iesducdemontblanc\/wp-json\/wp\/v2\/types\/page"}],"author":[{"embeddable":true,"href":"https:\/\/agora.xtec.cat\/iesducdemontblanc\/wp-json\/wp\/v2\/users\/1"}],"replies":[{"embeddable":true,"href":"https:\/\/agora.xtec.cat\/iesducdemontblanc\/wp-json\/wp\/v2\/comments?post=69"}],"version-history":[{"count":4,"href":"https:\/\/agora.xtec.cat\/iesducdemontblanc\/wp-json\/wp\/v2\/pages\/69\/revisions"}],"predecessor-version":[{"id":11510,"href":"https:\/\/agora.xtec.cat\/iesducdemontblanc\/wp-json\/wp\/v2\/pages\/69\/revisions\/11510"}],"wp:attachment":[{"href":"https:\/\/agora.xtec.cat\/iesducdemontblanc\/wp-json\/wp\/v2\/media?parent=69"}],"curies":[{"name":"wp","href":"https:\/\/api.w.org\/{rel}","templated":true}]}}