{"id":65,"date":"2014-09-18T10:12:22","date_gmt":"2014-09-18T08:12:22","guid":{"rendered":"http:\/\/agora.xtec.cat\/iesducdemontblanc\/?page_id=65"},"modified":"2025-01-25T19:25:49","modified_gmt":"2025-01-25T18:25:49","slug":"serveis-digitals","status":"publish","type":"page","link":"https:\/\/agora.xtec.cat\/iesducdemontblanc\/serveis-digitals\/","title":{"rendered":"Serveis digitals"},"content":{"rendered":"\n<p>El centre posa a disposici\u00f3 de l&#8217;alumnat, els docents i les fam\u00edlies, un responsable del servei inform\u00e0tic que ofereix facilitats i solucions davant de dubtes i problemes que puguin sorgir relacionats amb la xarxa wifi, el maquinari i els diferents programes utilitzats.&nbsp;<\/p>\n\n\n\n<p>L\u2019oferta de&nbsp;<strong>serveis&nbsp;digitals<\/strong> constitueix un element molt important de l\u2019engranatge d\u2019un centre educatiu del segle XXI i \u00e9s per aix\u00f2 que al nostre centre oferim els recursos tecnol\u00f2gics adients.<\/p>\n\n\n\n<p>Per l&#8217;acc\u00e9s als diferents serveis, cada alumne i cada professor disposa, mentre \u00e9s membre de la nostra comunitat educativa, d&#8217;un identificatiu propi per a l&#8217;acc\u00e9s als diferents serveis.. Al nostre centre oferim els serveis de:<\/p>\n\n\n\n<figure class=\"wp-block-table is-style-stripes\"><table><tbody><tr><td>Correu electr\u00f2nic corporatiu (nom.cognom@ducdemontblanc.cat)<\/td><td>Disponible per a tot l&#8217;alumnat, el professorat i el personal d&#8217;administraci\u00f3 i serveis de l&#8217;institut.<\/td><\/tr><tr><td>Aula Virtual<\/td><td>Disponible per a tot l&#8217;alumnat i el professorat amb l&#8217;objectiu de facilitar la vida acad\u00e8mica al centre. Permet treballar amb documents i tasques digitals. <br><br><img loading=\"lazy\" decoding=\"async\" width=\"351\" height=\"168\" class=\"size-full wp-image-636 aligncenter\" src=\"http:\/\/agora.xtec.cat\/iesducdemontblanc\/wp-content\/uploads\/usu873\/2014\/09\/aulabat.png\" alt=\"\" srcset=\"https:\/\/agora.xtec.cat\/iesducdemontblanc\/wp-content\/uploads\/usu873\/2014\/09\/aulabat.png 351w, https:\/\/agora.xtec.cat\/iesducdemontblanc\/wp-content\/uploads\/usu873\/2014\/09\/aulabat-300x144.png 300w\" sizes=\"auto, (max-width: 351px) 100vw, 351px\" \/><\/td><\/tr><tr><td>Altres serveis basats en Google for Education<\/td><td>A m\u00e9s a m\u00e9s del correu electr\u00f2nic, cada alumne\/a t\u00e9 disponibles les eines digitals que Google Workspace for Education posa a l&#8217;abast del centre. Entre elles s&#8217;inclouen el Google Drive, el Google Calendar, &#8230; <br><br>Aquestes aplicacions s\u00f3n gestionades per l&#8217;administrador del sistema per garantir un bon \u00fas per part de tota la comunitat educativa del centre. <br><br><img loading=\"lazy\" decoding=\"async\" width=\"300\" height=\"122\" class=\"size-full wp-image-635 aligncenter\" src=\"http:\/\/agora.xtec.cat\/iesducdemontblanc\/wp-content\/uploads\/usu873\/2014\/09\/serveisgoogle.png\" alt=\"\"><\/td><\/tr><tr><td>iEduca<\/td><td>Disponible per a les fam\u00edlies i per al professorat.<br>iEduca \u00e9s un programari que facilita la gesti\u00f3 dels centres educatius que permet gestionar l&#8217;assist\u00e8ncia de l&#8217;alumnat, la comunicaci\u00f3 amb les fam\u00edlies, el seguiment acad\u00e8mic de l&#8217;alumnat, entre d&#8217;altres. <\/td><\/tr><tr><td>TPV Escola<\/td><td>Disponible per a les fam\u00edlies<br>TPV Escola \u00e9s un sistema ideat per fer els pagaments escolars de les fam\u00edlies per simplificar la gesti\u00f3 i el control per part dels centres educatius. <\/td><\/tr><\/tbody><\/table><\/figure>\n\n\n\n<p>Per a les fam\u00edlies, us convidem a explorar aquesta secci\u00f3 dissenyada per acompanyar-vos en el m\u00f3n de la tecnologia i l&#8217;aprenentatge digital. Aqu\u00ed trobareu una gran varietat de recursos pr\u00e0ctics, incloent-hi v\u00eddeos informatius, guies interactives i eines \u00faltims per aprofundir en l&#8217;entorn digital en fam\u00edlia. <\/p>\n\n\n<div class=\"h5p-iframe-wrapper\"><iframe id=\"h5p-iframe-2\" class=\"h5p-iframe\" data-content-id=\"2\" style=\"height:1px\" src=\"about:blank\" frameBorder=\"0\" scrolling=\"no\" title=\"Comunicaci\u00f3 Escola i Fam\u00edlia\"><\/iframe><\/div>\n","protected":false},"excerpt":{"rendered":"<p>El centre posa a disposici\u00f3 de l&#8217;alumnat, els docents i les fam\u00edlies, un responsable del servei inform\u00e0tic que ofereix facilitats [&hellip;]<\/p>\n","protected":false},"author":1,"featured_media":0,"parent":0,"menu_order":10,"comment_status":"closed","ping_status":"closed","template":"","meta":{"_bbp_topic_count":0,"_bbp_reply_count":0,"_bbp_total_topic_count":0,"_bbp_total_reply_count":0,"_bbp_voice_count":0,"_bbp_anonymous_reply_count":0,"_bbp_topic_count_hidden":0,"_bbp_reply_count_hidden":0,"_bbp_forum_subforum_count":0,"site-sidebar-layout":"no-sidebar","site-content-layout":"","ast-site-content-layout":"default","site-content-style":"default","site-sidebar-style":"default","ast-global-header-display":"","ast-banner-title-visibility":"","ast-main-header-display":"","ast-hfb-above-header-display":"","ast-hfb-below-header-display":"","ast-hfb-mobile-header-display":"","site-post-title":"","ast-breadcrumbs-content":"","ast-featured-img":"","footer-sml-layout":"","theme-transparent-header-meta":"","adv-header-id-meta":"","stick-header-meta":"","header-above-stick-meta":"","header-main-stick-meta":"","header-below-stick-meta":"","astra-migrate-meta-layouts":"set","ast-page-background-enabled":"default","ast-page-background-meta":{"desktop":{"background-color":"var(--ast-global-color-4)","background-image":"","background-repeat":"repeat","background-position":"center center","background-size":"auto","background-attachment":"scroll","background-type":"","background-media":"","overlay-type":"","overlay-color":"","overlay-opacity":"","overlay-gradient":""},"tablet":{"background-color":"","background-image":"","background-repeat":"repeat","background-position":"center center","background-size":"auto","background-attachment":"scroll","background-type":"","background-media":"","overlay-type":"","overlay-color":"","overlay-opacity":"","overlay-gradient":""},"mobile":{"background-color":"","background-image":"","background-repeat":"repeat","background-position":"center center","background-size":"auto","background-attachment":"scroll","background-type":"","background-media":"","overlay-type":"","overlay-color":"","overlay-opacity":"","overlay-gradient":""}},"ast-content-background-meta":{"desktop":{"background-color":"var(--ast-global-color-5)","background-image":"","background-repeat":"repeat","background-position":"center center","background-size":"auto","background-attachment":"scroll","background-type":"","background-media":"","overlay-type":"","overlay-color":"","overlay-opacity":"","overlay-gradient":""},"tablet":{"background-color":"var(--ast-global-color-5)","background-image":"","background-repeat":"repeat","background-position":"center center","background-size":"auto","background-attachment":"scroll","background-type":"","background-media":"","overlay-type":"","overlay-color":"","overlay-opacity":"","overlay-gradient":""},"mobile":{"background-color":"var(--ast-global-color-5)","background-image":"","background-repeat":"repeat","background-position":"center center","background-size":"auto","background-attachment":"scroll","background-type":"","background-media":"","overlay-type":"","overlay-color":"","overlay-opacity":"","overlay-gradient":""}},"footnotes":""},"class_list":["post-65","page","type-page","status-publish","hentry"],"post_mailing_queue_ids":[],"_links":{"self":[{"href":"https:\/\/agora.xtec.cat\/iesducdemontblanc\/wp-json\/wp\/v2\/pages\/65","targetHints":{"allow":["GET"]}}],"collection":[{"href":"https:\/\/agora.xtec.cat\/iesducdemontblanc\/wp-json\/wp\/v2\/pages"}],"about":[{"href":"https:\/\/agora.xtec.cat\/iesducdemontblanc\/wp-json\/wp\/v2\/types\/page"}],"author":[{"embeddable":true,"href":"https:\/\/agora.xtec.cat\/iesducdemontblanc\/wp-json\/wp\/v2\/users\/1"}],"replies":[{"embeddable":true,"href":"https:\/\/agora.xtec.cat\/iesducdemontblanc\/wp-json\/wp\/v2\/comments?post=65"}],"version-history":[{"count":6,"href":"https:\/\/agora.xtec.cat\/iesducdemontblanc\/wp-json\/wp\/v2\/pages\/65\/revisions"}],"predecessor-version":[{"id":11719,"href":"https:\/\/agora.xtec.cat\/iesducdemontblanc\/wp-json\/wp\/v2\/pages\/65\/revisions\/11719"}],"wp:attachment":[{"href":"https:\/\/agora.xtec.cat\/iesducdemontblanc\/wp-json\/wp\/v2\/media?parent=65"}],"curies":[{"name":"wp","href":"https:\/\/api.w.org\/{rel}","templated":true}]}}