{"id":616,"date":"2017-07-11T11:21:27","date_gmt":"2017-07-11T09:21:27","guid":{"rendered":"http:\/\/agora.xtec.cat\/iesducdemontblanc\/?page_id=616"},"modified":"2025-01-25T20:25:51","modified_gmt":"2025-01-25T19:25:51","slug":"projecte-de-lectura","status":"publish","type":"page","link":"https:\/\/agora.xtec.cat\/iesducdemontblanc\/projectes-de-centre\/projecte-de-lectura\/","title":{"rendered":"Projecte de lectura"},"content":{"rendered":"\n<div class=\"wp-block-columns is-layout-flex wp-container-core-columns-is-layout-1 wp-block-columns-is-layout-flex\">\n<div class=\"wp-block-column is-layout-flow wp-block-column-is-layout-flow\" style=\"flex-basis:66.66%\">\n<p class=\"has-medium-font-size\">Amb aquest projecte volem potenciar la lectura amb la finalitat de millorar els resultats educatius i la cohesi\u00f3 social del nostre centre.\u2028<\/p>\n\n\n\n<p class=\"has-medium-font-size\">Compartim la idea que saber llegir, llegir per aprendre i llegir per gust, representa una oportunitat per assolir l&#8217;equitat de tot l&#8217;alumnat a la qual aspirem.\u2028<\/p>\n\n\n\n<p class=\"has-medium-font-size\">Afavorim la lectura sistem\u00e0tica en totes les \u00e0rees i mat\u00e8ries del curr\u00edculum al llarg de tota l&#8217;etapa d&#8217;ESO i de Batxillerat per augmentar la compet\u00e8ncia comunicativa i ling\u00fc\u00edstica i el desenvolupament de l&#8217;h\u00e0bit lector entre el nostre alumnat, ja que considerem que la compet\u00e8ncia lectora \u00e9s la base de molts aprenentatges i un requisit per participar amb \u00e8xit en bona part dels \u00e0mbits de la vida adulta.<\/p>\n<\/div>\n\n\n\n<div class=\"wp-block-column is-layout-flow wp-block-column-is-layout-flow\" style=\"flex-basis:33.33%\">\n<figure class=\"wp-block-image aligncenter is-resized\"><a href=\"http:\/\/agora.xtec.cat\/iesducdemontblanc\/wp-content\/uploads\/usu873\/2017\/07\/IMG-20161104-WA0004.jpg\"><img loading=\"lazy\" decoding=\"async\" width=\"168\" height=\"300\" src=\"http:\/\/agora.xtec.cat\/iesducdemontblanc\/wp-content\/uploads\/usu873\/2017\/07\/IMG-20161104-WA0004-168x300.jpg\" alt=\"\" class=\"wp-image-664\" style=\"width:178px;height:auto\" srcset=\"https:\/\/agora.xtec.cat\/iesducdemontblanc\/wp-content\/uploads\/usu873\/2017\/07\/IMG-20161104-WA0004-168x300.jpg 168w, https:\/\/agora.xtec.cat\/iesducdemontblanc\/wp-content\/uploads\/usu873\/2017\/07\/IMG-20161104-WA0004-768x1368.jpg 768w, https:\/\/agora.xtec.cat\/iesducdemontblanc\/wp-content\/uploads\/usu873\/2017\/07\/IMG-20161104-WA0004-575x1024.jpg 575w, https:\/\/agora.xtec.cat\/iesducdemontblanc\/wp-content\/uploads\/usu873\/2017\/07\/IMG-20161104-WA0004.jpg 898w\" sizes=\"auto, (max-width: 168px) 100vw, 168px\" \/><\/a><\/figure>\n<\/div>\n<\/div>\n","protected":false},"excerpt":{"rendered":"<p>Amb aquest projecte volem potenciar la lectura amb la finalitat de millorar els resultats educatius i la cohesi\u00f3 social del [&hellip;]<\/p>\n","protected":false},"author":1,"featured_media":0,"parent":599,"menu_order":0,"comment_status":"closed","ping_status":"closed","template":"","meta":{"_bbp_topic_count":0,"_bbp_reply_count":0,"_bbp_total_topic_count":0,"_bbp_total_reply_count":0,"_bbp_voice_count":0,"_bbp_anonymous_reply_count":0,"_bbp_topic_count_hidden":0,"_bbp_reply_count_hidden":0,"_bbp_forum_subforum_count":0,"site-sidebar-layout":"no-sidebar","site-content-layout":"","ast-site-content-layout":"default","site-content-style":"default","site-sidebar-style":"default","ast-global-header-display":"","ast-banner-title-visibility":"","ast-main-header-display":"","ast-hfb-above-header-display":"","ast-hfb-below-header-display":"","ast-hfb-mobile-header-display":"","site-post-title":"","ast-breadcrumbs-content":"","ast-featured-img":"","footer-sml-layout":"","theme-transparent-header-meta":"","adv-header-id-meta":"","stick-header-meta":"","header-above-stick-meta":"","header-main-stick-meta":"","header-below-stick-meta":"","astra-migrate-meta-layouts":"set","ast-page-background-enabled":"default","ast-page-background-meta":{"desktop":{"background-color":"var(--ast-global-color-4)","background-image":"","background-repeat":"repeat","background-position":"center center","background-size":"auto","background-attachment":"scroll","background-type":"","background-media":"","overlay-type":"","overlay-color":"","overlay-opacity":"","overlay-gradient":""},"tablet":{"background-color":"","background-image":"","background-repeat":"repeat","background-position":"center center","background-size":"auto","background-attachment":"scroll","background-type":"","background-media":"","overlay-type":"","overlay-color":"","overlay-opacity":"","overlay-gradient":""},"mobile":{"background-color":"","background-image":"","background-repeat":"repeat","background-position":"center center","background-size":"auto","background-attachment":"scroll","background-type":"","background-media":"","overlay-type":"","overlay-color":"","overlay-opacity":"","overlay-gradient":""}},"ast-content-background-meta":{"desktop":{"background-color":"var(--ast-global-color-5)","background-image":"","background-repeat":"repeat","background-position":"center center","background-size":"auto","background-attachment":"scroll","background-type":"","background-media":"","overlay-type":"","overlay-color":"","overlay-opacity":"","overlay-gradient":""},"tablet":{"background-color":"var(--ast-global-color-5)","background-image":"","background-repeat":"repeat","background-position":"center center","background-size":"auto","background-attachment":"scroll","background-type":"","background-media":"","overlay-type":"","overlay-color":"","overlay-opacity":"","overlay-gradient":""},"mobile":{"background-color":"var(--ast-global-color-5)","background-image":"","background-repeat":"repeat","background-position":"center center","background-size":"auto","background-attachment":"scroll","background-type":"","background-media":"","overlay-type":"","overlay-color":"","overlay-opacity":"","overlay-gradient":""}},"footnotes":""},"class_list":["post-616","page","type-page","status-publish","hentry"],"post_mailing_queue_ids":[],"_links":{"self":[{"href":"https:\/\/agora.xtec.cat\/iesducdemontblanc\/wp-json\/wp\/v2\/pages\/616","targetHints":{"allow":["GET"]}}],"collection":[{"href":"https:\/\/agora.xtec.cat\/iesducdemontblanc\/wp-json\/wp\/v2\/pages"}],"about":[{"href":"https:\/\/agora.xtec.cat\/iesducdemontblanc\/wp-json\/wp\/v2\/types\/page"}],"author":[{"embeddable":true,"href":"https:\/\/agora.xtec.cat\/iesducdemontblanc\/wp-json\/wp\/v2\/users\/1"}],"replies":[{"embeddable":true,"href":"https:\/\/agora.xtec.cat\/iesducdemontblanc\/wp-json\/wp\/v2\/comments?post=616"}],"version-history":[{"count":6,"href":"https:\/\/agora.xtec.cat\/iesducdemontblanc\/wp-json\/wp\/v2\/pages\/616\/revisions"}],"predecessor-version":[{"id":11764,"href":"https:\/\/agora.xtec.cat\/iesducdemontblanc\/wp-json\/wp\/v2\/pages\/616\/revisions\/11764"}],"up":[{"embeddable":true,"href":"https:\/\/agora.xtec.cat\/iesducdemontblanc\/wp-json\/wp\/v2\/pages\/599"}],"wp:attachment":[{"href":"https:\/\/agora.xtec.cat\/iesducdemontblanc\/wp-json\/wp\/v2\/media?parent=616"}],"curies":[{"name":"wp","href":"https:\/\/api.w.org\/{rel}","templated":true}]}}