{"id":13073,"date":"2025-05-21T16:46:03","date_gmt":"2025-05-21T14:46:03","guid":{"rendered":"https:\/\/agora.xtec.cat\/iesducdemontblanc\/?page_id=13073"},"modified":"2026-02-12T13:09:34","modified_gmt":"2026-02-12T12:09:34","slug":"informacions-dinteres","status":"publish","type":"page","link":"https:\/\/agora.xtec.cat\/iesducdemontblanc\/informacions-dinteres\/","title":{"rendered":"Informacions d&#8217;inter\u00e8s"},"content":{"rendered":"\n<p data-start=\"111\" data-end=\"351\">Benvinguts i benvingudes a l&#8217;espai d&#8217;informacions d&#8217;inter\u00e8s. Aqu\u00ed hi trobareu <strong>informacions i recursos \u00fatils<\/strong> per a alumnat, fam\u00edlies i professorat de l&#8217;<strong>institut Duc de Montblanc<\/strong>.<\/p>\n<p data-start=\"353\" data-end=\"390\">Consulteu-lo sovint per estar al dia!<\/p>\n\n\n\n<figure class=\"wp-block-table is-style-stripes\"><table class=\"has-black-color has-very-light-gray-to-cyan-bluish-gray-gradient-background has-text-color has-background has-link-color has-fixed-layout\" style=\"border-width:1px\"><thead><tr><th class=\"has-text-align-center\" data-align=\"center\"><strong>CURS<\/strong><\/th><th class=\"has-text-align-center\" data-align=\"center\"><strong>ENLLA\u00c7<\/strong><\/th><th class=\"has-text-align-center\" data-align=\"center\"><strong>DATA DE PUBLICACI\u00d3<\/strong><\/th><\/tr><\/thead><tbody><tr><td class=\"has-text-align-center\" data-align=\"center\"><strong>2n de batxillerat<\/strong><\/td><td class=\"has-text-align-center\" data-align=\"center\"><a href=\"https:\/\/agora.xtec.cat\/iesducdemontblanc\/wp-content\/uploads\/usu873\/2026\/02\/Alumnat.-Normativa-i-instruccions-simulacre-PAU-25-26.pdf\" target=\"_blank\" rel=\"noreferrer noopener\">\ud83d\udd17 Instruccions i horaris del simulacre de les PAU 2026<\/a><\/td><td class=\"has-text-align-center\" data-align=\"center\">09\/02\/2026<\/td><\/tr><tr><td class=\"has-text-align-center\" data-align=\"center\"><strong>2n de batxillerat<\/strong><\/td><td class=\"has-text-align-center\" data-align=\"center\"><a href=\"https:\/\/agora.xtec.cat\/iesducdemontblanc\/wp-content\/uploads\/usu873\/2025\/09\/BTX2-Families-2025-2026-PER-PENJAR.pdf\" target=\"_blank\" rel=\"noreferrer noopener\">\ud83d\udd17 Presentaci\u00f3 de la reuni\u00f3 amb les fam\u00edlies<\/a><\/td><td class=\"has-text-align-center\" data-align=\"center\">25\/09\/2025<\/td><\/tr><tr><td class=\"has-text-align-center\" data-align=\"center\"><strong>1r de batxillerat<\/strong><\/td><td class=\"has-text-align-center\" data-align=\"center\"><a href=\"https:\/\/agora.xtec.cat\/iesducdemontblanc\/wp-content\/uploads\/usu873\/2025\/09\/BTX1-Families-2025-2026-PER-PENJAR.pdf\" target=\"_blank\" rel=\"noreferrer noopener\">\ud83d\udd17 Presentaci\u00f3 de la reuni\u00f3 amb les fam\u00edlies<\/a><\/td><td class=\"has-text-align-center\" data-align=\"center\">25\/09\/2025<\/td><\/tr><tr><td class=\"has-text-align-center\" data-align=\"center\"><strong>4t d&#8217;ESO<\/strong><\/td><td class=\"has-text-align-center\" data-align=\"center\"><a href=\"https:\/\/agora.xtec.cat\/iesducdemontblanc\/wp-content\/uploads\/usu873\/2025\/09\/ESO4-Families-2025-26.pptx.pdf\" target=\"_blank\" rel=\"noreferrer noopener\">\ud83d\udd17 Presentaci\u00f3 de la reuni\u00f3 amb les fam\u00edlies<\/a><\/td><td class=\"has-text-align-center\" data-align=\"center\">19\/09\/2025<\/td><\/tr><tr><td class=\"has-text-align-center\" data-align=\"center\"><strong>3r d&#8217;ESO<\/strong><\/td><td class=\"has-text-align-center\" data-align=\"center\"><a href=\"https:\/\/agora.xtec.cat\/iesducdemontblanc\/wp-content\/uploads\/usu873\/2025\/09\/Reunio-Families-3r-2025-2026.pptx.pdf\" target=\"_blank\" rel=\"noreferrer noopener\">\ud83d\udd17 Presentaci\u00f3 de la reuni\u00f3 amb les fam\u00edlies<\/a><\/td><td class=\"has-text-align-center\" data-align=\"center\">19\/09\/2025<\/td><\/tr><tr><td class=\"has-text-align-center\" data-align=\"center\"><strong>2n d&#8217;ESO<\/strong><\/td><td class=\"has-text-align-center\" data-align=\"center\"><a href=\"https:\/\/agora.xtec.cat\/iesducdemontblanc\/wp-content\/uploads\/usu873\/2025\/09\/General-2n-ESO-reunio-families-2025-26.pptx-3.pdf\" target=\"_blank\" rel=\"noreferrer noopener\">\ud83d\udd17 Presentaci\u00f3 de la reuni\u00f3 amb les fam\u00edlies<\/a><\/td><td class=\"has-text-align-center\" data-align=\"center\">19\/09\/2025<\/td><\/tr><tr><td class=\"has-text-align-center\" data-align=\"center\"><strong>1r d&#8217;ESO<\/strong><\/td><td class=\"has-text-align-center\" data-align=\"center\"><a href=\"https:\/\/agora.xtec.cat\/iesducdemontblanc\/wp-content\/uploads\/usu873\/2025\/09\/ESO1-Families-2025-2026_general_.ppt.pdf\" target=\"_blank\" rel=\"noreferrer noopener\">\ud83d\udd17 Presentaci\u00f3 de la reuni\u00f3 amb les fam\u00edlies<\/a><\/td><td class=\"has-text-align-center\" data-align=\"center\">09\/09\/2025<\/td><\/tr><tr><td class=\"has-text-align-center\" data-align=\"center\"><strong>ESO i batxillerat<\/strong><\/td><td class=\"has-text-align-center\" data-align=\"center\"><a href=\"https:\/\/agora.xtec.cat\/iesducdemontblanc\/wp-content\/uploads\/usu873\/2025\/09\/Duc-de-Montblanc-25.26-.pdf\" target=\"_blank\" rel=\"noreferrer noopener\">\ud83d\udd17 Informaci\u00f3 sobre el lloguer d&#8217;armariets<\/a><\/td><td class=\"has-text-align-center\" data-align=\"center\">09\/09\/2025<\/td><\/tr><tr><td class=\"has-text-align-center\" data-align=\"center\"><strong>1r i 2n ESO<\/strong><\/td><td class=\"has-text-align-center\" data-align=\"center\"><a href=\"https:\/\/agora.xtec.cat\/iesducdemontblanc\/wp-content\/uploads\/usu873\/2025\/08\/Llistes-anonimitzades-ESO12.pdf\" target=\"_blank\" rel=\"noreferrer noopener\">\ud83d\udd17 Llistat dels grups classe del curs 2025-2026<\/a><\/td><td class=\"has-text-align-center\" data-align=\"center\">03\/09\/2025<\/td><\/tr><tr><td class=\"has-text-align-center\" data-align=\"center\"><strong>3r i 4t d&#8217;ESO<\/strong><\/td><td class=\"has-text-align-center\" data-align=\"center\"><a href=\"https:\/\/agora.xtec.cat\/iesducdemontblanc\/wp-content\/uploads\/usu873\/2025\/08\/Llistes-anonimitzades-ESO34.pdf\"><\/a><a href=\"https:\/\/agora.xtec.cat\/iesducdemontblanc\/wp-content\/uploads\/usu873\/2025\/08\/Llistes-anonimitzades-ESO34.pdf\" target=\"_blank\" rel=\"noreferrer noopener\">\ud83d\udd17 Llistat dels grups classe del curs 2025-2026<\/a><\/td><td class=\"has-text-align-center\" data-align=\"center\">03\/09\/2025<\/td><\/tr><tr><td class=\"has-text-align-center\" data-align=\"center\"><strong>1r de batxillerat<\/strong><\/td><td class=\"has-text-align-center\" data-align=\"center\"><a href=\"https:\/\/agora.xtec.cat\/iesducdemontblanc\/wp-content\/uploads\/usu873\/2025\/08\/Llistes-anonimitzades-BTX1.pdf\" target=\"_blank\" rel=\"noreferrer noopener\">\ud83d\udd17 Llistat dels grups classe del curs 2025-2026<\/a><\/td><td class=\"has-text-align-center\" data-align=\"center\">03\/09\/2025<\/td><\/tr><tr><td class=\"has-text-align-center\" data-align=\"center\"><strong>2n de batxillerat<\/strong><\/td><td class=\"has-text-align-center\" data-align=\"center\"><a href=\"https:\/\/agora.xtec.cat\/iesducdemontblanc\/wp-content\/uploads\/usu873\/2025\/08\/Llistes-anonimitzades-BTX2.pdf\"><\/a><a href=\"https:\/\/agora.xtec.cat\/iesducdemontblanc\/wp-content\/uploads\/usu873\/2025\/08\/Llistes-anonimitzades-BTX2.pdf\" target=\"_blank\" rel=\"noreferrer noopener\">\ud83d\udd17 Llistat dels grups classe del curs 2025-2026<\/a><\/td><td class=\"has-text-align-center\" data-align=\"center\">03\/09\/2025<\/td><\/tr><\/tbody><\/table><\/figure>\n","protected":false},"excerpt":{"rendered":"<p>Benvinguts i benvingudes a l&#8217;espai d&#8217;informacions d&#8217;inter\u00e8s. Aqu\u00ed hi trobareu informacions i recursos \u00fatils per a alumnat, fam\u00edlies i professorat [&hellip;]<\/p>\n","protected":false},"author":7,"featured_media":0,"parent":0,"menu_order":0,"comment_status":"closed","ping_status":"close","template":"","meta":{"_bbp_topic_count":0,"_bbp_reply_count":0,"_bbp_total_topic_count":0,"_bbp_total_reply_count":0,"_bbp_voice_count":0,"_bbp_anonymous_reply_count":0,"_bbp_topic_count_hidden":0,"_bbp_reply_count_hidden":0,"_bbp_forum_subforum_count":0,"site-sidebar-layout":"no-sidebar","site-content-layout":"","ast-site-content-layout":"default","site-content-style":"default","site-sidebar-style":"default","ast-global-header-display":"","ast-banner-title-visibility":"","ast-main-header-display":"","ast-hfb-above-header-display":"","ast-hfb-below-header-display":"","ast-hfb-mobile-header-display":"","site-post-title":"","ast-breadcrumbs-content":"","ast-featured-img":"","footer-sml-layout":"","theme-transparent-header-meta":"","adv-header-id-meta":"","stick-header-meta":"","header-above-stick-meta":"","header-main-stick-meta":"","header-below-stick-meta":"","astra-migrate-meta-layouts":"set","ast-page-background-enabled":"default","ast-page-background-meta":{"desktop":{"background-color":"var(--ast-global-color-4)","background-image":"","background-repeat":"repeat","background-position":"center center","background-size":"auto","background-attachment":"scroll","background-type":"","background-media":"","overlay-type":"","overlay-color":"","overlay-opacity":"","overlay-gradient":""},"tablet":{"background-color":"","background-image":"","background-repeat":"repeat","background-position":"center center","background-size":"auto","background-attachment":"scroll","background-type":"","background-media":"","overlay-type":"","overlay-color":"","overlay-opacity":"","overlay-gradient":""},"mobile":{"background-color":"","background-image":"","background-repeat":"repeat","background-position":"center center","background-size":"auto","background-attachment":"scroll","background-type":"","background-media":"","overlay-type":"","overlay-color":"","overlay-opacity":"","overlay-gradient":""}},"ast-content-background-meta":{"desktop":{"background-color":"var(--ast-global-color-5)","background-image":"","background-repeat":"repeat","background-position":"center center","background-size":"auto","background-attachment":"scroll","background-type":"","background-media":"","overlay-type":"","overlay-color":"","overlay-opacity":"","overlay-gradient":""},"tablet":{"background-color":"var(--ast-global-color-5)","background-image":"","background-repeat":"repeat","background-position":"center center","background-size":"auto","background-attachment":"scroll","background-type":"","background-media":"","overlay-type":"","overlay-color":"","overlay-opacity":"","overlay-gradient":""},"mobile":{"background-color":"var(--ast-global-color-5)","background-image":"","background-repeat":"repeat","background-position":"center center","background-size":"auto","background-attachment":"scroll","background-type":"","background-media":"","overlay-type":"","overlay-color":"","overlay-opacity":"","overlay-gradient":""}},"footnotes":""},"class_list":["post-13073","page","type-page","status-publish","hentry"],"post_mailing_queue_ids":[],"_links":{"self":[{"href":"https:\/\/agora.xtec.cat\/iesducdemontblanc\/wp-json\/wp\/v2\/pages\/13073","targetHints":{"allow":["GET"]}}],"collection":[{"href":"https:\/\/agora.xtec.cat\/iesducdemontblanc\/wp-json\/wp\/v2\/pages"}],"about":[{"href":"https:\/\/agora.xtec.cat\/iesducdemontblanc\/wp-json\/wp\/v2\/types\/page"}],"author":[{"embeddable":true,"href":"https:\/\/agora.xtec.cat\/iesducdemontblanc\/wp-json\/wp\/v2\/users\/7"}],"replies":[{"embeddable":true,"href":"https:\/\/agora.xtec.cat\/iesducdemontblanc\/wp-json\/wp\/v2\/comments?post=13073"}],"version-history":[{"count":5,"href":"https:\/\/agora.xtec.cat\/iesducdemontblanc\/wp-json\/wp\/v2\/pages\/13073\/revisions"}],"predecessor-version":[{"id":14724,"href":"https:\/\/agora.xtec.cat\/iesducdemontblanc\/wp-json\/wp\/v2\/pages\/13073\/revisions\/14724"}],"wp:attachment":[{"href":"https:\/\/agora.xtec.cat\/iesducdemontblanc\/wp-json\/wp\/v2\/media?parent=13073"}],"curies":[{"name":"wp","href":"https:\/\/api.w.org\/{rel}","templated":true}]}}