{"id":11739,"date":"2025-01-25T20:02:58","date_gmt":"2025-01-25T19:02:58","guid":{"rendered":"https:\/\/agora.xtec.cat\/iesducdemontblanc\/?page_id=11739"},"modified":"2025-03-07T19:53:38","modified_gmt":"2025-03-07T18:53:38","slug":"biblioteca-2","status":"publish","type":"page","link":"https:\/\/agora.xtec.cat\/iesducdemontblanc\/biblioteca-2\/","title":{"rendered":"Biblioteca"},"content":{"rendered":"\n<p>A la biblioteca del nostre institut hem creat un espai acollidor i polivalent que convida a la realitzaci\u00f3 de diverses activitats.<\/p>\n\n\n\n<p>Com a biblioteca, t\u00e9  espai per gaudir de la lectura com a pur plaer. L&#8217;alumnat s\u2019hi troba molt a gust i acostuma a fer-la servir per estudiar, fer els deures, treballar en grup\u2026 El nostre fons bibliogr\u00e0fic abasta des de llibres de consulta fins a obres cl\u00e0ssiques de la literatura i de tots els \u00e0mbits del coneixement. A m\u00e9s a m\u00e9s, tamb\u00e9 disposa d\u2019un ric fons en literatura juvenil, c\u00f2mics i revistes de diferent tipus.<\/p>\n\n\n\n<p>Gr\u00e0cies a un ajut de l&#8217;Ajuntament de Rub\u00ed per al foment del projecte d&#8217;impuls a la lectura, cada curs ens dota d\u2019una partida pressupost\u00e0ria per a comprar un important nombre de llibres de les tem\u00e0tiques m\u00e9s properes i atractives pels adolescents.<\/p>\n\n\n\n<p>Aquest acollidor espai serveix tamb\u00e9 per a moltes altres activitats:  desenvolupem classes complement\u00e0ries, fem seminaris, clubs de lectura, trobades i molts altres actes que donen vida al nostre institut.<\/p>\n","protected":false},"excerpt":{"rendered":"<p>A la biblioteca del nostre institut hem creat un espai acollidor i polivalent que convida a la realitzaci\u00f3 de diverses [&hellip;]<\/p>\n","protected":false},"author":1,"featured_media":0,"parent":0,"menu_order":0,"comment_status":"closed","ping_status":"close","template":"","meta":{"_bbp_topic_count":0,"_bbp_reply_count":0,"_bbp_total_topic_count":0,"_bbp_total_reply_count":0,"_bbp_voice_count":0,"_bbp_anonymous_reply_count":0,"_bbp_topic_count_hidden":0,"_bbp_reply_count_hidden":0,"_bbp_forum_subforum_count":0,"site-sidebar-layout":"no-sidebar","site-content-layout":"","ast-site-content-layout":"default","site-content-style":"default","site-sidebar-style":"default","ast-global-header-display":"","ast-banner-title-visibility":"","ast-main-header-display":"","ast-hfb-above-header-display":"","ast-hfb-below-header-display":"","ast-hfb-mobile-header-display":"","site-post-title":"","ast-breadcrumbs-content":"","ast-featured-img":"","footer-sml-layout":"","theme-transparent-header-meta":"","adv-header-id-meta":"","stick-header-meta":"","header-above-stick-meta":"","header-main-stick-meta":"","header-below-stick-meta":"","astra-migrate-meta-layouts":"set","ast-page-background-enabled":"default","ast-page-background-meta":{"desktop":{"background-color":"var(--ast-global-color-4)","background-image":"","background-repeat":"repeat","background-position":"center center","background-size":"auto","background-attachment":"scroll","background-type":"","background-media":"","overlay-type":"","overlay-color":"","overlay-opacity":"","overlay-gradient":""},"tablet":{"background-color":"","background-image":"","background-repeat":"repeat","background-position":"center center","background-size":"auto","background-attachment":"scroll","background-type":"","background-media":"","overlay-type":"","overlay-color":"","overlay-opacity":"","overlay-gradient":""},"mobile":{"background-color":"","background-image":"","background-repeat":"repeat","background-position":"center center","background-size":"auto","background-attachment":"scroll","background-type":"","background-media":"","overlay-type":"","overlay-color":"","overlay-opacity":"","overlay-gradient":""}},"ast-content-background-meta":{"desktop":{"background-color":"var(--ast-global-color-5)","background-image":"","background-repeat":"repeat","background-position":"center center","background-size":"auto","background-attachment":"scroll","background-type":"","background-media":"","overlay-type":"","overlay-color":"","overlay-opacity":"","overlay-gradient":""},"tablet":{"background-color":"var(--ast-global-color-5)","background-image":"","background-repeat":"repeat","background-position":"center center","background-size":"auto","background-attachment":"scroll","background-type":"","background-media":"","overlay-type":"","overlay-color":"","overlay-opacity":"","overlay-gradient":""},"mobile":{"background-color":"var(--ast-global-color-5)","background-image":"","background-repeat":"repeat","background-position":"center center","background-size":"auto","background-attachment":"scroll","background-type":"","background-media":"","overlay-type":"","overlay-color":"","overlay-opacity":"","overlay-gradient":""}},"footnotes":""},"class_list":["post-11739","page","type-page","status-publish","hentry"],"post_mailing_queue_ids":[],"_links":{"self":[{"href":"https:\/\/agora.xtec.cat\/iesducdemontblanc\/wp-json\/wp\/v2\/pages\/11739","targetHints":{"allow":["GET"]}}],"collection":[{"href":"https:\/\/agora.xtec.cat\/iesducdemontblanc\/wp-json\/wp\/v2\/pages"}],"about":[{"href":"https:\/\/agora.xtec.cat\/iesducdemontblanc\/wp-json\/wp\/v2\/types\/page"}],"author":[{"embeddable":true,"href":"https:\/\/agora.xtec.cat\/iesducdemontblanc\/wp-json\/wp\/v2\/users\/1"}],"replies":[{"embeddable":true,"href":"https:\/\/agora.xtec.cat\/iesducdemontblanc\/wp-json\/wp\/v2\/comments?post=11739"}],"version-history":[{"count":1,"href":"https:\/\/agora.xtec.cat\/iesducdemontblanc\/wp-json\/wp\/v2\/pages\/11739\/revisions"}],"predecessor-version":[{"id":11740,"href":"https:\/\/agora.xtec.cat\/iesducdemontblanc\/wp-json\/wp\/v2\/pages\/11739\/revisions\/11740"}],"wp:attachment":[{"href":"https:\/\/agora.xtec.cat\/iesducdemontblanc\/wp-json\/wp\/v2\/media?parent=11739"}],"curies":[{"name":"wp","href":"https:\/\/api.w.org\/{rel}","templated":true}]}}