{"id":6972,"date":"2025-10-27T10:14:35","date_gmt":"2025-10-27T09:14:35","guid":{"rendered":"https:\/\/agora.xtec.cat\/iesdrpuigvert\/?page_id=6972"},"modified":"2025-10-28T17:06:27","modified_gmt":"2025-10-28T16:06:27","slug":"eleccions-al-consell-escolar","status":"publish","type":"page","link":"https:\/\/agora.xtec.cat\/iesdrpuigvert\/eleccions-al-consell-escolar\/","title":{"rendered":"Eleccions Al consell Escolar"},"content":{"rendered":"<p>El proper 19\/11 es portar\u00e0 a terme les eleccions al Consell Escolar del Centre. Cal renovar el 50% dels membres i les vacants existents.<\/p>\n<ul>\n<li>Sector alumnat: 2 membres + 1 vacant<\/li>\n<li>Sector fam\u00edlies: 2 membres + 1 vacant<\/li>\n<li>Sector professorat: 2 membres + 1 vacant<\/li>\n<li>Sector PAS: No hi ha vacant<\/li>\n<\/ul>\n<p>Cal tenir en compte que el Consell \u00e9s l&#8217;\u00f2rgan de representaci\u00f3 dels membres i a les reunions es presenta des de la Mem\u00f2ria fins als Pressupostos del centre. Les reunions es porten a terme en dimecres a la tarda i es fan 4 sessions al curs de manera ordin\u00e0ria.<\/p>\n<p>Pel que fa al calendari de les eleccions:<\/p>\n<ul>\n<li>27\/10 publicaci\u00f3 del cens<\/li>\n<li>31\/10 data l\u00edmit per presentar reclamacions al cens<\/li>\n<li>10\/11 publicaci\u00f3 del cens definitiu<\/li>\n<li>29\/10 Publicaci\u00f3 de la mesa electoral<\/li>\n<li>Fins el 05\/11 Reclamacions de la mesa electoral<\/li>\n<li>05\/11 Publicaci\u00f3 de la mesa definitiva<\/li>\n<li>Fins el 07\/11 <span style=\"text-decoration: underline;\"><a href=\"https:\/\/documents.espai.educacio.gencat.cat\/FormularisModels\/EleccionsConsellEscolar\/A634.pdf\">presentaci\u00f3 de candidatures<\/a><\/span><\/li>\n<li>11\/11 Publicaci\u00f3 de la llista de candidats<\/li>\n<li>13\/11 Data l\u00edmit per presentar la sol\u00b7licitud d&#8217;actuar com a supervisor.<\/li>\n<li>18\/11 Jornada electoral pel sector fam\u00edlies (tot el dia)<\/li>\n<li>19\/11 Jornada electoral pel sector alumnes (de 10h a 14h40 segons organitzaci\u00f3 de centre) i professors (claustre extraordinari 19\/11)<\/li>\n<\/ul>\n","protected":false},"excerpt":{"rendered":"<p>El proper 19\/11 es portar\u00e0 a terme les eleccions al Consell Escolar del Centre. Cal renovar el 50% dels membres i les vacants existents.<\/p>\n<ul>\n<li>Sector alumnat: 2 membres + 1 vacant<\/li>\n<li>Sector fam\u00edlies: 2 membres + 1 vacant<\/li>\n<li>Sector professorat: 2 membres + 1 vacant<\/li>\n<li>Sector PAS: No hi&hellip;  <a href=\"https:\/\/agora.xtec.cat\/iesdrpuigvert\/eleccions-al-consell-escolar\/\" title=\"Read Eleccions Al consell Escolar\">Llegeix m\u00e9s\u00bb<\/a><br \/>\n","protected":false},"author":1,"featured_media":0,"parent":0,"menu_order":0,"comment_status":"closed","ping_status":"closed","template":"","meta":{"_bbp_topic_count":0,"_bbp_reply_count":0,"_bbp_total_topic_count":0,"_bbp_total_reply_count":0,"_bbp_voice_count":0,"_bbp_anonymous_reply_count":0,"_bbp_topic_count_hidden":0,"_bbp_reply_count_hidden":0,"_bbp_forum_subforum_count":0,"footnotes":""},"class_list":["post-6972","page","type-page","status-publish","hentry"],"post_mailing_queue_ids":[],"_links":{"self":[{"href":"https:\/\/agora.xtec.cat\/iesdrpuigvert\/wp-json\/wp\/v2\/pages\/6972","targetHints":{"allow":["GET"]}}],"collection":[{"href":"https:\/\/agora.xtec.cat\/iesdrpuigvert\/wp-json\/wp\/v2\/pages"}],"about":[{"href":"https:\/\/agora.xtec.cat\/iesdrpuigvert\/wp-json\/wp\/v2\/types\/page"}],"author":[{"embeddable":true,"href":"https:\/\/agora.xtec.cat\/iesdrpuigvert\/wp-json\/wp\/v2\/users\/1"}],"replies":[{"embeddable":true,"href":"https:\/\/agora.xtec.cat\/iesdrpuigvert\/wp-json\/wp\/v2\/comments?post=6972"}],"version-history":[{"count":2,"href":"https:\/\/agora.xtec.cat\/iesdrpuigvert\/wp-json\/wp\/v2\/pages\/6972\/revisions"}],"predecessor-version":[{"id":6978,"href":"https:\/\/agora.xtec.cat\/iesdrpuigvert\/wp-json\/wp\/v2\/pages\/6972\/revisions\/6978"}],"wp:attachment":[{"href":"https:\/\/agora.xtec.cat\/iesdrpuigvert\/wp-json\/wp\/v2\/media?parent=6972"}],"curies":[{"name":"wp","href":"https:\/\/api.w.org\/{rel}","templated":true}]}}