{"id":57,"date":"2024-09-05T09:01:07","date_gmt":"2024-09-05T07:01:07","guid":{"rendered":"http:\/\/agora.xtec.cat\/iesdrpuigvert\/?page_id=57"},"modified":"2026-01-26T21:25:32","modified_gmt":"2026-01-26T20:25:32","slug":"projecte-educatiu","status":"publish","type":"page","link":"https:\/\/agora.xtec.cat\/iesdrpuigvert\/linstitut\/projecte-educatiu\/","title":{"rendered":"PEC i Documents de centre"},"content":{"rendered":"<h3><span style=\"color: #003366;\">Projecte educatiu i documents de centre<\/span><\/h3>\n<p>D&#8217;acord amb la <a title=\"Article 91 LEC\" href=\"http:\/\/www20.gencat.cat\/portal\/site\/portaljuridic\/menuitem.d15a4e5dfb99396dc366ec10b0c0e1a0\/?vgnextoid=b85297b5a87d6210VgnVCM1000000b0c1e0aRCRD&amp;vgnextchannel=b85297b5a87d6210VgnVCM1000000b0c1e0aRCRD&amp;vgnextfmt=default&amp;action=fitxa&amp;portalId=1&amp;documentId=480169&amp;newLang=ca_ES#fragment-1182442\" target=\"_blank\" rel=\"noopener noreferrer\">Llei d&#8217;Educaci\u00f3 de Catalunya<\/a>, el projecte educatiu incorpora el car\u00e0cter propi del centre. Va ser aprovat el 5 de febrer de 2020 i modificat en 28\/29 de setembre de 2022 pel Claustre i el Consell Escolar. En aquest document hi trobareu alguns dels criteris d&#8217;ordenaci\u00f3 pedag\u00f2gica, prioritats i plantejaments educatius, procediments d&#8217;inclusi\u00f3 i altres actuacions que caracteritzen el centre, aix\u00ed com els criteris que defineixen l&#8217;estructura organitzativa.<\/p>\n<h5><span style=\"color: #ff6600;\">Documents de centre:<\/span><\/h5>\n<ul>\n<li><a href=\"https:\/\/drive.google.com\/file\/d\/1egimM0Ksy5SKPXy7PVkFKWCLXJUvzjxV\/view?usp=sharing\">Projecte Educatiu de centre<\/a><\/li>\n<li>Annex 1. <a href=\"https:\/\/drive.google.com\/a\/xtec.cat\/file\/d\/12UA28QJpXYPVGBDMjnr6-Mx2dUpzB7cJ\/view?usp=sharing\">Projecte ling\u00fc\u00edstic.<\/a><\/li>\n<li>Annex 2. <a href=\"https:\/\/drive.google.com\/file\/d\/1JUKpb7_2-2i5ohs9bRRWidNdI9OgGP_G\/view?usp=sharing\">Projecte de conviv\u00e8ncia<\/a> i<a href=\"https:\/\/view.genial.ly\/6494291338861f001749cc2b\/interactive-content-pla-de-convivencia\"> breu presentaci\u00f3<\/a> (aprovat pel Claustre i Consell Escolar en 2023)<\/li>\n<li>Annex 3. <a href=\"https:\/\/agora.xtec.cat\/iesdrpuigvert\/wp-content\/uploads\/usu1888\/2025\/07\/NOFC-2022-26-Modificacions.pdf\" target=\"_blank\" rel=\"noopener\">Normes d&#8217;organitzaci\u00f3 i funcionament del centre (NOFC)<\/a><\/li>\n<li>Annex 4. <a href=\"https:\/\/view.genial.ly\/637fa976eb2a6000112bc8c2\/interactive-content-digital-one-pager\">Estrat\u00e8gia digital de centre<\/a> (aprovat pel Claustre i Consell Escolar en 2023)<\/li>\n<li>Annex 5. <a href=\"https:\/\/drive.google.com\/file\/d\/1SxPXzIDQGd1C7dqvBADNnz6TAtRtwrJq\/view?usp=drive_link\" target=\"_blank\" rel=\"noopener\">PEsC<\/a><\/li>\n<li>Annex 6. <a href=\"https:\/\/drive.google.com\/file\/d\/15bl7IGH_JfG8SdTmTiv5I1nR-v0exoSr\/view?usp=sharing\">Pla d&#8217;acollida alumnes m\u00e0ster MUFPS<\/a><\/li>\n<\/ul>\n<p style=\"text-align: center;\"><iframe loading=\"lazy\" style=\"border: 1px solid #CCC; border-width: 1px; margin-bottom: 5px; max-width: 100%;\" src=\"https:\/\/www.slideshare.net\/slideshow\/embed_code\/key\/AawOnBYIsIN3zf\" width=\"879\" height=\"1011\" frameborder=\"0\" marginwidth=\"0\" marginheight=\"0\" scrolling=\"no\" allowfullscreen=\"allowfullscreen\"> <\/iframe><\/p>\n<p style=\"margin-bottom: 5px;\"><strong> <a title=\"PEC_V6_modificat 2022.pdf\" href=\"https:\/\/www.slideshare.net\/Txeli\/pecv6modificat-2022pdf\" target=\"_blank\" rel=\"noopener\">PEC_V6_modificat 2022.pdf<\/a> <\/strong> from <strong><a href=\"https:\/\/www.slideshare.net\/Txeli\" target=\"_blank\" rel=\"noopener\">Txeli<\/a><\/strong><\/p>\n<p>No us oblideu de visitar el nostre SITE: <a href=\"https:\/\/sites.google.com\/xtec.cat\/insdrpuigvert\/inici\">https:\/\/sites.google.com\/xtec.cat\/insdrpuigvert\/inici<\/a><\/p>\n","protected":false},"excerpt":{"rendered":"<p>Projecte educatiu i documents de centre<br \/>\nD&#8217;acord amb la <a title=\"Article 91 LEC\" href=\"http:\/\/www20.gencat.cat\/portal\/site\/portaljuridic\/menuitem.d15a4e5dfb99396dc366ec10b0c0e1a0\/?vgnextoid=b85297b5a87d6210VgnVCM1000000b0c1e0aRCRD&amp;vgnextchannel=b85297b5a87d6210VgnVCM1000000b0c1e0aRCRD&amp;vgnextfmt=default&amp;action=fitxa&amp;portalId=1&amp;documentId=480169&amp;newLang=ca_ES#fragment-1182442\" target=\"_blank\" rel=\"noopener noreferrer\">Llei d&#8217;Educaci\u00f3 de Catalunya<\/a>, el projecte educatiu incorpora el car\u00e0cter propi del centre. Va ser aprovat el 5 de febrer de 2020 i modificat en 28\/29 de setembre de 2022&hellip;  <a href=\"https:\/\/agora.xtec.cat\/iesdrpuigvert\/linstitut\/projecte-educatiu\/\" title=\"Read PEC i Documents de centre\">Llegeix m\u00e9s\u00bb<\/a><\/p>\n","protected":false},"author":1,"featured_media":0,"parent":19,"menu_order":0,"comment_status":"closed","ping_status":"closed","template":"page-templates\/side-menu.php","meta":{"_bbp_topic_count":0,"_bbp_reply_count":0,"_bbp_total_topic_count":0,"_bbp_total_reply_count":0,"_bbp_voice_count":0,"_bbp_anonymous_reply_count":0,"_bbp_topic_count_hidden":0,"_bbp_reply_count_hidden":0,"_bbp_forum_subforum_count":0,"footnotes":""},"class_list":["post-57","page","type-page","status-publish","hentry"],"post_mailing_queue_ids":[],"_links":{"self":[{"href":"https:\/\/agora.xtec.cat\/iesdrpuigvert\/wp-json\/wp\/v2\/pages\/57","targetHints":{"allow":["GET"]}}],"collection":[{"href":"https:\/\/agora.xtec.cat\/iesdrpuigvert\/wp-json\/wp\/v2\/pages"}],"about":[{"href":"https:\/\/agora.xtec.cat\/iesdrpuigvert\/wp-json\/wp\/v2\/types\/page"}],"author":[{"embeddable":true,"href":"https:\/\/agora.xtec.cat\/iesdrpuigvert\/wp-json\/wp\/v2\/users\/1"}],"replies":[{"embeddable":true,"href":"https:\/\/agora.xtec.cat\/iesdrpuigvert\/wp-json\/wp\/v2\/comments?post=57"}],"version-history":[{"count":6,"href":"https:\/\/agora.xtec.cat\/iesdrpuigvert\/wp-json\/wp\/v2\/pages\/57\/revisions"}],"predecessor-version":[{"id":7304,"href":"https:\/\/agora.xtec.cat\/iesdrpuigvert\/wp-json\/wp\/v2\/pages\/57\/revisions\/7304"}],"up":[{"embeddable":true,"href":"https:\/\/agora.xtec.cat\/iesdrpuigvert\/wp-json\/wp\/v2\/pages\/19"}],"wp:attachment":[{"href":"https:\/\/agora.xtec.cat\/iesdrpuigvert\/wp-json\/wp\/v2\/media?parent=57"}],"curies":[{"name":"wp","href":"https:\/\/api.w.org\/{rel}","templated":true}]}}