{"id":52,"date":"2024-08-29T07:58:07","date_gmt":"2024-08-29T05:58:07","guid":{"rendered":"http:\/\/agora.xtec.cat\/iesdrpuigvert\/?page_id=52"},"modified":"2025-10-01T20:48:49","modified_gmt":"2025-10-01T18:48:49","slug":"calendari-del-curs","status":"publish","type":"page","link":"https:\/\/agora.xtec.cat\/iesdrpuigvert\/linstitut\/calendari-del-curs\/","title":{"rendered":"Calendari 2025-26"},"content":{"rendered":"<div class=\"col-xs-12 columna_esquerra\">\n<div class=\"cos_bloc basic_text_peq pd-15\">\n<h4><span style=\"color: #ff6600;\">Calendari curs 2025-26<\/span><\/h4>\n<p><strong>8 de setembre de 2025<\/strong>\u00a0inici de les classes a l&#8217;educaci\u00f3 secund\u00e0ria obligat\u00f2ria i el <strong>12 de setembre<\/strong> a Batxillerat (totes les modalitats)<\/p>\n<ul>\n<li style=\"font-weight: 400;\" aria-level=\"2\"><span style=\"font-weight: 400;\">Del 20 de desembre de 2025 al 7 de gener de 2026 (ambd\u00f3s inclosos): vacances de Nadal.<\/span><\/li>\n<li style=\"font-weight: 400;\" aria-level=\"2\"><span style=\"font-weight: 400;\">Del 28 de mar\u00e7 de 2026 al 6 d&#8217;abril de 2026 (ambd\u00f3s inclosos): vacances de Setmana Santa.<\/span><\/li>\n<li style=\"font-weight: 400;\" aria-level=\"2\"><span style=\"font-weight: 400;\">19 de juny de 2026: final de curs.<\/span><span style=\"font-weight: 400;\"><br \/>\n<\/span><\/li>\n<\/ul>\n<ul>\n<li aria-level=\"1\"><b>FESTIUS LABORALS A BARCELONA (2025-2026)<\/b><\/li>\n<\/ul>\n<ul>\n<li style=\"list-style-type: none;\">\n<ul>\n<li aria-level=\"2\">11 de setembre (Diada)<\/li>\n<li aria-level=\"2\">24 de setembre (Merc\u00e8)<\/li>\n<li aria-level=\"2\">1 de novembre (Tots Sants)<\/li>\n<li aria-level=\"2\">6 de desembre (Dia de la Constituci\u00f3)<\/li>\n<li aria-level=\"2\">8 de desembre (La Immaculada)<\/li>\n<li aria-level=\"2\">1 de maig (Dia del Treballador)<\/li>\n<li aria-level=\"2\">25 de maig (Dilluns de Pasqua)<\/li>\n<\/ul>\n<\/li>\n<\/ul>\n<ul>\n<li aria-level=\"1\"><b>FESTIUS LLIURE DISPOSICI\u00d3<br \/>\n<\/b><\/p>\n<ul>\n<li>10\/10\/25 &#8211; Proposta CE de Barcelona<\/li>\n<li>3\/11\/25 &#8211; Pont castanyada<\/li>\n<li>16\/02\/26\u00a0&#8211; Carnestoltes<\/li>\n<li>22\/05\/26 &#8211; Proposta CE de Barcelona<\/li>\n<\/ul>\n<\/li>\n<\/ul>\n<ul>\n<li aria-level=\"1\"><b>AVALUACIONS ACAD\u00c8MIQUES ESO I 1r BATXILLERAT<br \/>\n<\/b><\/li>\n<\/ul>\n<ul>\n<li style=\"list-style-type: none;\">\n<ul>\n<li style=\"font-weight: 400;\" aria-level=\"2\"><span style=\"font-weight: 400;\">1\u00aa aval. <\/span> <span style=\"font-weight: 400;\">Inici 08\/09\/25\u00a0 \u00a0 \u00a0 Final 5\/12\/25<\/span><\/li>\n<li style=\"font-weight: 400;\" aria-level=\"2\"><span style=\"font-weight: 400;\">2\u00aa aval. <\/span> <span style=\"font-weight: 400;\">Inici 09\/12\/25<\/span>\u00a0 \u00a0 \u00a0 <span style=\"font-weight: 400;\">Final 13\/3\/26<\/span><\/li>\n<li style=\"font-weight: 400;\" aria-level=\"2\"><span style=\"font-weight: 400;\">3\u00aa aval. <\/span> <span style=\"font-weight: 400;\">Inici 16\/3\/26\u00a0 \u00a0 \u00a0 \u00a0 Final 05\/06\/26<\/span><\/li>\n<\/ul>\n<\/li>\n<\/ul>\n<p>2n de Batxillerat t\u00e9 el seu propi calendari.<\/p>\n<ul>\n<li aria-level=\"1\"><b>Dies \u201cespecials\u201d (horaris diferents a determinar)<\/b>\n<ul>\n<li>Festa de Nadal, 19 de desembre de 2025<\/li>\n<li>Festa de Carnestoltes, 13 de febrer de 2026<\/li>\n<li>Celebraci\u00f3 del Dia Pi, 19 de mar\u00e7 de 2026<\/li>\n<li>Festa de Sant Jordi, 23 d\u2019abril de 2026<\/li>\n<li>I d&#8217;altres aprovats pel Claustre i el Consell Escolar i informats al Serveis territorials d&#8217;Educaci\u00f3.<\/li>\n<\/ul>\n<\/li>\n<\/ul>\n<p>&nbsp;<\/p>\n<ul>\n<li><strong>Presentacions fam\u00edlies ESO i Batxillerat:<\/strong>\n<ul>\n<li><span style=\"font-family: inherit; font-size: 1em;\">1r ESO Dimecres 17 de setembre de 2025 a les 17:30h a l\u2019aula del grup<\/span><\/li>\n<li><span style=\"font-family: inherit; font-size: 1em;\">2n ESO <\/span>Dimecres 17 de setembre de 2025 a les 17:30h a la sala d\u2019actes\/aules<\/li>\n<li>3r ESO Dimecres 17 de setembre de 2025 a les 18:00h a la sala d\u2019actes\/aules<\/li>\n<li>4t ESO Dimecres 17 de setembre de 2025 a les 18:30h a la sala d\u2019actes\/aules<\/li>\n<li>1r BATX Dimecres 1 d\u2019octubre de 2025 a les 17:30h a la sala d\u2019actes\/aules (Totes les modalitats)<\/li>\n<li>2n BATX Dimecres 1 d\u2019octubre de 2025 a les 18:00h a l\u2019aula del grup (Totes les modalitats)<\/li>\n<\/ul>\n<\/li>\n<\/ul>\n<\/div>\n<p><strong>CALENDARI DE SORTIDES I ACTIVITATS<\/strong><\/p>\n<p><iframe loading=\"lazy\" style=\"border: solid 1px #777;\" src=\"https:\/\/calendar.google.com\/calendar\/embed?height=600&amp;wkst=2&amp;ctz=Europe%2FMadrid&amp;showPrint=0&amp;title=Sortides%20i%20Activitats&amp;src=czJvMDJpOHM1MGp2c2RiaXNyMW9lN3BwaHA1ZnBhOHJAaW1wb3J0LmNhbGVuZGFyLmdvb2dsZS5jb20&amp;src=a2YxbHNhdTB1cHVtdjJtNDU5dTB1dm9jMjA5N3Z2azZAaW1wb3J0LmNhbGVuZGFyLmdvb2dsZS5jb20&amp;color=%239e69af&amp;color=%23616161\" width=\"800\" height=\"600\" frameborder=\"0\" scrolling=\"no\"><\/iframe><\/p>\n<\/div>\n","protected":false},"excerpt":{"rendered":"<p>Calendari curs 2025-26<br \/>\n8 de setembre de 2025\u00a0inici de les classes a l&#8217;educaci\u00f3 secund\u00e0ria obligat\u00f2ria i el 12 de setembre a Batxillerat (totes les modalitats)<\/p>\n<ul>\n<li style=\"font-weight: 400;\" aria-level=\"2\">Del 20 de desembre de 2025 al 7 de gener de 2026 (ambd\u00f3s inclosos): vacances de Nadal.<\/li>\n<li style=\"font-weight: 400;\"&hellip;  <a href=\"https:\/\/agora.xtec.cat\/iesdrpuigvert\/linstitut\/calendari-del-curs\/\" title=\"Read Calendari 2025-26\">Llegeix m\u00e9s\u00bb<\/a><br \/>\n","protected":false},"author":1,"featured_media":0,"parent":19,"menu_order":70,"comment_status":"closed","ping_status":"closed","template":"page-templates\/side-menu.php","meta":{"_bbp_topic_count":0,"_bbp_reply_count":0,"_bbp_total_topic_count":0,"_bbp_total_reply_count":0,"_bbp_voice_count":0,"_bbp_anonymous_reply_count":0,"_bbp_topic_count_hidden":0,"_bbp_reply_count_hidden":0,"_bbp_forum_subforum_count":0,"footnotes":""},"class_list":["post-52","page","type-page","status-publish","hentry"],"post_mailing_queue_ids":[],"_links":{"self":[{"href":"https:\/\/agora.xtec.cat\/iesdrpuigvert\/wp-json\/wp\/v2\/pages\/52","targetHints":{"allow":["GET"]}}],"collection":[{"href":"https:\/\/agora.xtec.cat\/iesdrpuigvert\/wp-json\/wp\/v2\/pages"}],"about":[{"href":"https:\/\/agora.xtec.cat\/iesdrpuigvert\/wp-json\/wp\/v2\/types\/page"}],"author":[{"embeddable":true,"href":"https:\/\/agora.xtec.cat\/iesdrpuigvert\/wp-json\/wp\/v2\/users\/1"}],"replies":[{"embeddable":true,"href":"https:\/\/agora.xtec.cat\/iesdrpuigvert\/wp-json\/wp\/v2\/comments?post=52"}],"version-history":[{"count":6,"href":"https:\/\/agora.xtec.cat\/iesdrpuigvert\/wp-json\/wp\/v2\/pages\/52\/revisions"}],"predecessor-version":[{"id":6900,"href":"https:\/\/agora.xtec.cat\/iesdrpuigvert\/wp-json\/wp\/v2\/pages\/52\/revisions\/6900"}],"up":[{"embeddable":true,"href":"https:\/\/agora.xtec.cat\/iesdrpuigvert\/wp-json\/wp\/v2\/pages\/19"}],"wp:attachment":[{"href":"https:\/\/agora.xtec.cat\/iesdrpuigvert\/wp-json\/wp\/v2\/media?parent=52"}],"curies":[{"name":"wp","href":"https:\/\/api.w.org\/{rel}","templated":true}]}}