{"id":5121,"date":"2024-06-07T01:24:26","date_gmt":"2024-06-06T23:24:26","guid":{"rendered":"https:\/\/agora.xtec.cat\/iesdrpuigvert\/?page_id=5121"},"modified":"2025-06-18T06:59:15","modified_gmt":"2025-06-18T04:59:15","slug":"val-escolar-25-26","status":"publish","type":"page","link":"https:\/\/agora.xtec.cat\/iesdrpuigvert\/val-escolar-25-26\/","title":{"rendered":"Val escolar 25-26"},"content":{"rendered":"<h3><span style=\"color: #ff6600;\"><strong>INFORMACI\u00d3 SOBRE EL VAL ESCOLAR<\/strong> <\/span><\/h3>\n<p>El val escolar s&#8217;adre\u00e7a a les fam\u00edlies de centres p\u00fablics i concertats amb alumnes escolaritzats a prim\u00e0ria i ESO (<a href=\"https:\/\/www.valescolar.cat\/\">P\u00e0gina d&#8217;informaci\u00f3).<\/a> Per poder utilitzar els vals, cal que la fam\u00edlia activi digitalment el val (<a href=\"https:\/\/www.valescolar.cat\/\">mireu les instruccions<\/a>) a partir del mes de juliol. Consisteix en dos vals de 30\u20ac que es poden bescanviar en els establiments adherits o en el centre escolar <span style=\"text-decoration: underline;\">per descomptar el <strong>material escolar<\/strong><\/span><strong>. CAL QUE LA FAM\u00cdLIA VALIDI EL VAL DE MANERA DIGITAL.<\/strong><\/p>\n<h4><span style=\"color: #ff6600;\">Bescanvi del val a l&#8217;INS Doctor Puigvert<\/span><\/h4>\n<ul>\n<li>Les fam\u00edlies que vulguin descomptar <strong>un val<\/strong>, hauran de pagar la difer\u00e8ncia 210\u20ac.<\/li>\n<li>Aquelles fam\u00edlies que vulguin utilitzar els <strong>dos vals nom\u00e9s descomptaran la part que queda de material escolar<\/strong> (uns 40\u20ac), romandr\u00e0 de pagar la quota de llibres, sortides i serveis segons el curs (s&#8217;haur\u00e0 de pagar 200\u20ac); recordem que no es retorna canvi dels vals.<\/li>\n<li>Una vegada les fam\u00edlies han fet la validaci\u00f3 (<span style=\"text-decoration: underline;\">entre juliol i setembre<\/span>), el centre rebr\u00e0 una comunicaci\u00f3 de la plataforma amb l&#8217;import corresponent. En cas d&#8217;haver algun problema i no rebre el val corresponent ens posarem en contacte amb la fam\u00edlia al tornar de les vacances.<\/li>\n<li>\u00c9s responsabilitat de l&#8217;alumne en comen\u00e7ar el curs portar el material escolar requerit (calculadora, estris d&#8217;escriptura i dibuix, comp\u00e0s, etc&#8230;).<\/li>\n<\/ul>\n<p><img loading=\"lazy\" decoding=\"async\" class=\"aligncenter size-full wp-image-5124\" src=\"https:\/\/agora.xtec.cat\/iesdrpuigvert\/wp-content\/uploads\/usu1888\/2024\/06\/val-escolar.png\" alt=\"\" width=\"686\" height=\"264\" srcset=\"https:\/\/agora.xtec.cat\/iesdrpuigvert\/wp-content\/uploads\/usu1888\/2024\/06\/val-escolar.png 686w, https:\/\/agora.xtec.cat\/iesdrpuigvert\/wp-content\/uploads\/usu1888\/2024\/06\/val-escolar-300x115.png 300w\" sizes=\"auto, (max-width: 686px) 100vw, 686px\" \/><\/p>\n<p>&nbsp;<\/p>\n","protected":false},"excerpt":{"rendered":"<p>INFORMACI\u00d3 SOBRE EL VAL ESCOLAR<br \/>\nEl val escolar s&#8217;adre\u00e7a a les fam\u00edlies de centres p\u00fablics i concertats amb alumnes escolaritzats a prim\u00e0ria i ESO (<a href=\"https:\/\/www.valescolar.cat\/\">P\u00e0gina d&#8217;informaci\u00f3).<\/a> Per poder utilitzar els vals, cal que la fam\u00edlia activi digitalment el val (<a href=\"https:\/\/www.valescolar.cat\/\">mireu les instruccions<\/a>) a&hellip;  <a href=\"https:\/\/agora.xtec.cat\/iesdrpuigvert\/val-escolar-25-26\/\" title=\"Read Val escolar 25-26\">Llegeix m\u00e9s\u00bb<\/a><\/p>\n","protected":false},"author":1,"featured_media":0,"parent":0,"menu_order":0,"comment_status":"closed","ping_status":"closed","template":"","meta":{"_bbp_topic_count":0,"_bbp_reply_count":0,"_bbp_total_topic_count":0,"_bbp_total_reply_count":0,"_bbp_voice_count":0,"_bbp_anonymous_reply_count":0,"_bbp_topic_count_hidden":0,"_bbp_reply_count_hidden":0,"_bbp_forum_subforum_count":0,"footnotes":""},"class_list":["post-5121","page","type-page","status-publish","hentry"],"post_mailing_queue_ids":[],"_links":{"self":[{"href":"https:\/\/agora.xtec.cat\/iesdrpuigvert\/wp-json\/wp\/v2\/pages\/5121","targetHints":{"allow":["GET"]}}],"collection":[{"href":"https:\/\/agora.xtec.cat\/iesdrpuigvert\/wp-json\/wp\/v2\/pages"}],"about":[{"href":"https:\/\/agora.xtec.cat\/iesdrpuigvert\/wp-json\/wp\/v2\/types\/page"}],"author":[{"embeddable":true,"href":"https:\/\/agora.xtec.cat\/iesdrpuigvert\/wp-json\/wp\/v2\/users\/1"}],"replies":[{"embeddable":true,"href":"https:\/\/agora.xtec.cat\/iesdrpuigvert\/wp-json\/wp\/v2\/comments?post=5121"}],"version-history":[{"count":6,"href":"https:\/\/agora.xtec.cat\/iesdrpuigvert\/wp-json\/wp\/v2\/pages\/5121\/revisions"}],"predecessor-version":[{"id":6742,"href":"https:\/\/agora.xtec.cat\/iesdrpuigvert\/wp-json\/wp\/v2\/pages\/5121\/revisions\/6742"}],"wp:attachment":[{"href":"https:\/\/agora.xtec.cat\/iesdrpuigvert\/wp-json\/wp\/v2\/media?parent=5121"}],"curies":[{"name":"wp","href":"https:\/\/api.w.org\/{rel}","templated":true}]}}