{"id":4753,"date":"2026-02-12T11:00:58","date_gmt":"2026-02-12T10:00:58","guid":{"rendered":"https:\/\/agora.xtec.cat\/iesdrpuigvert\/?page_id=4753"},"modified":"2026-04-08T12:30:59","modified_gmt":"2026-04-08T10:30:59","slug":"informacio-preinscripcio-batxillerat","status":"publish","type":"page","link":"https:\/\/agora.xtec.cat\/iesdrpuigvert\/informacio-preinscripcio-batxillerat\/","title":{"rendered":"Informaci\u00f3 Preinscripci\u00f3  Batxillerat 2026-27"},"content":{"rendered":"<p>Tant a la p\u00e0gina web del <a href=\"https:\/\/preinscripcio.gencat.cat\/ca\/inici\/\" target=\"_blank\" rel=\"noopener\">Departament d&#8217;Educaci\u00f3<\/a> com a la del <a href=\"https:\/\/www.edubcn.cat\/ca\/alumnat_i_familia\/informacio_general_matriculacio\/postobligatoris\" target=\"_blank\" rel=\"noopener\">Consorci d&#8217;Educaci\u00f3 de Barcelona<\/a>, trobareu tota la informaci\u00f3 i com fer la preinscripci\u00f3 telem\u00e0tica pas a pas:<\/p>\n<div class=\"row\">\n<div class=\"col-sm-12\">\n<p><strong style=\"font-family: inherit; font-size: 1em;\"><span style=\"color: #ff6600;\">OFERTA INICIAL BATXILLERAT 2026-27 al DOCTOR PUIGVERT<\/span><\/strong><\/p>\n<\/div>\n<\/div>\n<div class=\"row\">\n<div class=\"col-sm-12\">\n<p><img loading=\"lazy\" decoding=\"async\" class=\"aligncenter size-full wp-image-7596\" src=\"https:\/\/agora.xtec.cat\/iesdrpuigvert\/wp-content\/uploads\/usu1888\/2026\/04\/oferta-ini-btx.png\" alt=\"\" width=\"726\" height=\"457\" srcset=\"https:\/\/agora.xtec.cat\/iesdrpuigvert\/wp-content\/uploads\/usu1888\/2026\/04\/oferta-ini-btx.png 726w, https:\/\/agora.xtec.cat\/iesdrpuigvert\/wp-content\/uploads\/usu1888\/2026\/04\/oferta-ini-btx-300x189.png 300w\" sizes=\"auto, (max-width: 726px) 100vw, 726px\" \/><\/p>\n<pre style=\"text-align: center;\"><\/pre>\n<div class=\"list-item-wrapper\">\n<div class=\"col content-col\">\n<p><strong><span style=\"color: #008000;\">Calendari de la preinscripci\u00f3 a Batxillerat<\/span><br \/>\n<\/strong><\/p>\n<\/div>\n<\/div>\n<div class=\"basic_text_peq pd-15 link-dotted\" data-crawling=\"principal-body\">\n<ul>\n<li><span style=\"color: #0000ff;\">Del 9 al 16 d&#8217;abril:<\/span><strong><span style=\"color: #0000ff;\"> preinscripci\u00f3 batxillerat\u00a0<\/span>(presentaci\u00f3 de sol\u00b7licituds)<\/strong><\/li>\n<li><span style=\"color: #0000ff;\">Fins al 17 d&#8217;abril: Presentaci\u00f3 de documentaci\u00f3<\/span><\/li>\n<li><span style=\"color: #0000ff;\">14 de maig: llista de sol\u00b7licituds amb puntuaci\u00f3 provisional<\/span><\/li>\n<li><span style=\"color: #0000ff;\">Del 14 al 20 de maig: presentaci\u00f3 de reclamacions<\/span><\/li>\n<li><span style=\"color: #0000ff;\">26 de maig: llista de sol\u00b7licituds amb la puntuaci\u00f3 un cop resoltes les reclamacions<\/span><\/li>\n<li><span style=\"color: #0000ff;\">26 de maig: sorteig per resoldre les sol\u00b7licituds de preinscripci\u00f3 empatades en punts<br \/>\n<\/span><\/p>\n<ul>\n<li>Pendent<\/li>\n<\/ul>\n<\/li>\n<li><span style=\"color: #0000ff;\">29 de maig: publicaci\u00f3 de la llista ordenada<\/span><\/li>\n<li><span style=\"color: #0000ff;\">17 de juny de 2025: publicaci\u00f3 de l&#8217;oferta final de places escolars i de la llista d&#8217;alumnes admesos i llista d&#8217;espera<\/span>\n<ul>\n<li>Alumnat assignat al centre<\/li>\n<li>Alumnat preinscrit al centre<\/li>\n<\/ul>\n<\/li>\n<li><span style=\"color: #0000ff;\">Del 18 al 30 de juny: MATR\u00cdCULA D&#8217;ALUMNES NOUS AL CENTRE<\/span><\/li>\n<\/ul>\n<p>Els alumnes NOUS de Batxillerat hauran de demanar cita per una entrevista al centre (<strong>p\u00e0gina de petici\u00f3 de cita<\/strong>). Caldr\u00e0 que PR\u00c8VIAMENT les fam\u00edlies dels alumnes hagin omplert el <strong>FORMULARI de dades.<\/strong> A l&#8217;entrevista es far\u00e0 l&#8217;elecci\u00f3 de les mat\u00e8ries de modalitat i de franja. Sense aquesta informaci\u00f3 es far\u00e0 una assignaci\u00f3 d&#8217;ofici de les assignatures.<\/p>\n<\/div>\n<\/div>\n<\/div>\n<p><!----comment node----><!--a=1--><\/p>\n<p><!----comment node----><!--a=1--><\/p>\n<p><!----comment node----><!--a=1--><\/p>\n","protected":false},"excerpt":{"rendered":"<p>Tant a la p\u00e0gina web del <a href=\"https:\/\/preinscripcio.gencat.cat\/ca\/inici\/\" target=\"_blank\" rel=\"noopener\">Departament d&#8217;Educaci\u00f3<\/a> com a la del <a href=\"https:\/\/www.edubcn.cat\/ca\/alumnat_i_familia\/informacio_general_matriculacio\/postobligatoris\" target=\"_blank\" rel=\"noopener\">Consorci d&#8217;Educaci\u00f3 de Barcelona<\/a>, trobareu tota la informaci\u00f3 i com fer la preinscripci\u00f3 telem\u00e0tica pas a pas:<\/p>\n<p>OFERTA INICIAL BATXILLERAT 2026-27 al DOCTOR PUIGVERT<\/p>\n<p>Calendari de la preinscripci\u00f3 a&hellip;  <a href=\"https:\/\/agora.xtec.cat\/iesdrpuigvert\/informacio-preinscripcio-batxillerat\/\" title=\"Read Informaci\u00f3 Preinscripci\u00f3  Batxillerat 2026-27\">Llegeix m\u00e9s\u00bb<\/a><\/p>\n","protected":false},"author":1,"featured_media":0,"parent":0,"menu_order":0,"comment_status":"closed","ping_status":"closed","template":"","meta":{"_bbp_topic_count":0,"_bbp_reply_count":0,"_bbp_total_topic_count":0,"_bbp_total_reply_count":0,"_bbp_voice_count":0,"_bbp_anonymous_reply_count":0,"_bbp_topic_count_hidden":0,"_bbp_reply_count_hidden":0,"_bbp_forum_subforum_count":0,"footnotes":""},"class_list":["post-4753","page","type-page","status-publish","hentry"],"post_mailing_queue_ids":[],"_links":{"self":[{"href":"https:\/\/agora.xtec.cat\/iesdrpuigvert\/wp-json\/wp\/v2\/pages\/4753","targetHints":{"allow":["GET"]}}],"collection":[{"href":"https:\/\/agora.xtec.cat\/iesdrpuigvert\/wp-json\/wp\/v2\/pages"}],"about":[{"href":"https:\/\/agora.xtec.cat\/iesdrpuigvert\/wp-json\/wp\/v2\/types\/page"}],"author":[{"embeddable":true,"href":"https:\/\/agora.xtec.cat\/iesdrpuigvert\/wp-json\/wp\/v2\/users\/1"}],"replies":[{"embeddable":true,"href":"https:\/\/agora.xtec.cat\/iesdrpuigvert\/wp-json\/wp\/v2\/comments?post=4753"}],"version-history":[{"count":6,"href":"https:\/\/agora.xtec.cat\/iesdrpuigvert\/wp-json\/wp\/v2\/pages\/4753\/revisions"}],"predecessor-version":[{"id":7597,"href":"https:\/\/agora.xtec.cat\/iesdrpuigvert\/wp-json\/wp\/v2\/pages\/4753\/revisions\/7597"}],"wp:attachment":[{"href":"https:\/\/agora.xtec.cat\/iesdrpuigvert\/wp-json\/wp\/v2\/media?parent=4753"}],"curies":[{"name":"wp","href":"https:\/\/api.w.org\/{rel}","templated":true}]}}