{"id":46,"date":"2024-08-29T07:53:45","date_gmt":"2024-08-29T05:53:45","guid":{"rendered":"http:\/\/agora.xtec.cat\/iesdrpuigvert\/?page_id=46"},"modified":"2025-09-17T17:26:46","modified_gmt":"2025-09-17T15:26:46","slug":"organigrama","status":"publish","type":"page","link":"https:\/\/agora.xtec.cat\/iesdrpuigvert\/linstitut\/organigrama\/","title":{"rendered":"Organigrama 2025-26"},"content":{"rendered":"<h4><span style=\"color: #ff6600;\"><strong>Organigrama del Curs 2025-26<\/strong><\/span><\/h4>\n<h4>Equip directiu<\/h4>\n<p><strong>Director: <\/strong>Salvador Valverde<\/p>\n<p><strong>Cap d&#8217;Estudis :<\/strong> Anna Toneu<\/p>\n<p><strong>Coordinaci\u00f3 Pedag\u00f2gica: <\/strong>Txeli Segu\u00e9<\/p>\n<p><strong>Secretaria: <\/strong>Marcela de la Rosa<\/p>\n<h4><span style=\"color: #ff6600;\">Consell Directiu<\/span><\/h4>\n<p><strong>Coordinador 1r d\u2019ESO:<\/strong> Olatz Muniozguren<\/p>\n<p><strong>Coordinador 2n d\u2019ESO:<\/strong> Rub\u00e9n M\u00e1s<\/p>\n<p><strong>Coordinador 3r d\u2019ESO: <\/strong>Eva Ros<\/p>\n<p><strong>Coordinador 4t d\u2019ESO:<\/strong> Oriol Ventura<\/p>\n<p><strong>Coordinadora de Conviv\u00e8ncia i Orientaci\u00f3:<\/strong> S\u00edlvia Ferrater<\/p>\n<p><strong>Coordinadora de Projectes Art\u00edstics: <\/strong>Carol Vega<br \/>\n<strong><br \/>\nCoordinadora de Batxillerat:<\/strong> T\u00e0nia Rodr\u00edguez<\/p>\n<p><strong>Coordinadora d&#8217;Innovaci\u00f3 Educativa (Globalitzades):<\/strong> Lourdes Costa<\/p>\n<p><strong>Coordinadora de comunicaci\u00f3:<\/strong> Miriam Peralta<\/p>\n<h4><span style=\"color: #ff6600;\">Departaments did\u00e0ctics<\/span><\/h4>\n<p><strong>Departament de Lleng\u00fces<\/strong>: Elisa Pardo<\/p>\n<p><strong>Departament Art\u00edstiques:<\/strong> Carol Vega<\/p>\n<p><strong>Departament de Matem\u00e0tiques:<\/strong> Rut Garriga<\/p>\n<p><strong>Departament Orientaci\u00f3:<\/strong> S\u00edlvia Ferrater<\/p>\n<p><strong>Departament de Globalitzades<\/strong>: Lourdes Costa<\/p>\n<h4><span style=\"color: #ff6600;\">Projectes singulars de centre<\/span><\/h4>\n<p><strong>Projecte GEP<\/strong>: Edgar Casas<\/p>\n<p><strong>Creadors en Resid\u00e8ncia:<\/strong> Xavier Sisquella<\/p>\n<p><strong>Cinema en curs:<\/strong> Carol Vega<\/p>\n<p><strong>Coordinaci\u00f3 MUFPS:<\/strong> Esther Dom\u00e8nech<\/p>\n<p><strong>COCOBE:<\/strong> S\u00edlvia Ferrater<\/p>\n<p><strong>Coordinaci\u00f3 de Biblioteca:<\/strong> Annie Pugnau<\/p>\n<p><strong>Tutora SIEI:<\/strong> Pilar Sopena<\/p>\n<p><strong>Tutor Aula d&#8217;acollida:<\/strong> Xavier Carrera<\/p>\n<h4><span style=\"color: #ff6600;\">Administraci\u00f3<\/span><\/h4>\n<p><strong>Consergeria:<\/strong> Andreu Mitjans i Ana Maria Iserte<\/p>\n<p><strong>Administraci\u00f3:<\/strong> Ros\u00e0rio Moreno i Emma Mu\u00f1oz<\/p>\n<h4><span style=\"color: #ff6600;\"><strong>Consell Escolar<\/strong><\/span><\/h4>\n<p><strong>PAS\/PAE<\/strong>:\u00a0 Emma Mu\u00f1oz<\/p>\n<p><strong>Professorat:<\/strong> Carme P\u00e9rez Branchadell, Lourdes Costa, Cristina LLuch i Cristina Guijarro.<\/p>\n<p><strong>Fam\u00edlies:<\/strong> Silvia P\u00e9rez Fuentes, Melvin Marcillo Villafuerte.<\/p>\n<p><strong>AFA:<\/strong> Maria Dolors Fern\u00e1ndez Aldrey<\/p>\n<p><strong>Alumnat<\/strong>: Enrique Postigo, Oriol Espejo<\/p>\n<p><strong>Representant de l&#8217;Ajuntament:<\/strong> Gl\u00f2ria Navarro<\/p>\n","protected":false},"excerpt":{"rendered":"<p>Organigrama del Curs 2025-26<br \/>\nEquip directiu<br \/>\nDirector: Salvador Valverde<br \/>\nCap d&#8217;Estudis : Anna Toneu<br \/>\nCoordinaci\u00f3 Pedag\u00f2gica: Txeli Segu\u00e9<br \/>\nSecretaria: Marcela de la Rosa<br \/>\nConsell Directiu<br \/>\nCoordinador 1r d\u2019ESO: Olatz Muniozguren<br \/>\nCoordinador 2n d\u2019ESO: Rub\u00e9n M\u00e1s<br \/>\nCoordinador 3r d\u2019ESO: Eva Ros<br \/>\nCoordinador 4t d\u2019ESO: Oriol Ventura<br \/>\nCoordinadora de Conviv\u00e8ncia i Orientaci\u00f3: S\u00edlvia Ferrater<br \/>\nCoordinadora de Projectes Art\u00edstics: Carol&hellip;  <a href=\"https:\/\/agora.xtec.cat\/iesdrpuigvert\/linstitut\/organigrama\/\" title=\"Read Organigrama 2025-26\">Llegeix m\u00e9s\u00bb<\/a><\/p>\n","protected":false},"author":1,"featured_media":0,"parent":19,"menu_order":50,"comment_status":"closed","ping_status":"closed","template":"page-templates\/side-menu.php","meta":{"_bbp_topic_count":0,"_bbp_reply_count":0,"_bbp_total_topic_count":0,"_bbp_total_reply_count":0,"_bbp_voice_count":0,"_bbp_anonymous_reply_count":0,"_bbp_topic_count_hidden":0,"_bbp_reply_count_hidden":0,"_bbp_forum_subforum_count":0,"footnotes":""},"class_list":["post-46","page","type-page","status-publish","hentry"],"post_mailing_queue_ids":[],"_links":{"self":[{"href":"https:\/\/agora.xtec.cat\/iesdrpuigvert\/wp-json\/wp\/v2\/pages\/46","targetHints":{"allow":["GET"]}}],"collection":[{"href":"https:\/\/agora.xtec.cat\/iesdrpuigvert\/wp-json\/wp\/v2\/pages"}],"about":[{"href":"https:\/\/agora.xtec.cat\/iesdrpuigvert\/wp-json\/wp\/v2\/types\/page"}],"author":[{"embeddable":true,"href":"https:\/\/agora.xtec.cat\/iesdrpuigvert\/wp-json\/wp\/v2\/users\/1"}],"replies":[{"embeddable":true,"href":"https:\/\/agora.xtec.cat\/iesdrpuigvert\/wp-json\/wp\/v2\/comments?post=46"}],"version-history":[{"count":6,"href":"https:\/\/agora.xtec.cat\/iesdrpuigvert\/wp-json\/wp\/v2\/pages\/46\/revisions"}],"predecessor-version":[{"id":6863,"href":"https:\/\/agora.xtec.cat\/iesdrpuigvert\/wp-json\/wp\/v2\/pages\/46\/revisions\/6863"}],"up":[{"embeddable":true,"href":"https:\/\/agora.xtec.cat\/iesdrpuigvert\/wp-json\/wp\/v2\/pages\/19"}],"wp:attachment":[{"href":"https:\/\/agora.xtec.cat\/iesdrpuigvert\/wp-json\/wp\/v2\/media?parent=46"}],"curies":[{"name":"wp","href":"https:\/\/api.w.org\/{rel}","templated":true}]}}