{"id":43,"date":"2023-11-26T14:45:07","date_gmt":"2023-11-26T13:45:07","guid":{"rendered":"http:\/\/agora.xtec.cat\/iesdrpuigvert\/?page_id=43"},"modified":"2023-11-30T10:57:12","modified_gmt":"2023-11-30T09:57:12","slug":"consell-escolar","status":"publish","type":"page","link":"https:\/\/agora.xtec.cat\/iesdrpuigvert\/linstitut\/consell-escolar\/","title":{"rendered":"Recursos educatius"},"content":{"rendered":"<ul>\n<li>Pla d\u2019Acci\u00f3 Tutorial<\/li>\n<li>Coordinaci\u00f3 d\u2019ESO i BATXILLERAT<\/li>\n<li>Pla de Conviv\u00e8ncia<\/li>\n<li>Equip psicopedag\u00f2gic d\u2019atenci\u00f3 a la diversitat (CAEI setmanal) i coordinaci\u00f3 amb Serveis Socials i EAIA<\/li>\n<li>Equips de Treball Globalitzat de 1r a 3r d\u2019ESO<\/li>\n<li>Itineraris especialitzats a 4t d\u2019ESO (Cient\u00edfic, Tecnol\u00f2gic, Human\u00edstic i social, Esportiu i Professionalitzador)<\/li>\n<li><a href=\"https:\/\/sites.google.com\/view\/mscatalannie\/inici\">Aula d\u2019Acollida<\/a><\/li>\n<li>Comissi\u00f3 biblioteca (alumnes).<a href=\"https:\/\/sites.google.com\/insdrpuigvert.org\/biblioteca?usp=sharing\"> Visita el nostre web de la biblioteca.<\/a><\/li>\n<li>Vetllador\/a<\/li>\n<li>SIEI<\/li>\n<li>Comissi\u00f3 de coordinaci\u00f3 amb els Centres d\u2019 Educaci\u00f3 Infantil i Prim\u00e0ria (CEIP) de Sant Andreu<\/li>\n<li>Comissi\u00f3 de coordinaci\u00f3 amb els Serveis Socials de la zona<\/li>\n<li>Classes pr\u00e0ctiques a les aules espec\u00edfiques (4 laboratoris, 3 tallers tecnol\u00f2gics, 2 Espais de creaci\u00f3, Gimn\u00e0s, teatre i Sala de Dansa i M\u00fasica)<\/li>\n<li>Programa de professorat del M\u00e0ster d&#8217;Educaci\u00f3 en pr\u00e0ctiques (Curs 2023-24 &#8211; tenim 30 alumnes en pr\u00e0ctiques de diferents universitats)<\/li>\n<li>Alumnat que treballen al centre dins de la formaci\u00f3 dual de Graus d&#8217;Inform\u00e0tica i T\u00e8cnics d&#8217;Intervenci\u00f3 Social.<\/li>\n<li>Vinculaci\u00f3 amb el <a href=\"https:\/\/www.sat-teatre.cat\/\">Teatre SAT de Sant Andreu.<\/a><\/li>\n<\/ul>\n","protected":false},"excerpt":{"rendered":"<ul>\n<li>Pla d\u2019Acci\u00f3 Tutorial<\/li>\n<li>Coordinaci\u00f3 d\u2019ESO i BATXILLERAT<\/li>\n<li>Pla de Conviv\u00e8ncia<\/li>\n<li>Equip psicopedag\u00f2gic d\u2019atenci\u00f3 a la diversitat (CAEI setmanal) i coordinaci\u00f3 amb Serveis Socials i EAIA<\/li>\n<li>Equips de Treball Globalitzat de 1r a 3r d\u2019ESO<\/li>\n<li>Itineraris especialitzats a 4t d\u2019ESO (Cient\u00edfic, Tecnol\u00f2gic, Human\u00edstic i social, Esportiu i Professionalitzador)<\/li>\n<li><a href=\"https:\/\/sites.google.com\/view\/mscatalannie\/inici\">Aula d\u2019Acollida<\/a><\/li>\n<li>Comissi\u00f3 biblioteca&hellip;  <a href=\"https:\/\/agora.xtec.cat\/iesdrpuigvert\/linstitut\/consell-escolar\/\" title=\"Read Recursos educatius\">Llegeix m\u00e9s\u00bb<\/a><br \/>\n","protected":false},"author":1,"featured_media":0,"parent":19,"menu_order":40,"comment_status":"closed","ping_status":"closed","template":"page-templates\/side-menu.php","meta":{"_bbp_topic_count":0,"_bbp_reply_count":0,"_bbp_total_topic_count":0,"_bbp_total_reply_count":0,"_bbp_voice_count":0,"_bbp_anonymous_reply_count":0,"_bbp_topic_count_hidden":0,"_bbp_reply_count_hidden":0,"_bbp_forum_subforum_count":0,"footnotes":""},"class_list":["post-43","page","type-page","status-publish","hentry"],"post_mailing_queue_ids":[],"_links":{"self":[{"href":"https:\/\/agora.xtec.cat\/iesdrpuigvert\/wp-json\/wp\/v2\/pages\/43","targetHints":{"allow":["GET"]}}],"collection":[{"href":"https:\/\/agora.xtec.cat\/iesdrpuigvert\/wp-json\/wp\/v2\/pages"}],"about":[{"href":"https:\/\/agora.xtec.cat\/iesdrpuigvert\/wp-json\/wp\/v2\/types\/page"}],"author":[{"embeddable":true,"href":"https:\/\/agora.xtec.cat\/iesdrpuigvert\/wp-json\/wp\/v2\/users\/1"}],"replies":[{"embeddable":true,"href":"https:\/\/agora.xtec.cat\/iesdrpuigvert\/wp-json\/wp\/v2\/comments?post=43"}],"version-history":[{"count":6,"href":"https:\/\/agora.xtec.cat\/iesdrpuigvert\/wp-json\/wp\/v2\/pages\/43\/revisions"}],"predecessor-version":[{"id":4564,"href":"https:\/\/agora.xtec.cat\/iesdrpuigvert\/wp-json\/wp\/v2\/pages\/43\/revisions\/4564"}],"up":[{"embeddable":true,"href":"https:\/\/agora.xtec.cat\/iesdrpuigvert\/wp-json\/wp\/v2\/pages\/19"}],"wp:attachment":[{"href":"https:\/\/agora.xtec.cat\/iesdrpuigvert\/wp-json\/wp\/v2\/media?parent=43"}],"curies":[{"name":"wp","href":"https:\/\/api.w.org\/{rel}","templated":true}]}}