{"id":39,"date":"2022-06-18T08:36:44","date_gmt":"2022-06-18T06:36:44","guid":{"rendered":"http:\/\/agora.xtec.cat\/iesdrpuigvert\/?page_id=39"},"modified":"2023-06-18T10:36:20","modified_gmt":"2023-06-18T08:36:20","slug":"instal%c2%b7lacions","status":"publish","type":"page","link":"https:\/\/agora.xtec.cat\/iesdrpuigvert\/linstitut\/instal%c2%b7lacions\/","title":{"rendered":"Instal\u00b7lacions"},"content":{"rendered":"<p>Les nostres instal\u00b7lacions reuneixen les condicions \u00f2ptimes i adequades per al desenvolupament de les activitats del centre.<\/p>\n<p>L\u2019edifici de l\u2019INS Dr Puigvert disposa d\u2019un conjunt de depend\u00e8ncies que se situen en les diverses plantes que l\u2019estructuren. De planta baixa i tres nivells superiors, perceptibles des de l\u2019exterior, compta tamb\u00e9 amb un soterrani i un gran pati interior.<\/p>\n<table style=\"border-color: #ffffff;\">\n<tbody>\n<tr>\n<td style=\"width: 466px; border-style: none;\"><span style=\"color: #ff6600;\"><strong>Disposem dels seg\u00fcents espais:<\/strong><\/span><\/p>\n<ul>\n<li>Biblioteca<\/li>\n<li>Laboratori de Ci\u00e8ncies Naturals<\/li>\n<li>Laboratori de F\u00edsica i Laboratori de Matem\u00e0tiques<\/li>\n<li>Laboratori de Qu\u00edmica<\/li>\n<li>Laboratori de Biologia i Geologia<\/li>\n<li>Tres Tallers de Tecnologia<\/li>\n<li>Aula de M\u00fasica<\/li>\n<li>Aula de Dansa<\/li>\n<li>Aula Maker (NOU)<\/li>\n<li>Dos Tallers de Creaci\u00f3<\/li>\n<li>Gimn\u00e0s<\/li>\n<li>Pistes poliesportives<\/li>\n<li>Pati amb espais enjardinats<\/li>\n<li>Sala d\u2019 Actes\/Teatre<\/li>\n<li><a href=\"http:\/\/www.insdrpuigvert.org\/wp-content\/uploads\/cantina.pdf\" target=\"_blank\" rel=\"noopener noreferrer\">Cantina<\/a><\/li>\n<li>Menjador amb cuina pr\u00f2pia<\/li>\n<li>Espai de relax creat per l&#8217;alumnat<\/li>\n<\/ul>\n<p><span style=\"color: #ff6600;\"><strong>La distribuci\u00f3 dels espais i equipaments \u00e9s la seg\u00fcent:<\/strong><\/span><\/p>\n<p><strong><span style=\"color: #000000;\">PLANTA BAIXA<\/span><\/strong><\/p>\n<ul>\n<li>Sala del Professorat<\/li>\n<li>5 Departaments<\/li>\n<li>Biblioteca<\/li>\n<li>Sala de visites<\/li>\n<li>Consergeria<\/li>\n<li>Secretaria<\/li>\n<li>Despatx de Direcci\u00f3<\/li>\n<li>Despatx de Cap Estudis<\/li>\n<li>Despatx de Coordinaci\u00f3 Pedag\u00f2gica i Batxillerat<\/li>\n<li>2 lavabos<\/li>\n<li>Magatzem Neteja<\/li>\n<\/ul>\n<p><span style=\"color: #000080;\"><strong>PLANTA PRIMERA<\/strong><\/span><\/p>\n<ul>\n<li>Aula SIEI<\/li>\n<li>Taller de Creaci\u00f3 1<\/li>\n<li>1 Aula d&#8217;Inform\u00e0tica<\/li>\n<li>10 aules<\/li>\n<li>2 lavabos alumnat<\/li>\n<li>2 lavabos professorat<\/li>\n<\/ul>\n<p><span style=\"color: #008000;\"><strong>PLANTA SEGONA<\/strong><\/span><\/p>\n<ul>\n<li>2 Tallers de Tecnologia<\/li>\n<li>Cau de projectes<\/li>\n<li>9 aules<\/li>\n<li>2 lavabos alumnat<\/li>\n<li>2 lavabos professorat<\/li>\n<\/ul>\n<p><span style=\"color: #808000;\"><strong>PLANTA TERCERA<\/strong><\/span><\/p>\n<ul>\n<li>Lab F\u00edsica i Matem\u00e0tiques<\/li>\n<li>Lab Qu\u00edmica<\/li>\n<li>2 Lab Ci\u00e8ncies<\/li>\n<li>3r Taller Polivalent<\/li>\n<li>Taller de Creaci\u00f3 2<\/li>\n<li>Aula d&#8217;Acollida<\/li>\n<li>8 aules<\/li>\n<li>2 lavabos alumnat<\/li>\n<li>2 lavabos professorat<\/li>\n<\/ul>\n<p><span style=\"color: #1f6070;\"><strong>PLANTA SOTERRANI<\/strong><\/span><\/p>\n<ul>\n<li>Pati<\/li>\n<li>Gimn\u00e0s<\/li>\n<li>Vestidors<\/li>\n<li>Aula polivalent<\/li>\n<li>Aula de Dansa<\/li>\n<li>Sala d\u2019Actes\/Teatre<\/li>\n<li>Aula de M\u00fasica<\/li>\n<li>Cuina<\/li>\n<li>Menjador alumnat<\/li>\n<li>Menjador professorat<\/li>\n<li>AMPA\/Associaci\u00f3 Alumnes<\/li>\n<li>2 lavabos alumnat<\/li>\n<\/ul>\n<\/td>\n<td style=\"width: 558px; border-style: none; vertical-align: top;\"><a href=\"https:\/\/agora.xtec.cat\/iesdrpuigvert\/wp-content\/uploads\/usu1888\/2020\/01\/portada-imatge-institut.jpg\"><img loading=\"lazy\" decoding=\"async\" class=\"wp-image-779 alignright\" src=\"https:\/\/agora.xtec.cat\/iesdrpuigvert\/wp-content\/uploads\/usu1888\/2020\/01\/portada-imatge-institut-1024x650.jpg\" alt=\"\" width=\"567\" height=\"359\" srcset=\"https:\/\/agora.xtec.cat\/iesdrpuigvert\/wp-content\/uploads\/usu1888\/2020\/01\/portada-imatge-institut-1024x650.jpg 1024w, https:\/\/agora.xtec.cat\/iesdrpuigvert\/wp-content\/uploads\/usu1888\/2020\/01\/portada-imatge-institut-300x191.jpg 300w, https:\/\/agora.xtec.cat\/iesdrpuigvert\/wp-content\/uploads\/usu1888\/2020\/01\/portada-imatge-institut-768x488.jpg 768w\" sizes=\"auto, (max-width: 567px) 100vw, 567px\" \/><\/a><\/p>\n<p>&nbsp;<\/p>\n<p>&nbsp;<\/p>\n<p>&nbsp;<\/p>\n<p>&nbsp;<\/p>\n<p>&nbsp;<\/p>\n<p>&nbsp;<\/p>\n<p>&nbsp;<\/p>\n<p>&nbsp;<\/p>\n<p>&nbsp;<\/p>\n<p>&nbsp;<\/p>\n<p>&nbsp;<\/p>\n<p>&nbsp;<\/td>\n<\/tr>\n<\/tbody>\n<\/table>\n<p>Per poder -se despla\u00e7ar entre els diversos pisos i fer possible el trasllat de persones amb disminuci\u00f3, comptem amb un ascensor que \u00e9s nom\u00e9s d\u2019\u00fas del professorat i alumnes autoritzats.<\/p>\n","protected":false},"excerpt":{"rendered":"<p>Les nostres instal\u00b7lacions reuneixen les condicions \u00f2ptimes i adequades per al desenvolupament de les activitats del centre.<br \/>\nL\u2019edifici de l\u2019INS Dr Puigvert disposa d\u2019un conjunt de depend\u00e8ncies que se situen en les diverses plantes que l\u2019estructuren. De planta baixa i tres nivells superiors, perceptibles des de&hellip;  <a href=\"https:\/\/agora.xtec.cat\/iesdrpuigvert\/linstitut\/instal%c2%b7lacions\/\" title=\"Read Instal\u00b7lacions\">Llegeix m\u00e9s\u00bb<\/a><\/p>\n","protected":false},"author":1,"featured_media":0,"parent":19,"menu_order":30,"comment_status":"closed","ping_status":"closed","template":"page-templates\/side-menu.php","meta":{"_bbp_topic_count":0,"_bbp_reply_count":0,"_bbp_total_topic_count":0,"_bbp_total_reply_count":0,"_bbp_voice_count":0,"_bbp_anonymous_reply_count":0,"_bbp_topic_count_hidden":0,"_bbp_reply_count_hidden":0,"_bbp_forum_subforum_count":0,"footnotes":""},"class_list":["post-39","page","type-page","status-publish","hentry"],"post_mailing_queue_ids":[],"_links":{"self":[{"href":"https:\/\/agora.xtec.cat\/iesdrpuigvert\/wp-json\/wp\/v2\/pages\/39","targetHints":{"allow":["GET"]}}],"collection":[{"href":"https:\/\/agora.xtec.cat\/iesdrpuigvert\/wp-json\/wp\/v2\/pages"}],"about":[{"href":"https:\/\/agora.xtec.cat\/iesdrpuigvert\/wp-json\/wp\/v2\/types\/page"}],"author":[{"embeddable":true,"href":"https:\/\/agora.xtec.cat\/iesdrpuigvert\/wp-json\/wp\/v2\/users\/1"}],"replies":[{"embeddable":true,"href":"https:\/\/agora.xtec.cat\/iesdrpuigvert\/wp-json\/wp\/v2\/comments?post=39"}],"version-history":[{"count":4,"href":"https:\/\/agora.xtec.cat\/iesdrpuigvert\/wp-json\/wp\/v2\/pages\/39\/revisions"}],"predecessor-version":[{"id":4318,"href":"https:\/\/agora.xtec.cat\/iesdrpuigvert\/wp-json\/wp\/v2\/pages\/39\/revisions\/4318"}],"up":[{"embeddable":true,"href":"https:\/\/agora.xtec.cat\/iesdrpuigvert\/wp-json\/wp\/v2\/pages\/19"}],"wp:attachment":[{"href":"https:\/\/agora.xtec.cat\/iesdrpuigvert\/wp-json\/wp\/v2\/media?parent=39"}],"curies":[{"name":"wp","href":"https:\/\/api.w.org\/{rel}","templated":true}]}}