{"id":3041,"date":"2023-06-12T10:15:39","date_gmt":"2023-06-12T08:15:39","guid":{"rendered":"https:\/\/agora.xtec.cat\/iesdrpuigvert\/?page_id=3041"},"modified":"2023-06-21T11:09:23","modified_gmt":"2023-06-21T09:09:23","slug":"preinscripcio-eso-curs-2022-23","status":"publish","type":"page","link":"https:\/\/agora.xtec.cat\/iesdrpuigvert\/secretaria\/preinscripcio-eso-curs-2022-23\/","title":{"rendered":"Preinscripci\u00f3 ESO Curs 2023-24"},"content":{"rendered":"<p>A la p\u00e0gina web del Departament trobareu tota la informaci\u00f3 i com fer la preinscripci\u00f3 telem\u00e0tica PAS a PAS: <a href=\"https:\/\/preinscripcio.gencat.cat\/ca\/inici\/\" target=\"_blank\" rel=\"noopener\">https:\/\/preinscripcio.gencat.cat\/ca\/inici\/<\/a><\/p>\n<div>Tanmateix, podeu consultar \u00a0l&#8217; edici\u00f3 especial de la preinscripci\u00f3 escolar del <a href=\"https:\/\/educacio.gencat.cat\/ca\/departament\/publicacions\/butlletins\/infoescola\/butlleti-38\/index.html\">Butllet\u00ed Infoescola<\/a>, que inclou les novetats per al curs 2023-2024 i tot all\u00f2 que les fam\u00edlies cal que tingueu en compte: tria de centre, sistema de puntuacions, com emplenar la sol\u00b7licitud, etc. Us podeu subscriure al butllet\u00ed mitjan\u00e7ant aquest <a href=\"http:\/\/butlletins.gencat.cat\/pres_push\/AppJava\/preRegisterAlta.do?butlleti=36555719&amp;nextActiontodo=loginAlta&amp;chlang=ca_ES\" target=\"_blank\" rel=\"noopener\" data-saferedirecturl=\"https:\/\/www.google.com\/url?q=http:\/\/butlletins.gencat.cat\/pres_push\/AppJava\/preRegisterAlta.do?butlleti%3D36555719%26nextActiontodo%3DloginAlta%26chlang%3Dca_ES&amp;source=gmail&amp;ust=1646212565100000&amp;usg=AOvVaw2JFpVNEFvSnGEYpiHOswkQ\">enlla\u00e7<\/a>.<\/div>\n<div><\/div>\n<div>Per a qualsevol dubte podeu adre\u00e7ar-vos a <a href=\"https:\/\/www.edubcn.cat\/ca\/alumnat_i_familia\/informacio_general_matriculacio\/informat\">l&#8217;oficina d&#8217;escolaritzaci\u00f3 de Sant Andreu<\/a> al carrer del Montsec, 20-22.<\/div>\n<div><\/div>\n<div>\n<h5><\/h5>\n<h5>Vacants pel curs escolar ESO 2023-24 (oferta 09 de juny de 2023)<\/h5>\n<h5><\/h5>\n<h5><img loading=\"lazy\" decoding=\"async\" class=\"aligncenter size-full wp-image-4207\" src=\"https:\/\/agora.xtec.cat\/iesdrpuigvert\/wp-content\/uploads\/usu1888\/2023\/06\/definitva.png\" alt=\"\" width=\"694\" height=\"309\" srcset=\"https:\/\/agora.xtec.cat\/iesdrpuigvert\/wp-content\/uploads\/usu1888\/2023\/06\/definitva.png 694w, https:\/\/agora.xtec.cat\/iesdrpuigvert\/wp-content\/uploads\/usu1888\/2023\/06\/definitva-300x134.png 300w\" sizes=\"auto, (max-width: 694px) 100vw, 694px\" \/><\/h5>\n<h5><span style=\"color: #ff6600;\">Dates clau de la preinscripci\u00f3<\/span><\/h5>\n<\/div>\n<ul>\n<li><span style=\"color: #008000;\"><strong>3 de Mar\u00e7 publicaci\u00f3 de la Oferta Inicial<\/strong><\/span><\/li>\n<li><strong><span style=\"color: #008000;\">Del 8 al 20 de mar\u00e7 de 2023 (a partir de les 9 hores): presentaci\u00f3 de sol\u00b7licituds\u00a0 i fins al 22 de mar\u00e7 de 2023: presentaci\u00f3 de documentaci\u00f3 \u2714<br \/>\n<\/span><\/strong><\/li>\n<li><strong><span style=\"color: #008000;\">21 d&#8217;abril de 2023: llista de sol\u00b7licituds amb puntuaci\u00f3 provisional : <\/span><span style=\"color: #0000ff;\"><a style=\"color: #0000ff;\" href=\"https:\/\/drive.google.com\/file\/d\/1KWAt8YO3Z4bTO4A14j_jlFEzKRiTmiqC\/view?usp=sharing\">Acc\u00e9s al llistat<\/a> <\/span><span style=\"color: #008000;\">\u2714<br \/>\n<\/span><\/strong><\/li>\n<li><span style=\"color: #008000;\"><strong>Del 21 al 27 d&#8217;abril de 2023: presentaci\u00f3 de reclamacions \u2714<br \/>\n<\/strong><\/span><\/li>\n<li><strong><span style=\"color: #008000;\">3 de maig de 2023: llista de sol\u00b7licituds amb la puntuaci\u00f3 un cop resoltes les reclamacions. \u2714<br \/>\n<\/span><\/strong><\/li>\n<li><strong><span style=\"color: #008000;\">9 de maig de 2023: sorteig per resoldre les sol\u00b7licituds de preinscripci\u00f3 empatades en punts (<\/span><span style=\"color: #ff6600;\">66.646,<\/span><span style=\"color: #008000;\"> el n\u00fam. de desempat per a la preinscripci\u00f3 escolar per al curs 2023-2024) \u2714<\/span><\/strong><\/li>\n<li><strong><span style=\"color: #008000;\">11 de maig de 2023: llista ordenada:<a href=\"https:\/\/drive.google.com\/file\/d\/1dNAmVz_4dQkiVDlWdZwPG-bySQu_kc6C\/view?usp=sharing\"> Acc\u00e9s al llistat<\/a> \u2714<br \/>\n<\/span><\/strong><\/li>\n<li><span style=\"color: #008000;\"><strong>Del 29 de maig a l&#8217;1 de juny de 2023: ampliaci\u00f3 de peticions de preinscripci\u00f3 per a alumnes sense pla\u00e7a assignada a cap centre \u2714<br \/>\n<\/strong><\/span><\/li>\n<li><strong><span style=\"color: #008000;\">9 de juny de 2023: oferta final de places escolars \u2714<br \/>\n<\/span><\/strong><\/li>\n<li><strong><span style=\"color: #008000;\">12 de juny de 2023: llista d&#8217;alumnes admesos i llista d&#8217;espera<span style=\"color: #3366ff;\"><a href=\"https:\/\/drive.google.com\/file\/d\/1Mv_ys-fOmaYFZnZ1FQmo0LPF2oGxhySi\/view?usp=sharing\"> Acc\u00e9s al llistat d&#8217;admesos <\/a>i <a href=\"https:\/\/drive.google.com\/file\/d\/1PRDv-jjU6q4EhmPpSEMxQfLDYXJNlaBG\/view?usp=sharing\">Acc\u00e9s a la llista d&#8217;espera,<\/a> <a href=\"https:\/\/drive.google.com\/drive\/folders\/1kHMw4S5aD5wtMF-Yrtt29myJ7IOQ4sjl\">Alumnes preinscrits al centre<\/a><\/span>\u2714<br \/>\n<\/span><\/strong><\/li>\n<\/ul>\n<h5>Formalitzeu la matriculaci\u00f3<\/h5>\n<ul>\n<li><strong><a href=\"https:\/\/agora.xtec.cat\/iesdrpuigvert\/general\/matricula-eso-23-24\/\">Del 20 al 28 de juny de 2023: matriculaci\u00f3<\/a><\/strong><\/li>\n<\/ul>\n<p>&nbsp;<\/p>\n","protected":false},"excerpt":{"rendered":"<p>A la p\u00e0gina web del Departament trobareu tota la informaci\u00f3 i com fer la preinscripci\u00f3 telem\u00e0tica PAS a PAS: <a href=\"https:\/\/preinscripcio.gencat.cat\/ca\/inici\/\" target=\"_blank\" rel=\"noopener\">https:\/\/preinscripcio.gencat.cat\/ca\/inici\/<\/a><br \/>\nTanmateix, podeu consultar \u00a0l&#8217; edici\u00f3 especial de la preinscripci\u00f3 escolar del <a href=\"https:\/\/educacio.gencat.cat\/ca\/departament\/publicacions\/butlletins\/infoescola\/butlleti-38\/index.html\">Butllet\u00ed Infoescola<\/a>, que inclou les novetats per al curs 2023-2024 i&hellip;  <a href=\"https:\/\/agora.xtec.cat\/iesdrpuigvert\/secretaria\/preinscripcio-eso-curs-2022-23\/\" title=\"Read Preinscripci\u00f3 ESO Curs 2023-24\">Llegeix m\u00e9s\u00bb<\/a><\/p>\n","protected":false},"author":1,"featured_media":0,"parent":81,"menu_order":0,"comment_status":"closed","ping_status":"closed","template":"","meta":{"_bbp_topic_count":0,"_bbp_reply_count":0,"_bbp_total_topic_count":0,"_bbp_total_reply_count":0,"_bbp_voice_count":0,"_bbp_anonymous_reply_count":0,"_bbp_topic_count_hidden":0,"_bbp_reply_count_hidden":0,"_bbp_forum_subforum_count":0,"footnotes":""},"class_list":["post-3041","page","type-page","status-publish","hentry"],"post_mailing_queue_ids":[],"_links":{"self":[{"href":"https:\/\/agora.xtec.cat\/iesdrpuigvert\/wp-json\/wp\/v2\/pages\/3041","targetHints":{"allow":["GET"]}}],"collection":[{"href":"https:\/\/agora.xtec.cat\/iesdrpuigvert\/wp-json\/wp\/v2\/pages"}],"about":[{"href":"https:\/\/agora.xtec.cat\/iesdrpuigvert\/wp-json\/wp\/v2\/types\/page"}],"author":[{"embeddable":true,"href":"https:\/\/agora.xtec.cat\/iesdrpuigvert\/wp-json\/wp\/v2\/users\/1"}],"replies":[{"embeddable":true,"href":"https:\/\/agora.xtec.cat\/iesdrpuigvert\/wp-json\/wp\/v2\/comments?post=3041"}],"version-history":[{"count":4,"href":"https:\/\/agora.xtec.cat\/iesdrpuigvert\/wp-json\/wp\/v2\/pages\/3041\/revisions"}],"predecessor-version":[{"id":3217,"href":"https:\/\/agora.xtec.cat\/iesdrpuigvert\/wp-json\/wp\/v2\/pages\/3041\/revisions\/3217"}],"up":[{"embeddable":true,"href":"https:\/\/agora.xtec.cat\/iesdrpuigvert\/wp-json\/wp\/v2\/pages\/81"}],"wp:attachment":[{"href":"https:\/\/agora.xtec.cat\/iesdrpuigvert\/wp-json\/wp\/v2\/media?parent=3041"}],"curies":[{"name":"wp","href":"https:\/\/api.w.org\/{rel}","templated":true}]}}