{"id":2983,"date":"2023-01-25T15:39:52","date_gmt":"2023-01-25T14:39:52","guid":{"rendered":"https:\/\/agora.xtec.cat\/iesdrpuigvert\/?page_id=2983"},"modified":"2026-01-20T19:31:41","modified_gmt":"2026-01-20T18:31:41","slug":"prova-obtencio-titol-graduat-eso","status":"publish","type":"page","link":"https:\/\/agora.xtec.cat\/iesdrpuigvert\/prova-obtencio-titol-graduat-eso\/","title":{"rendered":"Prova obtenci\u00f3 t\u00edtol graduat ESO (2026)"},"content":{"rendered":"<p>Cada any es convoca la prova per a l&#8217;obtenci\u00f3 del t\u00edtol de graduat o graduada en educaci\u00f3 secund\u00e0ria obligat\u00f2ria (GESO), per als alumnes que no l&#8217;hagin obtingut en finalitzar l&#8217;etapa. Per poder-s\u2019hi presentar l\u2019alumne o alumna ha d\u2019haver finalitzat l\u2019etapa durant un dels dos cursos anteriors al qual es presenti a la prova i es podr\u00e0 presentar al centre on es troba en cust\u00f2dia el seu expedient.<\/p>\n<p>Per poder participar en aquesta prova, les persones interessades han de complir simult\u00e0niament els dos requisits seg\u00fcents:<\/p>\n<ol>\n<li>Tenir divuit anys o complir-los dins l&#8217;any natural de realitzaci\u00f3 de la prova. Excepcionalment s\u2019hi poden presentar alumnes que tinguin 17 anys, o 16 anys en el moment de realitzaci\u00f3 de la prova per\u00f2 que compleixin els 17 durant l\u2019any natural de la seva realitzaci\u00f3, sempre que reuneixin alguna de les condicions seg\u00fcents:\n<ul>\n<li>Que tingui un contracte laboral que li impedeixi assistir al centre educatiu en r\u00e8gim ordinari.<\/li>\n<li>Que es trobi en proc\u00e9s d&#8217;obtenci\u00f3 d&#8217;un perm\u00eds de treball.<\/li>\n<li>Que sigui esportista d&#8217;alt rendiment. En aquest cas caldr\u00e0 presentar una certificaci\u00f3 del Consell Catal\u00e0 de l&#8217;Esport que acrediti que aquests esportistes figuren en el programa de tecnificaci\u00f3 (ARC) de la federaci\u00f3 catalana corresponent.<\/li>\n<li>Que tingui un expedient d&#8217;homologaci\u00f3 obert d&#8217;estudis estrangers al t\u00edtol de GESO.<\/li>\n<\/ul>\n<\/li>\n<li>Haver finalitzat l&#8217;educaci\u00f3 secund\u00e0ria obligat\u00f2ria durant un dels dos cursos anteriors al qual es presenti a la prova sense haver obtingut el t\u00edtol o haver finalitzat l&#8217;equivalent del quart curs de l&#8217;educaci\u00f3 secund\u00e0ria obligat\u00f2ria en un sistema educatiu estranger amb mat\u00e8ries amb avaluaci\u00f3 negativa en cursos anteriors.<\/li>\n<\/ol>\n<p>De manera excepcional, tamb\u00e9 s&#8217;hi poden acollir alumnes amb informe de reconeixement de necessitats educatives especials, em\u00e8s per l&#8217;equip d&#8217;assessorament psicopedag\u00f2gic (EAP), per als quals es va elaborar un pla de suport individualitzat durant el per\u00edode compr\u00e8s entre els cursos 2017-2018 i 2022-2023.<\/p>\n<p>Tal com indiquen les instruccions els alumnes han de presentar la sol\u00b7licitud per accedir a la prova (<a title=\"Descarrega word\" href=\"https:\/\/documents.espai.educacio.gencat.cat\/FormularisModels\/CentresGestioAcademica\/A665.pdf\" target=\"_blank\" rel=\"noopener\"><img decoding=\"async\" class=\"ms-asset-icon ms-rtePosition-4\" src=\"https:\/\/espai.educacio.gencat.cat\/_layouts\/images\/icpdf.png\" alt=\"\" \/>Impr\u00e8s de sol\u00b7licitud<\/a>) a les dates establertes.<\/p>\n<p><strong>Calendari 2026<\/strong><\/p>\n<table class=\"ms-rteTable-5\" width=\"100%\" cellspacing=\"1\" cellpadding=\"3\">\n<tbody>\n<tr class=\"ms-rteTableHeaderRow-5\">\n<th class=\"ms-rteTableHeaderEvenCol-5\"><span class=\"ms-rteThemeForeColor-1-0\"><strong>\u200bTasque\u200bs<\/strong><br \/>\n<\/span><\/th>\n<th class=\"ms-rteTableHeaderOddCol-5\"><span class=\"ms-rteThemeForeColor-1-0\"><strong>\u200bCalendari 2025<\/strong><\/span><\/th>\n<\/tr>\n<tr class=\"ms-rteTableEvenRow-5\">\n<td class=\"ms-rteTableEvenCol-5\">Termini de presentaci\u00f3 de sol\u00b7licituds d&#8217;inscripci\u00f3<\/td>\n<td class=\"ms-rteTableOddCol-5\">Del 2\u00a0fins al 13\u00a0de febrer\u200b de 2026<\/td>\n<\/tr>\n<tr class=\"ms-rteTableOddRow-5\">\n<td class=\"ms-rteTableEvenCol-5\">Publicaci\u00f3 del calendari de realitzaci\u00f3 de la prova i de la relaci\u00f3 d&#8217;admesos, amb les mat\u00e8ries objecte de la prova, i d\u2019exclosos<\/td>\n<td class=\"ms-rteTableOddCol-5\">Fins al 2\u00a0de mar\u00e7 de 2026<\/td>\n<\/tr>\n<tr class=\"ms-rteTableEvenRow-5\">\n<td class=\"ms-rteTableEvenCol-5\">Termini de presentaci\u00f3 de reclamacions a la relaci\u00f3 d\u2019admesos i exclosos.<\/td>\n<td class=\"ms-rteTableOddCol-5\">Del 3\u00a0al 5 de mar\u00e7\u00a0de 2026<\/td>\n<\/tr>\n<tr class=\"ms-rteTableOddRow-5\">\n<td class=\"ms-rteTableEvenCol-5\">\u200b\u200bRealitzaci\u00f3 de la prova\u200b\u200b\u200b\u200b\u200b<\/td>\n<td class=\"ms-rteTableOddCol-5\">\u200bD\u200b\u200b\u200b\u200burant el mes de\u00a0mar\u00e7<\/td>\n<\/tr>\n<tr class=\"ms-rteTableEvenRow-5\">\n<td class=\"ms-rteTableEvenCol-5\">\u200bRelaci\u00f3 d\u2019alumnes presentats i de les qualificaci\u200bons obtingudes<\/td>\n<td class=\"ms-rteTableOddCol-5\">\u200bDeu dies lectius seg\u00fcents a la realitzaci\u00f3 de la prova<\/td>\n<\/tr>\n<tr class=\"ms-rteTableOddRow-5\">\n<td class=\"ms-rteTableEvenCol-5\">\u200bTermini de presentaci\u00f3 de reclamacions a les qualificacions obtingudes<\/td>\n<td class=\"ms-rteTableOddCol-5\">\u200bDurant els tres dies h\u00e0bils seg\u00fcents a la data d\u2019informaci\u00f3 dels resultats obtinguts<\/td>\n<\/tr>\n<\/tbody>\n<\/table>\n<ul>\n<li>Consulteu els <a href=\"https:\/\/agora.xtec.cat\/iesdrpuigvert\/wp-content\/uploads\/usu1888\/2025\/02\/GESO-CONTINGUTS.pdf\" target=\"_blank\" rel=\"noopener\">Continguts de les mat\u00e8ries de les proves<\/a>.<\/li>\n<\/ul>\n","protected":false},"excerpt":{"rendered":"<p>Cada any es convoca la prova per a l&#8217;obtenci\u00f3 del t\u00edtol de graduat o graduada en educaci\u00f3 secund\u00e0ria obligat\u00f2ria (GESO), per als alumnes que no l&#8217;hagin obtingut en finalitzar l&#8217;etapa. Per poder-s\u2019hi presentar l\u2019alumne o alumna ha d\u2019haver finalitzat l\u2019etapa durant un dels dos cursos&hellip;  <a href=\"https:\/\/agora.xtec.cat\/iesdrpuigvert\/prova-obtencio-titol-graduat-eso\/\" title=\"Read Prova obtenci\u00f3 t\u00edtol graduat ESO (2026)\">Llegeix m\u00e9s\u00bb<\/a><\/p>\n","protected":false},"author":1,"featured_media":0,"parent":0,"menu_order":0,"comment_status":"closed","ping_status":"closed","template":"","meta":{"_bbp_topic_count":0,"_bbp_reply_count":0,"_bbp_total_topic_count":0,"_bbp_total_reply_count":0,"_bbp_voice_count":0,"_bbp_anonymous_reply_count":0,"_bbp_topic_count_hidden":0,"_bbp_reply_count_hidden":0,"_bbp_forum_subforum_count":0,"footnotes":""},"class_list":["post-2983","page","type-page","status-publish","hentry"],"post_mailing_queue_ids":[],"_links":{"self":[{"href":"https:\/\/agora.xtec.cat\/iesdrpuigvert\/wp-json\/wp\/v2\/pages\/2983","targetHints":{"allow":["GET"]}}],"collection":[{"href":"https:\/\/agora.xtec.cat\/iesdrpuigvert\/wp-json\/wp\/v2\/pages"}],"about":[{"href":"https:\/\/agora.xtec.cat\/iesdrpuigvert\/wp-json\/wp\/v2\/types\/page"}],"author":[{"embeddable":true,"href":"https:\/\/agora.xtec.cat\/iesdrpuigvert\/wp-json\/wp\/v2\/users\/1"}],"replies":[{"embeddable":true,"href":"https:\/\/agora.xtec.cat\/iesdrpuigvert\/wp-json\/wp\/v2\/comments?post=2983"}],"version-history":[{"count":6,"href":"https:\/\/agora.xtec.cat\/iesdrpuigvert\/wp-json\/wp\/v2\/pages\/2983\/revisions"}],"predecessor-version":[{"id":7179,"href":"https:\/\/agora.xtec.cat\/iesdrpuigvert\/wp-json\/wp\/v2\/pages\/2983\/revisions\/7179"}],"wp:attachment":[{"href":"https:\/\/agora.xtec.cat\/iesdrpuigvert\/wp-json\/wp\/v2\/media?parent=2983"}],"curies":[{"name":"wp","href":"https:\/\/api.w.org\/{rel}","templated":true}]}}