{"id":27,"date":"2019-09-17T16:24:03","date_gmt":"2019-09-17T14:24:03","guid":{"rendered":"http:\/\/agora.xtec.cat\/iesdrpuigvert\/?page_id=27"},"modified":"2020-01-21T18:03:39","modified_gmt":"2020-01-21T17:03:39","slug":"historia","status":"publish","type":"page","link":"https:\/\/agora.xtec.cat\/iesdrpuigvert\/linstitut\/historia\/","title":{"rendered":"Hist\u00f2ria"},"content":{"rendered":"<p>El centre est\u00e0 situat al districte IX de la ciutat de Barcelona, que \u00e9s el districte de Sant Andreu, integrat pels barris de Sant Andreu, La Sagrera, Congr\u00e9s, Navas, Bar\u00f3 de Viver, Bon Pastor i Trinitat Vella.<\/p>\n<p>El centre va comen\u00e7ar a funcionar l\u2019any 1985 com a extensi\u00f3 de l\u2019 Institut de Batxillerat Sant Andreu, sota la denominaci\u00f3 d\u2019Extensi\u00f3 Barri Sant Andreu. Estava situat, de manera provisional, a l\u2019edifici de l\u2019<a href=\"http:\/\/www.ateneusantandreu.org\/\" target=\"_blank\" rel=\"noopener noreferrer\">Ateneu Obrer de Sant Andreu<\/a>, al carrer de l\u2019Abat Od\u00f3,\u00a0i aquesta va ser la seva seu durant 6 anys mentre es contru\u00efa l\u2019actual edifici.<\/p>\n<p>El curs 1991-92 es va inaugurar l\u2019actual edifici, anomenat provisionalment IES Trinitat, i el curs 1992-93 el claustre va decidir donar-li el nom d\u2019 IES Doctor Puigvert en honor d\u2019<a href=\"http:\/\/ca.wikipedia.org\/wiki\/Antoni_Puigvert_i_Gorro\" target=\"_blank\" rel=\"noopener noreferrer\">Antoni Puigvert<\/a>, l\u2019emminent ur\u00f2leg, la infantesa del qual est\u00e0 estretament lligada al barri on va viure quan era petit.<\/p>\n","protected":false},"excerpt":{"rendered":"<p>El centre est\u00e0 situat al districte IX de la ciutat de Barcelona, que \u00e9s el districte de Sant Andreu, integrat pels barris de Sant Andreu, La Sagrera, Congr\u00e9s, Navas, Bar\u00f3 de Viver, Bon Pastor i Trinitat Vella.<br \/>\nEl centre va comen\u00e7ar a funcionar l\u2019any 1985 com&hellip;  <a href=\"https:\/\/agora.xtec.cat\/iesdrpuigvert\/linstitut\/historia\/\" title=\"Read Hist\u00f2ria\">Llegeix m\u00e9s\u00bb<\/a><\/p>\n","protected":false},"author":1,"featured_media":0,"parent":19,"menu_order":20,"comment_status":"closed","ping_status":"closed","template":"page-templates\/side-menu.php","meta":{"_bbp_topic_count":0,"_bbp_reply_count":0,"_bbp_total_topic_count":0,"_bbp_total_reply_count":0,"_bbp_voice_count":0,"_bbp_anonymous_reply_count":0,"_bbp_topic_count_hidden":0,"_bbp_reply_count_hidden":0,"_bbp_forum_subforum_count":0,"footnotes":""},"class_list":["post-27","page","type-page","status-publish","hentry"],"post_mailing_queue_ids":[],"_links":{"self":[{"href":"https:\/\/agora.xtec.cat\/iesdrpuigvert\/wp-json\/wp\/v2\/pages\/27","targetHints":{"allow":["GET"]}}],"collection":[{"href":"https:\/\/agora.xtec.cat\/iesdrpuigvert\/wp-json\/wp\/v2\/pages"}],"about":[{"href":"https:\/\/agora.xtec.cat\/iesdrpuigvert\/wp-json\/wp\/v2\/types\/page"}],"author":[{"embeddable":true,"href":"https:\/\/agora.xtec.cat\/iesdrpuigvert\/wp-json\/wp\/v2\/users\/1"}],"replies":[{"embeddable":true,"href":"https:\/\/agora.xtec.cat\/iesdrpuigvert\/wp-json\/wp\/v2\/comments?post=27"}],"version-history":[{"count":3,"href":"https:\/\/agora.xtec.cat\/iesdrpuigvert\/wp-json\/wp\/v2\/pages\/27\/revisions"}],"predecessor-version":[{"id":854,"href":"https:\/\/agora.xtec.cat\/iesdrpuigvert\/wp-json\/wp\/v2\/pages\/27\/revisions\/854"}],"up":[{"embeddable":true,"href":"https:\/\/agora.xtec.cat\/iesdrpuigvert\/wp-json\/wp\/v2\/pages\/19"}],"wp:attachment":[{"href":"https:\/\/agora.xtec.cat\/iesdrpuigvert\/wp-json\/wp\/v2\/media?parent=27"}],"curies":[{"name":"wp","href":"https:\/\/api.w.org\/{rel}","templated":true}]}}