{"id":2640,"date":"2021-07-14T15:08:19","date_gmt":"2021-07-14T13:08:19","guid":{"rendered":"http:\/\/agora.xtec.cat\/iesdrpuigvert\/?page_id=2640"},"modified":"2021-09-15T17:33:10","modified_gmt":"2021-09-15T15:33:10","slug":"llibres-de-text-21-22","status":"publish","type":"page","link":"https:\/\/agora.xtec.cat\/iesdrpuigvert\/llibres-de-text-21-22\/","title":{"rendered":"Llibres de text 21-22"},"content":{"rendered":"<h4>Material escolar<\/h4>\n<p>L&#8217;alumne ha de venir a l&#8217;Institut amb el material escolar b\u00e0sic per poder desenvolupar la seva activitat:<\/p>\n<ul>\n<li>Fulls DIN A4 (folis blancs i quadriculats).<\/li>\n<li>Carpeta arxivadora (1r d&#8217;ESO rebr\u00e0 la carpeta de l&#8217;Institut)<\/li>\n<li>Llapis, goma d&#8217;esborrar i maquineta (per tot el curs)<\/li>\n<li>Bol\u00edgrafs: blau, negre, vermell i verd.<\/li>\n<li>Llapis de colors variats.<\/li>\n<li>Retolador negre.<\/li>\n<li>Regle petit que c\u00e0piga a l\u2019estoig.<\/li>\n<li>Tisores i pegament en barra.<\/li>\n<li>Joc de regle (30 cm), escaire (25 cm), cartab\u00f3 (25 cm), transportador d\u2019angles.<\/li>\n<li>Comp\u00e0s.<\/li>\n<li>Auriculars (recomanat amb micro).<\/li>\n<li>S&#8217;aconsella tamb\u00e9 a l&#8217;alumnat portar una calculadora cient\u00edfica (per exemple, la Casio Classwiz FX-82SPXII Iberia).<\/li>\n<\/ul>\n<p><strong><span style=\"color: #003300;\">Material espec\u00edfic per cursos<\/span><\/strong><\/p>\n<p><span style=\"color: #ff6600;\"><strong>3r d&#8217;ESO<\/strong><\/span><\/p>\n<ul style=\"list-style-type: disc;\">\n<li>Fulls de 100 grams (SA3: Manuscrit)<\/li>\n<\/ul>\n<p><strong><span style=\"color: #ff6600;\">4t d&#8217;ESO<\/span><\/strong><\/p>\n<ul style=\"list-style-type: disc;\">\n<li><span style=\"color: #ff6600;\"><em>Itinerari human\u00edstic:<\/em><\/span> Rotuladors colors vius gruixuts (de guix)<\/li>\n<li>LLibre de lectura obligat\u00f2ria. <em>Breu hist\u00f2ria del m\u00f3n. E. Gombrich.<\/em><\/li>\n<\/ul>\n<h4>Llibres de text ESO<\/h4>\n<table>\n<tbody>\n<tr>\n<td><a href=\"https:\/\/drive.google.com\/file\/d\/1XNGmOXQo-nB5iw3Z2PkSK1fJcnIvh4ek\/view?usp=sharing\">1r ESO<\/a><\/td>\n<\/tr>\n<tr>\n<td><a href=\"https:\/\/drive.google.com\/file\/d\/1MhXkxPhZRgLu0WrIDvdbSF_TDOemKHBg\/view?usp=sharing\">2n ESO<\/a><\/td>\n<\/tr>\n<tr>\n<td><a href=\"https:\/\/drive.google.com\/file\/d\/1l0foEbZbQZmGEWtp5Hx-hqSnTQHGhD3n\/view?usp=sharing\">3r ESO<\/a><\/td>\n<\/tr>\n<tr>\n<td><a href=\"https:\/\/drive.google.com\/file\/d\/1GrimXNlJb7yBCpJb4aEhhg3eDHWSy7Pb\/view?usp=sharing\">4t ESO<\/a><\/td>\n<\/tr>\n<\/tbody>\n<\/table>\n<h4>Llibres de text Batxillerat<\/h4>\n<p>Les llic\u00e8ncies digitals de les mat\u00e8ries comunes estan incloses a la quota de serveis (per tant, no cal comprar cap llibre)<\/p>\n<p>Podeu accedir al llistat de llibres RECOMANATS de les mat\u00e8ries d&#8217;optatives de modalitat en els enlla\u00e7os seg\u00fcents. Pel desenvolupament de les mat\u00e8ries NO \u00e9s obligatori comprar el llibre. De fet, en cas de que l&#8217;alumne estigui interessat, l&#8217;Institut recomana la llic\u00e8ncia digital per ser l&#8217;opci\u00f3 m\u00e9s econ\u00f2mica i sostenible. La llic\u00e8ncia digital es pot comprar a la mateixa p\u00e0gina de l&#8217;editorial corresponent.<\/p>\n<table>\n<tbody>\n<tr>\n<td><a href=\"https:\/\/drive.google.com\/file\/d\/1PgWOK2NQI0V2QrlTau8otE8nzGsQX1uA\/view?usp=sharing\">1r BATX<\/a><\/td>\n<\/tr>\n<tr>\n<td><a href=\"https:\/\/drive.google.com\/file\/d\/1iEOkkahuCcqOavBxQ7dmXoHr2WqOUW9-\/view?usp=sharing\">2n BATX<\/a><\/td>\n<\/tr>\n<\/tbody>\n<\/table>\n","protected":false},"excerpt":{"rendered":"<p>Material escolar<br \/>\nL&#8217;alumne ha de venir a l&#8217;Institut amb el material escolar b\u00e0sic per poder desenvolupar la seva activitat:<\/p>\n<ul>\n<li>Fulls DIN A4 (folis blancs i quadriculats).<\/li>\n<li>Carpeta arxivadora (1r d&#8217;ESO rebr\u00e0 la carpeta de l&#8217;Institut)<\/li>\n<li>Llapis, goma d&#8217;esborrar i maquineta (per tot el curs)<\/li>\n<li>Bol\u00edgrafs: blau, negre, vermell i verd.<\/li>\n<li>Llapis&hellip;  <a href=\"https:\/\/agora.xtec.cat\/iesdrpuigvert\/llibres-de-text-21-22\/\" title=\"Read Llibres de text 21-22\">Llegeix m\u00e9s\u00bb<\/a><br \/>\n","protected":false},"author":1,"featured_media":0,"parent":0,"menu_order":0,"comment_status":"closed","ping_status":"closed","template":"","meta":{"_bbp_topic_count":0,"_bbp_reply_count":0,"_bbp_total_topic_count":0,"_bbp_total_reply_count":0,"_bbp_voice_count":0,"_bbp_anonymous_reply_count":0,"_bbp_topic_count_hidden":0,"_bbp_reply_count_hidden":0,"_bbp_forum_subforum_count":0,"footnotes":""},"class_list":["post-2640","page","type-page","status-publish","hentry"],"post_mailing_queue_ids":[],"_links":{"self":[{"href":"https:\/\/agora.xtec.cat\/iesdrpuigvert\/wp-json\/wp\/v2\/pages\/2640","targetHints":{"allow":["GET"]}}],"collection":[{"href":"https:\/\/agora.xtec.cat\/iesdrpuigvert\/wp-json\/wp\/v2\/pages"}],"about":[{"href":"https:\/\/agora.xtec.cat\/iesdrpuigvert\/wp-json\/wp\/v2\/types\/page"}],"author":[{"embeddable":true,"href":"https:\/\/agora.xtec.cat\/iesdrpuigvert\/wp-json\/wp\/v2\/users\/1"}],"replies":[{"embeddable":true,"href":"https:\/\/agora.xtec.cat\/iesdrpuigvert\/wp-json\/wp\/v2\/comments?post=2640"}],"version-history":[{"count":3,"href":"https:\/\/agora.xtec.cat\/iesdrpuigvert\/wp-json\/wp\/v2\/pages\/2640\/revisions"}],"predecessor-version":[{"id":2705,"href":"https:\/\/agora.xtec.cat\/iesdrpuigvert\/wp-json\/wp\/v2\/pages\/2640\/revisions\/2705"}],"wp:attachment":[{"href":"https:\/\/agora.xtec.cat\/iesdrpuigvert\/wp-json\/wp\/v2\/media?parent=2640"}],"curies":[{"name":"wp","href":"https:\/\/api.w.org\/{rel}","templated":true}]}}