{"id":2616,"date":"2021-07-08T13:35:39","date_gmt":"2021-07-08T11:35:39","guid":{"rendered":"http:\/\/agora.xtec.cat\/iesdrpuigvert\/?page_id=2616"},"modified":"2021-07-14T15:08:54","modified_gmt":"2021-07-14T13:08:54","slug":"matricula-batxillerat-21-22","status":"publish","type":"page","link":"https:\/\/agora.xtec.cat\/iesdrpuigvert\/matricula-batxillerat-21-22\/","title":{"rendered":"MATR\u00cdCULA BATXILLERAT 21-22"},"content":{"rendered":"<p>El proc\u00e9s de matr\u00edcula del BATXILLERAT es fa de manera <strong>virtual<\/strong>.<\/p>\n<p>Hi ha temps per a completar la tria\u00a0<strong>fins el 16 de juliol<\/strong>.<\/p>\n<p>Per poder fer la matr\u00edcula, l&#8217;alumne ha de tenir en compte l&#8217;oferta de mat\u00e8ries per modalitat.<\/p>\n<ul>\n<li><a href=\"https:\/\/agora.xtec.cat\/iesdrpuigvert\/wp-content\/uploads\/usu1888\/2021\/07\/BATXILLERAT-2020_21-1r-BTX.jpg\">Mat\u00e8ries per modalitat de 1r BATXILLERAT<\/a><\/li>\n<li><a href=\"https:\/\/agora.xtec.cat\/iesdrpuigvert\/wp-content\/uploads\/usu1888\/2021\/07\/BATXILLERAT-2020_21-2n-BTX.jpg\">Mat\u00e8ries per modalitat de 2n BATXILLERAT<\/a><\/li>\n<\/ul>\n<p>Una vegada escollida la modalitat ha de formalitzar la matr\u00edcula en el formulari i enviar la documentaci\u00f3\u00a0 requerida (pagament, c\u00f2pia DNI i C\u00f2pia TIS) al correu de l&#8217;institut a8044922<span class=\"\">@xtec.cat<\/span><\/p>\n<ol>\n<li>Acc\u00e9s al formulari de<a href=\"https:\/\/forms.gle\/nKDoFV8Yobkpcnc57\"><b> 1r de BATXILLERAT<\/b><\/a><\/li>\n<li>Acc\u00e9s al formulari de<a href=\"https:\/\/forms.gle\/aWoWEgd8bwGgwPUB7\"><b> 2n de BATXILLERAT<\/b><\/a><\/li>\n<\/ol>\n<h5>Quota de serveis\u00a0(asseguran\u00e7a escolar, agenda, taquilla, material d\u2019ESO, \u00fas de tablets i llic\u00e8ncies digitals)<\/h5>\n<p>El pagament en concepte de quota de serveis s\u2019ha de fer amb ingr\u00e9s en caixa o per transfer\u00e8ncia al BANC de SANTANDER, N\u00ba compte\u00a0<strong>ES85 0049 0807 11 2010407604<\/strong>, indicant: Nom, Cognoms i curs de l\u2019alumne.<\/p>\n<ul>\n<li>Quota 1r Batxillerat: 118\u20ac<\/li>\n<li>Quota 2n Batxillerat: 131\u20ac<\/li>\n<\/ul>\n<p>El pagament de la quota 21-22 inclou les llic\u00e8ncies digitals per les mat\u00e8ries comunes (Angl\u00e8s, Llengua castellana i llengua catalana). La resta de llibres de text s\u00f3n recomanats i els podeu consultar a la <a href=\"http:\/\/agora.xtec.cat\/iesdrpuigvert\/llibres-de-text-21-22\/\">p\u00e0gina corresponent.<\/a><\/p>\n<p>Per a qualsevol consulta, podeu trucar a la secretaria (93 274 06 12) en horari de 9 a 14 h de dilluns a divendres.<\/p>\n<p><span style=\"color: #ff0000;\"><strong>I DESPR\u00c9S! Recorda <\/strong><\/span><a href=\"https:\/\/drive.google.com\/file\/d\/1VVF2KPBfk7cdtDio6I6Am0MVT4tir9iV\/view\">associar-te a l&#8217;AMPA<\/a> (<a href=\"https:\/\/drive.google.com\/file\/d\/1OO6X1sB6FvS_3K4HDnDaYKUaQprb3ze7\/view\">informaci\u00f3<\/a> &#8211; <a href=\"https:\/\/drive.google.com\/file\/d\/1VVF2KPBfk7cdtDio6I6Am0MVT4tir9iV\/view\">Inscripci\u00f3<\/a>)<\/p>\n","protected":false},"excerpt":{"rendered":"<p>El proc\u00e9s de matr\u00edcula del BATXILLERAT es fa de manera virtual.<br \/>\nHi ha temps per a completar la tria\u00a0fins el 16 de juliol.<br \/>\nPer poder fer la matr\u00edcula, l&#8217;alumne ha de tenir en compte l&#8217;oferta de mat\u00e8ries per modalitat.<\/p>\n<ul>\n<li><a href=\"https:\/\/agora.xtec.cat\/iesdrpuigvert\/wp-content\/uploads\/usu1888\/2021\/07\/BATXILLERAT-2020_21-1r-BTX.jpg\">Mat\u00e8ries per modalitat de 1r BATXILLERAT<\/a><\/li>\n<li><a href=\"https:\/\/agora.xtec.cat\/iesdrpuigvert\/wp-content\/uploads\/usu1888\/2021\/07\/BATXILLERAT-2020_21-2n-BTX.jpg\">Mat\u00e8ries per&hellip;  <a href=\"https:\/\/agora.xtec.cat\/iesdrpuigvert\/matricula-batxillerat-21-22\/\" title=\"Read MATR\u00cdCULA BATXILLERAT 21-22\">Llegeix m\u00e9s\u00bb<\/a><br \/>\n","protected":false},"author":1,"featured_media":0,"parent":0,"menu_order":0,"comment_status":"closed","ping_status":"closed","template":"","meta":{"_bbp_topic_count":0,"_bbp_reply_count":0,"_bbp_total_topic_count":0,"_bbp_total_reply_count":0,"_bbp_voice_count":0,"_bbp_anonymous_reply_count":0,"_bbp_topic_count_hidden":0,"_bbp_reply_count_hidden":0,"_bbp_forum_subforum_count":0,"footnotes":""},"class_list":["post-2616","page","type-page","status-publish","hentry"],"post_mailing_queue_ids":[],"_links":{"self":[{"href":"https:\/\/agora.xtec.cat\/iesdrpuigvert\/wp-json\/wp\/v2\/pages\/2616","targetHints":{"allow":["GET"]}}],"collection":[{"href":"https:\/\/agora.xtec.cat\/iesdrpuigvert\/wp-json\/wp\/v2\/pages"}],"about":[{"href":"https:\/\/agora.xtec.cat\/iesdrpuigvert\/wp-json\/wp\/v2\/types\/page"}],"author":[{"embeddable":true,"href":"https:\/\/agora.xtec.cat\/iesdrpuigvert\/wp-json\/wp\/v2\/users\/1"}],"replies":[{"embeddable":true,"href":"https:\/\/agora.xtec.cat\/iesdrpuigvert\/wp-json\/wp\/v2\/comments?post=2616"}],"version-history":[{"count":3,"href":"https:\/\/agora.xtec.cat\/iesdrpuigvert\/wp-json\/wp\/v2\/pages\/2616\/revisions"}],"predecessor-version":[{"id":2642,"href":"https:\/\/agora.xtec.cat\/iesdrpuigvert\/wp-json\/wp\/v2\/pages\/2616\/revisions\/2642"}],"wp:attachment":[{"href":"https:\/\/agora.xtec.cat\/iesdrpuigvert\/wp-json\/wp\/v2\/media?parent=2616"}],"curies":[{"name":"wp","href":"https:\/\/api.w.org\/{rel}","templated":true}]}}