{"id":2585,"date":"2025-07-07T08:00:19","date_gmt":"2025-07-07T06:00:19","guid":{"rendered":"http:\/\/agora.xtec.cat\/iesdrpuigvert\/?page_id=2585"},"modified":"2025-07-17T14:17:09","modified_gmt":"2025-07-17T12:17:09","slug":"eleccio-materies-optatives-eso","status":"publish","type":"page","link":"https:\/\/agora.xtec.cat\/iesdrpuigvert\/secretaria\/eleccio-materies-optatives-eso\/","title":{"rendered":"OPTATIVES CURS 2025-26"},"content":{"rendered":"<p><strong>OPTATIVES ESO<\/strong><\/p>\n<p>El proc\u00e9s de tria de les mat\u00e8ries optatives de l&#8217;ESO del curs 25-26 es realitza de manera <strong>virtual<\/strong>.<\/p>\n<p>Hi ha temps per a completar la tria <strong>fins el 18 de juliol<\/strong>. Si no es fa, s&#8217;assignar\u00e0 l&#8217;optativa prioritzant les necessitats organitzatives de l&#8217;institut.<\/p>\n<p>En els seg\u00fcents enlla\u00e7os podreu:<\/p>\n<ol>\n<li><strong>Consultar<\/strong> l&#8217;oferta d&#8217;optatives de cada nivell.<\/li>\n<li>Fer la <strong>tria<\/strong> de mat\u00e8ries optatives de cada nivell en ordre de prefer\u00e8ncia.<\/li>\n<\/ol>\n<ul style=\"list-style-type: circle;\">\n<li>Oferta d&#8217;optatives <strong>segons el nivell a realitzar el CURS 2025-26 (Tota la informaci\u00f3 sobre les optatives)<br \/>\n<\/strong><\/li>\n<\/ul>\n<table style=\"height: 107px; border-style: solid; border-color: #ba22a1;\" width=\"431\">\n<tbody>\n<tr style=\"height: 32px;\">\n<td style=\"border-color: #ba22a1; height: 32px; width: 425px; text-align: center;\">\n<pre><a href=\"https:\/\/drive.google.com\/file\/d\/1zZJIUEirRglQtJCzehlntesqaLbTl7P6\/view?usp=sharing\">Oferta Optatives 1r de l'ESO<\/a><\/pre>\n<\/td>\n<\/tr>\n<tr style=\"height: 32px;\">\n<td style=\"border-color: #ba22a1; height: 32px; width: 425px; text-align: center;\">\n<pre><a href=\"https:\/\/drive.google.com\/file\/d\/14H8wB0yR1FtY2Ff1eimyAIirFt8D21C5\/view?usp=sharing\">Oferta Optatives 2n de l'ESO<\/a><\/pre>\n<\/td>\n<\/tr>\n<tr style=\"height: 32px;\">\n<td style=\"border-color: #ba22a1; height: 32px; width: 425px; text-align: center;\">\n<pre><a href=\"https:\/\/drive.google.com\/file\/d\/1Xx3vxtGdxBIUmv86m2-qIOQIGn5tE3vg\/view?usp=sharing\">Oferta Optatives 3r de l'ESO<\/a><\/pre>\n<\/td>\n<\/tr>\n<tr>\n<td style=\"border-color: #ba22a1; width: 425px; text-align: center;\">\n<pre><a href=\"https:\/\/drive.google.com\/file\/d\/1mvefohlBirBrqbBlOcaPPROfQvrBPMeh\/view?usp=sharing\">Oferta Optatives 4t de l'ESO<\/a><\/pre>\n<\/td>\n<\/tr>\n<\/tbody>\n<\/table>\n<ul style=\"list-style-type: circle;\">\n<li>Tria d&#8217;optatives <strong>segons el nivell a realitzar el CURS 2025-26<\/strong><\/li>\n<\/ul>\n<table style=\"height: 129px; border-style: solid; border-color: #ba22a1; width: 31.1811%;\">\n<tbody>\n<tr style=\"height: 32px;\">\n<td style=\"border-color: #ba22a1; height: 32px; width: 100%; text-align: center;\">\n<pre><a href=\"https:\/\/forms.gle\/RncEfac1orLik5wg9\">Tria Optatives 1r de l'ESO<\/a><\/pre>\n<\/td>\n<\/tr>\n<tr style=\"height: 32px;\">\n<td style=\"border-color: #ba22a1; height: 32px; width: 100%; text-align: center;\">\n<pre><a href=\"https:\/\/docs.google.com\/forms\/d\/e\/1FAIpQLSfP2d6YBposvdCb78PHoYFZuA2jBq1h03Kbxu9Rep5BVKAWQA\/viewform?usp=sharing&amp;ouid=108421235261327392824\">Tria Optatives 2n de l'ESO<\/a><\/pre>\n<\/td>\n<\/tr>\n<tr style=\"height: 32px;\">\n<td style=\"border-color: #ba22a1; height: 32px; width: 100%; text-align: center;\">\n<pre><a href=\"https:\/\/docs.google.com\/forms\/d\/e\/1FAIpQLSfm9hC_yyMHeO3OHtxMBBiB0Zeg-axEiBRI6qUD1reCV6CVWA\/viewform?usp=sharing&amp;ouid=108421235261327392824\">Tria Optatives 3r de l'ESO<\/a><\/pre>\n<\/td>\n<\/tr>\n<tr style=\"height: 33px;\">\n<td style=\"border-color: #ba22a1; width: 100%; text-align: center; height: 33px;\">\n<pre><a href=\"https:\/\/docs.google.com\/forms\/d\/e\/1FAIpQLScJ1cND5afayVbNKAIS_miWjZNgoT6z7yMaDyKnUk-Gu_3-7A\/viewform?usp=sharing&amp;ouid=108421235261327392824\">Tria Optatives 4t de l'ESO<\/a><\/pre>\n<\/td>\n<\/tr>\n<\/tbody>\n<\/table>\n<p>Recordeu que tot l&#8217;alumnat ha d&#8217;omplir les 4 o 5 opcions del formulari. S&#8217;intentar\u00e0 respectar la prefer\u00e8ncia, sempre que sigui possible segons la demanda.<\/p>\n<p><strong>TRIA LA TEVA COMISSI\u00d3 DE 3R D&#8217;ESO per al curs 2025-26<\/strong><\/p>\n<table style=\"border-collapse: collapse; width: 31.6872%;\">\n<tbody>\n<tr>\n<td style=\"width: 100%; border-color: #bc0ecc; border-style: dotted; text-align: center;\"><a href=\"https:\/\/docs.google.com\/forms\/d\/e\/1FAIpQLSfpUx9Wsv4H9m_TzniueWmqNj34-cJawCcavCovRDxl42gJgQ\/viewform?usp=sharing&amp;ouid=108421235261327392824\">Tria la teva comissi\u00f3 de 3r d&#8217;ESO<\/a><\/td>\n<\/tr>\n<\/tbody>\n<\/table>\n<p><strong>OPTATIVES BATXILLERAT<\/strong><\/p>\n<p>El proc\u00e9s de tria de les mat\u00e8ries optatives trimestrals de 1r de Batxillerat del curs 25-26 es realitza de manera <strong>virtual<\/strong>.<\/p>\n<p>Hi ha temps per a completar la tria <strong>fins el 18 de juliol<\/strong>. Si no es fa, s&#8217;assignar\u00e0 l&#8217;optativa prioritzant les necessitats organitzatives de l&#8217;institut.<\/p>\n<p style=\"text-align: center;\"><a href=\"https:\/\/drive.google.com\/file\/d\/1MaI4q1FSqZ4udtxaUqSYq79xyhovFhg7\/view?usp=drive_link\">Oferta Optatives 1r de Batxillerat<\/a><\/p>\n<p style=\"text-align: center;\"><a href=\"https:\/\/docs.google.com\/forms\/d\/e\/1FAIpQLSc2MLsLHaiJs0j_KC74twAH7RT2Rhx3hFyvylXaWpJP27FsFg\/viewform?usp=dialog\">Formulari per la tria d&#8217;optatives de Batxilelrat<\/a><\/p>\n<p><strong>CONVALIDACI\u00d3 OPTATIVES PER EOI<\/strong><\/p>\n<p>L&#8217;alumnat que cursa el\u00a0<strong>batxillerat<\/strong>\u00a0i, al mateix temps, una\u00a0<strong>segona llengua estrangera<\/strong>\u00a0<span style=\"text-decoration: underline;\">en una escola oficial d&#8217;idiomes (EOI)<\/span> pot sol\u00b7licitar, cada curs, la convalidaci\u00f3 de sis hores a 1r de batxillerat i quatre hores a 2n de batxillerat de les franges de mat\u00e8ries optatives, si es dona alguna de les condicions seg\u00fcents:<\/p>\n<ul type=\"disc\">\n<li><span data-olk-copy-source=\"MessageBody\">Es cursa a l&#8217;EOI amb el nivell B2 o superior una segona llengua estrangera que ofereix el centre, en el nostre cas, Angl\u00e8s.<\/span><\/li>\n<li>Es cursa a l&#8217;EOI una llengua estrangera que no ofereix el centre.<\/li>\n<\/ul>\n<p>Documentaci\u00f3 i sol\u00b7licitud<br \/>\nL&#8217;alumna o alumne ha de presentar la seg\u00fcent documentaci\u00f3 al centre de batxillerat <strong>abans del darrer dia lectiu del mes d&#8217;octubre (mentre no es formalitza la convalidaci\u00f3, l&#8217;alumne ha de realitzar les optatives assignades):<\/strong><br \/>\n\u2022 <a href=\"https:\/\/documents.espai.educacio.gencat.cat\/FormularisModels\/CentresGestioAcademica\/A1298.pdf\">Sol\u00b7licitud de convalidaci\u00f3 de mat\u00e8ries de la franja d&#8217;optatives de batxillerat basant-se en estudis cursats a l\u2019EOI\u201d (CEO1)<\/a><br \/>\n\u2022 <a href=\"https:\/\/documents.espai.educacio.gencat.cat\/FormularisModels\/CentresGestioAcademica\/A1299.pdf\">Certificat expedit per l\u2019EOI en qu\u00e8 s&#8217;acredita el curs de la segona llengua estrangera que cursa l\u2019alumne\/a\u201d (CEO2)<\/a><\/p>\n<p>&nbsp;<\/p>\n<p>&nbsp;<\/p>\n","protected":false},"excerpt":{"rendered":"<p>OPTATIVES ESO<br \/>\nEl proc\u00e9s de tria de les mat\u00e8ries optatives de l&#8217;ESO del curs 25-26 es realitza de manera virtual.<br \/>\nHi ha temps per a completar la tria fins el 18 de juliol. Si no es fa, s&#8217;assignar\u00e0 l&#8217;optativa prioritzant les necessitats organitzatives de l&#8217;institut.<br \/>\nEn els seg\u00fcents&hellip;  <a href=\"https:\/\/agora.xtec.cat\/iesdrpuigvert\/secretaria\/eleccio-materies-optatives-eso\/\" title=\"Read OPTATIVES CURS 2025-26\">Llegeix m\u00e9s\u00bb<\/a><\/p>\n","protected":false},"author":1,"featured_media":0,"parent":81,"menu_order":1,"comment_status":"closed","ping_status":"closed","template":"","meta":{"_bbp_topic_count":0,"_bbp_reply_count":0,"_bbp_total_topic_count":0,"_bbp_total_reply_count":0,"_bbp_voice_count":0,"_bbp_anonymous_reply_count":0,"_bbp_topic_count_hidden":0,"_bbp_reply_count_hidden":0,"_bbp_forum_subforum_count":0,"footnotes":""},"class_list":["post-2585","page","type-page","status-publish","hentry"],"post_mailing_queue_ids":[],"_links":{"self":[{"href":"https:\/\/agora.xtec.cat\/iesdrpuigvert\/wp-json\/wp\/v2\/pages\/2585","targetHints":{"allow":["GET"]}}],"collection":[{"href":"https:\/\/agora.xtec.cat\/iesdrpuigvert\/wp-json\/wp\/v2\/pages"}],"about":[{"href":"https:\/\/agora.xtec.cat\/iesdrpuigvert\/wp-json\/wp\/v2\/types\/page"}],"author":[{"embeddable":true,"href":"https:\/\/agora.xtec.cat\/iesdrpuigvert\/wp-json\/wp\/v2\/users\/1"}],"replies":[{"embeddable":true,"href":"https:\/\/agora.xtec.cat\/iesdrpuigvert\/wp-json\/wp\/v2\/comments?post=2585"}],"version-history":[{"count":6,"href":"https:\/\/agora.xtec.cat\/iesdrpuigvert\/wp-json\/wp\/v2\/pages\/2585\/revisions"}],"predecessor-version":[{"id":6832,"href":"https:\/\/agora.xtec.cat\/iesdrpuigvert\/wp-json\/wp\/v2\/pages\/2585\/revisions\/6832"}],"up":[{"embeddable":true,"href":"https:\/\/agora.xtec.cat\/iesdrpuigvert\/wp-json\/wp\/v2\/pages\/81"}],"wp:attachment":[{"href":"https:\/\/agora.xtec.cat\/iesdrpuigvert\/wp-json\/wp\/v2\/media?parent=2585"}],"curies":[{"name":"wp","href":"https:\/\/api.w.org\/{rel}","templated":true}]}}