{"id":1230,"date":"2020-04-18T08:43:58","date_gmt":"2020-04-18T06:43:58","guid":{"rendered":"http:\/\/agora.xtec.cat\/iesdrpuigvert\/?page_id=1230"},"modified":"2020-05-18T17:03:58","modified_gmt":"2020-05-18T15:03:58","slug":"quarantena-covid-19-feines","status":"publish","type":"page","link":"https:\/\/agora.xtec.cat\/iesdrpuigvert\/quarantena-covid-19-feines\/","title":{"rendered":"Quarantena Covid-19 (feines)"},"content":{"rendered":"<h5><span style=\"color: #ff6600;\">Pla educatiu durant el confinament (14\/03-19\/06)<br \/>\n<\/span><\/h5>\n<p>A <strong>partir del 14 d&#8217;abril ha comen\u00e7at la tercera avaluaci\u00f3 del curs 2019-20.<\/strong> Tot l&#8217;alumnat del Doctor Puigvert ha de connectar-se al Moodle i estar en contacte amb els seus professors i tutors per fer el seguiment online dels quatre BLOCS d&#8217;activitats (Bloc de mat\u00e8ries Globalitzades, Bloc de lleng\u00fces, Bloc de matem\u00e0tiques i Bloc Educaci\u00f3 f\u00edsica).<\/p>\n<p>El\u00a0 <a href=\"http:\/\/ensenyament.gencat.cat\/ca\/inici\/nota-premsa\/?id=384046\">Pla de centre educatius en l\u00ednia<\/a> proposat pel Departament d&#8217;Educaci\u00f3 de la Generalitat ja s&#8217;ha posat en marxa i a partir del divendres 17 comen\u00e7aran a rebre les fam\u00edlies que ho necessiten i que nosaltres hem detectat el maquinari i el quit de connectivitat per part del <a href=\"http:\/\/ensenyament.gencat.cat\/ca\/inici\/nota-premsa\/?id=384760\">Departament d&#8217;Educaci\u00f3. <\/a><\/p>\n<p>Us deixem les graelles amb els accessos al diferents Blocs i amb el nom del professorat responsable.<\/p>\n<h5><span style=\"color: #008000;\">Degut de la migraci\u00f3 dels servidors de Moodle s&#8217;han modificat els enlla\u00e7os als cursos!!<\/span><\/h5>\n<table>\n<tbody>\n<tr>\n<td colspan=\"3\" bgcolor=\"#ff6633\"><b>1r ESO<\/b><\/td>\n<\/tr>\n<tr>\n<td><b>BLOC<\/b><\/td>\n<td><b>PROFESSORAT ASSIGNAT<\/b><\/td>\n<td><b>Plataforma<\/b><\/td>\n<\/tr>\n<tr>\n<td>TREBALL GLOBALITZAT (TPP) + ViP<\/td>\n<td><b>Esther Dom\u00e8nech, <\/b>Maria Villar, N\u00faria Trias Jordi Blanch, Emiliano \u00c0lia, Merc\u00e8 Gaja<\/td>\n<td>Moodle: El viatger de l\u2019Espai<\/p>\n<p><a href=\"https:\/\/educaciodigital.cat\/iesdrpuigvert\/moodle\/course\/view.php?id=982\">https:\/\/educaciodigital.cat\/iesdrpuigvert\/moodle\/course\/view.php?id=982<\/a><\/td>\n<\/tr>\n<tr>\n<td>LLENG\u00dcES<\/td>\n<td><b>Alba S\u00e1nchez,<\/b> Eva Bujan, Artur Rodr\u00edguez, Oriol Estefanell, Pilar Estany, Carme P\u00e9rez<\/td>\n<td>Moodle: Teatre <a href=\"https:\/\/drive.google.com\/file\/d\/1StIndZs7dXmwpKhQov3bOZtVq0oMt8xm\/view?usp=sharing\">(Instruccions)<\/a><\/p>\n<p><a href=\"https:\/\/educaciodigital.cat\/iesdrpuigvert\/moodle\/course\/view.php?id=5162\">https:\/\/educaciodigital.cat\/iesdrpuigvert\/moodle\/course\/view.php?id=5162<\/a><\/td>\n<\/tr>\n<tr>\n<td>MATEM\u00c0TIQUES<\/td>\n<td><b>Mario Fadda <\/b>, Montse Roset<\/td>\n<td>Moodle: Mates 1r<\/p>\n<p><a href=\"https:\/\/educaciodigital.cat\/iesdrpuigvert\/moodle\/course\/view.php?id=364\">https:\/\/educaciodigital.cat\/iesdrpuigvert\/moodle\/course\/view.php?id=364<\/a>3<\/td>\n<\/tr>\n<tr>\n<td>EDUCACI\u00d3 F\u00cdSICA<\/td>\n<td><b>Ricard Dom\u00e8nech<\/b><\/td>\n<td>Moodle. Educaci\u00f3 f\u00edsica 1<\/p>\n<p><a href=\"https:\/\/educaciodigital.cat\/iesdrpuigvert\/moodle\/course\/view.php?id=2962\">https:\/\/educaciodigital.cat\/iesdrpuigvert\/moodle\/course\/view.php?id=2962<\/a><\/td>\n<\/tr>\n<tr>\n<td>SUPORT ORIENTACI\u00d3, AA<\/td>\n<td><b>Cristina Guijarro<\/b>, Annie Pugnau, Marta Sempere, Laia Millan, Maria Guerra<\/td>\n<td><\/td>\n<\/tr>\n<\/tbody>\n<\/table>\n<table style=\"height: 569px;\">\n<tbody>\n<tr style=\"height: 33px;\">\n<td style=\"width: 1053px; height: 33px;\" colspan=\"3\" bgcolor=\"#ff6633\"><b>2n ESO<\/b><\/td>\n<\/tr>\n<tr style=\"height: 33px;\">\n<td style=\"width: 180px; height: 33px;\"><b>BLOC<\/b><\/td>\n<td style=\"width: 473px; height: 33px;\"><b>PROFESSORAT ASSIGNAT<\/b><\/td>\n<td style=\"width: 396px; height: 33px;\"><b>Plataforma<\/b><\/td>\n<\/tr>\n<tr style=\"height: 119px;\">\n<td style=\"width: 180px; height: 119px;\">TREBALL GLOBALITZAT (TG) + ViP<\/td>\n<td style=\"width: 473px; height: 119px;\"><b>Marcela de la Rosa, <\/b>Dom\u00e8nech Moll\u00e0, Edgar Casas, Salvador Valverde, Jes\u00fas Marchan (M\u00aa Rosa Aran) i S\u00f2nia Bux\u00f3 (ViP)<\/td>\n<td style=\"width: 396px; height: 119px;\">Moodle: TG La gran travessia<\/p>\n<p><a href=\"https:\/\/educaciodigital.cat\/iesdrpuigvert\/moodle\/course\/view.php?id=1485\">https:\/\/educaciodigital.cat\/iesdrpuigvert\/moodle\/course\/view.php?id=1485<\/a><\/td>\n<\/tr>\n<tr style=\"height: 119px;\">\n<td style=\"width: 180px; height: 119px;\">LLENG\u00dcES<\/td>\n<td style=\"width: 473px; height: 119px;\">Rosa Lage, Daniel \u00c0lvarez, Lurdes Estruch,<b>Margalida Adrover,<\/b> Daniel Gen\u00eds, Eduard Mu\u00f1oz i Carlota S\u00e1nchez<\/td>\n<td style=\"width: 396px; height: 119px;\">Moodle: Bit\u00e0cola\/Portafolis <a href=\"https:\/\/drive.google.com\/file\/d\/1CzVogdmBMp86MdAzXlsai3SG13cEcoGy\/view?usp=sharing\">(Instruccions)<\/a><\/p>\n<p><a href=\"https:\/\/educaciodigital.cat\/iesdrpuigvert\/moodle\/course\/view.php?id=5182\">https:\/\/educaciodigital.cat\/iesdrpuigvert\/moodle\/course\/view.php?id=5182<\/a><\/td>\n<\/tr>\n<tr style=\"height: 119px;\">\n<td style=\"width: 180px; height: 119px;\">MATEM\u00c0TIQUES<\/td>\n<td style=\"width: 473px; height: 119px;\"><b>Ra\u00fcl Robert,<\/b> Choni Morillo<\/td>\n<td style=\"width: 396px; height: 119px;\">Model Mates 2<\/p>\n<p><a href=\"https:\/\/educaciodigital.cat\/iesdrpuigvert\/moodle\/course\/view.php?id=3642\">https:\/\/educaciodigital.cat\/iesdrpuigvert\/moodle\/course\/view.php?id=3642<\/a><\/td>\n<\/tr>\n<tr style=\"height: 97px;\">\n<td style=\"width: 180px; height: 97px;\">EDUCACI\u00d3 F\u00cdSICA<\/td>\n<td style=\"width: 473px; height: 97px;\"><b>Jonathan Polo<\/b><\/td>\n<td style=\"width: 396px; height: 97px;\">Moodle. Educaci\u00f3 f\u00edsica 2<\/p>\n<p><a href=\"https:\/\/educaciodigital.cat\/iesdrpuigvert\/moodle\/course\/view.php?id=2963\">https:\/\/educaciodigital.cat\/iesdrpuigvert\/moodle\/course\/view.php?id=2963<\/a><\/td>\n<\/tr>\n<tr style=\"height: 49px;\">\n<td style=\"width: 180px; height: 49px;\">SUPORT ORIENTACI\u00d3, AA<\/td>\n<td style=\"width: 473px; height: 49px;\"><b>Cristina Guijarro,<\/b> Annie Pugnau<\/td>\n<td style=\"width: 396px; height: 49px;\"><\/td>\n<\/tr>\n<\/tbody>\n<\/table>\n<table>\n<tbody>\n<tr>\n<td style=\"width: 1052px;\" colspan=\"3\" bgcolor=\"#ff6633\"><b>3r ESO<\/b><\/td>\n<\/tr>\n<tr>\n<td style=\"width: 187px;\"><b>BLOC<\/b><\/td>\n<td style=\"width: 467px;\"><b>PROFESSORAT ASSIGNAT<\/b><\/td>\n<td style=\"width: 394px;\"><b>Plataforma<\/b><\/td>\n<\/tr>\n<tr>\n<td style=\"width: 187px;\">TREBALL GLOBALITZAT (SA)<\/td>\n<td style=\"width: 467px;\"><b>Joan Abril, <\/b>Rebeca Palac\u00edn, Sergi Broto, Maria Domingo, S\u00edlvia Prats,\u00a0 Xavier D\u00edaz (suport itineraris)???<\/td>\n<td style=\"width: 394px;\">Moodle: Reporters<\/p>\n<p><a href=\"https:\/\/educaciodigital.cat\/iesdrpuigvert\/moodle\/course\/view.php?id=3182\">https:\/\/educaciodigital.cat\/iesdrpuigvert\/moodle\/course\/view.php?id=3182<\/a><\/td>\n<\/tr>\n<tr>\n<td style=\"width: 187px;\">LLENG\u00dcES<\/td>\n<td style=\"width: 467px;\">Encarni Gonz\u00e1lez, <b>Ylenia Salmeron<\/b>, Rebeca Palac\u00edn, Rub\u00e9n Mas i Ana Brandem\u00fclh<\/td>\n<td style=\"width: 394px;\">Moodle: Reporters (el mateix que a globalitzades-<a href=\"https:\/\/drive.google.com\/file\/d\/1gtGBA5_GOR7UNzeugN4aJdazcBaAP6LQ\/view?usp=sharing\">Instruccions<\/a>)<\/p>\n<p><a href=\"https:\/\/educaciodigital.cat\/iesdrpuigvert\/moodle\/course\/view.php?id=5302\">https:\/\/educaciodigital.cat\/iesdrpuigvert\/moodle\/course\/view.php?id=5302<\/a><\/td>\n<\/tr>\n<tr>\n<td style=\"width: 187px;\">MATEM\u00c0TIQUES<\/td>\n<td style=\"width: 467px;\"><b>Cristina Lluch<\/b>, Oriol Ventura<\/td>\n<td style=\"width: 394px;\">Moodle Mates 3<\/p>\n<p><a href=\"https:\/\/educaciodigital.cat\/iesdrpuigvert\/moodle\/course\/view.php?id=2582\">https:\/\/educaciodigital.cat\/iesdrpuigvert\/moodle\/course\/view.php?id=2582<\/a><\/td>\n<\/tr>\n<tr>\n<td style=\"width: 187px;\">EDUCACI\u00d3 F\u00cdSICA<\/td>\n<td style=\"width: 467px;\"><b>Susana Carrera<\/b><\/td>\n<td style=\"width: 394px;\">Moodle. Educaci\u00f3 f\u00edsica 3<\/p>\n<p><a href=\"https:\/\/educaciodigital.cat\/iesdrpuigvert\/moodle\/course\/view.php?id=2964\">https:\/\/educaciodigital.cat\/iesdrpuigvert\/moodle\/course\/view.php?id=2964<\/a><\/td>\n<\/tr>\n<tr>\n<td style=\"width: 187px;\">SUPORT ORIENTACI\u00d3, AA<\/td>\n<td style=\"width: 467px;\">No\u00e8lia G\u00f3mez, <b>Carmen Casas,<\/b> Jaume Esteve, Annie Pugnau<\/td>\n<td style=\"width: 394px;\"><\/td>\n<\/tr>\n<\/tbody>\n<\/table>\n<table>\n<tbody>\n<tr>\n<td style=\"width: 1053px;\" colspan=\"3\" bgcolor=\"#ff6633\"><b>4t ESO<\/b><\/td>\n<\/tr>\n<tr>\n<td style=\"width: 193px;\"><b>BLOC<\/b><\/td>\n<td style=\"width: 461px;\"><b>PROFESSORAT ASSIGNAT<\/b><\/td>\n<td style=\"width: 395px;\"><b>Plataforma<\/b><\/td>\n<\/tr>\n<tr>\n<td style=\"width: 193px;\">TREBALL GLOBALITZAT (IT) + C\u00e0psules<\/td>\n<td style=\"width: 461px;\"><b>Ivan Sangen\u00eds<\/b>, Maria Plazas, N\u00faria Garc\u00eda, Jaume Sayeras, Adriana Suriol, Lourdes Costa, Carol Vega, Mario Fadda, T\u00e0nia Rodr\u00edguez<\/p>\n<p><b>Nom\u00e9s es fan C\u00c0P 1:<\/b><\/p>\n<ul>\n<li>C\u00c0PSULA STEAM: Maria Domingo<\/li>\n<\/ul>\n<p><a href=\"https:\/\/agora.xtec.cat\/iesdrpuigvert\/moodle\/course\/view.php?id=4482\">https:\/\/agora.xtec.cat\/iesdrpuigvert\/moodle\/course\/view.php?id=4482<\/a><\/p>\n<ul>\n<li>Mov. Socials: Silvia Prats<\/li>\n<li>Conf. Hist\u00f2rics: Txeli<\/li>\n<li>Filosofia: Adriana<\/li>\n<\/ul>\n<\/td>\n<td style=\"width: 395px;\">Moodle: Per itineraris<\/p>\n<p>Cient\u00edfic: <a href=\"https:\/\/educaciodigital.cat\/iesdrpuigvert\/moodle\/course\/view.php?id=3782\">https:\/\/educaciodigital.cat\/iesdrpuigvert\/moodle\/course\/view.php?id=3782<\/a><\/p>\n<p style=\"text-align: left;\">Human\u00edstic: <a href=\"https:\/\/educaciodigital.cat\/iesdrpuigvert\/moodle\/course\/view.php?id=3542\">https:\/\/educaciodigital.cat\/iesdrpuigvert\/moodle\/course\/view.php?id=3542<\/a><\/p>\n<p>&nbsp;<\/p>\n<p>Tecnol\u00f2gic:<a href=\"https:\/\/educaciodigital.cat\/iesdrpuigvert\/moodle\/course\/view.php?id=3482\"> https:\/\/educaciodigital.cat\/iesdrpuigvert\/moodle\/course\/view.php?id=3482<\/a><\/p>\n<p>&nbsp;<\/p>\n<p>Art\u00edstic: <a href=\"https:\/\/educaciodigital.cat\/iesdrpuigvert\/moodle\/course\/view.php?id=5262\">https:\/\/educaciodigital.cat\/iesdrpuigvert\/moodle\/course\/view.php?id=5262<\/a><\/p>\n<p>&nbsp;<\/p>\n<p>Binari: A trav\u00e9s del Google Drive<\/p>\n<p>&nbsp;<\/td>\n<\/tr>\n<tr>\n<td style=\"width: 193px;\">LLENG\u00dcES<\/td>\n<td style=\"width: 461px;\"><b>Clara Hern\u00e1ndez,<\/b> Mireia Fontova, Janet Engu\u00eddanos, Pere Carulla, Anna Brendem\u00fchl, Ruben M\u00e1s i Pilar Estany (refor\u00e7)<\/td>\n<td style=\"width: 395px;\">Moodle: Trivial <a href=\"https:\/\/drive.google.com\/file\/d\/1P3xpL5U4wuSZmaL0gUbNJxyQoAGS8bWN\/view?usp=sharing\">(Instruccions)<\/a><\/p>\n<p><a href=\"https:\/\/educaciodigital.cat\/iesdrpuigvert\/moodle\/course\/view.php?id=5202\">https:\/\/educaciodigital.cat\/iesdrpuigvert\/moodle\/course\/view.php?id=5202<\/a><\/td>\n<\/tr>\n<tr>\n<td style=\"width: 193px;\">MATEM\u00c0TIQUES<\/td>\n<td style=\"width: 461px;\"><b>Maria Plazas<\/b>, Choni Morillo<\/td>\n<td style=\"width: 395px;\">Moodle: Mates 4t<\/p>\n<p><a href=\"https:\/\/educaciodigital.cat\/iesdrpuigvert\/moodle\/course\/view.php?id=2602\">https:\/\/educaciodigital.cat\/iesdrpuigvert\/moodle\/course\/view.php?id=2602<\/a><\/td>\n<\/tr>\n<tr>\n<td style=\"width: 193px;\">EDUCACI\u00d3 F\u00cdSICA<\/td>\n<td style=\"width: 461px;\"><b>Enrique de la Hoz<\/b><\/td>\n<td style=\"width: 395px;\">Moodle. Educaci\u00f3 f\u00edsica 4<\/p>\n<p><a href=\"https:\/\/educaciodigital.cat\/iesdrpuigvert\/moodle\/course\/view.php?id=5042\">https:\/\/educaciodigital.cat\/iesdrpuigvert\/moodle\/course\/view.php?id=5042<\/a><\/td>\n<\/tr>\n<tr>\n<td style=\"width: 193px;\">SUPORT ORIENTACI\u00d3, AA<\/td>\n<td style=\"width: 461px;\"><b>No\u00e8lia G\u00f3mez,<\/b> Zaida Tebar, Jaume Esteve, Annie Pugnau<\/td>\n<td style=\"width: 395px;\"><\/td>\n<\/tr>\n<\/tbody>\n<\/table>\n<p>Us seguim demanant que ompliu aquest formulari <a href=\"https:\/\/docs.google.com\/forms\/d\/e\/1FAIpQLSffZJsW2jrA1LLuhvpSV4O9cwa7PkufTpnz1UZJuAseSAZO9A\/viewform\">FORMULARI DADES FAM\u00cdLIES<\/a> per poder actualitzar la nostra bases de dades.<\/p>\n<p>&nbsp;<\/p>\n<p>ENS EN SORTIREM!!<\/p>\n","protected":false},"excerpt":{"rendered":"<p>Pla educatiu durant el confinament (14\/03-19\/06)<\/p>\n<p>A partir del 14 d&#8217;abril ha comen\u00e7at la tercera avaluaci\u00f3 del curs 2019-20. Tot l&#8217;alumnat del Doctor Puigvert ha de connectar-se al Moodle i estar en contacte amb els seus professors i tutors per fer el seguiment online dels quatre&hellip;  <a href=\"https:\/\/agora.xtec.cat\/iesdrpuigvert\/quarantena-covid-19-feines\/\" title=\"Read Quarantena Covid-19 (feines)\">Llegeix m\u00e9s\u00bb<\/a><\/p>\n","protected":false},"author":1,"featured_media":0,"parent":0,"menu_order":0,"comment_status":"closed","ping_status":"closed","template":"","meta":{"_bbp_topic_count":0,"_bbp_reply_count":0,"_bbp_total_topic_count":0,"_bbp_total_reply_count":0,"_bbp_voice_count":0,"_bbp_anonymous_reply_count":0,"_bbp_topic_count_hidden":0,"_bbp_reply_count_hidden":0,"_bbp_forum_subforum_count":0,"footnotes":""},"class_list":["post-1230","page","type-page","status-publish","hentry"],"post_mailing_queue_ids":[],"_links":{"self":[{"href":"https:\/\/agora.xtec.cat\/iesdrpuigvert\/wp-json\/wp\/v2\/pages\/1230","targetHints":{"allow":["GET"]}}],"collection":[{"href":"https:\/\/agora.xtec.cat\/iesdrpuigvert\/wp-json\/wp\/v2\/pages"}],"about":[{"href":"https:\/\/agora.xtec.cat\/iesdrpuigvert\/wp-json\/wp\/v2\/types\/page"}],"author":[{"embeddable":true,"href":"https:\/\/agora.xtec.cat\/iesdrpuigvert\/wp-json\/wp\/v2\/users\/1"}],"replies":[{"embeddable":true,"href":"https:\/\/agora.xtec.cat\/iesdrpuigvert\/wp-json\/wp\/v2\/comments?post=1230"}],"version-history":[{"count":4,"href":"https:\/\/agora.xtec.cat\/iesdrpuigvert\/wp-json\/wp\/v2\/pages\/1230\/revisions"}],"predecessor-version":[{"id":1457,"href":"https:\/\/agora.xtec.cat\/iesdrpuigvert\/wp-json\/wp\/v2\/pages\/1230\/revisions\/1457"}],"wp:attachment":[{"href":"https:\/\/agora.xtec.cat\/iesdrpuigvert\/wp-json\/wp\/v2\/media?parent=1230"}],"curies":[{"name":"wp","href":"https:\/\/api.w.org\/{rel}","templated":true}]}}