{"id":950,"date":"2025-11-12T14:37:45","date_gmt":"2025-11-12T13:37:45","guid":{"rendered":"https:\/\/agora.xtec.cat\/iesdeulofeu\/?page_id=950"},"modified":"2025-11-14T12:28:13","modified_gmt":"2025-11-14T11:28:13","slug":"llistat-de-llibres","status":"publish","type":"page","link":"https:\/\/agora.xtec.cat\/iesdeulofeu\/families\/llistat-de-llibres\/","title":{"rendered":"Llistat de llibres"},"content":{"rendered":"\n<p>En els documents adjunts a aquesta p\u00e0gina hi trobareu els llistats de llibres necessaris per&nbsp;cada nivell.<\/p>\n\n\n\n<div class=\"wp-block-getwid-accordion has-icon-left\" data-active-element=\"none\">\n<div class=\"wp-block-getwid-accordion__header-wrapper\"><span class=\"wp-block-getwid-accordion__header\"><a href=\"#\"><span class=\"wp-block-getwid-accordion__header-title\">1r ESO<\/span><span class=\"wp-block-getwid-accordion__icon is-active\"><i class=\"fas fa-plus\"><\/i><\/span><span class=\"wp-block-getwid-accordion__icon is-passive\"><i class=\"fas fa-minus\"><\/i><\/span><\/a><\/span><\/div><div class=\"wp-block-getwid-accordion__content-wrapper\"><div class=\"wp-block-getwid-accordion__content\">\n<p><\/p>\n\n\n\n<div data-wp-interactive=\"core\/file\" class=\"wp-block-file\"><object data-wp-bind--hidden=\"!state.hasPdfPreview\" hidden class=\"wp-block-file__embed\" data=\"https:\/\/agora.xtec.cat\/iesdeulofeu\/wp-content\/uploads\/usu3605\/2025\/11\/11.4.0.8.0-Llibres-1r-ESO-25-26.pdf\" type=\"application\/pdf\" style=\"width:100%;height:600px\" aria-label=\"Incrustaci\u00f3 del fitxer 11.4.0.8.0 Llibres 1r ESO 25-26.\"><\/object><a id=\"wp-block-file--media-b69d8855-0aad-446e-9ba5-08e580107ed6\" href=\"https:\/\/agora.xtec.cat\/iesdeulofeu\/wp-content\/uploads\/usu3605\/2025\/11\/11.4.0.8.0-Llibres-1r-ESO-25-26.pdf\">11.4.0.8.0 Llibres 1r ESO 25-26<\/a><a href=\"https:\/\/agora.xtec.cat\/iesdeulofeu\/wp-content\/uploads\/usu3605\/2025\/11\/11.4.0.8.0-Llibres-1r-ESO-25-26.pdf\" class=\"wp-block-file__button wp-element-button\" download aria-describedby=\"wp-block-file--media-b69d8855-0aad-446e-9ba5-08e580107ed6\">Baixa<\/a><\/div>\n<\/div><\/div>\n\n\n\n<div class=\"wp-block-getwid-accordion__header-wrapper\"><span class=\"wp-block-getwid-accordion__header\"><a href=\"#\"><span class=\"wp-block-getwid-accordion__header-title\">2n ESO<\/span><span class=\"wp-block-getwid-accordion__icon is-active\"><i class=\"fas fa-plus\"><\/i><\/span><span class=\"wp-block-getwid-accordion__icon is-passive\"><i class=\"fas fa-minus\"><\/i><\/span><\/a><\/span><\/div><div class=\"wp-block-getwid-accordion__content-wrapper\"><div class=\"wp-block-getwid-accordion__content\">\n<p><\/p>\n\n\n\n<div data-wp-interactive=\"core\/file\" class=\"wp-block-file\"><object data-wp-bind--hidden=\"!state.hasPdfPreview\" hidden class=\"wp-block-file__embed\" data=\"https:\/\/agora.xtec.cat\/iesdeulofeu\/wp-content\/uploads\/usu3605\/2025\/11\/11.5.0.8.0-Llibres-2n-ESO-25-26-1.pdf\" type=\"application\/pdf\" style=\"width:100%;height:600px\" aria-label=\"Incrustaci\u00f3 del fitxer 11.5.0.8.0 Llibres 2n ESO 25-26.\"><\/object><a id=\"wp-block-file--media-1a6e7531-3a6f-4817-9c36-e8054042d5ef\" href=\"https:\/\/agora.xtec.cat\/iesdeulofeu\/wp-content\/uploads\/usu3605\/2025\/11\/11.5.0.8.0-Llibres-2n-ESO-25-26-1.pdf\">11.5.0.8.0 Llibres 2n ESO 25-26<\/a><a href=\"https:\/\/agora.xtec.cat\/iesdeulofeu\/wp-content\/uploads\/usu3605\/2025\/11\/11.5.0.8.0-Llibres-2n-ESO-25-26-1.pdf\" class=\"wp-block-file__button wp-element-button\" download aria-describedby=\"wp-block-file--media-1a6e7531-3a6f-4817-9c36-e8054042d5ef\">Baixa<\/a><\/div>\n<\/div><\/div>\n\n\n\n<div class=\"wp-block-getwid-accordion__header-wrapper\"><span class=\"wp-block-getwid-accordion__header\"><a href=\"#\"><span class=\"wp-block-getwid-accordion__header-title\">3r ESO<\/span><span class=\"wp-block-getwid-accordion__icon is-active\"><i class=\"fas fa-plus\"><\/i><\/span><span class=\"wp-block-getwid-accordion__icon is-passive\"><i class=\"fas fa-minus\"><\/i><\/span><\/a><\/span><\/div><div class=\"wp-block-getwid-accordion__content-wrapper\"><div class=\"wp-block-getwid-accordion__content\">\n<p><\/p>\n\n\n\n<div data-wp-interactive=\"core\/file\" class=\"wp-block-file\"><object data-wp-bind--hidden=\"!state.hasPdfPreview\" hidden class=\"wp-block-file__embed\" data=\"https:\/\/agora.xtec.cat\/iesdeulofeu\/wp-content\/uploads\/usu3605\/2025\/11\/11.6.0.8.0-Llibres-3r-ESO-25-26.pdf\" type=\"application\/pdf\" style=\"width:100%;height:600px\" aria-label=\"Incrustaci\u00f3 del fitxer 11.6.0.8.0 Llibres 3r ESO 25-26.\"><\/object><a id=\"wp-block-file--media-ebd0c8c1-a28b-41ec-aff8-3a5a86642d36\" href=\"https:\/\/agora.xtec.cat\/iesdeulofeu\/wp-content\/uploads\/usu3605\/2025\/11\/11.6.0.8.0-Llibres-3r-ESO-25-26.pdf\">11.6.0.8.0 Llibres 3r ESO 25-26<\/a><a href=\"https:\/\/agora.xtec.cat\/iesdeulofeu\/wp-content\/uploads\/usu3605\/2025\/11\/11.6.0.8.0-Llibres-3r-ESO-25-26.pdf\" class=\"wp-block-file__button wp-element-button\" download aria-describedby=\"wp-block-file--media-ebd0c8c1-a28b-41ec-aff8-3a5a86642d36\">Baixa<\/a><\/div>\n<\/div><\/div>\n\n\n\n<div class=\"wp-block-getwid-accordion__header-wrapper\"><span class=\"wp-block-getwid-accordion__header\"><a href=\"#\"><span class=\"wp-block-getwid-accordion__header-title\">4t ESO<\/span><span class=\"wp-block-getwid-accordion__icon is-active\"><i class=\"fas fa-plus\"><\/i><\/span><span class=\"wp-block-getwid-accordion__icon is-passive\"><i class=\"fas fa-minus\"><\/i><\/span><\/a><\/span><\/div><div class=\"wp-block-getwid-accordion__content-wrapper\"><div class=\"wp-block-getwid-accordion__content\">\n<p><\/p>\n\n\n\n<div data-wp-interactive=\"core\/file\" class=\"wp-block-file\"><object data-wp-bind--hidden=\"!state.hasPdfPreview\" hidden class=\"wp-block-file__embed\" data=\"https:\/\/agora.xtec.cat\/iesdeulofeu\/wp-content\/uploads\/usu3605\/2025\/11\/11.7.0.8.0-Llibres-4t-ESO-25-26.pdf\" type=\"application\/pdf\" style=\"width:100%;height:600px\" aria-label=\"Incrustaci\u00f3 del fitxer 11.7.0.8.0 Llibres 4t ESO 25-26.\"><\/object><a id=\"wp-block-file--media-43c0cf20-2362-4342-83cf-a67d76c65f46\" href=\"https:\/\/agora.xtec.cat\/iesdeulofeu\/wp-content\/uploads\/usu3605\/2025\/11\/11.7.0.8.0-Llibres-4t-ESO-25-26.pdf\">11.7.0.8.0 Llibres 4t ESO 25-26<\/a><a href=\"https:\/\/agora.xtec.cat\/iesdeulofeu\/wp-content\/uploads\/usu3605\/2025\/11\/11.7.0.8.0-Llibres-4t-ESO-25-26.pdf\" class=\"wp-block-file__button wp-element-button\" download aria-describedby=\"wp-block-file--media-43c0cf20-2362-4342-83cf-a67d76c65f46\">Baixa<\/a><\/div>\n<\/div><\/div>\n\n\n\n<div class=\"wp-block-getwid-accordion__header-wrapper\"><span class=\"wp-block-getwid-accordion__header\"><a href=\"#\"><span class=\"wp-block-getwid-accordion__header-title\">1r BAT d&#8217;Arts pl\u00e0stiques, imatge i disseny<\/span><span class=\"wp-block-getwid-accordion__icon is-active\"><i class=\"fas fa-plus\"><\/i><\/span><span class=\"wp-block-getwid-accordion__icon is-passive\"><i class=\"fas fa-minus\"><\/i><\/span><\/a><\/span><\/div><div class=\"wp-block-getwid-accordion__content-wrapper\"><div class=\"wp-block-getwid-accordion__content\">\n<p><\/p>\n\n\n\n<div data-wp-interactive=\"core\/file\" class=\"wp-block-file\"><object data-wp-bind--hidden=\"!state.hasPdfPreview\" hidden class=\"wp-block-file__embed\" data=\"https:\/\/agora.xtec.cat\/iesdeulofeu\/wp-content\/uploads\/usu3605\/2025\/11\/11.8.1.8.0-Llibres-1r-BAT-A-25-26.pdf\" type=\"application\/pdf\" style=\"width:100%;height:600px\" aria-label=\"Incrustaci\u00f3 del fitxer 11.8.1.8.0 Llibres 1r BAT A 25-26.\"><\/object><a id=\"wp-block-file--media-8840c67d-e481-418f-a41d-0a620388ac42\" href=\"https:\/\/agora.xtec.cat\/iesdeulofeu\/wp-content\/uploads\/usu3605\/2025\/11\/11.8.1.8.0-Llibres-1r-BAT-A-25-26.pdf\">11.8.1.8.0 Llibres 1r BAT A 25-26<\/a><a href=\"https:\/\/agora.xtec.cat\/iesdeulofeu\/wp-content\/uploads\/usu3605\/2025\/11\/11.8.1.8.0-Llibres-1r-BAT-A-25-26.pdf\" class=\"wp-block-file__button wp-element-button\" download aria-describedby=\"wp-block-file--media-8840c67d-e481-418f-a41d-0a620388ac42\">Baixa<\/a><\/div>\n<\/div><\/div>\n\n\n\n<div class=\"wp-block-getwid-accordion__header-wrapper\"><span class=\"wp-block-getwid-accordion__header\"><a href=\"#\"><span class=\"wp-block-getwid-accordion__header-title\">1r BAT de M\u00fasica i arts esc\u00e8niques<\/span><span class=\"wp-block-getwid-accordion__icon is-active\"><i class=\"fas fa-plus\"><\/i><\/span><span class=\"wp-block-getwid-accordion__icon is-passive\"><i class=\"fas fa-minus\"><\/i><\/span><\/a><\/span><\/div><div class=\"wp-block-getwid-accordion__content-wrapper\"><div class=\"wp-block-getwid-accordion__content\">\n<p><\/p>\n\n\n\n<div data-wp-interactive=\"core\/file\" class=\"wp-block-file\"><object data-wp-bind--hidden=\"!state.hasPdfPreview\" hidden class=\"wp-block-file__embed\" data=\"https:\/\/agora.xtec.cat\/iesdeulofeu\/wp-content\/uploads\/usu3605\/2025\/11\/11.8.4.8.0-Llibres-1r-BAT-D-25-26.pdf\" type=\"application\/pdf\" style=\"width:100%;height:600px\" aria-label=\"Incrustaci\u00f3 del fitxer 11.8.4.8.0 Llibres 1r BAT D 25-26.\"><\/object><a id=\"wp-block-file--media-0462eb41-9482-4e01-9ec5-9521b01f0e47\" href=\"https:\/\/agora.xtec.cat\/iesdeulofeu\/wp-content\/uploads\/usu3605\/2025\/11\/11.8.4.8.0-Llibres-1r-BAT-D-25-26.pdf\">11.8.4.8.0 Llibres 1r BAT D 25-26<\/a><a href=\"https:\/\/agora.xtec.cat\/iesdeulofeu\/wp-content\/uploads\/usu3605\/2025\/11\/11.8.4.8.0-Llibres-1r-BAT-D-25-26.pdf\" class=\"wp-block-file__button wp-element-button\" download aria-describedby=\"wp-block-file--media-0462eb41-9482-4e01-9ec5-9521b01f0e47\">Baixa<\/a><\/div>\n<\/div><\/div>\n\n\n\n<div class=\"wp-block-getwid-accordion__header-wrapper\"><span class=\"wp-block-getwid-accordion__header\"><a href=\"#\"><span class=\"wp-block-getwid-accordion__header-title\">1r BAT d&#8217;Humanitats i ci\u00e8ncies socials<\/span><span class=\"wp-block-getwid-accordion__icon is-active\"><i class=\"fas fa-plus\"><\/i><\/span><span class=\"wp-block-getwid-accordion__icon is-passive\"><i class=\"fas fa-minus\"><\/i><\/span><\/a><\/span><\/div><div class=\"wp-block-getwid-accordion__content-wrapper\"><div class=\"wp-block-getwid-accordion__content\">\n<p><\/p>\n\n\n\n<div data-wp-interactive=\"core\/file\" class=\"wp-block-file\"><object data-wp-bind--hidden=\"!state.hasPdfPreview\" hidden class=\"wp-block-file__embed\" data=\"https:\/\/agora.xtec.cat\/iesdeulofeu\/wp-content\/uploads\/usu3605\/2025\/11\/11.8.2.8.0-Llibres-1r-BAT-B-25-26.pdf\" type=\"application\/pdf\" style=\"width:100%;height:600px\" aria-label=\"Incrustaci\u00f3 del fitxer 11.8.2.8.0 Llibres 1r BAT B 25-26.\"><\/object><a id=\"wp-block-file--media-5f0cf564-5483-4720-89c0-4c0906bdfcfe\" href=\"https:\/\/agora.xtec.cat\/iesdeulofeu\/wp-content\/uploads\/usu3605\/2025\/11\/11.8.2.8.0-Llibres-1r-BAT-B-25-26.pdf\">11.8.2.8.0 Llibres 1r BAT B 25-26<\/a><a href=\"https:\/\/agora.xtec.cat\/iesdeulofeu\/wp-content\/uploads\/usu3605\/2025\/11\/11.8.2.8.0-Llibres-1r-BAT-B-25-26.pdf\" class=\"wp-block-file__button wp-element-button\" download aria-describedby=\"wp-block-file--media-5f0cf564-5483-4720-89c0-4c0906bdfcfe\">Baixa<\/a><\/div>\n<\/div><\/div>\n\n\n\n<div class=\"wp-block-getwid-accordion__header-wrapper\"><span class=\"wp-block-getwid-accordion__header\"><a href=\"#\"><span class=\"wp-block-getwid-accordion__header-title\">1r BAT de Ci\u00e8ncies i tecnologia<\/span><span class=\"wp-block-getwid-accordion__icon is-active\"><i class=\"fas fa-plus\"><\/i><\/span><span class=\"wp-block-getwid-accordion__icon is-passive\"><i class=\"fas fa-minus\"><\/i><\/span><\/a><\/span><\/div><div class=\"wp-block-getwid-accordion__content-wrapper\"><div class=\"wp-block-getwid-accordion__content\">\n<p><\/p>\n\n\n\n<div data-wp-interactive=\"core\/file\" class=\"wp-block-file\"><object data-wp-bind--hidden=\"!state.hasPdfPreview\" hidden class=\"wp-block-file__embed\" data=\"https:\/\/agora.xtec.cat\/iesdeulofeu\/wp-content\/uploads\/usu3605\/2025\/11\/11.8.3.8.0-Llibres-1r-BAT-C-25-26.pdf\" type=\"application\/pdf\" style=\"width:100%;height:600px\" aria-label=\"Incrustaci\u00f3 del fitxer 11.8.3.8.0 Llibres 1r BAT C 25-26.\"><\/object><a id=\"wp-block-file--media-8f6ba92f-ffa0-40c9-aff8-8aa47e79d579\" href=\"https:\/\/agora.xtec.cat\/iesdeulofeu\/wp-content\/uploads\/usu3605\/2025\/11\/11.8.3.8.0-Llibres-1r-BAT-C-25-26.pdf\">11.8.3.8.0 Llibres 1r BAT C 25-26<\/a><a href=\"https:\/\/agora.xtec.cat\/iesdeulofeu\/wp-content\/uploads\/usu3605\/2025\/11\/11.8.3.8.0-Llibres-1r-BAT-C-25-26.pdf\" class=\"wp-block-file__button wp-element-button\" download aria-describedby=\"wp-block-file--media-8f6ba92f-ffa0-40c9-aff8-8aa47e79d579\">Baixa<\/a><\/div>\n<\/div><\/div>\n\n\n\n<div class=\"wp-block-getwid-accordion__header-wrapper\"><span class=\"wp-block-getwid-accordion__header\"><a href=\"#\"><span class=\"wp-block-getwid-accordion__header-title\">2n BAT d&#8217;Arts pl\u00e0stiques, imatge i disseny<\/span><span class=\"wp-block-getwid-accordion__icon is-active\"><i class=\"fas fa-plus\"><\/i><\/span><span class=\"wp-block-getwid-accordion__icon is-passive\"><i class=\"fas fa-minus\"><\/i><\/span><\/a><\/span><\/div><div class=\"wp-block-getwid-accordion__content-wrapper\"><div class=\"wp-block-getwid-accordion__content\">\n<p><\/p>\n\n\n\n<div data-wp-interactive=\"core\/file\" class=\"wp-block-file\"><object data-wp-bind--hidden=\"!state.hasPdfPreview\" hidden class=\"wp-block-file__embed\" data=\"https:\/\/agora.xtec.cat\/iesdeulofeu\/wp-content\/uploads\/usu3605\/2025\/11\/11.9.1.8.0-Llibres-2n-BAT-A-25-26.pdf\" type=\"application\/pdf\" style=\"width:100%;height:600px\" aria-label=\"Incrustaci\u00f3 del fitxer 11.9.1.8.0 Llibres 2n BAT A 25-26.\"><\/object><a id=\"wp-block-file--media-486af32f-6330-41d4-be2a-607f54e26e2c\" href=\"https:\/\/agora.xtec.cat\/iesdeulofeu\/wp-content\/uploads\/usu3605\/2025\/11\/11.9.1.8.0-Llibres-2n-BAT-A-25-26.pdf\">11.9.1.8.0 Llibres 2n BAT A 25-26<\/a><a href=\"https:\/\/agora.xtec.cat\/iesdeulofeu\/wp-content\/uploads\/usu3605\/2025\/11\/11.9.1.8.0-Llibres-2n-BAT-A-25-26.pdf\" class=\"wp-block-file__button wp-element-button\" download aria-describedby=\"wp-block-file--media-486af32f-6330-41d4-be2a-607f54e26e2c\">Baixa<\/a><\/div>\n<\/div><\/div>\n\n\n\n<div class=\"wp-block-getwid-accordion__header-wrapper\"><span class=\"wp-block-getwid-accordion__header\"><a href=\"#\"><span class=\"wp-block-getwid-accordion__header-title\">2n BAT d&#8217;Arts esc\u00e8niques i m\u00fasica<\/span><span class=\"wp-block-getwid-accordion__icon is-active\"><i class=\"fas fa-plus\"><\/i><\/span><span class=\"wp-block-getwid-accordion__icon is-passive\"><i class=\"fas fa-minus\"><\/i><\/span><\/a><\/span><\/div><div class=\"wp-block-getwid-accordion__content-wrapper\"><div class=\"wp-block-getwid-accordion__content\">\n<p><\/p>\n\n\n\n<div data-wp-interactive=\"core\/file\" class=\"wp-block-file\"><object data-wp-bind--hidden=\"!state.hasPdfPreview\" hidden class=\"wp-block-file__embed\" data=\"https:\/\/agora.xtec.cat\/iesdeulofeu\/wp-content\/uploads\/usu3605\/2025\/11\/11.9.4.8.0-Llibres-2n-BAT-D-25-26-1.pdf\" type=\"application\/pdf\" style=\"width:100%;height:600px\" aria-label=\"Incrustaci\u00f3 del fitxer 11.9.4.8.0 Llibres 2n BAT D 25-26.\"><\/object><a id=\"wp-block-file--media-60a895bd-13c8-4c5d-a37d-15147a1ff86a\" href=\"https:\/\/agora.xtec.cat\/iesdeulofeu\/wp-content\/uploads\/usu3605\/2025\/11\/11.9.4.8.0-Llibres-2n-BAT-D-25-26-1.pdf\">11.9.4.8.0 Llibres 2n BAT D 25-26<\/a><a href=\"https:\/\/agora.xtec.cat\/iesdeulofeu\/wp-content\/uploads\/usu3605\/2025\/11\/11.9.4.8.0-Llibres-2n-BAT-D-25-26-1.pdf\" class=\"wp-block-file__button wp-element-button\" download aria-describedby=\"wp-block-file--media-60a895bd-13c8-4c5d-a37d-15147a1ff86a\">Baixa<\/a><\/div>\n<\/div><\/div>\n\n\n\n<div class=\"wp-block-getwid-accordion__header-wrapper\"><span class=\"wp-block-getwid-accordion__header\"><a href=\"#\"><span class=\"wp-block-getwid-accordion__header-title\">2n BAT d&#8217;Humanitats i ci\u00e8ncies socials<\/span><span class=\"wp-block-getwid-accordion__icon is-active\"><i class=\"fas fa-plus\"><\/i><\/span><span class=\"wp-block-getwid-accordion__icon is-passive\"><i class=\"fas fa-minus\"><\/i><\/span><\/a><\/span><\/div><div class=\"wp-block-getwid-accordion__content-wrapper\"><div class=\"wp-block-getwid-accordion__content\">\n<p><\/p>\n\n\n\n<div data-wp-interactive=\"core\/file\" class=\"wp-block-file\"><object data-wp-bind--hidden=\"!state.hasPdfPreview\" hidden class=\"wp-block-file__embed\" data=\"https:\/\/agora.xtec.cat\/iesdeulofeu\/wp-content\/uploads\/usu3605\/2025\/11\/11.9.2.8.0-Llibres-2n-BAT-B-25-26.pdf\" type=\"application\/pdf\" style=\"width:100%;height:600px\" aria-label=\"Incrustaci\u00f3 del fitxer 11.9.2.8.0 Llibres 2n BAT B 25-26.\"><\/object><a id=\"wp-block-file--media-f2ea57f3-050b-49fc-a33b-4a2bc463153c\" href=\"https:\/\/agora.xtec.cat\/iesdeulofeu\/wp-content\/uploads\/usu3605\/2025\/11\/11.9.2.8.0-Llibres-2n-BAT-B-25-26.pdf\">11.9.2.8.0 Llibres 2n BAT B 25-26<\/a><a href=\"https:\/\/agora.xtec.cat\/iesdeulofeu\/wp-content\/uploads\/usu3605\/2025\/11\/11.9.2.8.0-Llibres-2n-BAT-B-25-26.pdf\" class=\"wp-block-file__button wp-element-button\" download aria-describedby=\"wp-block-file--media-f2ea57f3-050b-49fc-a33b-4a2bc463153c\">Baixa<\/a><\/div>\n<\/div><\/div>\n\n\n\n<div class=\"wp-block-getwid-accordion__header-wrapper\"><span class=\"wp-block-getwid-accordion__header\"><a href=\"#\"><span class=\"wp-block-getwid-accordion__header-title\">2n BAT de Ci\u00e8ncies i tecnologia<\/span><span class=\"wp-block-getwid-accordion__icon is-active\"><i class=\"fas fa-plus\"><\/i><\/span><span class=\"wp-block-getwid-accordion__icon is-passive\"><i class=\"fas fa-minus\"><\/i><\/span><\/a><\/span><\/div><div class=\"wp-block-getwid-accordion__content-wrapper\"><div class=\"wp-block-getwid-accordion__content\">\n<p><\/p>\n\n\n\n<div data-wp-interactive=\"core\/file\" class=\"wp-block-file\"><object data-wp-bind--hidden=\"!state.hasPdfPreview\" hidden class=\"wp-block-file__embed\" data=\"https:\/\/agora.xtec.cat\/iesdeulofeu\/wp-content\/uploads\/usu3605\/2025\/11\/11.9.3.8.0-Llibres-2n-BAT-C-25-26.pdf\" type=\"application\/pdf\" style=\"width:100%;height:600px\" aria-label=\"Incrustaci\u00f3 del fitxer 11.9.3.8.0 Llibres 2n BAT C 25-26.\"><\/object><a id=\"wp-block-file--media-261e5411-af85-49d7-8def-7d2931c3a2fd\" href=\"https:\/\/agora.xtec.cat\/iesdeulofeu\/wp-content\/uploads\/usu3605\/2025\/11\/11.9.3.8.0-Llibres-2n-BAT-C-25-26.pdf\">11.9.3.8.0 Llibres 2n BAT C 25-26<\/a><a href=\"https:\/\/agora.xtec.cat\/iesdeulofeu\/wp-content\/uploads\/usu3605\/2025\/11\/11.9.3.8.0-Llibres-2n-BAT-C-25-26.pdf\" class=\"wp-block-file__button wp-element-button\" download aria-describedby=\"wp-block-file--media-261e5411-af85-49d7-8def-7d2931c3a2fd\">Baixa<\/a><\/div>\n<\/div><\/div>\n\n\n\n<div class=\"wp-block-getwid-accordion__header-wrapper\"><span class=\"wp-block-getwid-accordion__header\"><a href=\"#\"><span class=\"wp-block-getwid-accordion__header-title\">Formaci\u00f3 professional<\/span><span class=\"wp-block-getwid-accordion__icon is-active\"><i class=\"fas fa-plus\"><\/i><\/span><span class=\"wp-block-getwid-accordion__icon is-passive\"><i class=\"fas fa-minus\"><\/i><\/span><\/a><\/span><\/div><div class=\"wp-block-getwid-accordion__content-wrapper\"><div class=\"wp-block-getwid-accordion__content\">\n<p>Aqu\u00ed trobareu els llistats de llibres dels Cicles de formaci\u00f3 professional de Grau mitj\u00e0 de <strong>Cures auxiliars d&#8217;infermeria<\/strong>, de <strong>Farm\u00e0cia i parafarm\u00e0cia<\/strong> i del Cicle de formaci\u00f1o professiona de grau superior de <strong>Diet\u00e8tica<\/strong>.<\/p>\n\n\n\n<div data-wp-interactive=\"core\/file\" class=\"wp-block-file\"><object data-wp-bind--hidden=\"!state.hasPdfPreview\" hidden class=\"wp-block-file__embed\" data=\"https:\/\/agora.xtec.cat\/iesdeulofeu\/wp-content\/uploads\/usu3605\/2025\/11\/11.10.0.8.0-Llibres-CCFF.pdf\" type=\"application\/pdf\" style=\"width:100%;height:600px\" aria-label=\"Incrustaci\u00f3 del fitxer 11.10.0.8.0 Llibres CCFF.\"><\/object><a id=\"wp-block-file--media-ad6261bc-f79e-4434-bf0e-76b5df1e0998\" href=\"https:\/\/agora.xtec.cat\/iesdeulofeu\/wp-content\/uploads\/usu3605\/2025\/11\/11.10.0.8.0-Llibres-CCFF.pdf\">11.10.0.8.0 Llibres CCFF<\/a><a href=\"https:\/\/agora.xtec.cat\/iesdeulofeu\/wp-content\/uploads\/usu3605\/2025\/11\/11.10.0.8.0-Llibres-CCFF.pdf\" class=\"wp-block-file__button wp-element-button\" download aria-describedby=\"wp-block-file--media-ad6261bc-f79e-4434-bf0e-76b5df1e0998\">Baixa<\/a><\/div>\n<\/div><\/div>\n<\/div>\n","protected":false},"excerpt":{"rendered":"<p>En els documents adjunts a aquesta p\u00e0gina hi trobareu els llistats de llibres necessaris per&nbsp;cada nivell.<\/p>\n","protected":false},"author":1,"featured_media":0,"parent":621,"menu_order":0,"comment_status":"closed","ping_status":"closed","template":"","meta":{"site-sidebar-layout":"default","site-content-layout":"","ast-site-content-layout":"default","site-content-style":"default","site-sidebar-style":"default","ast-global-header-display":"","ast-banner-title-visibility":"","ast-main-header-display":"","ast-hfb-above-header-display":"","ast-hfb-below-header-display":"","ast-hfb-mobile-header-display":"","site-post-title":"","ast-breadcrumbs-content":"","ast-featured-img":"","footer-sml-layout":"","theme-transparent-header-meta":"","adv-header-id-meta":"","stick-header-meta":"","header-above-stick-meta":"","header-main-stick-meta":"","header-below-stick-meta":"","astra-migrate-meta-layouts":"set","ast-page-background-enabled":"default","ast-page-background-meta":{"desktop":{"background-color":"var(--ast-global-color-4)","background-image":"","background-repeat":"repeat","background-position":"center center","background-size":"auto","background-attachment":"scroll","background-type":"","background-media":"","overlay-type":"","overlay-color":"","overlay-opacity":"","overlay-gradient":""},"tablet":{"background-color":"","background-image":"","background-repeat":"repeat","background-position":"center center","background-size":"auto","background-attachment":"scroll","background-type":"","background-media":"","overlay-type":"","overlay-color":"","overlay-opacity":"","overlay-gradient":""},"mobile":{"background-color":"","background-image":"","background-repeat":"repeat","background-position":"center center","background-size":"auto","background-attachment":"scroll","background-type":"","background-media":"","overlay-type":"","overlay-color":"","overlay-opacity":"","overlay-gradient":""}},"ast-content-background-meta":{"desktop":{"background-color":"var(--ast-global-color-5)","background-image":"","background-repeat":"repeat","background-position":"center center","background-size":"auto","background-attachment":"scroll","background-type":"","background-media":"","overlay-type":"","overlay-color":"","overlay-opacity":"","overlay-gradient":""},"tablet":{"background-color":"var(--ast-global-color-5)","background-image":"","background-repeat":"repeat","background-position":"center center","background-size":"auto","background-attachment":"scroll","background-type":"","background-media":"","overlay-type":"","overlay-color":"","overlay-opacity":"","overlay-gradient":""},"mobile":{"background-color":"var(--ast-global-color-5)","background-image":"","background-repeat":"repeat","background-position":"center center","background-size":"auto","background-attachment":"scroll","background-type":"","background-media":"","overlay-type":"","overlay-color":"","overlay-opacity":"","overlay-gradient":""}},"footnotes":""},"class_list":["post-950","page","type-page","status-publish","hentry"],"post_mailing_queue_ids":[],"_links":{"self":[{"href":"https:\/\/agora.xtec.cat\/iesdeulofeu\/wp-json\/wp\/v2\/pages\/950","targetHints":{"allow":["GET"]}}],"collection":[{"href":"https:\/\/agora.xtec.cat\/iesdeulofeu\/wp-json\/wp\/v2\/pages"}],"about":[{"href":"https:\/\/agora.xtec.cat\/iesdeulofeu\/wp-json\/wp\/v2\/types\/page"}],"author":[{"embeddable":true,"href":"https:\/\/agora.xtec.cat\/iesdeulofeu\/wp-json\/wp\/v2\/users\/1"}],"replies":[{"embeddable":true,"href":"https:\/\/agora.xtec.cat\/iesdeulofeu\/wp-json\/wp\/v2\/comments?post=950"}],"version-history":[{"count":4,"href":"https:\/\/agora.xtec.cat\/iesdeulofeu\/wp-json\/wp\/v2\/pages\/950\/revisions"}],"predecessor-version":[{"id":992,"href":"https:\/\/agora.xtec.cat\/iesdeulofeu\/wp-json\/wp\/v2\/pages\/950\/revisions\/992"}],"up":[{"embeddable":true,"href":"https:\/\/agora.xtec.cat\/iesdeulofeu\/wp-json\/wp\/v2\/pages\/621"}],"wp:attachment":[{"href":"https:\/\/agora.xtec.cat\/iesdeulofeu\/wp-json\/wp\/v2\/media?parent=950"}],"curies":[{"name":"wp","href":"https:\/\/api.w.org\/{rel}","templated":true}]}}