{"id":879,"date":"2025-10-21T11:46:10","date_gmt":"2025-10-21T09:46:10","guid":{"rendered":"https:\/\/agora.xtec.cat\/iesdeulofeu\/?page_id=879"},"modified":"2025-12-19T18:08:35","modified_gmt":"2025-12-19T17:08:35","slug":"orientacio","status":"publish","type":"page","link":"https:\/\/agora.xtec.cat\/iesdeulofeu\/families\/orientacio\/","title":{"rendered":"Orientaci\u00f3"},"content":{"rendered":"\n<p>El proc\u00e9s orientador inclou les actuacions d&#8217;orientaci\u00f3 personal, acad\u00e8mica i professional per afavorir en l&#8217;alumnat l&#8217;autoconeixement i l&#8217;aprenentatge de la presa de decisions en el proc\u00e9s de construcci\u00f3 del propi itinerari formatiu i projecte de vida. A cada nivell hi ha una professora d&#8217;orientaci\u00f3 educativa referent per als alumnes per ajudar-los i orientar-los en aquest proc\u00e9s, juntament amb el tutor o tutora.<\/p>\n\n\n\n<div class=\"wp-block-getwid-tabs\" data-active-tab=\"0\"><ul class=\"wp-block-getwid-tabs__nav-links\"><\/ul>\n<div class=\"wp-block-getwid-tabs__nav-link\"><span class=\"wp-block-getwid-tabs__title-wrapper\"><a href=\"#\"><span class=\"wp-block-getwid-tabs__title\">Q\u00fcestionaris d&#8217;orientaci\u00f3<\/span><\/a><\/span><\/div><div class=\"wp-block-getwid-tabs__tab-content-wrapper\"><div class=\"wp-block-getwid-tabs__tab-content\">\n<p>En els seg\u00fcents enlla\u00e7os hi podreu trobar q\u00fcestionaris que us poden ajudar a escollir els estudis a seguir:<\/p>\n\n\n\n<ul class=\"wp-block-list\">\n<li><strong><a href=\"https:\/\/triaeducativa.gencat.cat\/ca\/orientacio\/\" target=\"_blank\" rel=\"noreferrer noopener\">Q\u00fcestionari Departament d&#8217;Educaci\u00f3<\/a><\/strong><\/li>\n\n\n\n<li><strong><a href=\"https:\/\/www.educaweb.cat\/orientacio\/interessos-professionals\/\" target=\"_blank\" rel=\"noreferrer noopener\">GR. Test d&#8217;orientaci\u00f3<\/a><\/strong><\/li>\n\n\n\n<li><a href=\"https:\/\/preparats.cat\/test-dorientacio\" target=\"_blank\" rel=\"noreferrer noopener\"><strong>Preparats.cat. Test d&#8217;orientaci\u00f3<\/strong><\/a><\/li>\n\n\n\n<li><strong><a href=\"http:\/\/queestudiar.gencat.cat\/ca\/orientacio\/joves\/conec-interessos\/questionari-autoconeixement\/\" target=\"_blank\" rel=\"noreferrer noopener\">Q\u00fcestionari d&#8217;autoconeixement<\/a><\/strong><\/li>\n<\/ul>\n<\/div><\/div>\n\n\n\n<div class=\"wp-block-getwid-tabs__nav-link\"><span class=\"wp-block-getwid-tabs__title-wrapper\"><a href=\"#\"><span class=\"wp-block-getwid-tabs__title\">Recursos<\/span><\/a><\/span><\/div><div class=\"wp-block-getwid-tabs__tab-content-wrapper\"><div class=\"wp-block-getwid-tabs__tab-content\">\n<p>En els seg\u00fcents enlla\u00e7os es pot consultar informaci\u00f3 actualitzada i recursos dels diferents estudis:&nbsp;<\/p>\n\n\n\n<ul class=\"wp-block-list\">\n<li><a href=\"https:\/\/institutalexandredeulofeu.cat\/uploads\/files\/paginas\/orientacio\/gir-oferta-fp-gm.pdf\" target=\"_blank\" rel=\"noreferrer noopener\"><strong>C\u00edcles formatius de la prov\u00edncia de Girona<\/strong><\/a><\/li>\n\n\n\n<li><a href=\"https:\/\/www.educaweb.cat\/\" target=\"_blank\" rel=\"noreferrer noopener\"><strong>Educaweb. Descobreix qu\u00e8 vols estudiar<\/strong><\/a><\/li>\n\n\n\n<li><strong><a href=\"https:\/\/educacio.gencat.cat\/ca\/departament\/serveis-territorials\/girona\/centres-serveis-educatius\/\" target=\"_blank\" rel=\"noreferrer noopener\">Ensenyaments professionals i escoles d&#8217;adults<\/a><\/strong><\/li>\n\n\n\n<li><strong><a href=\"http:\/\/queestudiar.gencat.cat\/ca\/\" target=\"_blank\" rel=\"noreferrer noopener\">Estudiar a Catalunya<\/a><\/strong><\/li>\n\n\n\n<li><a href=\"https:\/\/recercaiuniversitats.gencat.cat\/ca\/01_departament_recerca_i_universitats\/recerca_i_universitats_de_catalunya\/mapa-del-coneixement\/index.html\"><strong>Mapa del coneixement<\/strong><\/a><\/li>\n\n\n\n<li><a href=\"https:\/\/sites.google.com\/xtec.cat\/mapa-de-recursos-ae\/p%C3%A0gina-principal?authuser=0\" target=\"_blank\" rel=\"noreferrer noopener\"><strong>Mapa de formaci\u00f3 Professional i altres recursos postobligatoris a l&#8217;Alt Empord\u00e0<\/strong><\/a><\/li>\n\n\n\n<li><a href=\"https:\/\/www.empordajove.cat\/formacio-i-ocupacio\" target=\"_blank\" rel=\"noreferrer noopener\"><strong>Oficina jove de Figueres<\/strong><\/a><\/li>\n\n\n\n<li><a href=\"http:\/\/educacio.gencat.cat\/ca\/serveis-tramits\/proves\/proves-acces\/\" target=\"_blank\" rel=\"noreferrer noopener\"><strong>Proves d&#8217;acc\u00e9s als estudis postobligatoris no universitaris<\/strong><\/a><\/li>\n\n\n\n<li><a href=\"https:\/\/triaeducativa.gencat.cat\/ca\/orientacio\/recursos-presa-decisions\/\" target=\"_blank\" rel=\"noreferrer noopener\"><strong>Recursos per a la presa de decisions<\/strong><\/a><\/li>\n\n\n\n<li><strong><a href=\"http:\/\/www.ensenyament.com\/ca\/\" target=\"_blank\" rel=\"noreferrer noopener\">Sal\u00f3 de l&#8217;ensenyament<\/a><\/strong><\/li>\n\n\n\n<li><a href=\"https:\/\/www.salodelsoficis.cat\/\" target=\"_blank\" rel=\"noreferrer noopener\"><strong>Sal\u00f3 dels oficis<\/strong><\/a><\/li>\n\n\n\n<li><a href=\"https:\/\/triaeducativa.gencat.cat\/ca\/inici\" target=\"_blank\" rel=\"noreferrer noopener\"><strong>Tria d&#8217;estudis<\/strong><\/a><\/li>\n\n\n\n<li><a href=\"https:\/\/www.unportal.net\/\" target=\"_blank\" rel=\"noreferrer noopener\"><strong>Unportal.&nbsp;Educaci\u00f3 superior<\/strong><\/a><\/li>\n<\/ul>\n<\/div><\/div>\n\n\n\n<div class=\"wp-block-getwid-tabs__nav-link\"><span class=\"wp-block-getwid-tabs__title-wrapper\"><a href=\"#\"><span class=\"wp-block-getwid-tabs__title\">Fam\u00edlies<\/span><\/a><\/span><\/div><div class=\"wp-block-getwid-tabs__tab-content-wrapper\"><div class=\"wp-block-getwid-tabs__tab-content\">\n<p>En aquest apartat podreu trobar recursos&nbsp;interessants per a les fam\u00edlies d&#8217;alumnes.<\/p>\n\n\n\n<ul class=\"wp-block-list\">\n<li><a href=\"https:\/\/families.dipsalut.cat\/\" target=\"_blank\" rel=\"noreferrer noopener\"><strong>Programa per a fam\u00edlies de Dipsalut<\/strong><\/a><\/li>\n\n\n\n<li><strong><a href=\"https:\/\/dretssocials.gencat.cat\/ca\/ambits_tematics\/families\/soaf\/index.html\" target=\"_blank\" rel=\"noreferrer noopener\">Servei d&#8217;Orientaci\u00f3 i Acompanyament a les Fam\u00edlies<\/a><\/strong><\/li>\n\n\n\n<li><a href=\"https:\/\/dretssocials.gencat.cat\/ca\/ambits_tematics\/families\/families_en_xarxa\/espai_formacio\/\" target=\"_blank\" rel=\"noreferrer noopener\"><strong>Formaci\u00f3 per a fam\u00edlies<\/strong><\/a><\/li>\n<\/ul>\n<\/div><\/div>\n<\/div>\n\n\n\n<h2 class=\"wp-block-heading\"><\/h2>\n","protected":false},"excerpt":{"rendered":"<p>El proc\u00e9s orientador inclou les actuacions d&#8217;orientaci\u00f3 personal, acad\u00e8mica i professional per afavorir en l&#8217;alumnat l&#8217;autoconeixement i l&#8217;aprenentatge de la presa de decisions en el proc\u00e9s de construcci\u00f3 del propi itinerari formatiu i projecte de vida. A cada nivell hi ha una professora d&#8217;orientaci\u00f3 educativa referent per als alumnes per ajudar-los i orientar-los en aquest [&hellip;]<\/p>\n","protected":false},"author":1,"featured_media":0,"parent":621,"menu_order":0,"comment_status":"closed","ping_status":"closed","template":"","meta":{"site-sidebar-layout":"default","site-content-layout":"","ast-site-content-layout":"default","site-content-style":"default","site-sidebar-style":"default","ast-global-header-display":"","ast-banner-title-visibility":"","ast-main-header-display":"","ast-hfb-above-header-display":"","ast-hfb-below-header-display":"","ast-hfb-mobile-header-display":"","site-post-title":"","ast-breadcrumbs-content":"","ast-featured-img":"","footer-sml-layout":"","theme-transparent-header-meta":"","adv-header-id-meta":"","stick-header-meta":"","header-above-stick-meta":"","header-main-stick-meta":"","header-below-stick-meta":"","astra-migrate-meta-layouts":"set","ast-page-background-enabled":"default","ast-page-background-meta":{"desktop":{"background-color":"var(--ast-global-color-4)","background-image":"","background-repeat":"repeat","background-position":"center center","background-size":"auto","background-attachment":"scroll","background-type":"","background-media":"","overlay-type":"","overlay-color":"","overlay-opacity":"","overlay-gradient":""},"tablet":{"background-color":"","background-image":"","background-repeat":"repeat","background-position":"center center","background-size":"auto","background-attachment":"scroll","background-type":"","background-media":"","overlay-type":"","overlay-color":"","overlay-opacity":"","overlay-gradient":""},"mobile":{"background-color":"","background-image":"","background-repeat":"repeat","background-position":"center center","background-size":"auto","background-attachment":"scroll","background-type":"","background-media":"","overlay-type":"","overlay-color":"","overlay-opacity":"","overlay-gradient":""}},"ast-content-background-meta":{"desktop":{"background-color":"var(--ast-global-color-5)","background-image":"","background-repeat":"repeat","background-position":"center center","background-size":"auto","background-attachment":"scroll","background-type":"","background-media":"","overlay-type":"","overlay-color":"","overlay-opacity":"","overlay-gradient":""},"tablet":{"background-color":"var(--ast-global-color-5)","background-image":"","background-repeat":"repeat","background-position":"center center","background-size":"auto","background-attachment":"scroll","background-type":"","background-media":"","overlay-type":"","overlay-color":"","overlay-opacity":"","overlay-gradient":""},"mobile":{"background-color":"var(--ast-global-color-5)","background-image":"","background-repeat":"repeat","background-position":"center center","background-size":"auto","background-attachment":"scroll","background-type":"","background-media":"","overlay-type":"","overlay-color":"","overlay-opacity":"","overlay-gradient":""}},"footnotes":""},"class_list":["post-879","page","type-page","status-publish","hentry"],"post_mailing_queue_ids":[],"_links":{"self":[{"href":"https:\/\/agora.xtec.cat\/iesdeulofeu\/wp-json\/wp\/v2\/pages\/879","targetHints":{"allow":["GET"]}}],"collection":[{"href":"https:\/\/agora.xtec.cat\/iesdeulofeu\/wp-json\/wp\/v2\/pages"}],"about":[{"href":"https:\/\/agora.xtec.cat\/iesdeulofeu\/wp-json\/wp\/v2\/types\/page"}],"author":[{"embeddable":true,"href":"https:\/\/agora.xtec.cat\/iesdeulofeu\/wp-json\/wp\/v2\/users\/1"}],"replies":[{"embeddable":true,"href":"https:\/\/agora.xtec.cat\/iesdeulofeu\/wp-json\/wp\/v2\/comments?post=879"}],"version-history":[{"count":6,"href":"https:\/\/agora.xtec.cat\/iesdeulofeu\/wp-json\/wp\/v2\/pages\/879\/revisions"}],"predecessor-version":[{"id":1267,"href":"https:\/\/agora.xtec.cat\/iesdeulofeu\/wp-json\/wp\/v2\/pages\/879\/revisions\/1267"}],"up":[{"embeddable":true,"href":"https:\/\/agora.xtec.cat\/iesdeulofeu\/wp-json\/wp\/v2\/pages\/621"}],"wp:attachment":[{"href":"https:\/\/agora.xtec.cat\/iesdeulofeu\/wp-json\/wp\/v2\/media?parent=879"}],"curies":[{"name":"wp","href":"https:\/\/api.w.org\/{rel}","templated":true}]}}