{"id":864,"date":"2025-10-21T10:16:16","date_gmt":"2025-10-21T08:16:16","guid":{"rendered":"https:\/\/agora.xtec.cat\/iesdeulofeu\/?page_id=864"},"modified":"2026-03-05T23:53:18","modified_gmt":"2026-03-05T22:53:18","slug":"preinscripcio","status":"publish","type":"page","link":"https:\/\/agora.xtec.cat\/iesdeulofeu\/secretaria\/preinscripcio\/","title":{"rendered":"Preinscripci\u00f3"},"content":{"rendered":"\n<h2 class=\"wp-block-heading has-medium-font-size\">Curs 2026 &#8211; 2027<\/h2>\n\n\n\n<div class=\"wp-block-getwid-accordion has-icon-left\" data-active-element=\"none\">\n<div class=\"wp-block-getwid-accordion__header-wrapper\"><span class=\"wp-block-getwid-accordion__header\"><a href=\"#\"><span class=\"wp-block-getwid-accordion__header-title\">Estudis d&#8217;ESO<\/span><span class=\"wp-block-getwid-accordion__icon is-active\"><i class=\"fas fa-plus\"><\/i><\/span><span class=\"wp-block-getwid-accordion__icon is-passive\"><i class=\"fas fa-minus\"><\/i><\/span><\/a><\/span><\/div><div class=\"wp-block-getwid-accordion__content-wrapper\"><div class=\"wp-block-getwid-accordion__content\">\n<p class=\"has-medium-font-size\">Preincripci\u00f3 del curs 2026 &#8211; 2027: <strong>del 6 al 18 de mar\u00e7 de 2026<\/strong><\/p>\n\n\n\n<ul class=\"wp-block-list\">\n<li>Oferta inicial de places escolars:&nbsp; <strong>3 de mar\u00e7 de 2026<\/strong><\/li>\n\n\n\n<li>Termini per presentar la sol\u00b7licitud de preinscripci\u00f3:&nbsp;<strong><strong>del 6 al 18 de mar\u00e7<\/strong><\/strong> de 2026<\/li>\n\n\n\n<li>Presentaci\u00f3 de documentaci\u00f3:&nbsp;<strong><strong><strong>fins al 19 de mar\u00e7<\/strong><\/strong><\/strong> de 2026<\/li>\n\n\n\n<li>Llista de sol\u00b7licituds amb la puntuaci\u00f3 provisional:&nbsp;<strong><strong><strong>15 d&#8217;abril de 2026<\/strong><\/strong><\/strong><\/li>\n\n\n\n<li>Presentaci\u00f3 de reclamacions:&nbsp;<strong><strong><strong>del 15 al 20 d&#8217;abril de 2026<\/strong><\/strong><\/strong><\/li>\n\n\n\n<li>Llista de sol\u00b7licituds amb la puntuaci\u00f3 un cop resoltes les reclamacions:&nbsp;<strong><strong><strong><strong>23<\/strong><\/strong><\/strong><\/strong> d&#8217;abril de 2026<\/li>\n\n\n\n<li>Sorteig del n\u00famero de desempat:&nbsp;28 d&#8217;abril de 2026 a les 11.00 h.<\/li>\n\n\n\n<li>Llista ordenada definitiva:&nbsp;<strong>&nbsp;<strong><strong><strong>29 d&#8217;abril de 2026<\/strong><\/strong><\/strong><\/strong><\/li>\n\n\n\n<li>Ampliaci\u00f3 de petici\u00f3 de preinscripci\u00f3 per a alumnes sense pla\u00e7a assignada a cap centre:&nbsp;<strong>&nbsp;<strong><strong><strong>de l&#8217;1 al 3 de juny de 2026<\/strong><\/strong><\/strong><\/strong><\/li>\n\n\n\n<li>Oferta final de places escolars:<strong>&nbsp;&nbsp;<strong><strong><strong>10 de juny de 2026<\/strong><\/strong><\/strong><\/strong><\/li>\n\n\n\n<li>Llista d&#8217;alumnes admesos i&nbsp;llista d&#8217;espera:&nbsp;<strong>&nbsp;<strong><strong><strong>10 de juny de 2026<\/strong><\/strong><\/strong><\/strong><\/li>\n<\/ul>\n\n\n\n<p>M\u00e9s informaci\u00f3 al portal web<strong>&nbsp;<a href=\"https:\/\/preinscripcio.gencat.cat\/ca\/inici\" target=\"_blank\" rel=\"noreferrer noopener\">preinscripci\u00f3.gencat.cat<\/a><\/strong><\/p>\n<\/div><\/div>\n\n\n\n<div class=\"wp-block-getwid-accordion__header-wrapper\"><span class=\"wp-block-getwid-accordion__header\"><a href=\"#\"><span class=\"wp-block-getwid-accordion__header-title\">Estudis de batxillerat<\/span><span class=\"wp-block-getwid-accordion__icon is-active\"><i class=\"fas fa-plus\"><\/i><\/span><span class=\"wp-block-getwid-accordion__icon is-passive\"><i class=\"fas fa-minus\"><\/i><\/span><\/a><\/span><\/div><div class=\"wp-block-getwid-accordion__content-wrapper\"><div class=\"wp-block-getwid-accordion__content\">\n<p>Preincripci\u00f3 del curs 2026 &#8211; 2027: <strong>del 9 al 16 d&#8217;abril de 2026<\/strong><\/p>\n\n\n\n<ul class=\"wp-block-list\">\n<li>Oferta inicial de places escolars:&nbsp;<strong><strong>8 d&#8217;abril de 2026<\/strong><\/strong><\/li>\n\n\n\n<li>Termini per presentar la sol\u00b7licitud de preinscripci\u00f3:&nbsp;<strong><strong>del 9 al 16 d&#8217;abril de 2026<\/strong><\/strong><\/li>\n\n\n\n<li>Presentaci\u00f3 de documentaci\u00f3:&nbsp;<strong><strong>fins al 17 d&#8217;abril de 2026<\/strong><\/strong><\/li>\n\n\n\n<li>Llista de sol\u00b7licituds amb la puntuaci\u00f3 provisional:&nbsp;<strong><strong>14 de maig de 2026<\/strong><\/strong><\/li>\n\n\n\n<li>Presentaci\u00f3 de reclamacions:&nbsp;<strong><strong>del 14 al 16 de maig de 2026<\/strong><\/strong><\/li>\n\n\n\n<li>Llista de sol\u00b7licituds amb la puntuaci\u00f3 un cop resoltes les reclamacions:<strong> 26 de maig de 2026<\/strong><\/li>\n\n\n\n<li>Sorteig del n\u00famero de desempat:&nbsp;<strong><strong>26 de maig de 2026<\/strong><\/strong><\/li>\n\n\n\n<li>Llista ordenada:&nbsp;<strong><strong>29 de maig de 2026<\/strong><\/strong><\/li>\n\n\n\n<li>Oferta final de places escolars:<strong>&nbsp;<strong>17 de juny de 2026<\/strong><\/strong><\/li>\n\n\n\n<li>Llista d&#8217;alumnes admesos i&nbsp;llista d&#8217;espera:&nbsp;<strong><strong>17 de juny de 2026<\/strong><\/strong><\/li>\n<\/ul>\n\n\n\n<p>M\u00e9s informaci\u00f3 al portal web<strong>&nbsp;<a href=\"https:\/\/preinscripcio.gencat.cat\/ca\/inici\" target=\"_blank\" rel=\"noreferrer noopener\">preinscripci\u00f3.gencat.cat<\/a><\/strong><\/p>\n<\/div><\/div>\n\n\n\n<div class=\"wp-block-getwid-accordion__header-wrapper\"><span class=\"wp-block-getwid-accordion__header\"><a href=\"#\"><span class=\"wp-block-getwid-accordion__header-title\">Estudis de Formaci\u00f3 professional de grau mitj\u00e0<\/span><span class=\"wp-block-getwid-accordion__icon is-active\"><i class=\"fas fa-plus\"><\/i><\/span><span class=\"wp-block-getwid-accordion__icon is-passive\"><i class=\"fas fa-minus\"><\/i><\/span><\/a><\/span><\/div><div class=\"wp-block-getwid-accordion__content-wrapper\"><div class=\"wp-block-getwid-accordion__content\">\n<p>Dates pendents de publicar<\/p>\n<\/div><\/div>\n\n\n\n<div class=\"wp-block-getwid-accordion__header-wrapper\"><span class=\"wp-block-getwid-accordion__header\"><a href=\"#\"><span class=\"wp-block-getwid-accordion__header-title\">Estudis de Formaci\u00f3 professional de grau superior<\/span><span class=\"wp-block-getwid-accordion__icon is-active\"><i class=\"fas fa-plus\"><\/i><\/span><span class=\"wp-block-getwid-accordion__icon is-passive\"><i class=\"fas fa-minus\"><\/i><\/span><\/a><\/span><\/div><div class=\"wp-block-getwid-accordion__content-wrapper\"><div class=\"wp-block-getwid-accordion__content\">\n<p>Dates pendents de publicar<\/p>\n<\/div><\/div>\n<\/div>\n\n\n\n<p><\/p>\n","protected":false},"excerpt":{"rendered":"<p>Curs 2026 &#8211; 2027<\/p>\n","protected":false},"author":1,"featured_media":0,"parent":81,"menu_order":0,"comment_status":"closed","ping_status":"closed","template":"","meta":{"site-sidebar-layout":"default","site-content-layout":"","ast-site-content-layout":"default","site-content-style":"default","site-sidebar-style":"default","ast-global-header-display":"","ast-banner-title-visibility":"","ast-main-header-display":"","ast-hfb-above-header-display":"","ast-hfb-below-header-display":"","ast-hfb-mobile-header-display":"","site-post-title":"","ast-breadcrumbs-content":"","ast-featured-img":"","footer-sml-layout":"","theme-transparent-header-meta":"","adv-header-id-meta":"","stick-header-meta":"","header-above-stick-meta":"","header-main-stick-meta":"","header-below-stick-meta":"","astra-migrate-meta-layouts":"set","ast-page-background-enabled":"default","ast-page-background-meta":{"desktop":{"background-color":"var(--ast-global-color-4)","background-image":"","background-repeat":"repeat","background-position":"center center","background-size":"auto","background-attachment":"scroll","background-type":"","background-media":"","overlay-type":"","overlay-color":"","overlay-opacity":"","overlay-gradient":""},"tablet":{"background-color":"","background-image":"","background-repeat":"repeat","background-position":"center center","background-size":"auto","background-attachment":"scroll","background-type":"","background-media":"","overlay-type":"","overlay-color":"","overlay-opacity":"","overlay-gradient":""},"mobile":{"background-color":"","background-image":"","background-repeat":"repeat","background-position":"center center","background-size":"auto","background-attachment":"scroll","background-type":"","background-media":"","overlay-type":"","overlay-color":"","overlay-opacity":"","overlay-gradient":""}},"ast-content-background-meta":{"desktop":{"background-color":"var(--ast-global-color-5)","background-image":"","background-repeat":"repeat","background-position":"center center","background-size":"auto","background-attachment":"scroll","background-type":"","background-media":"","overlay-type":"","overlay-color":"","overlay-opacity":"","overlay-gradient":""},"tablet":{"background-color":"var(--ast-global-color-5)","background-image":"","background-repeat":"repeat","background-position":"center center","background-size":"auto","background-attachment":"scroll","background-type":"","background-media":"","overlay-type":"","overlay-color":"","overlay-opacity":"","overlay-gradient":""},"mobile":{"background-color":"var(--ast-global-color-5)","background-image":"","background-repeat":"repeat","background-position":"center center","background-size":"auto","background-attachment":"scroll","background-type":"","background-media":"","overlay-type":"","overlay-color":"","overlay-opacity":"","overlay-gradient":""}},"footnotes":""},"class_list":["post-864","page","type-page","status-publish","hentry"],"post_mailing_queue_ids":[],"_links":{"self":[{"href":"https:\/\/agora.xtec.cat\/iesdeulofeu\/wp-json\/wp\/v2\/pages\/864","targetHints":{"allow":["GET"]}}],"collection":[{"href":"https:\/\/agora.xtec.cat\/iesdeulofeu\/wp-json\/wp\/v2\/pages"}],"about":[{"href":"https:\/\/agora.xtec.cat\/iesdeulofeu\/wp-json\/wp\/v2\/types\/page"}],"author":[{"embeddable":true,"href":"https:\/\/agora.xtec.cat\/iesdeulofeu\/wp-json\/wp\/v2\/users\/1"}],"replies":[{"embeddable":true,"href":"https:\/\/agora.xtec.cat\/iesdeulofeu\/wp-json\/wp\/v2\/comments?post=864"}],"version-history":[{"count":6,"href":"https:\/\/agora.xtec.cat\/iesdeulofeu\/wp-json\/wp\/v2\/pages\/864\/revisions"}],"predecessor-version":[{"id":1430,"href":"https:\/\/agora.xtec.cat\/iesdeulofeu\/wp-json\/wp\/v2\/pages\/864\/revisions\/1430"}],"up":[{"embeddable":true,"href":"https:\/\/agora.xtec.cat\/iesdeulofeu\/wp-json\/wp\/v2\/pages\/81"}],"wp:attachment":[{"href":"https:\/\/agora.xtec.cat\/iesdeulofeu\/wp-json\/wp\/v2\/media?parent=864"}],"curies":[{"name":"wp","href":"https:\/\/api.w.org\/{rel}","templated":true}]}}