{"id":845,"date":"2025-10-20T18:57:30","date_gmt":"2025-10-20T16:57:30","guid":{"rendered":"https:\/\/agora.xtec.cat\/iesdeulofeu\/?page_id=845"},"modified":"2025-11-12T00:36:27","modified_gmt":"2025-11-11T23:36:27","slug":"certificat-de-nivell-de-catala","status":"publish","type":"page","link":"https:\/\/agora.xtec.cat\/iesdeulofeu\/secretaria\/certificat-de-nivell-de-catala\/","title":{"rendered":"Certificat de nivell de catal\u00e0"},"content":{"rendered":"\n<div class=\"wp-block-getwid-advanced-heading\"><h4 class=\"wp-block-getwid-advanced-heading__content\">Reconeixement del nivell C1 o B2 de llengua catalana<\/h4><\/div>\n\n\n\n<div class=\"wp-block-getwid-advanced-heading\"><h6 class=\"wp-block-getwid-advanced-heading__content\">Reconeixement de l&#8217;equival\u00e8ncia dels nivells educatius no universitaris amb els certificats de coneixements de catal\u00e0 de la Direcci\u00f3 General de Pol\u00edtica Ling\u00fc\u00edstica.<\/h6><\/div>\n\n\n\n<ul class=\"wp-block-list\">\n<li>Es pot sol\u00b7licitar el&nbsp;<strong>nivell C1 o el nivell B2 de llengua catalana<\/strong>&nbsp;si s&#8217;acompleixen uns determinats&nbsp;requisits.<\/li>\n\n\n\n<li>Les persones que hagin obtingut la seva titulaci\u00f3 en un institut (o institut escola) podran presentar la seva sol\u00b7licitud en qualsevol d&#8217;aquests centres aportant la documentaci\u00f3 requerida.<\/li>\n\n\n\n<li>Les persones que hagin obtingut la seva titulaci\u00f3 en un centre de formaci\u00f3 d&#8217;adults, hauran de presentar la seva sol\u00b7licitud al centre de formaci\u00f3 d&#8217;adults que correspongui aportant la documentaci\u00f3 requerida.<\/li>\n\n\n\n<li>Les persones que hagin obtingut la seva titulaci\u00f3 a l&#8217;Institut Obert de Catalunya (IOC) hauran de tramitar la seva sol\u00b7licitud a l&#8217;IOC aportant la documentaci\u00f3 requerida.<\/li>\n\n\n\n<li>Per als casos que no es corresponguin amb els sup\u00f2sits esmentats, les persones interessades es podran dirigir al&nbsp;<a href=\"http:\/\/sac.gencat.cat\/sacgencat\/AppJava\/organisme_fitxa.jsp?codi=1599\" target=\"_blank\" rel=\"noreferrer noopener\">Departament d&#8217;Educaci\u00f3<\/a>&nbsp;per tramitar la seva sol\u00b7licitud.<\/li>\n<\/ul>\n\n\n\n<hr class=\"wp-block-separator has-alpha-channel-opacity\"\/>\n\n\n\n<div class=\"wp-block-getwid-advanced-heading\"><h4 class=\"wp-block-getwid-advanced-heading__content\">A qui va dirigit?<\/h4><\/div>\n\n\n\n<p>A les persones nascudes a partir de l&#8217;any 1972 que volen obtenir aquest reconeixement i l&#8217;itinerari educatiu de les quals&nbsp;s&#8217;hagi portat a terme \u00edntegrament a Catalunya o, parcialment, a d&#8217;altres territoris on el catal\u00e0 hi fos llengua curricular i avaluable, de manera&nbsp;<strong>que&nbsp;s&#8217;hagi acabat obtenint la titulaci\u00f3 al sistema educatiu de Catalunya<\/strong>.<\/p>\n\n\n\n<p>Aix\u00ed doncs, la primera promoci\u00f3 escolar que t\u00e9 dret a demanar aquest reconeixement \u00e9s la que va comen\u00e7ar el primer any de l&#8217;educaci\u00f3 general b\u00e0sica (EGB) el curs 1978-1979, a partir del qual l&#8217;ensenyament del catal\u00e0 va ser oficial al sistema educatiu de Catalunya, tal com s&#8217;estableix al&nbsp;<a href=\"https:\/\/www.boe.es\/buscar\/doc.php?id=BOE-A-1978-22729\" rel=\"noreferrer noopener\" target=\"_blank\">Reial decret 2092\/1978, de 23 de juny<\/a>.<\/p>\n\n\n\n<hr class=\"wp-block-separator has-alpha-channel-opacity\"\/>\n\n\n\n<div class=\"wp-block-getwid-advanced-heading\"><h4 class=\"wp-block-getwid-advanced-heading__content\">Requisits<\/h4><\/div>\n\n\n\n<p>Persones nascudes a partir de l&#8217;any 1972 que acompleixin els dos requisits seg\u00fcents:<\/p>\n\n\n\n<ul class=\"wp-block-list\">\n<li>Haver fet l&#8217;itinerari escolar \u00edntegrament a Catalunya o, parcialment, en d&#8217;altres territoris on el catal\u00e0 fos llengua curricular avaluable, de manera&nbsp;<strong>que&nbsp;s&#8217;hagi acabat obtenint la titulaci\u00f3 al sistema educatiu de Catalunya<\/strong>.<\/li>\n\n\n\n<li>Haver obtingut una de les seg\u00fcents titulacions: graduat escolar, t\u00e8cnic auxiliar, t\u00e8cnic especialista o BUP, de l&#8217;anterior sistema educatiu; graduat d&#8217;educaci\u00f3 secund\u00e0ria obligat\u00f2ria o batxillerat, de l&#8217;actual sistema educatiu.<\/li>\n<\/ul>\n\n\n\n<p><strong>\u00c9s important indicar que les proves d&#8217;acc\u00e9s per als majors de 25 anys, selectivitat i acc\u00e9s als cicles formatius, aix\u00ed com els cicles formatius de grau mitj\u00e0 o de grau superior, no apareixen a la normativa i, que per tant, no es poden tenir en compte.<\/strong><\/p>\n\n\n\n<hr class=\"wp-block-separator has-alpha-channel-opacity\"\/>\n\n\n\n<div class=\"wp-block-getwid-advanced-heading\"><h4 class=\"wp-block-getwid-advanced-heading__content\">Documentaci\u00f3 a presentar<\/h4><\/div>\n\n\n\n<p>La documentaci\u00f3 que cal presentar per obtenir el certificat \u00e9s la seg\u00fcent:<\/p>\n\n\n\n<ol class=\"wp-block-list\">\n<li><a href=\"https:\/\/agora.xtec.cat\/iesdeulofeu\/wp-content\/uploads\/usu3605\/2025\/10\/a816-Nivell-B2-C-Catala.pdf\" data-type=\"link\" data-id=\"https:\/\/agora.xtec.cat\/iesdeulofeu\/wp-content\/uploads\/usu3605\/2025\/10\/a816-Nivell-B2-C-Catala.pdf\">Sol\u00b7licitud de reconeixement de l\u2019equival\u00e8ncia del nivell B2\/C1 de llengua catalana per l\u2019escolaritat reglada no universit\u00e0ria.<\/a><\/li>\n\n\n\n<li>Original i c\u00f2pia del DNI, NIE o passaport.<\/li>\n\n\n\n<li>Original i c\u00f2pia del llibre d&#8217;escolaritat o certificat del centre o centres on s&#8217;ha fet l&#8217;itinerari escolar corresponent a l&#8217;etapa educativa (EGB, BUP, FP, prim\u00e0ria, ESO o batxillerat).<\/li>\n\n\n\n<li>T\u00edtol, resguard del t\u00edtol o certificat que acrediti que la titulaci\u00f3 superior s&#8217;ha obtingut sense cap mat\u00e8ria suspesa o, en el cas de l&#8217;ESO, que s&#8217;ha superat la mat\u00e8ria de llengua catalana en acabar el cicle superior.<\/li>\n<\/ol>\n\n\n\n<p>En cas que no es disposi dels llibres d&#8217;escolaritat i que el centre o centres que els van emetre hagin tancat o ja no existeixin, caldr\u00e0 demanar a\u00a0<strong>la Inspecci\u00f3 d&#8217;Educaci\u00f3 del servei territorial que correspongui\u00a0<\/strong>el nom del centre dipositari de la documentaci\u00f3 i que custodi\u00ef les actes i expedients del centre o centres tancats o desapareguts.<\/p>\n\n\n\n<hr class=\"wp-block-separator has-alpha-channel-opacity\"\/>\n\n\n\n<div data-wp-interactive=\"core\/file\" class=\"wp-block-file\"><object data-wp-bind--hidden=\"!state.hasPdfPreview\" hidden class=\"wp-block-file__embed\" data=\"https:\/\/agora.xtec.cat\/iesdeulofeu\/wp-content\/uploads\/usu3605\/2025\/10\/a816-Nivell-B2-C-Catala.pdf\" type=\"application\/pdf\" style=\"width:100%;height:600px\" aria-label=\"Incrustaci\u00f3 del fitxer a816 - Nivell B2 C Catal\u00e0.\"><\/object><a id=\"wp-block-file--media-5f556f14-6433-4e35-94b6-83406f8e798a\" href=\"https:\/\/agora.xtec.cat\/iesdeulofeu\/wp-content\/uploads\/usu3605\/2025\/10\/a816-Nivell-B2-C-Catala.pdf\">a816 &#8211; Nivell B2 C Catal\u00e0<\/a><a href=\"https:\/\/agora.xtec.cat\/iesdeulofeu\/wp-content\/uploads\/usu3605\/2025\/10\/a816-Nivell-B2-C-Catala.pdf\" class=\"wp-block-file__button wp-element-button\" download aria-describedby=\"wp-block-file--media-5f556f14-6433-4e35-94b6-83406f8e798a\">Baixa<\/a><\/div>\n\n\n\n<hr class=\"wp-block-separator has-alpha-channel-opacity\"\/>\n\n\n\n<div class=\"wp-block-getwid-advanced-heading\"><h4 class=\"wp-block-getwid-advanced-heading__content\">Altres informacions<\/h4><\/div>\n\n\n\n<p>Tamb\u00e9 s&#8217;atendran les peticions de les persones l&#8217;itinerari educatiu de les quals hagi coincidit amb canvis de sistema educatiu, sempre que acreditin documentalment que aquest itinerari, i l&#8217;obtenci\u00f3 del t\u00edtol corresponent, s&#8217;ha fet \u00edntegrament al sistema educatiu de Catalunya o, parcialment, a d&#8217;altres territoris on el catal\u00e0 fos llengua curricular i avaluable, de manera&nbsp;<strong>que&nbsp;s&#8217;hagi acabat obtenint la titulaci\u00f3 al sistema educatiu de Catalunya<\/strong>. Per exemple,&nbsp;persones que hagin comen\u00e7at a fer l&#8217;educaci\u00f3 general b\u00e0sica (EGB) i en algun moment hagin passat a l&#8217;educaci\u00f3 prim\u00e0ria o l&#8217;ducaci\u00f3 secund\u00e0ria obligat\u00f2ria (ESO), o persones que del batxillerat unificat polivalent (BUP) o la formaci\u00f3 professional hagin passat a l&#8217;actual batxillerat.<\/p>\n\n\n\n<p>En el cas que es vulgui sol\u00b7licitar un duplicat del reconeixement dels nivells B2 i C1 de catal\u00e0, la persona interessada ho haur\u00e0 de fer dirigint-se al mateix centre que va emetre l&#8217;original corresponent. Si el centre est\u00e0 tancat o ja no existeix,&nbsp;caldr\u00e0 demanar a&nbsp;<strong>la Inspecci\u00f3 d&#8217;Educaci\u00f3 del servei territorial que correspongui&nbsp;<\/strong>el nom del centre dipositari de la documentaci\u00f3 i que custodi\u00ef les actes i expedients del centre o centres tancats o desapareguts.<\/p>\n","protected":false},"excerpt":{"rendered":"<p>A les persones nascudes a partir de l&#8217;any 1972 que volen obtenir aquest reconeixement i l&#8217;itinerari educatiu de les quals&nbsp;s&#8217;hagi portat a terme \u00edntegrament a Catalunya o, parcialment, a d&#8217;altres territoris on el catal\u00e0 hi fos llengua curricular i avaluable, de manera&nbsp;que&nbsp;s&#8217;hagi acabat obtenint la titulaci\u00f3 al sistema educatiu de Catalunya. Aix\u00ed doncs, la primera [&hellip;]<\/p>\n","protected":false},"author":1,"featured_media":0,"parent":81,"menu_order":0,"comment_status":"closed","ping_status":"closed","template":"","meta":{"site-sidebar-layout":"default","site-content-layout":"","ast-site-content-layout":"default","site-content-style":"default","site-sidebar-style":"default","ast-global-header-display":"","ast-banner-title-visibility":"","ast-main-header-display":"","ast-hfb-above-header-display":"","ast-hfb-below-header-display":"","ast-hfb-mobile-header-display":"","site-post-title":"","ast-breadcrumbs-content":"","ast-featured-img":"","footer-sml-layout":"","theme-transparent-header-meta":"","adv-header-id-meta":"","stick-header-meta":"","header-above-stick-meta":"","header-main-stick-meta":"","header-below-stick-meta":"","astra-migrate-meta-layouts":"set","ast-page-background-enabled":"default","ast-page-background-meta":{"desktop":{"background-color":"var(--ast-global-color-4)","background-image":"","background-repeat":"repeat","background-position":"center center","background-size":"auto","background-attachment":"scroll","background-type":"","background-media":"","overlay-type":"","overlay-color":"","overlay-opacity":"","overlay-gradient":""},"tablet":{"background-color":"","background-image":"","background-repeat":"repeat","background-position":"center center","background-size":"auto","background-attachment":"scroll","background-type":"","background-media":"","overlay-type":"","overlay-color":"","overlay-opacity":"","overlay-gradient":""},"mobile":{"background-color":"","background-image":"","background-repeat":"repeat","background-position":"center center","background-size":"auto","background-attachment":"scroll","background-type":"","background-media":"","overlay-type":"","overlay-color":"","overlay-opacity":"","overlay-gradient":""}},"ast-content-background-meta":{"desktop":{"background-color":"var(--ast-global-color-5)","background-image":"","background-repeat":"repeat","background-position":"center center","background-size":"auto","background-attachment":"scroll","background-type":"","background-media":"","overlay-type":"","overlay-color":"","overlay-opacity":"","overlay-gradient":""},"tablet":{"background-color":"var(--ast-global-color-5)","background-image":"","background-repeat":"repeat","background-position":"center center","background-size":"auto","background-attachment":"scroll","background-type":"","background-media":"","overlay-type":"","overlay-color":"","overlay-opacity":"","overlay-gradient":""},"mobile":{"background-color":"var(--ast-global-color-5)","background-image":"","background-repeat":"repeat","background-position":"center center","background-size":"auto","background-attachment":"scroll","background-type":"","background-media":"","overlay-type":"","overlay-color":"","overlay-opacity":"","overlay-gradient":""}},"footnotes":""},"class_list":["post-845","page","type-page","status-publish","hentry"],"post_mailing_queue_ids":[],"_links":{"self":[{"href":"https:\/\/agora.xtec.cat\/iesdeulofeu\/wp-json\/wp\/v2\/pages\/845","targetHints":{"allow":["GET"]}}],"collection":[{"href":"https:\/\/agora.xtec.cat\/iesdeulofeu\/wp-json\/wp\/v2\/pages"}],"about":[{"href":"https:\/\/agora.xtec.cat\/iesdeulofeu\/wp-json\/wp\/v2\/types\/page"}],"author":[{"embeddable":true,"href":"https:\/\/agora.xtec.cat\/iesdeulofeu\/wp-json\/wp\/v2\/users\/1"}],"replies":[{"embeddable":true,"href":"https:\/\/agora.xtec.cat\/iesdeulofeu\/wp-json\/wp\/v2\/comments?post=845"}],"version-history":[{"count":4,"href":"https:\/\/agora.xtec.cat\/iesdeulofeu\/wp-json\/wp\/v2\/pages\/845\/revisions"}],"predecessor-version":[{"id":851,"href":"https:\/\/agora.xtec.cat\/iesdeulofeu\/wp-json\/wp\/v2\/pages\/845\/revisions\/851"}],"up":[{"embeddable":true,"href":"https:\/\/agora.xtec.cat\/iesdeulofeu\/wp-json\/wp\/v2\/pages\/81"}],"wp:attachment":[{"href":"https:\/\/agora.xtec.cat\/iesdeulofeu\/wp-json\/wp\/v2\/media?parent=845"}],"curies":[{"name":"wp","href":"https:\/\/api.w.org\/{rel}","templated":true}]}}