{"id":77,"date":"2014-09-18T10:29:25","date_gmt":"2014-09-18T09:29:25","guid":{"rendered":"http:\/\/agora.xtec.cat\/iesdeulofeu\/?page_id=77"},"modified":"2025-10-10T19:00:25","modified_gmt":"2025-10-10T17:00:25","slug":"transport-escolar","status":"publish","type":"page","link":"https:\/\/agora.xtec.cat\/iesdeulofeu\/transport-escolar\/","title":{"rendered":"Transport escolar"},"content":{"rendered":"\n<p>El Decret 161\/1996, que regula el servei escolar de transport, estableix que les comunitats educatives prestaran de forma gratu\u00efta el servei escolar de transport per a l\u2019alumnat d\u2019educaci\u00f3 prim\u00e0ria i d\u2019educaci\u00f3 secund\u00e0ria obligat\u00f2ria que, per tal de garantir la qualitat de l\u2019ensenyament, hagi de ser escolaritzat fora del seu municipi.&nbsp;<\/p>\n\n\n\n<p>El Consell Comarcal de l&#8217;Alt Empord\u00e0, amb la finalitat de fer efectiu el que s&#8217;estableix en aquest decret, gestiona el transport escolar.<\/p>\n\n\n\n<p class=\"has-link-color wp-elements-0e1db57edcc4da8fc44b0169be1f8863\">En <a href=\"https:\/\/www.altemporda.org\/portal\/cultura-i-ensenyament\/ensenyament\/transport-escolar\" data-type=\"link\" data-id=\"https:\/\/www.altemporda.org\/portal\/cultura-i-ensenyament\/ensenyament\/transport-escolar\">aquest enlla\u00e7 de la p\u00e0gina web del Consell Comarcal de l&#8217;Alt Empord\u00e0<\/a> podreu trobar la informaci\u00f3 referent al transport escolar. Al mateix temps, podreu trobar la documentaci\u00f3 necess\u00e0ria per sol\u00b7licitar el transport escolar en\u00a0<a href=\"https:\/\/www.altemporda.org\/portal\/cultura-i-ensenyament\/ensenyament\/documentacio\" target=\"_blank\" rel=\"noreferrer noopener\">aquest enlla\u00e7<\/a>.<\/p>\n","protected":false},"excerpt":{"rendered":"<p>El Decret 161\/1996, que regula el servei escolar de transport, estableix que les comunitats educatives prestaran de forma gratu\u00efta el servei escolar de transport per a l\u2019alumnat d\u2019educaci\u00f3 prim\u00e0ria i d\u2019educaci\u00f3 secund\u00e0ria obligat\u00f2ria que, per tal de garantir la qualitat de l\u2019ensenyament, hagi de ser escolaritzat fora del seu municipi.&nbsp; El Consell Comarcal de l&#8217;Alt [&hellip;]<\/p>\n","protected":false},"author":1,"featured_media":0,"parent":0,"menu_order":50,"comment_status":"closed","ping_status":"closed","template":"","meta":{"site-sidebar-layout":"default","site-content-layout":"","ast-site-content-layout":"default","site-content-style":"default","site-sidebar-style":"default","ast-global-header-display":"","ast-banner-title-visibility":"","ast-main-header-display":"","ast-hfb-above-header-display":"","ast-hfb-below-header-display":"","ast-hfb-mobile-header-display":"","site-post-title":"","ast-breadcrumbs-content":"","ast-featured-img":"","footer-sml-layout":"","theme-transparent-header-meta":"","adv-header-id-meta":"","stick-header-meta":"","header-above-stick-meta":"","header-main-stick-meta":"","header-below-stick-meta":"","astra-migrate-meta-layouts":"set","ast-page-background-enabled":"default","ast-page-background-meta":{"desktop":{"background-color":"var(--ast-global-color-4)","background-image":"","background-repeat":"repeat","background-position":"center center","background-size":"auto","background-attachment":"scroll","background-type":"","background-media":"","overlay-type":"","overlay-color":"","overlay-opacity":"","overlay-gradient":""},"tablet":{"background-color":"","background-image":"","background-repeat":"repeat","background-position":"center center","background-size":"auto","background-attachment":"scroll","background-type":"","background-media":"","overlay-type":"","overlay-color":"","overlay-opacity":"","overlay-gradient":""},"mobile":{"background-color":"","background-image":"","background-repeat":"repeat","background-position":"center center","background-size":"auto","background-attachment":"scroll","background-type":"","background-media":"","overlay-type":"","overlay-color":"","overlay-opacity":"","overlay-gradient":""}},"ast-content-background-meta":{"desktop":{"background-color":"var(--ast-global-color-5)","background-image":"","background-repeat":"repeat","background-position":"center center","background-size":"auto","background-attachment":"scroll","background-type":"","background-media":"","overlay-type":"","overlay-color":"","overlay-opacity":"","overlay-gradient":""},"tablet":{"background-color":"var(--ast-global-color-5)","background-image":"","background-repeat":"repeat","background-position":"center center","background-size":"auto","background-attachment":"scroll","background-type":"","background-media":"","overlay-type":"","overlay-color":"","overlay-opacity":"","overlay-gradient":""},"mobile":{"background-color":"var(--ast-global-color-5)","background-image":"","background-repeat":"repeat","background-position":"center center","background-size":"auto","background-attachment":"scroll","background-type":"","background-media":"","overlay-type":"","overlay-color":"","overlay-opacity":"","overlay-gradient":""}},"footnotes":""},"class_list":["post-77","page","type-page","status-publish","hentry"],"post_mailing_queue_ids":[],"_links":{"self":[{"href":"https:\/\/agora.xtec.cat\/iesdeulofeu\/wp-json\/wp\/v2\/pages\/77","targetHints":{"allow":["GET"]}}],"collection":[{"href":"https:\/\/agora.xtec.cat\/iesdeulofeu\/wp-json\/wp\/v2\/pages"}],"about":[{"href":"https:\/\/agora.xtec.cat\/iesdeulofeu\/wp-json\/wp\/v2\/types\/page"}],"author":[{"embeddable":true,"href":"https:\/\/agora.xtec.cat\/iesdeulofeu\/wp-json\/wp\/v2\/users\/1"}],"replies":[{"embeddable":true,"href":"https:\/\/agora.xtec.cat\/iesdeulofeu\/wp-json\/wp\/v2\/comments?post=77"}],"version-history":[{"count":2,"href":"https:\/\/agora.xtec.cat\/iesdeulofeu\/wp-json\/wp\/v2\/pages\/77\/revisions"}],"predecessor-version":[{"id":775,"href":"https:\/\/agora.xtec.cat\/iesdeulofeu\/wp-json\/wp\/v2\/pages\/77\/revisions\/775"}],"wp:attachment":[{"href":"https:\/\/agora.xtec.cat\/iesdeulofeu\/wp-json\/wp\/v2\/media?parent=77"}],"curies":[{"name":"wp","href":"https:\/\/api.w.org\/{rel}","templated":true}]}}