{"id":65,"date":"2014-09-18T10:12:22","date_gmt":"2014-09-18T10:12:22","guid":{"rendered":"http:\/\/agora.xtec.cat\/iesdeulofeu\/?page_id=65"},"modified":"2025-12-17T19:55:05","modified_gmt":"2025-12-17T18:55:05","slug":"serveis-digitals","status":"publish","type":"page","link":"https:\/\/agora.xtec.cat\/iesdeulofeu\/serveis-digitals\/","title":{"rendered":"Serveis digitals"},"content":{"rendered":"<p>P\u00e0gina en construcci\u00f3.<\/p>\n<p style=\"color: #444444;\"><span style=\"color: #ffffff;\">L\u2019oferta de\u00a0<strong>serveis\u00a0digitals<\/strong>\u00a0constitueix un element\u00a0molt important de l\u2019engranatge d\u2019un centre educatiu.<\/span><\/p>\n<p style=\"color: #444444;\"><span style=\"color: #ffffff;\">En aquesta p\u00e0gina es poden referenciar altres serveis en l\u00ednia\u00a0que ofereix l\u2019escola com ara Moodle, blocs externs, aplicacions de tutoria o gesti\u00f3 acad\u00e8mica, aplicacions m\u00f2bils, etc.<\/span><\/p>\n<p style=\"color: #444444;\"><span style=\"color: #ffffff;\">Si el centre posa en funcionament la\u00a0<strong>xarxa Nodes<\/strong>, aquest pot ser un bon lloc per referenciar els\u00a0principals grups i activitats que s\u2019hi duen a terme.<\/span><\/p>\n\n\n<p><\/p>\n","protected":false},"excerpt":{"rendered":"<p>P\u00e0gina en construcci\u00f3. L\u2019oferta de\u00a0serveis\u00a0digitals\u00a0constitueix un element\u00a0molt important de l\u2019engranatge d\u2019un centre educatiu. En aquesta p\u00e0gina es poden referenciar altres serveis en l\u00ednia\u00a0que ofereix l\u2019escola com ara Moodle, blocs externs, aplicacions de tutoria o gesti\u00f3 acad\u00e8mica, aplicacions m\u00f2bils, etc. Si el centre posa en funcionament la\u00a0xarxa Nodes, aquest pot ser un bon lloc per referenciar [&hellip;]<\/p>\n","protected":false},"author":1,"featured_media":0,"parent":0,"menu_order":10,"comment_status":"closed","ping_status":"closed","template":"","meta":{"site-sidebar-layout":"default","site-content-layout":"","ast-site-content-layout":"default","site-content-style":"default","site-sidebar-style":"default","ast-global-header-display":"","ast-banner-title-visibility":"","ast-main-header-display":"","ast-hfb-above-header-display":"","ast-hfb-below-header-display":"","ast-hfb-mobile-header-display":"","site-post-title":"","ast-breadcrumbs-content":"","ast-featured-img":"","footer-sml-layout":"","theme-transparent-header-meta":"","adv-header-id-meta":"","stick-header-meta":"","header-above-stick-meta":"","header-main-stick-meta":"","header-below-stick-meta":"","astra-migrate-meta-layouts":"set","ast-page-background-enabled":"default","ast-page-background-meta":{"desktop":{"background-color":"var(--ast-global-color-4)","background-image":"","background-repeat":"repeat","background-position":"center center","background-size":"auto","background-attachment":"scroll","background-type":"","background-media":"","overlay-type":"","overlay-color":"","overlay-opacity":"","overlay-gradient":""},"tablet":{"background-color":"","background-image":"","background-repeat":"repeat","background-position":"center center","background-size":"auto","background-attachment":"scroll","background-type":"","background-media":"","overlay-type":"","overlay-color":"","overlay-opacity":"","overlay-gradient":""},"mobile":{"background-color":"","background-image":"","background-repeat":"repeat","background-position":"center center","background-size":"auto","background-attachment":"scroll","background-type":"","background-media":"","overlay-type":"","overlay-color":"","overlay-opacity":"","overlay-gradient":""}},"ast-content-background-meta":{"desktop":{"background-color":"var(--ast-global-color-5)","background-image":"","background-repeat":"repeat","background-position":"center center","background-size":"auto","background-attachment":"scroll","background-type":"","background-media":"","overlay-type":"","overlay-color":"","overlay-opacity":"","overlay-gradient":""},"tablet":{"background-color":"var(--ast-global-color-5)","background-image":"","background-repeat":"repeat","background-position":"center center","background-size":"auto","background-attachment":"scroll","background-type":"","background-media":"","overlay-type":"","overlay-color":"","overlay-opacity":"","overlay-gradient":""},"mobile":{"background-color":"var(--ast-global-color-5)","background-image":"","background-repeat":"repeat","background-position":"center center","background-size":"auto","background-attachment":"scroll","background-type":"","background-media":"","overlay-type":"","overlay-color":"","overlay-opacity":"","overlay-gradient":""}},"footnotes":""},"class_list":["post-65","page","type-page","status-publish","hentry"],"post_mailing_queue_ids":[],"_links":{"self":[{"href":"https:\/\/agora.xtec.cat\/iesdeulofeu\/wp-json\/wp\/v2\/pages\/65","targetHints":{"allow":["GET"]}}],"collection":[{"href":"https:\/\/agora.xtec.cat\/iesdeulofeu\/wp-json\/wp\/v2\/pages"}],"about":[{"href":"https:\/\/agora.xtec.cat\/iesdeulofeu\/wp-json\/wp\/v2\/types\/page"}],"author":[{"embeddable":true,"href":"https:\/\/agora.xtec.cat\/iesdeulofeu\/wp-json\/wp\/v2\/users\/1"}],"replies":[{"embeddable":true,"href":"https:\/\/agora.xtec.cat\/iesdeulofeu\/wp-json\/wp\/v2\/comments?post=65"}],"version-history":[{"count":1,"href":"https:\/\/agora.xtec.cat\/iesdeulofeu\/wp-json\/wp\/v2\/pages\/65\/revisions"}],"predecessor-version":[{"id":1230,"href":"https:\/\/agora.xtec.cat\/iesdeulofeu\/wp-json\/wp\/v2\/pages\/65\/revisions\/1230"}],"wp:attachment":[{"href":"https:\/\/agora.xtec.cat\/iesdeulofeu\/wp-json\/wp\/v2\/media?parent=65"}],"curies":[{"name":"wp","href":"https:\/\/api.w.org\/{rel}","templated":true}]}}