{"id":617,"date":"2024-12-23T15:31:24","date_gmt":"2024-12-23T14:31:24","guid":{"rendered":"https:\/\/agora.xtec.cat\/iesdeulofeu\/?page_id=617"},"modified":"2026-04-07T14:45:47","modified_gmt":"2026-04-07T12:45:47","slug":"projecte-2","status":"publish","type":"page","link":"https:\/\/agora.xtec.cat\/iesdeulofeu\/projecte-2\/","title":{"rendered":"#Aqu\u00edproubullying"},"content":{"rendered":"\n<div class=\"wp-block-columns is-layout-flex wp-container-core-columns-is-layout-1 wp-block-columns-is-layout-flex\">\n<div class=\"wp-block-column is-layout-flow wp-block-column-is-layout-flow\">\n<p>Programa d&#8217;innovaci\u00f3 pedag\u00f2gica de centre que&nbsp;promou el benestar emocional de l\u2019alumnat, la&nbsp; implicaci\u00f3 individual i col\u00b7lectiva en la millora de la conviv\u00e8ncia, i la sensibilitzaci\u00f3 envers&nbsp;l\u2019assetjament escolar com a factors clau en la prevenci\u00f3.<\/p>\n<\/div>\n\n\n\n<div class=\"wp-block-column is-layout-flow wp-block-column-is-layout-flow\">\n<figure class=\"wp-block-image size-full is-resized\"><a href=\"https:\/\/agora.xtec.cat\/iesdeulofeu\/wp-content\/uploads\/usu3605\/2025\/11\/uploads_images_paginas_projectes_240x240_c_553x553-grafic-destacat-aquiproubullyingjpg-1595044798.jpg\"><img loading=\"lazy\" decoding=\"async\" width=\"240\" height=\"240\" src=\"https:\/\/agora.xtec.cat\/iesdeulofeu\/wp-content\/uploads\/usu3605\/2025\/11\/uploads_images_paginas_projectes_240x240_c_553x553-grafic-destacat-aquiproubullyingjpg-1595044798.jpg\" alt=\"\" class=\"wp-image-1023\" style=\"width:242px;height:auto\" srcset=\"https:\/\/agora.xtec.cat\/iesdeulofeu\/wp-content\/uploads\/usu3605\/2025\/11\/uploads_images_paginas_projectes_240x240_c_553x553-grafic-destacat-aquiproubullyingjpg-1595044798.jpg 240w, https:\/\/agora.xtec.cat\/iesdeulofeu\/wp-content\/uploads\/usu3605\/2025\/11\/uploads_images_paginas_projectes_240x240_c_553x553-grafic-destacat-aquiproubullyingjpg-1595044798-150x150.jpg 150w\" sizes=\"auto, (max-width: 240px) 100vw, 240px\" \/><\/a><\/figure>\n<\/div>\n<\/div>\n\n\n\n<h2 class=\"wp-block-heading has-medium-font-size\"><strong>Objectius Programa #Aqu\u00edproubullying<\/strong><\/h2>\n\n\n\n<ul class=\"wp-block-list\">\n<li>Dotar a la comunitat educativa d\u2019estrat\u00e8gies per a l\u2019abordatge del bullying.<\/li>\n\n\n\n<li>Establir estrat\u00e8gies de provenci\u00f3 i sensibilitzaci\u00f3 emmarcades en l&#8217;\u00e0mbit de la prevenci\u00f3 de l&#8217;assetjament escolar.<\/li>\n\n\n\n<li>Sensibilitzar i implicar a tota la comunitat escolar en la millora de la conviv\u00e8ncia i el comprom\u00eds&nbsp; amb el benestar com a eina clau per a l\u2019\u00e8xit escolar.<\/li>\n\n\n\n<li>Empoderar i implicar a l&#8217;alumnat en la millorar de la conviv\u00e8ncia escolar i dotar-los d&#8217;estrat\u00e8gies.<\/li>\n\n\n\n<li>Concretar les accions, els mecanismes i canals que es duran a terme per a la millora de la detecci\u00f3 i tipificaci\u00f3 en el marc de la preventiva continuada (observaci\u00f3 conscient).<\/li>\n<\/ul>\n\n\n\n<hr class=\"wp-block-separator has-alpha-channel-opacity\"\/>\n\n\n\n<h2 class=\"wp-block-heading has-medium-font-size\">Qu\u00e8 \u00e9s l&#8217;assetjament escolar?<\/h2>\n\n\n\n<figure class=\"wp-block-embed is-type-video is-provider-youtube wp-block-embed-youtube wp-embed-aspect-16-9 wp-has-aspect-ratio\"><div class=\"wp-block-embed__wrapper\">\n<div class=\"ast-oembed-container \" style=\"height: 100%;\"><iframe loading=\"lazy\" title=\"Programa #Aqu\u00edProuBullying\" width=\"500\" height=\"281\" src=\"https:\/\/www.youtube.com\/embed\/ed9FPr_jRWw?feature=oembed\" frameborder=\"0\" allow=\"accelerometer; autoplay; clipboard-write; encrypted-media; gyroscope; picture-in-picture; web-share\" referrerpolicy=\"strict-origin-when-cross-origin\" allowfullscreen><\/iframe><\/div>\n<\/div><\/figure>\n\n\n\n<p><\/p>\n\n\n\n<p>L&#8217;assetjament escolar \u00e9s un fenomen social de grup. Implica el&nbsp;maltractament&nbsp;i l&#8217;ab\u00fas de poder&nbsp;continuat cap a una persona o un col\u00b7lectiu concret. Aquest ab\u00fas de poder deixa qui rep la viol\u00e8ncia en una situaci\u00f3 de vulnerabilitat o indefensi\u00f3.&nbsp;Es considera un fenomen de grup perqu\u00e8 hi participen, directament o indirecta, diverses persones. A m\u00e9s, tant si t\u00e9 lloc al centre educatiu com fora, l\u2019assetjament escolar impacta en tota la comunitat educativa.<\/p>\n\n\n\n<p>Els&nbsp;trets m\u00e9s significatius&nbsp;de l\u2019assetjament escolar s\u00f3n els seg\u00fcents:<\/p>\n\n\n\n<ul class=\"wp-block-list\">\n<li>Hi ha persecuci\u00f3 f\u00edsica, verbal o social, i en tot cas, psicol\u00f2gica.<\/li>\n\n\n\n<li>Les accions tenen lloc durant un per\u00edode de temps, no s\u00f3n puntuals o a\u00efllades.<\/li>\n\n\n\n<li>Qui exerceix la viol\u00e8ncia mostra la intenci\u00f3 clara de fer mal.<\/li>\n\n\n\n<li>Qui rep la viol\u00e8ncia est\u00e0 en una posici\u00f3 de vulnerabilitat i desigualtat.<\/li>\n<\/ul>\n\n\n\n<hr class=\"wp-block-separator has-alpha-channel-opacity\"\/>\n\n\n\n<h2 class=\"wp-block-heading has-medium-font-size\">Els senyals que ens poden permetre detectar l&#8217;assetjament escolar s\u00f3n:<\/h2>\n\n\n\n<figure class=\"wp-block-image size-large\" style=\"margin-top:var(--wp--preset--spacing--60);margin-bottom:var(--wp--preset--spacing--60)\"><a href=\"https:\/\/agora.xtec.cat\/iesdeulofeu\/wp-content\/uploads\/usu3605\/2025\/11\/Aquiiproubulling1.png\"><img loading=\"lazy\" decoding=\"async\" width=\"1024\" height=\"548\" src=\"https:\/\/agora.xtec.cat\/iesdeulofeu\/wp-content\/uploads\/usu3605\/2025\/11\/Aquiiproubulling1-1024x548.png\" alt=\"\" class=\"wp-image-1042\" srcset=\"https:\/\/agora.xtec.cat\/iesdeulofeu\/wp-content\/uploads\/usu3605\/2025\/11\/Aquiiproubulling1-1024x548.png 1024w, https:\/\/agora.xtec.cat\/iesdeulofeu\/wp-content\/uploads\/usu3605\/2025\/11\/Aquiiproubulling1-300x161.png 300w, https:\/\/agora.xtec.cat\/iesdeulofeu\/wp-content\/uploads\/usu3605\/2025\/11\/Aquiiproubulling1-768x411.png 768w, https:\/\/agora.xtec.cat\/iesdeulofeu\/wp-content\/uploads\/usu3605\/2025\/11\/Aquiiproubulling1.png 1138w\" sizes=\"auto, (max-width: 1024px) 100vw, 1024px\" \/><\/a><\/figure>\n\n\n\n<figure class=\"wp-block-image size-large\" style=\"margin-top:var(--wp--preset--spacing--60);margin-bottom:var(--wp--preset--spacing--60)\"><a href=\"https:\/\/agora.xtec.cat\/iesdeulofeu\/wp-content\/uploads\/usu3605\/2025\/11\/Aquiproubulling2.png\"><img loading=\"lazy\" decoding=\"async\" width=\"1024\" height=\"548\" src=\"https:\/\/agora.xtec.cat\/iesdeulofeu\/wp-content\/uploads\/usu3605\/2025\/11\/Aquiproubulling2-1024x548.png\" alt=\"\" class=\"wp-image-1043\" srcset=\"https:\/\/agora.xtec.cat\/iesdeulofeu\/wp-content\/uploads\/usu3605\/2025\/11\/Aquiproubulling2-1024x548.png 1024w, https:\/\/agora.xtec.cat\/iesdeulofeu\/wp-content\/uploads\/usu3605\/2025\/11\/Aquiproubulling2-300x161.png 300w, https:\/\/agora.xtec.cat\/iesdeulofeu\/wp-content\/uploads\/usu3605\/2025\/11\/Aquiproubulling2-768x411.png 768w, https:\/\/agora.xtec.cat\/iesdeulofeu\/wp-content\/uploads\/usu3605\/2025\/11\/Aquiproubulling2.png 1138w\" sizes=\"auto, (max-width: 1024px) 100vw, 1024px\" \/><\/a><\/figure>\n\n\n\n<p>Enguany el centre duu a terme les primeres accions relacionades amb la formaci\u00f3&nbsp;<strong>Aqu\u00edproubullying<\/strong>&nbsp;que consisteix, principalment, en prevenir, detectar, seguir i eliminar les conductes relacionades amb l&#8217;assetjament escolar. Per aquest motiu aquest curs 2024-25 engeguem un seguit de mesures d&#8217;atenci\u00f3 i control en les quals el claustre, el personal laboral i l&#8217;alumnat en prendr\u00e0 part.&nbsp;<\/p>\n\n\n\n<p>El professorat del claustre ha rebut una formaci\u00f3 i l&#8217;equip impulsor l&#8217;ha complementada amb una formaci\u00f3 extra que dura tres anys.&nbsp;<\/p>\n\n\n\n<p>Tot aquest projecte estableix uns equips i comissions:&nbsp;<\/p>\n\n\n\n<ul class=\"wp-block-list\">\n<li>Equip impulsor del projecte al centre: Marta Guri, V\u00edctor \u00c1lvarez, Cristina Mart\u00ednez, Genoveva Puigveh\u00ed i Gael Andreu.<\/li>\n\n\n\n<li>COCOBE (coordinaci\u00f3, conviv\u00e8ncia i benestar de l&#8217;alumnat): Anna Ortiz.<\/li>\n\n\n\n<li>Comissi\u00f3 de conviv\u00e8ncia (tots els professors anteriors).<\/li>\n\n\n\n<li>Equip de valoraci\u00f3:&nbsp; N\u00faria Vila i Ester Font i professorat neutral que no conegui l&#8217;alumnat afectat.<\/li>\n\n\n\n<li>Equips per la conviv\u00e8ncia: alumnes de l&#8217;optativa de 3r d&#8217;ESO Habilitats socials i alumnes de 4t voluntaris. Professores: Anna Ortiz i Montse Valeriano.&nbsp;<\/li>\n<\/ul>\n\n\n\n<p>Cadascun d&#8217;aquests equips t\u00e9 unes funcions estipulades i es van reunint peri\u00f2dicament atenent \u00e0rees com la dinamitzaci\u00f3 de patis, taules de p\u00edcnic per tal d&#8217;afavorir zones de conviv\u00e8ncia, organitzaci\u00f3 d&#8217;activitats en dies assenyalats, mapes de seguretat perqu\u00e8 els alumnes s\u00e0piguen qu\u00e8 fer en cas d&#8217;assetjament, entre d&#8217;altres.<\/p>\n\n\n\n<div data-wp-interactive=\"core\/file\" class=\"wp-block-file\"><object data-wp-bind--hidden=\"!state.hasPdfPreview\" hidden class=\"wp-block-file__embed\" data=\"https:\/\/agora.xtec.cat\/iesdeulofeu\/wp-content\/uploads\/usu3605\/2025\/11\/aquiproubulling-families.pdf\" type=\"application\/pdf\" style=\"width:100%;height:600px\" aria-label=\"Incrustaci\u00f3 del fitxer #aqu\u00edproubulling-fam\u00edlies.\"><\/object><a id=\"wp-block-file--media-cffc1155-7360-4a3a-9c43-63572503999c\" href=\"https:\/\/agora.xtec.cat\/iesdeulofeu\/wp-content\/uploads\/usu3605\/2025\/11\/aquiproubulling-families.pdf\">#aqu\u00edproubulling-fam\u00edlies<\/a><a href=\"https:\/\/agora.xtec.cat\/iesdeulofeu\/wp-content\/uploads\/usu3605\/2025\/11\/aquiproubulling-families.pdf\" class=\"wp-block-file__button wp-element-button\" download aria-describedby=\"wp-block-file--media-cffc1155-7360-4a3a-9c43-63572503999c\">Baixa<\/a><\/div>\n","protected":false},"excerpt":{"rendered":"<p>Programa d&#8217;innovaci\u00f3 pedag\u00f2gica de centre que&nbsp;promou el benestar emocional de l\u2019alumnat, la&nbsp; implicaci\u00f3 individual i col\u00b7lectiva en la millora de la conviv\u00e8ncia, i la sensibilitzaci\u00f3 envers&nbsp;l\u2019assetjament escolar com a factors clau en la prevenci\u00f3. Objectius Programa #Aqu\u00edproubullying Qu\u00e8 \u00e9s l&#8217;assetjament escolar? L&#8217;assetjament escolar \u00e9s un fenomen social de grup. Implica el&nbsp;maltractament&nbsp;i l&#8217;ab\u00fas de poder&nbsp;continuat cap [&hellip;]<\/p>\n","protected":false},"author":1,"featured_media":0,"parent":0,"menu_order":0,"comment_status":"closed","ping_status":"closed","template":"","meta":{"site-sidebar-layout":"default","site-content-layout":"","ast-site-content-layout":"default","site-content-style":"default","site-sidebar-style":"default","ast-global-header-display":"","ast-banner-title-visibility":"","ast-main-header-display":"","ast-hfb-above-header-display":"","ast-hfb-below-header-display":"","ast-hfb-mobile-header-display":"","site-post-title":"","ast-breadcrumbs-content":"","ast-featured-img":"","footer-sml-layout":"","theme-transparent-header-meta":"","adv-header-id-meta":"","stick-header-meta":"","header-above-stick-meta":"","header-main-stick-meta":"","header-below-stick-meta":"","astra-migrate-meta-layouts":"set","ast-page-background-enabled":"default","ast-page-background-meta":{"desktop":{"background-color":"var(--ast-global-color-4)","background-image":"","background-repeat":"repeat","background-position":"center center","background-size":"auto","background-attachment":"scroll","background-type":"","background-media":"","overlay-type":"","overlay-color":"","overlay-opacity":"","overlay-gradient":""},"tablet":{"background-color":"","background-image":"","background-repeat":"repeat","background-position":"center center","background-size":"auto","background-attachment":"scroll","background-type":"","background-media":"","overlay-type":"","overlay-color":"","overlay-opacity":"","overlay-gradient":""},"mobile":{"background-color":"","background-image":"","background-repeat":"repeat","background-position":"center center","background-size":"auto","background-attachment":"scroll","background-type":"","background-media":"","overlay-type":"","overlay-color":"","overlay-opacity":"","overlay-gradient":""}},"ast-content-background-meta":{"desktop":{"background-color":"var(--ast-global-color-5)","background-image":"","background-repeat":"repeat","background-position":"center center","background-size":"auto","background-attachment":"scroll","background-type":"","background-media":"","overlay-type":"","overlay-color":"","overlay-opacity":"","overlay-gradient":""},"tablet":{"background-color":"var(--ast-global-color-5)","background-image":"","background-repeat":"repeat","background-position":"center center","background-size":"auto","background-attachment":"scroll","background-type":"","background-media":"","overlay-type":"","overlay-color":"","overlay-opacity":"","overlay-gradient":""},"mobile":{"background-color":"var(--ast-global-color-5)","background-image":"","background-repeat":"repeat","background-position":"center center","background-size":"auto","background-attachment":"scroll","background-type":"","background-media":"","overlay-type":"","overlay-color":"","overlay-opacity":"","overlay-gradient":""}},"footnotes":""},"class_list":["post-617","page","type-page","status-publish","hentry"],"post_mailing_queue_ids":[],"_links":{"self":[{"href":"https:\/\/agora.xtec.cat\/iesdeulofeu\/wp-json\/wp\/v2\/pages\/617","targetHints":{"allow":["GET"]}}],"collection":[{"href":"https:\/\/agora.xtec.cat\/iesdeulofeu\/wp-json\/wp\/v2\/pages"}],"about":[{"href":"https:\/\/agora.xtec.cat\/iesdeulofeu\/wp-json\/wp\/v2\/types\/page"}],"author":[{"embeddable":true,"href":"https:\/\/agora.xtec.cat\/iesdeulofeu\/wp-json\/wp\/v2\/users\/1"}],"replies":[{"embeddable":true,"href":"https:\/\/agora.xtec.cat\/iesdeulofeu\/wp-json\/wp\/v2\/comments?post=617"}],"version-history":[{"count":6,"href":"https:\/\/agora.xtec.cat\/iesdeulofeu\/wp-json\/wp\/v2\/pages\/617\/revisions"}],"predecessor-version":[{"id":1046,"href":"https:\/\/agora.xtec.cat\/iesdeulofeu\/wp-json\/wp\/v2\/pages\/617\/revisions\/1046"}],"wp:attachment":[{"href":"https:\/\/agora.xtec.cat\/iesdeulofeu\/wp-json\/wp\/v2\/media?parent=617"}],"curies":[{"name":"wp","href":"https:\/\/api.w.org\/{rel}","templated":true}]}}