{"id":614,"date":"2024-12-23T15:30:48","date_gmt":"2024-12-23T14:30:48","guid":{"rendered":"https:\/\/agora.xtec.cat\/iesdeulofeu\/?page_id=614"},"modified":"2025-11-18T13:07:39","modified_gmt":"2025-11-18T12:07:39","slug":"projecte-1","status":"publish","type":"page","link":"https:\/\/agora.xtec.cat\/iesdeulofeu\/projecte-1\/","title":{"rendered":"MUFPS &#8211; Centre formador"},"content":{"rendered":"\n<p>Esdevenir&nbsp;<strong><a href=\"https:\/\/projectes.xtec.cat\/centresformadors\/\" target=\"_blank\" rel=\"noreferrer noopener\">centre formador<\/a><\/strong>&nbsp;\u00e9s la manifestaci\u00f3 d\u2019una voluntat per contribuir a la professionalitzaci\u00f3 de la doc\u00e8ncia des de l\u2019experi\u00e8ncia, en una reflexi\u00f3 dirigida a la millora i la innovaci\u00f3.<\/p>\n\n\n\n<p>L\u2019Institut Alexandre Deulofeu \u00e9s un centre p\u00fablic catal\u00e0 d\u2019ensenyament secundari. En tant que centre d\u2019ensenyament, t\u00e9 com a objectiu prioritari la formaci\u00f3 integral de l\u2019alumnat de tots els nivells: ESO, batxillerat, cicles formatius de grau mitj\u00e0 i superior&nbsp;i alumnat de pr\u00e0ctiques del MUFPS.&nbsp;En tant que centre p\u00fablic, es regeix pels principis que defineixen el sistema p\u00fablic catal\u00e0 d\u2019ensenyament: qualitat pedag\u00f2gica, direcci\u00f3 responsable, dedicaci\u00f3 i professionalitat docents, avaluaci\u00f3, retiment de comptes, implicaci\u00f3 de les fam\u00edlies, preservaci\u00f3 de l\u2019equitat i cerca de l\u2019excel\u00b7l\u00e8ncia. L\u2019Institut Alexandre Deulofeu assumeix i practica els principis de l\u2019art 93 de la LEC: inclusi\u00f3, la\u00efcitat i respecte amb la pluralitat.<\/p>\n\n\n\n<p>L&#8217;Objectiu&nbsp;principal del nostre centre \u00e9s formar l\u2019alumnat de pr\u00e0ctiques del M\u00e0ster Universitari de Formaci\u00f3 de Professorat de Secund\u00e0ria donant-los una visi\u00f3 global del que \u00e9s la tasca docent.<\/p>\n\n\n\n<p>Les mentories de pr\u00e0ctiques&nbsp;sempre s\u00f3n&nbsp;assignades a professorat que volunt\u00e0riament&nbsp;vol&nbsp;assumir aquesta responsabilitat. No entenem que pugui ser d&#8217;una altra manera per tal que les pr\u00e0ctiques siguin al m\u00e0xim de profitoses. A nivell de claustre, hi ha consci\u00e8ncia de la import\u00e0ncia que t\u00e9 que la formaci\u00f3 del professorat. Sobretot en les seves etapes primerenques, moment en qu\u00e8 s&#8217;assenten les bases del que ser\u00e0 la pr\u00e0ctica docent.&nbsp;<\/p>\n\n\n\n<p>Obrim les portes del centre de bat a bat a l&#8217;alumnat del m\u00e0ster. Us dels espais del centre i reunions informatives sobre la organitzaci\u00f3 del centre a part, l&#8217;alumnat del m\u00e0ster t\u00e9 acc\u00e9s a totes les reunions de coordinaci\u00f3 que es realitzen al centre, des de reunions d&#8217;equip docent fins a reunions de departament, de tutors, claustres o avaluacions. Al mateix temps, no es limita l&#8217;alumnat a veure nom\u00e9s les sessions de classe del seu mentor o mentora sin\u00f3 que pot i ha d&#8217;observar les sessions d&#8217;altres professors o professores de tots els nivells possibles i fins i tot, perqu\u00e8 no, d&#8217;altres especialitats que no son la pr\u00f2pia sobre la qual s&#8217;est\u00e0 cursant el m\u00e0ster. \u00c9s important poder observar tot el ventall de possibilitats amb qu\u00e8 es poden trobar en un centre educatiu.&nbsp;<\/p>\n\n\n\n<p>El nostre centre, a m\u00e9s, t\u00e9 la peculiaritat d&#8217;oferir el batxillerat art\u00edstic en les seves dues branques, les arts pl\u00e0stiques i les arts esc\u00e8niques. Aix\u00f2 tamb\u00e9 el fa especialment interessant pel que comporta tan a nivell organitzatiu de centre com a nivell de les mat\u00e8ries que s&#8217;hi ofereixen i que s\u00f3n poc habituals en altres centres.&nbsp;<\/p>\n\n\n\n<div data-wp-interactive=\"core\/file\" class=\"wp-block-file\"><object data-wp-bind--hidden=\"!state.hasPdfPreview\" hidden class=\"wp-block-file__embed\" data=\"https:\/\/agora.xtec.cat\/iesdeulofeu\/wp-content\/uploads\/usu3605\/2025\/11\/Programa-dinnovacio-centre-formadors.pdf\" type=\"application\/pdf\" style=\"width:100%;height:600px\" aria-label=\"Incrustaci\u00f3 del fitxer Programa d&#039;innovaci\u00f3 centre formadors.\"><\/object><a id=\"wp-block-file--media-4d496c4a-66cd-4491-a6b4-83a35cd58061\" href=\"https:\/\/agora.xtec.cat\/iesdeulofeu\/wp-content\/uploads\/usu3605\/2025\/11\/Programa-dinnovacio-centre-formadors.pdf\">Programa d&#8217;innovaci\u00f3 centre formadors<\/a><a href=\"https:\/\/agora.xtec.cat\/iesdeulofeu\/wp-content\/uploads\/usu3605\/2025\/11\/Programa-dinnovacio-centre-formadors.pdf\" class=\"wp-block-file__button wp-element-button\" download aria-describedby=\"wp-block-file--media-4d496c4a-66cd-4491-a6b4-83a35cd58061\">Baixa<\/a><\/div>\n","protected":false},"excerpt":{"rendered":"<p>Esdevenir&nbsp;centre formador&nbsp;\u00e9s la manifestaci\u00f3 d\u2019una voluntat per contribuir a la professionalitzaci\u00f3 de la doc\u00e8ncia des de l\u2019experi\u00e8ncia, en una reflexi\u00f3 dirigida a la millora i la innovaci\u00f3. L\u2019Institut Alexandre Deulofeu \u00e9s un centre p\u00fablic catal\u00e0 d\u2019ensenyament secundari. En tant que centre d\u2019ensenyament, t\u00e9 com a objectiu prioritari la formaci\u00f3 integral de l\u2019alumnat de tots els [&hellip;]<\/p>\n","protected":false},"author":1,"featured_media":0,"parent":0,"menu_order":0,"comment_status":"closed","ping_status":"close","template":"","meta":{"site-sidebar-layout":"default","site-content-layout":"","ast-site-content-layout":"default","site-content-style":"default","site-sidebar-style":"default","ast-global-header-display":"","ast-banner-title-visibility":"","ast-main-header-display":"","ast-hfb-above-header-display":"","ast-hfb-below-header-display":"","ast-hfb-mobile-header-display":"","site-post-title":"","ast-breadcrumbs-content":"","ast-featured-img":"","footer-sml-layout":"","theme-transparent-header-meta":"","adv-header-id-meta":"","stick-header-meta":"","header-above-stick-meta":"","header-main-stick-meta":"","header-below-stick-meta":"","astra-migrate-meta-layouts":"set","ast-page-background-enabled":"default","ast-page-background-meta":{"desktop":{"background-color":"var(--ast-global-color-4)","background-image":"","background-repeat":"repeat","background-position":"center center","background-size":"auto","background-attachment":"scroll","background-type":"","background-media":"","overlay-type":"","overlay-color":"","overlay-opacity":"","overlay-gradient":""},"tablet":{"background-color":"","background-image":"","background-repeat":"repeat","background-position":"center center","background-size":"auto","background-attachment":"scroll","background-type":"","background-media":"","overlay-type":"","overlay-color":"","overlay-opacity":"","overlay-gradient":""},"mobile":{"background-color":"","background-image":"","background-repeat":"repeat","background-position":"center center","background-size":"auto","background-attachment":"scroll","background-type":"","background-media":"","overlay-type":"","overlay-color":"","overlay-opacity":"","overlay-gradient":""}},"ast-content-background-meta":{"desktop":{"background-color":"var(--ast-global-color-5)","background-image":"","background-repeat":"repeat","background-position":"center center","background-size":"auto","background-attachment":"scroll","background-type":"","background-media":"","overlay-type":"","overlay-color":"","overlay-opacity":"","overlay-gradient":""},"tablet":{"background-color":"var(--ast-global-color-5)","background-image":"","background-repeat":"repeat","background-position":"center center","background-size":"auto","background-attachment":"scroll","background-type":"","background-media":"","overlay-type":"","overlay-color":"","overlay-opacity":"","overlay-gradient":""},"mobile":{"background-color":"var(--ast-global-color-5)","background-image":"","background-repeat":"repeat","background-position":"center center","background-size":"auto","background-attachment":"scroll","background-type":"","background-media":"","overlay-type":"","overlay-color":"","overlay-opacity":"","overlay-gradient":""}},"footnotes":""},"class_list":["post-614","page","type-page","status-publish","hentry"],"post_mailing_queue_ids":[],"_links":{"self":[{"href":"https:\/\/agora.xtec.cat\/iesdeulofeu\/wp-json\/wp\/v2\/pages\/614","targetHints":{"allow":["GET"]}}],"collection":[{"href":"https:\/\/agora.xtec.cat\/iesdeulofeu\/wp-json\/wp\/v2\/pages"}],"about":[{"href":"https:\/\/agora.xtec.cat\/iesdeulofeu\/wp-json\/wp\/v2\/types\/page"}],"author":[{"embeddable":true,"href":"https:\/\/agora.xtec.cat\/iesdeulofeu\/wp-json\/wp\/v2\/users\/1"}],"replies":[{"embeddable":true,"href":"https:\/\/agora.xtec.cat\/iesdeulofeu\/wp-json\/wp\/v2\/comments?post=614"}],"version-history":[{"count":4,"href":"https:\/\/agora.xtec.cat\/iesdeulofeu\/wp-json\/wp\/v2\/pages\/614\/revisions"}],"predecessor-version":[{"id":1036,"href":"https:\/\/agora.xtec.cat\/iesdeulofeu\/wp-json\/wp\/v2\/pages\/614\/revisions\/1036"}],"wp:attachment":[{"href":"https:\/\/agora.xtec.cat\/iesdeulofeu\/wp-json\/wp\/v2\/media?parent=614"}],"curies":[{"name":"wp","href":"https:\/\/api.w.org\/{rel}","templated":true}]}}