{"id":55,"date":"2014-09-17T16:59:49","date_gmt":"2014-09-17T16:59:49","guid":{"rendered":"http:\/\/agora.xtec.cat\/iesdeulofeu\/?page_id=55"},"modified":"2025-10-16T17:44:04","modified_gmt":"2025-10-16T15:44:04","slug":"horaris","status":"publish","type":"page","link":"https:\/\/agora.xtec.cat\/iesdeulofeu\/linstitut\/horaris\/","title":{"rendered":"Horaris"},"content":{"rendered":"\n<div class=\"wp-block-getwid-advanced-heading\"><h5 class=\"wp-block-getwid-advanced-heading__content\">Horaris de consergeria<\/h5><\/div>\n\n\n\n<ul class=\"wp-block-list\">\n<li>De setembre a juny,&nbsp;de dilluns a divendres <strong>de 08:00 a 20.00 h<\/strong>.<\/li>\n\n\n\n<li>Mes de juliol, de dilluns a divendres de <strong>08.00 a 15.00 h<\/strong>.<\/li>\n<\/ul>\n\n\n\n<p><\/p>\n\n\n\n<hr class=\"wp-block-separator has-alpha-channel-opacity\"\/>\n\n\n\n<div class=\"wp-block-getwid-advanced-heading\"><h5 class=\"wp-block-getwid-advanced-heading__content\"><br>Horaris de secretaria<\/h5><\/div>\n\n\n\n<p><\/p>\n\n\n\n<p>L&#8217;horari d&#8217;atenci\u00f3 al p\u00fablic de secretaria \u00e9s:<\/p>\n\n\n\n<ul class=\"wp-block-list\">\n<li>De dilluns a divendres <strong>de 09.00 a 14.00 h<\/strong>.<\/li>\n<\/ul>\n\n\n\n<p>Per fer tr\u00e0mits al centre, cal demanar cita pr\u00e8via per correu electr\u00f2nic<\/p>\n\n\n\n<p><\/p>\n\n\n\n<hr class=\"wp-block-separator has-alpha-channel-opacity\"\/>\n\n\n\n<div class=\"wp-block-getwid-advanced-heading\"><h5 class=\"wp-block-getwid-advanced-heading__content\"><br>Horaris d&#8217;ESO i Batxillerat<\/h5><\/div>\n\n\n\n<ul class=\"wp-block-list\">\n<li>El marc horari dels estudi d&#8217;ESO i Batxillerat \u00e9s de dilluns a divendres <strong>de 08.10 a 14.40 h<\/strong>.<\/li>\n<\/ul>\n\n\n\n<p><\/p>\n\n\n\n<hr class=\"wp-block-separator has-alpha-channel-opacity\"\/>\n\n\n\n<div class=\"wp-block-getwid-advanced-heading\"><h5 class=\"wp-block-getwid-advanced-heading__content\"><br>Horaris de Cicles de formaci\u00f3 professional de grau mitj\u00e0 i superior<\/h5><\/div>\n\n\n\n<ul class=\"wp-block-list\">\n<li>El marc horari dels estudi d&#8217;ESO i Batxillerat \u00e9s de dilluns a divendres <strong>de 14.55 a 20.45 h<\/strong>.<\/li>\n<\/ul>\n\n\n\n<p><\/p>\n","protected":false},"excerpt":{"rendered":"<p>L&#8217;horari d&#8217;atenci\u00f3 al p\u00fablic de secretaria \u00e9s: Per fer tr\u00e0mits al centre, cal demanar cita pr\u00e8via per correu electr\u00f2nic<\/p>\n","protected":false},"author":1,"featured_media":0,"parent":19,"menu_order":80,"comment_status":"closed","ping_status":"closed","template":"","meta":{"site-sidebar-layout":"default","site-content-layout":"","ast-site-content-layout":"default","site-content-style":"default","site-sidebar-style":"default","ast-global-header-display":"","ast-banner-title-visibility":"","ast-main-header-display":"","ast-hfb-above-header-display":"","ast-hfb-below-header-display":"","ast-hfb-mobile-header-display":"","site-post-title":"","ast-breadcrumbs-content":"","ast-featured-img":"","footer-sml-layout":"","theme-transparent-header-meta":"","adv-header-id-meta":"","stick-header-meta":"","header-above-stick-meta":"","header-main-stick-meta":"","header-below-stick-meta":"","astra-migrate-meta-layouts":"set","ast-page-background-enabled":"default","ast-page-background-meta":{"desktop":{"background-color":"var(--ast-global-color-4)","background-image":"","background-repeat":"repeat","background-position":"center center","background-size":"auto","background-attachment":"scroll","background-type":"","background-media":"","overlay-type":"","overlay-color":"","overlay-opacity":"","overlay-gradient":""},"tablet":{"background-color":"","background-image":"","background-repeat":"repeat","background-position":"center center","background-size":"auto","background-attachment":"scroll","background-type":"","background-media":"","overlay-type":"","overlay-color":"","overlay-opacity":"","overlay-gradient":""},"mobile":{"background-color":"","background-image":"","background-repeat":"repeat","background-position":"center center","background-size":"auto","background-attachment":"scroll","background-type":"","background-media":"","overlay-type":"","overlay-color":"","overlay-opacity":"","overlay-gradient":""}},"ast-content-background-meta":{"desktop":{"background-color":"var(--ast-global-color-5)","background-image":"","background-repeat":"repeat","background-position":"center center","background-size":"auto","background-attachment":"scroll","background-type":"","background-media":"","overlay-type":"","overlay-color":"","overlay-opacity":"","overlay-gradient":""},"tablet":{"background-color":"var(--ast-global-color-5)","background-image":"","background-repeat":"repeat","background-position":"center center","background-size":"auto","background-attachment":"scroll","background-type":"","background-media":"","overlay-type":"","overlay-color":"","overlay-opacity":"","overlay-gradient":""},"mobile":{"background-color":"var(--ast-global-color-5)","background-image":"","background-repeat":"repeat","background-position":"center center","background-size":"auto","background-attachment":"scroll","background-type":"","background-media":"","overlay-type":"","overlay-color":"","overlay-opacity":"","overlay-gradient":""}},"footnotes":""},"class_list":["post-55","page","type-page","status-publish","hentry"],"post_mailing_queue_ids":[],"_links":{"self":[{"href":"https:\/\/agora.xtec.cat\/iesdeulofeu\/wp-json\/wp\/v2\/pages\/55","targetHints":{"allow":["GET"]}}],"collection":[{"href":"https:\/\/agora.xtec.cat\/iesdeulofeu\/wp-json\/wp\/v2\/pages"}],"about":[{"href":"https:\/\/agora.xtec.cat\/iesdeulofeu\/wp-json\/wp\/v2\/types\/page"}],"author":[{"embeddable":true,"href":"https:\/\/agora.xtec.cat\/iesdeulofeu\/wp-json\/wp\/v2\/users\/1"}],"replies":[{"embeddable":true,"href":"https:\/\/agora.xtec.cat\/iesdeulofeu\/wp-json\/wp\/v2\/comments?post=55"}],"version-history":[{"count":6,"href":"https:\/\/agora.xtec.cat\/iesdeulofeu\/wp-json\/wp\/v2\/pages\/55\/revisions"}],"predecessor-version":[{"id":805,"href":"https:\/\/agora.xtec.cat\/iesdeulofeu\/wp-json\/wp\/v2\/pages\/55\/revisions\/805"}],"up":[{"embeddable":true,"href":"https:\/\/agora.xtec.cat\/iesdeulofeu\/wp-json\/wp\/v2\/pages\/19"}],"wp:attachment":[{"href":"https:\/\/agora.xtec.cat\/iesdeulofeu\/wp-json\/wp\/v2\/media?parent=55"}],"curies":[{"name":"wp","href":"https:\/\/api.w.org\/{rel}","templated":true}]}}