{"id":46,"date":"2014-09-17T16:53:45","date_gmt":"2014-09-17T16:53:45","guid":{"rendered":"http:\/\/agora.xtec.cat\/iesdeulofeu\/?page_id=46"},"modified":"2025-10-21T11:20:49","modified_gmt":"2025-10-21T09:20:49","slug":"organigrama","status":"publish","type":"page","link":"https:\/\/agora.xtec.cat\/iesdeulofeu\/linstitut\/organigrama\/","title":{"rendered":"Organigrama"},"content":{"rendered":"\n<h2 class=\"wp-block-heading has-large-font-size\">Organigrama del curs 2025 &#8211; 2026<\/h2>\n\n\n\n<h2 class=\"wp-block-heading has-medium-font-size\">Equip Directiu<\/h2>\n\n\n\n<ul class=\"wp-block-list\">\n<li>Director: Anna Morillas<\/li>\n\n\n\n<li>Cap d\u2019estudis: Joan Vila<\/li>\n\n\n\n<li>Cap d\u2019estudis adjunt: N\u00faria Vila<\/li>\n\n\n\n<li>Secret\u00e0ria: Anna Maria Ortega<\/li>\n\n\n\n<li>Coordinadora Pedag\u00f2gica: Ester Font<\/li>\n<\/ul>\n\n\n\n<h2 class=\"wp-block-heading has-medium-font-size\">Caps de Departament<\/h2>\n\n\n\n<ul class=\"wp-block-list\">\n<li>Llengua Catalana: Marta Planells<\/li>\n\n\n\n<li>Llengua Castellana: Irantzu P\u00e9rez<\/li>\n\n\n\n<li>Matem\u00e0tiques: Carles Llensa<\/li>\n\n\n\n<li>Ci\u00e8ncies Socials: Genoveva Puigveh\u00ed<\/li>\n\n\n\n<li>Ci\u00e8ncies Experimentals: Dolors Corcoll<\/li>\n\n\n\n<li>Tecnologia: Gael Andreu<\/li>\n\n\n\n<li>M\u00fasica: Carme Busquets<\/li>\n\n\n\n<li>Educaci\u00f3 F\u00edsica: Imma Darn\u00e9s<\/li>\n\n\n\n<li>Educaci\u00f3 Visual i Pl\u00e0stica: M\u00edriam Mel\u00e9ndez<\/li>\n\n\n\n<li>Lleng\u00fces Estrangeres: L\u00eddia Schibi<\/li>\n\n\n\n<li>Sanitat i Farm\u00e0cia: F\u00e0tima Merino<\/li>\n<\/ul>\n\n\n\n<p><strong>Caps de seminari<\/strong><\/p>\n\n\n\n<ul class=\"wp-block-list\">\n<li>Seminari de Llengua Francesa: Marta&nbsp;Guri<\/li>\n\n\n\n<li>Seminari de Biologia i Geologia: Olga Font<\/li>\n\n\n\n<li>Seminari de Cl\u00e0ssiques: Maria Rodeja<\/li>\n\n\n\n<li>Seminari de Filosofia: Carles Ruano<\/li>\n\n\n\n<li>Seminari d\u2019Orientaci\u00f3: Ester Font<\/li>\n<\/ul>\n\n\n\n<p><strong>Coordinadors<\/strong><\/p>\n\n\n\n<ul class=\"wp-block-list\">\n<li>Coordinadora de 1r d\u2019ESO:&nbsp;Gael Andreu&nbsp;<\/li>\n\n\n\n<li>Coordinador de 2n d\u2019ESO: Ant\u00f2nia Tubau<\/li>\n\n\n\n<li>Coordinadora de 3r d\u2019ESO: Olga Font<\/li>\n\n\n\n<li>Coordinadora de 4t d\u2019ESO: V\u00edctor \u00c0lvarez<\/li>\n\n\n\n<li>Coordinador de BAT: Marta Guri<\/li>\n\n\n\n<li>Coordinadora de Cicles Formatius: Aitana Valero<\/li>\n\n\n\n<li>Coordinadora Digital: Carmina Luque<\/li>\n\n\n\n<li>Coordinadora de Riscos Laborals: N\u00faria Sala<\/li>\n\n\n\n<li>Coordinadora de Qualitat: Eva Ladero<\/li>\n\n\n\n<li>Coordinador del MUFPS: Joan Vila<\/li>\n\n\n\n<li>Coordinadora de coeducaci\u00f3, conviv\u00e8ncia i benestar de l&#8217;alumnat (COCOBE): Anna Ort\u00edz<\/li>\n<\/ul>\n\n\n\n<p><strong>Tutories d&#8217;ESO<\/strong><\/p>\n\n\n\n<ul class=\"wp-block-list\">\n<li>1r ESO A: Coral Sala<\/li>\n\n\n\n<li>1r ESO B: S\u00edlvia Terradas<\/li>\n\n\n\n<li>1r ESO C: Sergi Palomeras<\/li>\n\n\n\n<li>1r ESO D: Manel Peralta<\/li>\n\n\n\n<li>2n ESO A: Ant\u00f2nia Tubau<\/li>\n\n\n\n<li>2n ESO B: M\u00f2nica Landeira<\/li>\n\n\n\n<li>2n ESO C: S\u00f2nia Marin<\/li>\n\n\n\n<li>2n ESO D: Marisa P\u00e9rez<\/li>\n\n\n\n<li>3r ESO A: N\u00faria Vila<\/li>\n\n\n\n<li>3r ESO B: Sandra Fern\u00e1ndez<\/li>\n\n\n\n<li>3r ESO C: Samuel Palac\u00edn<\/li>\n\n\n\n<li>3r ESO D: Antoni Brun<\/li>\n\n\n\n<li>4t ESO A: \u00cdngrid Mart\u00ednez<\/li>\n\n\n\n<li>4t ESO B:&nbsp;V\u00edctor \u00c1lvarez<\/li>\n\n\n\n<li>4t ESO C:&nbsp;Joana Santos<\/li>\n\n\n\n<li>4t ESO D: Mireia Cots<\/li>\n<\/ul>\n\n\n\n<p><strong>Tutories NESE<\/strong><\/p>\n\n\n\n<ul class=\"wp-block-list\">\n<li>SIEI: In\u00e8s Ayats<\/li>\n\n\n\n<li>Aula d&#8217;acollida: Artal Noguerol<\/li>\n\n\n\n<li>UEC: Anna Ort\u00edz<\/li>\n<\/ul>\n\n\n\n<p><strong>Tutories de Batxillerat<\/strong><\/p>\n\n\n\n<ul class=\"wp-block-list\">\n<li>1r BAT A: Dolors Comas<\/li>\n\n\n\n<li>1r BAT B: Anna Capell i Maria Rodeja<\/li>\n\n\n\n<li>1r BAT C: Jordi Martos<\/li>\n\n\n\n<li>1r BAT D: Joan Vila<\/li>\n\n\n\n<li>2n BAT A:&nbsp;Emma Margarit<\/li>\n\n\n\n<li>2n BAT B: Genoveva Puigveh\u00ed i Empar Sanz<\/li>\n\n\n\n<li>2n BAT C: Dolors Corcoll<\/li>\n\n\n\n<li>2n BAT D: Carme Busquets<\/li>\n\n\n\n<li>2n BAT E: Gemma Roca<\/li>\n<\/ul>\n\n\n\n<p><strong>Tutories de Cicles formatius<\/strong><\/p>\n\n\n\n<ul class=\"wp-block-list\">\n<li>CAI A: N\u00faria Sala<\/li>\n\n\n\n<li>CAI B:&nbsp;Gemma Duran<\/li>\n\n\n\n<li>CAI C: L\u00eddia Garreta<\/li>\n\n\n\n<li>CAI FCT:&nbsp;Atana Valero<\/li>\n\n\n\n<li>FIP 1: Teresa Artacho<\/li>\n\n\n\n<li>FIP 2: \u00c8ric Abad<\/li>\n\n\n\n<li>FIP FCT: F\u00e0tima Merino<\/li>\n\n\n\n<li>DIET 1 : Dolors Bruns\u00f3<\/li>\n\n\n\n<li>DIET 2: Eva Dachs<\/li>\n\n\n\n<li>DIET FCT: Eva Ladero<\/li>\n<\/ul>\n\n\n\n<div data-wp-interactive=\"core\/file\" class=\"wp-block-file\"><object data-wp-bind--hidden=\"!state.hasPdfPreview\" hidden class=\"wp-block-file__embed\" data=\"https:\/\/agora.xtec.cat\/iesdeulofeu\/wp-content\/uploads\/usu3605\/2025\/10\/organigrama-esquema.pdf\" type=\"application\/pdf\" style=\"width:100%;height:600px\" aria-label=\"Incrustaci\u00f3 del fitxer organigrama-esquema.\"><\/object><a id=\"wp-block-file--media-f282f675-6944-48cb-90f4-6776717ee7a8\" href=\"https:\/\/agora.xtec.cat\/iesdeulofeu\/wp-content\/uploads\/usu3605\/2025\/10\/organigrama-esquema.pdf\">organigrama-esquema<\/a><a href=\"https:\/\/agora.xtec.cat\/iesdeulofeu\/wp-content\/uploads\/usu3605\/2025\/10\/organigrama-esquema.pdf\" class=\"wp-block-file__button wp-element-button\" download aria-describedby=\"wp-block-file--media-f282f675-6944-48cb-90f4-6776717ee7a8\">Baixa<\/a><\/div>\n\n\n\n<p><\/p>\n","protected":false},"excerpt":{"rendered":"<p>Organigrama del curs 2025 &#8211; 2026 Equip Directiu Caps de Departament Caps de seminari Coordinadors Tutories d&#8217;ESO Tutories NESE Tutories de Batxillerat Tutories de Cicles formatius<\/p>\n","protected":false},"author":1,"featured_media":777,"parent":19,"menu_order":50,"comment_status":"closed","ping_status":"closed","template":"","meta":{"site-sidebar-layout":"default","site-content-layout":"","ast-site-content-layout":"default","site-content-style":"default","site-sidebar-style":"default","ast-global-header-display":"","ast-banner-title-visibility":"","ast-main-header-display":"","ast-hfb-above-header-display":"","ast-hfb-below-header-display":"","ast-hfb-mobile-header-display":"","site-post-title":"disabled","ast-breadcrumbs-content":"","ast-featured-img":"","footer-sml-layout":"","theme-transparent-header-meta":"","adv-header-id-meta":"","stick-header-meta":"","header-above-stick-meta":"","header-main-stick-meta":"","header-below-stick-meta":"","astra-migrate-meta-layouts":"set","ast-page-background-enabled":"default","ast-page-background-meta":{"desktop":{"background-color":"var(--ast-global-color-4)","background-image":"","background-repeat":"repeat","background-position":"center center","background-size":"auto","background-attachment":"scroll","background-type":"","background-media":"","overlay-type":"","overlay-color":"","overlay-opacity":"","overlay-gradient":""},"tablet":{"background-color":"","background-image":"","background-repeat":"repeat","background-position":"center center","background-size":"auto","background-attachment":"scroll","background-type":"","background-media":"","overlay-type":"","overlay-color":"","overlay-opacity":"","overlay-gradient":""},"mobile":{"background-color":"","background-image":"","background-repeat":"repeat","background-position":"center center","background-size":"auto","background-attachment":"scroll","background-type":"","background-media":"","overlay-type":"","overlay-color":"","overlay-opacity":"","overlay-gradient":""}},"ast-content-background-meta":{"desktop":{"background-color":"var(--ast-global-color-5)","background-image":"","background-repeat":"repeat","background-position":"center center","background-size":"auto","background-attachment":"scroll","background-type":"","background-media":"","overlay-type":"","overlay-color":"","overlay-opacity":"","overlay-gradient":""},"tablet":{"background-color":"var(--ast-global-color-5)","background-image":"","background-repeat":"repeat","background-position":"center center","background-size":"auto","background-attachment":"scroll","background-type":"","background-media":"","overlay-type":"","overlay-color":"","overlay-opacity":"","overlay-gradient":""},"mobile":{"background-color":"var(--ast-global-color-5)","background-image":"","background-repeat":"repeat","background-position":"center center","background-size":"auto","background-attachment":"scroll","background-type":"","background-media":"","overlay-type":"","overlay-color":"","overlay-opacity":"","overlay-gradient":""}},"footnotes":""},"class_list":["post-46","page","type-page","status-publish","has-post-thumbnail","hentry"],"post_mailing_queue_ids":[],"_links":{"self":[{"href":"https:\/\/agora.xtec.cat\/iesdeulofeu\/wp-json\/wp\/v2\/pages\/46","targetHints":{"allow":["GET"]}}],"collection":[{"href":"https:\/\/agora.xtec.cat\/iesdeulofeu\/wp-json\/wp\/v2\/pages"}],"about":[{"href":"https:\/\/agora.xtec.cat\/iesdeulofeu\/wp-json\/wp\/v2\/types\/page"}],"author":[{"embeddable":true,"href":"https:\/\/agora.xtec.cat\/iesdeulofeu\/wp-json\/wp\/v2\/users\/1"}],"replies":[{"embeddable":true,"href":"https:\/\/agora.xtec.cat\/iesdeulofeu\/wp-json\/wp\/v2\/comments?post=46"}],"version-history":[{"count":6,"href":"https:\/\/agora.xtec.cat\/iesdeulofeu\/wp-json\/wp\/v2\/pages\/46\/revisions"}],"predecessor-version":[{"id":884,"href":"https:\/\/agora.xtec.cat\/iesdeulofeu\/wp-json\/wp\/v2\/pages\/46\/revisions\/884"}],"up":[{"embeddable":true,"href":"https:\/\/agora.xtec.cat\/iesdeulofeu\/wp-json\/wp\/v2\/pages\/19"}],"wp:featuredmedia":[{"embeddable":true,"href":"https:\/\/agora.xtec.cat\/iesdeulofeu\/wp-json\/wp\/v2\/media\/777"}],"wp:attachment":[{"href":"https:\/\/agora.xtec.cat\/iesdeulofeu\/wp-json\/wp\/v2\/media?parent=46"}],"curies":[{"name":"wp","href":"https:\/\/api.w.org\/{rel}","templated":true}]}}