{"id":19,"date":"2014-09-17T14:56:56","date_gmt":"2014-09-17T14:56:56","guid":{"rendered":"http:\/\/agora.xtec.cat\/iesdeulofeu\/?page_id=19"},"modified":"2025-11-28T19:05:09","modified_gmt":"2025-11-28T18:05:09","slug":"linstitut","status":"publish","type":"page","link":"https:\/\/agora.xtec.cat\/iesdeulofeu\/linstitut\/","title":{"rendered":"L&#8217;institut"},"content":{"rendered":"\n<div class=\"wp-block-getwid-section alignfull alignfull getwid-section-content-custom-width\"><div class=\"wp-block-getwid-section__wrapper getwid-padding-left-medium getwid-padding-right-medium\"><div class=\"wp-block-getwid-section__inner-wrapper\" style=\"max-width:1140px\"><div class=\"wp-block-getwid-section__background-holder\"><div class=\"wp-block-getwid-section__background\"><\/div><div class=\"wp-block-getwid-section__foreground\"><\/div><\/div><div class=\"wp-block-getwid-section__content\"><div class=\"wp-block-getwid-section__inner-content\">\n<div class=\"wp-block-columns has-2-columns are-vertically-aligned-center is-layout-flex wp-container-core-columns-is-layout-1 wp-block-columns-is-layout-flex\">\n<div class=\"wp-block-column is-vertically-aligned-center is-layout-flow wp-block-column-is-layout-flow\">\n<div class=\"wp-block-getwid-advanced-heading\" style=\"margin-bottom:0px;margin-top:0px\"><span class=\"wp-block-getwid-advanced-heading__content\"><\/span><\/div>\n\n\n\n<div class=\"wp-block-getwid-advanced-heading\" style=\"margin-bottom:30px;margin-top:10px\"><h2 class=\"wp-block-getwid-advanced-heading__content has-text-color has-ast-global-color-1-color\">Visi\u00f3<\/h2><\/div>\n\n\n\n<div class=\"wp-block-group is-layout-constrained wp-block-group-is-layout-constrained\">\n<div class=\"wp-block-group is-layout-constrained wp-block-group-is-layout-constrained\">\n<p style=\"text-align: justify;\">L&#8217;Institut Alexandre Deulofeu treballa amb la visi\u00f3 d&#8217;esdevenir un centre educatiu p\u00fablic de refer\u00e8ncia pel treball que s&#8217;hi desenvolupa, per la identificaci\u00f3 de la comunitat educativa amb el centre i per la projecci\u00f3 exterior.<\/p>\n\n\n\n<p style=\"text-align: justify;\">En l&#8217;educaci\u00f3 secund\u00e0ria obligat\u00f2ria, es vol ser un centre que formi persones i que les doti de les eines necess\u00e0ries per al treball intel\u00b7lectual i la vida en comunitat, tot partint de la diversitat de l&#8217;alumnat.<\/p>\n<\/div>\n<\/div>\n<\/div>\n\n\n\n<div class=\"wp-block-column is-vertically-aligned-center is-layout-flow wp-block-column-is-layout-flow\">\n<figure class=\"wp-block-image size-full size-large\" style=\"margin-top:var(--wp--preset--spacing--50);margin-right:var(--wp--preset--spacing--50);margin-bottom:var(--wp--preset--spacing--50);margin-left:var(--wp--preset--spacing--50)\"><a href=\"https:\/\/agora.xtec.cat\/iesdeulofeu\/wp-content\/uploads\/usu3605\/2025\/10\/39e16802-a026-4c16-937b-ee5424176e59.jpg\"><img loading=\"lazy\" decoding=\"async\" width=\"1024\" height=\"652\" src=\"https:\/\/agora.xtec.cat\/iesdeulofeu\/wp-content\/uploads\/usu3605\/2025\/10\/39e16802-a026-4c16-937b-ee5424176e59.jpg\" alt=\"\" class=\"wp-image-781\" style=\"aspect-ratio:3\/2;object-fit:cover\" srcset=\"https:\/\/agora.xtec.cat\/iesdeulofeu\/wp-content\/uploads\/usu3605\/2025\/10\/39e16802-a026-4c16-937b-ee5424176e59.jpg 1024w, https:\/\/agora.xtec.cat\/iesdeulofeu\/wp-content\/uploads\/usu3605\/2025\/10\/39e16802-a026-4c16-937b-ee5424176e59-300x191.jpg 300w, https:\/\/agora.xtec.cat\/iesdeulofeu\/wp-content\/uploads\/usu3605\/2025\/10\/39e16802-a026-4c16-937b-ee5424176e59-768x489.jpg 768w\" sizes=\"auto, (max-width: 1024px) 100vw, 1024px\" \/><\/a><\/figure>\n<\/div>\n<\/div>\n\n\n\n<p>En l&#8217;educaci\u00f3 postobligat\u00f2ria, es vol ser un centre de refer\u00e8ncia comarcal:<\/p>\n<ul style=\"list-style-type: disc;\">\n<li style=\"text-align: justify;\">En batxillerat, des de l&#8217;oferta de la totalitat de les modalitats, el fet de ser l&#8217;\u00fanic centre que imparteix les modalitats d&#8217;arts i des de l&#8217;optativitat que el marc legal possibilita, per la qualitat educativa i pels resultats acad\u00e8mics obtinguts.<\/li>\n<li style=\"text-align: justify;\">En els cicles formatius, des de l&#8217;especialitzaci\u00f3 en la branca sanit\u00e0ria, en uns cicles que possibiliten els aprenentatges, les destreses i les aptituds te\u00f2riques i pr\u00e0ctiques per la inserci\u00f3 laboral immediata, i que permet seguir estudis posteriors.<\/li>\n<\/ul>\n<\/div><\/div><\/div><\/div><\/div>\n\n\n\n<div class=\"wp-block-getwid-section alignfull alignfull getwid-section-content-custom-width\"><div class=\"wp-block-getwid-section__wrapper getwid-padding-left-medium getwid-padding-right-medium\"><div class=\"wp-block-getwid-section__inner-wrapper\" style=\"max-width:1140px\"><div class=\"wp-block-getwid-section__background-holder\"><div class=\"wp-block-getwid-section__background\"><\/div><div class=\"wp-block-getwid-section__foreground\"><\/div><\/div><div class=\"wp-block-getwid-section__content\"><div class=\"wp-block-getwid-section__inner-content\">\n<div class=\"wp-block-columns has-2-columns are-vertically-aligned-center is-layout-flex wp-container-core-columns-is-layout-4 wp-block-columns-is-layout-flex\">\n<div class=\"wp-block-column is-vertically-aligned-center is-layout-flow wp-block-column-is-layout-flow\">\n<div class=\"wp-block-columns is-layout-flex wp-container-core-columns-is-layout-2 wp-block-columns-is-layout-flex\">\n<div class=\"wp-block-column is-layout-flow wp-block-column-is-layout-flow\">\n<figure class=\"wp-block-image size-full\" style=\"margin-top:var(--wp--preset--spacing--40);margin-right:var(--wp--preset--spacing--50);margin-bottom:var(--wp--preset--spacing--40);margin-left:var(--wp--preset--spacing--50)\"><a href=\"https:\/\/agora.xtec.cat\/iesdeulofeu\/wp-content\/uploads\/usu3605\/2025\/10\/Comunitari.jpg\"><img loading=\"lazy\" decoding=\"async\" width=\"370\" height=\"247\" src=\"https:\/\/agora.xtec.cat\/iesdeulofeu\/wp-content\/uploads\/usu3605\/2025\/10\/Comunitari.jpg\" alt=\"\" class=\"wp-image-782\" style=\"aspect-ratio:3\/2;object-fit:cover\" srcset=\"https:\/\/agora.xtec.cat\/iesdeulofeu\/wp-content\/uploads\/usu3605\/2025\/10\/Comunitari.jpg 370w, https:\/\/agora.xtec.cat\/iesdeulofeu\/wp-content\/uploads\/usu3605\/2025\/10\/Comunitari-300x200.jpg 300w\" sizes=\"auto, (max-width: 370px) 100vw, 370px\" \/><\/a><\/figure>\n<\/div>\n<\/div>\n<\/div>\n\n\n\n<div class=\"wp-block-column is-vertically-aligned-center is-layout-flow wp-block-column-is-layout-flow\">\n<div class=\"wp-block-columns is-layout-flex wp-container-core-columns-is-layout-3 wp-block-columns-is-layout-flex\">\n<div class=\"wp-block-column is-layout-flow wp-block-column-is-layout-flow\">\n<div class=\"wp-block-getwid-advanced-heading\"><h2 class=\"wp-block-getwid-advanced-heading__content has-text-color has-ast-global-color-1-color\">Missi\u00f3<\/h2><\/div>\n\n\n\n<p style=\"text-align: justify;\">L&#8217;Institut Alexandre Deulofeu t\u00e9 com a missi\u00f3 la formaci\u00f3 de persones competents i ciutadans dem\u00f2crates en un m\u00f3n canviant i en evoluci\u00f3. Per assolir aquests objectius es potencia la responsabilitat en el proc\u00e9s\u00a0d&#8217;aprenentatge, el valor del treball personal i cooperatiu, el coneixement de la llengua i la cultura catalana, l&#8217;aprenentatge de la llengua estrangera i la interculturalitat.<\/p>\n\n\n\n<p style=\"text-align: justify;\">A fi de preparar l&#8217;alumnat pel present i pel futur, que \u00e9s la principal funci\u00f3 educativa de l&#8217;Institut, en un m\u00f3n en constant transformaci\u00f3, s&#8217;inculca el valor de la responsabilitat, l&#8217;esperit cr\u00edtic, \u00e8tic i democr\u00e0tic.<\/p>\n<\/div>\n<\/div>\n<\/div>\n<\/div>\n<\/div><\/div><\/div><\/div><\/div>\n\n\n\n<div class=\"wp-block-getwid-section alignfull alignfull getwid-section-content-custom-width\"><div class=\"wp-block-getwid-section__wrapper getwid-padding-left-medium getwid-padding-right-medium\"><div class=\"wp-block-getwid-section__inner-wrapper\" style=\"max-width:1140px\"><div class=\"wp-block-getwid-section__background-holder\"><div class=\"wp-block-getwid-section__background\"><\/div><div class=\"wp-block-getwid-section__foreground\"><\/div><\/div><div class=\"wp-block-getwid-section__content\"><div class=\"wp-block-getwid-section__inner-content\">\n<div class=\"wp-block-columns has-2-columns are-vertically-aligned-center is-layout-flex wp-container-core-columns-is-layout-5 wp-block-columns-is-layout-flex\">\n<div class=\"wp-block-column is-vertically-aligned-center is-layout-flow wp-block-column-is-layout-flow\">\n<div class=\"wp-block-getwid-advanced-heading\"><h2 class=\"wp-block-getwid-advanced-heading__content has-text-color has-ast-global-color-1-color\">Valors<\/h2><\/div>\n\n\n\n<p>Els valors que guien el treball de l&#8217;Institut Alexandre Deulofeu s\u00f3n:<\/p>\n<p><\/p>\n<ul class=\"wp-block-list\" style=\"list-style-type: disc;\">\n<li style=\"text-align: justify;\">La cultura de l&#8217;esfor\u00e7, la responsabilitat i l&#8217;autoexig\u00e8ncia.<\/li>\n \n<li style=\"text-align: justify;\">La potenciaci\u00f3 i desenvolupament de la creativitat personal i professional.<\/li>\n \n<li style=\"text-align: justify;\">El respecte, la toler\u00e0ncia i la solidaritat amb els altres.<\/li>\n \n<li style=\"text-align: justify;\">El respecte a l&#8217;entorn natural\u00a0i el comprom\u00eds amb la cultura catalana.<\/li>\n \n<li style=\"text-align: justify;\">La cultura de la pau i l&#8217;equitat.<\/li>\n \n<li style=\"text-align: justify;\">La defensa dels drets humans i la igualtat de g\u00e8nere.<\/li>\n \n<li style=\"text-align: justify;\">El sentit cr\u00edtic, ciutad\u00e0 i democr\u00e0tic.<\/li>\n \n<li style=\"text-align: justify;\">La preparaci\u00f3 de l&#8217;alumnat, especialment als cicles formatius, per treballar per als altres.<\/li>\n<\/ul>\n<p><\/p>\n<\/div>\n\n\n\n<div class=\"wp-block-column is-vertically-aligned-center is-layout-flow wp-block-column-is-layout-flow\">\n<figure class=\"wp-block-image size-full is-resized size-large\" style=\"margin-top:var(--wp--preset--spacing--40);margin-bottom:var(--wp--preset--spacing--40)\"><a href=\"https:\/\/agora.xtec.cat\/iesdeulofeu\/wp-content\/uploads\/usu3605\/2025\/10\/pexels-photo-691637.jpeg\"><img loading=\"lazy\" decoding=\"async\" width=\"370\" height=\"240\" src=\"https:\/\/agora.xtec.cat\/iesdeulofeu\/wp-content\/uploads\/usu3605\/2025\/10\/pexels-photo-691637.jpeg\" alt=\"\" class=\"wp-image-787\" style=\"aspect-ratio:1.5;object-fit:cover;width:558px;height:auto\" srcset=\"https:\/\/agora.xtec.cat\/iesdeulofeu\/wp-content\/uploads\/usu3605\/2025\/10\/pexels-photo-691637.jpeg 370w, https:\/\/agora.xtec.cat\/iesdeulofeu\/wp-content\/uploads\/usu3605\/2025\/10\/pexels-photo-691637-300x195.jpeg 300w\" sizes=\"auto, (max-width: 370px) 100vw, 370px\" \/><\/a><\/figure>\n<\/div>\n<\/div>\n<\/div><\/div><\/div><\/div><\/div>\n\n\n\n<div class=\"wp-block-getwid-section alignfull alignfull getwid-section-content-custom-width\"><div class=\"wp-block-getwid-section__wrapper getwid-padding-left-medium getwid-padding-right-medium\"><div class=\"wp-block-getwid-section__inner-wrapper\" style=\"max-width:740px\"><div class=\"wp-block-getwid-section__background-holder\"><div class=\"wp-block-getwid-section__background\"><\/div><div class=\"wp-block-getwid-section__foreground\"><\/div><\/div><div class=\"wp-block-getwid-section__content\"><div class=\"wp-block-getwid-section__inner-content\"><\/div><\/div><\/div><\/div><\/div>\n\n\n\n<p><\/p>\n","protected":false},"excerpt":{"rendered":"","protected":false},"author":1,"featured_media":0,"parent":0,"menu_order":0,"comment_status":"closed","ping_status":"closed","template":"","meta":{"site-sidebar-layout":"default","site-content-layout":"","ast-site-content-layout":"default","site-content-style":"default","site-sidebar-style":"default","ast-global-header-display":"","ast-banner-title-visibility":"","ast-main-header-display":"","ast-hfb-above-header-display":"","ast-hfb-below-header-display":"","ast-hfb-mobile-header-display":"","site-post-title":"","ast-breadcrumbs-content":"","ast-featured-img":"","footer-sml-layout":"","theme-transparent-header-meta":"","adv-header-id-meta":"","stick-header-meta":"","header-above-stick-meta":"","header-main-stick-meta":"","header-below-stick-meta":"","astra-migrate-meta-layouts":"set","ast-page-background-enabled":"default","ast-page-background-meta":{"desktop":{"background-color":"var(--ast-global-color-4)","background-image":"","background-repeat":"repeat","background-position":"center center","background-size":"auto","background-attachment":"scroll","background-type":"","background-media":"","overlay-type":"","overlay-color":"","overlay-opacity":"","overlay-gradient":""},"tablet":{"background-color":"","background-image":"","background-repeat":"repeat","background-position":"center center","background-size":"auto","background-attachment":"scroll","background-type":"","background-media":"","overlay-type":"","overlay-color":"","overlay-opacity":"","overlay-gradient":""},"mobile":{"background-color":"","background-image":"","background-repeat":"repeat","background-position":"center center","background-size":"auto","background-attachment":"scroll","background-type":"","background-media":"","overlay-type":"","overlay-color":"","overlay-opacity":"","overlay-gradient":""}},"ast-content-background-meta":{"desktop":{"background-color":"var(--ast-global-color-5)","background-image":"","background-repeat":"repeat","background-position":"center center","background-size":"auto","background-attachment":"scroll","background-type":"","background-media":"","overlay-type":"","overlay-color":"","overlay-opacity":"","overlay-gradient":""},"tablet":{"background-color":"var(--ast-global-color-5)","background-image":"","background-repeat":"repeat","background-position":"center center","background-size":"auto","background-attachment":"scroll","background-type":"","background-media":"","overlay-type":"","overlay-color":"","overlay-opacity":"","overlay-gradient":""},"mobile":{"background-color":"var(--ast-global-color-5)","background-image":"","background-repeat":"repeat","background-position":"center center","background-size":"auto","background-attachment":"scroll","background-type":"","background-media":"","overlay-type":"","overlay-color":"","overlay-opacity":"","overlay-gradient":""}},"footnotes":""},"class_list":["post-19","page","type-page","status-publish","hentry"],"post_mailing_queue_ids":[],"_links":{"self":[{"href":"https:\/\/agora.xtec.cat\/iesdeulofeu\/wp-json\/wp\/v2\/pages\/19","targetHints":{"allow":["GET"]}}],"collection":[{"href":"https:\/\/agora.xtec.cat\/iesdeulofeu\/wp-json\/wp\/v2\/pages"}],"about":[{"href":"https:\/\/agora.xtec.cat\/iesdeulofeu\/wp-json\/wp\/v2\/types\/page"}],"author":[{"embeddable":true,"href":"https:\/\/agora.xtec.cat\/iesdeulofeu\/wp-json\/wp\/v2\/users\/1"}],"replies":[{"embeddable":true,"href":"https:\/\/agora.xtec.cat\/iesdeulofeu\/wp-json\/wp\/v2\/comments?post=19"}],"version-history":[{"count":5,"href":"https:\/\/agora.xtec.cat\/iesdeulofeu\/wp-json\/wp\/v2\/pages\/19\/revisions"}],"predecessor-version":[{"id":1214,"href":"https:\/\/agora.xtec.cat\/iesdeulofeu\/wp-json\/wp\/v2\/pages\/19\/revisions\/1214"}],"wp:attachment":[{"href":"https:\/\/agora.xtec.cat\/iesdeulofeu\/wp-json\/wp\/v2\/media?parent=19"}],"curies":[{"name":"wp","href":"https:\/\/api.w.org\/{rel}","templated":true}]}}