{"id":1269,"date":"2025-12-19T18:28:47","date_gmt":"2025-12-19T17:28:47","guid":{"rendered":"https:\/\/agora.xtec.cat\/iesdeulofeu\/?page_id=1269"},"modified":"2026-03-26T14:11:12","modified_gmt":"2026-03-26T13:11:12","slug":"qualitat","status":"publish","type":"page","link":"https:\/\/agora.xtec.cat\/iesdeulofeu\/qualitat\/","title":{"rendered":"Qualitat"},"content":{"rendered":"\n<h2 class=\"wp-block-heading has-medium-font-size\">Pol\u00edtica de qualitat<\/h2>\n\n\n\n<p>L\u2019Institut Alexandre Deulofeu est\u00e0 implementant un sistema de gesti\u00f3 de qualitat basat en la norma ISO 9001:2015 que inclou la gesti\u00f3 dels seus processos per a la millora de l\u2019efic\u00e0cia i efici\u00e8ncia en la seva organitzaci\u00f3 i estrat\u00e8gia, abastant, de moment, els ensenyaments de Formaci\u00f3 Professional.<\/p>\n\n\n\n<p>La Pol\u00edtica de Qualitat de l\u2019Institut Alexandre Deulofeu ha de ser una eina per assolir el compliment de la missi\u00f3 i la visi\u00f3 que propugna&nbsp; i per difondre els valors que reconeix com a propis i ha de ser un instrument per cercar la millora cont\u00ednua en la qualitat de l\u2019ensenyament.<\/p>\n\n\n\n<p>L\u2019equip directiu cercar\u00e0 un comprom\u00eds per a la qualitat en tots els nivells de l\u2019organitzaci\u00f3, fins que es&nbsp;converteixi en cultura pr\u00f2pia d\u2019aquesta. I difondr\u00e0 aquesta pol\u00edtica de qualitat per tota l\u2019organitzaci\u00f3, cercant evid\u00e8ncies de que&nbsp;\u00e9s acceptada i entesa.<\/p>\n\n\n\n<p>La implantaci\u00f3 i el manteniment del nostre sistema de gesti\u00f3 de la qualitat garanteix l\u2019acompliment d\u2019aquests objectius i ens compromet a:<\/p>\n\n\n\n<ul class=\"wp-block-list\">\n<li>Satisfer les expectatives i necessitats de l\u2019alumnat&nbsp;oferint els ensenyaments i serveis de qualitat per a formar persones i dotar-les de les eines necess\u00e0ries per al treball intel\u00b7lectual i la vida en comunitat, tot partint de la diversitat de l&#8217;alumnat.<\/li>\n\n\n\n<li>Obtenir la confian\u00e7a de les fam\u00edlies&nbsp;en la qualitat del sistema educatiu que rep l\u2019alumnat.<\/li>\n\n\n\n<li>Adquirir el comprom\u00eds del professorat&nbsp;en complir amb les exig\u00e8ncies professionals que ens demana la societat actual.<\/li>\n\n\n\n<li>Millorar el desenvolupament personal de l\u2019alumnat&nbsp;mitjan\u00e7ant la formaci\u00f3 de persones competents i ciutadans dem\u00f2crates en un m\u00f3n canviant i en evoluci\u00f3, posant l\u2019accent en&nbsp; el valor de la responsabilitat, l&#8217;esperit cr\u00edtic, \u00e8tic i democr\u00e0tic.&nbsp;<\/li>\n\n\n\n<li>Cercar la satisfacci\u00f3 professional de les persones i institucions&nbsp;que treballen o es relacionen amb el centre.<\/li>\n\n\n\n<li>La millora continua&nbsp;en tots els aspectes del centre.<\/li>\n<\/ul>\n\n\n\n<p>\u00c9s responsabilitat de tota la comunitat educativa el comprom\u00eds amb la qualitat i la millora cont\u00ednua. L\u2019equip directiu vetllar\u00e0 i facilitar\u00e0 el seu assoliment a trav\u00e9s de la seva gesti\u00f3 i amb els mitjans al seu abast, d\u2019acord amb la normativa vigent.&nbsp;<\/p>\n\n\n\n<hr class=\"wp-block-separator has-alpha-channel-opacity\" style=\"margin-top:var(--wp--preset--spacing--60);margin-bottom:var(--wp--preset--spacing--60)\"\/>\n\n\n\n<div class=\"wp-block-getwid-tabs\" data-active-tab=\"0\"><ul class=\"wp-block-getwid-tabs__nav-links\"><\/ul>\n<div class=\"wp-block-getwid-tabs__nav-link\"><span class=\"wp-block-getwid-tabs__title-wrapper\"><a href=\"#\"><span class=\"wp-block-getwid-tabs__title\">Formulari de queixes i suggeriments<\/span><\/a><\/span><\/div><div class=\"wp-block-getwid-tabs__tab-content-wrapper\"><div class=\"wp-block-getwid-tabs__tab-content\">\n<h2 class=\"wp-block-heading has-medium-font-size\">Formulari de queixes i suggeriments dels estudis de Cicles Formatius<\/h2>\n\n\n\n<p>Aquest procediment afecta als grups d\u2019inter\u00e8s: alumnat, professorat i fam\u00edlies i al PAS, en relaci\u00f3 a totes les reclamacions efectuades relatives a tots els serveis proporcionats o a un deficient funcionament del sistema de gesti\u00f3 de qualitat del centre.\u00a0<strong>S\u2019exclouen reclamacions relatives als resultats d\u2019avaluacions que es tracten segons normativa d\u2019inici del curs<\/strong>.<\/p>\n\n\n\n<p>L&#8217;objectiu d&#8217;aquest formulari \u00e9s recollir, analitzar i donar resposta a tots els suggeriments i\/o queixes que es puguin produir\u00a0al nostre centre.<\/p>\n\n\n\n<iframe loading=\"lazy\" src=\"https:\/\/docs.google.com\/forms\/d\/e\/1FAIpQLSekwrdRDVFuT3-btiZriNHsl57wAZZeQkutiTCfmeHuXETLyw\/viewform?embedded=true\" width=\"700\" height=\"520\" frameborder=\"0\" marginheight=\"0\" marginwidth=\"0\">S&#39;est\u00e0 carregant\u2026<\/iframe>\n<\/div><\/div>\n\n\n\n<div class=\"wp-block-getwid-tabs__nav-link\"><span class=\"wp-block-getwid-tabs__title-wrapper\"><a href=\"#\"><span class=\"wp-block-getwid-tabs__title\">Mapa de processos<\/span><\/a><\/span><\/div><div class=\"wp-block-getwid-tabs__tab-content-wrapper\"><div class=\"wp-block-getwid-tabs__tab-content\">\n<p><\/p>\n\n\n\n<div data-wp-interactive=\"core\/file\" class=\"wp-block-file\"><object data-wp-bind--hidden=\"!state.hasPdfPreview\" hidden class=\"wp-block-file__embed\" data=\"https:\/\/agora.xtec.cat\/iesdeulofeu\/wp-content\/uploads\/usu3605\/2025\/12\/0.-MAPA-DE-PROCESSOS.pdf\" type=\"application\/pdf\" style=\"width:100%;height:600px\" aria-label=\"Incrustaci\u00f3 del fitxer 0. MAPA DE PROCESSOS.\"><\/object><a id=\"wp-block-file--media-020d15af-a06a-44f8-9dcb-733090127904\" href=\"https:\/\/agora.xtec.cat\/iesdeulofeu\/wp-content\/uploads\/usu3605\/2025\/12\/0.-MAPA-DE-PROCESSOS.pdf\">0. MAPA DE PROCESSOS<\/a><a href=\"https:\/\/agora.xtec.cat\/iesdeulofeu\/wp-content\/uploads\/usu3605\/2025\/12\/0.-MAPA-DE-PROCESSOS.pdf\" class=\"wp-block-file__button wp-element-button\" download aria-describedby=\"wp-block-file--media-020d15af-a06a-44f8-9dcb-733090127904\">Baixa<\/a><\/div>\n<\/div><\/div>\n\n\n\n<div class=\"wp-block-getwid-tabs__nav-link\"><span class=\"wp-block-getwid-tabs__title-wrapper\"><a href=\"#\"><span class=\"wp-block-getwid-tabs__title\">Perfil professional de l&#8217;equip directiu<\/span><\/a><\/span><\/div><div class=\"wp-block-getwid-tabs__tab-content-wrapper\"><div class=\"wp-block-getwid-tabs__tab-content\">\n<h2 class=\"wp-block-heading has-medium-font-size\">Perfil i traject\u00f2ria professional dels membres de l&#8217;equip directiu<\/h2>\n\n\n\n<div class=\"wp-block-getwid-tabs\" data-active-tab=\"0\"><ul class=\"wp-block-getwid-tabs__nav-links\"><\/ul>\n<div class=\"wp-block-getwid-tabs__nav-link\"><span class=\"wp-block-getwid-tabs__title-wrapper\"><a href=\"#\"><span class=\"wp-block-getwid-tabs__title\">Direcci\u00f3<\/span><\/a><\/span><\/div><div class=\"wp-block-getwid-tabs__tab-content-wrapper\"><div class=\"wp-block-getwid-tabs__tab-content\">\n<p><\/p>\n\n\n\n<div data-wp-interactive=\"core\/file\" class=\"wp-block-file\"><object data-wp-bind--hidden=\"!state.hasPdfPreview\" hidden class=\"wp-block-file__embed\" data=\"https:\/\/agora.xtec.cat\/iesdeulofeu\/wp-content\/uploads\/usu3605\/2025\/12\/direccio.pdf\" type=\"application\/pdf\" style=\"width:100%;height:600px\" aria-label=\"Incrustaci\u00f3 del fitxer Direcci\u00f3.\"><\/object><a id=\"wp-block-file--media-a19170ad-ba53-41b5-894a-ee91237efb70\" href=\"https:\/\/agora.xtec.cat\/iesdeulofeu\/wp-content\/uploads\/usu3605\/2025\/12\/direccio.pdf\">Direcci\u00f3<\/a><a href=\"https:\/\/agora.xtec.cat\/iesdeulofeu\/wp-content\/uploads\/usu3605\/2025\/12\/direccio.pdf\" class=\"wp-block-file__button wp-element-button\" download aria-describedby=\"wp-block-file--media-a19170ad-ba53-41b5-894a-ee91237efb70\">Baixa<\/a><\/div>\n<\/div><\/div>\n\n\n\n<div class=\"wp-block-getwid-tabs__nav-link\"><span class=\"wp-block-getwid-tabs__title-wrapper\"><a href=\"#\"><span class=\"wp-block-getwid-tabs__title\">Cap d&#8217;estudis<\/span><\/a><\/span><\/div><div class=\"wp-block-getwid-tabs__tab-content-wrapper\"><div class=\"wp-block-getwid-tabs__tab-content\">\n<p><\/p>\n\n\n\n<div data-wp-interactive=\"core\/file\" class=\"wp-block-file\"><object data-wp-bind--hidden=\"!state.hasPdfPreview\" hidden class=\"wp-block-file__embed\" data=\"https:\/\/agora.xtec.cat\/iesdeulofeu\/wp-content\/uploads\/usu3605\/2025\/12\/cap-d-estudis.pdf\" type=\"application\/pdf\" style=\"width:100%;height:600px\" aria-label=\"Incrustaci\u00f3 del fitxer Cap d&#039;estudis.\"><\/object><a id=\"wp-block-file--media-eb0b2664-6898-436d-ad41-6b15dfb55fd3\" href=\"https:\/\/agora.xtec.cat\/iesdeulofeu\/wp-content\/uploads\/usu3605\/2025\/12\/cap-d-estudis.pdf\">Cap d&#8217;estudis<\/a><a href=\"https:\/\/agora.xtec.cat\/iesdeulofeu\/wp-content\/uploads\/usu3605\/2025\/12\/cap-d-estudis.pdf\" class=\"wp-block-file__button wp-element-button\" download aria-describedby=\"wp-block-file--media-eb0b2664-6898-436d-ad41-6b15dfb55fd3\">Baixa<\/a><\/div>\n<\/div><\/div>\n\n\n\n<div class=\"wp-block-getwid-tabs__nav-link\"><span class=\"wp-block-getwid-tabs__title-wrapper\"><a href=\"#\"><span class=\"wp-block-getwid-tabs__title\">Cap d&#8217;estudis adjunt<\/span><\/a><\/span><\/div><div class=\"wp-block-getwid-tabs__tab-content-wrapper\"><div class=\"wp-block-getwid-tabs__tab-content\">\n<p><\/p>\n\n\n\n<div data-wp-interactive=\"core\/file\" class=\"wp-block-file\"><object data-wp-bind--hidden=\"!state.hasPdfPreview\" hidden class=\"wp-block-file__embed\" data=\"https:\/\/agora.xtec.cat\/iesdeulofeu\/wp-content\/uploads\/usu3605\/2025\/12\/cap-d-estudis-adjunt.pdf\" type=\"application\/pdf\" style=\"width:100%;height:600px\" aria-label=\"Incrustaci\u00f3 del fitxer Cap d&#039;estudis adjunt.\"><\/object><a id=\"wp-block-file--media-e65d55eb-5205-4874-8653-dd48859f4330\" href=\"https:\/\/agora.xtec.cat\/iesdeulofeu\/wp-content\/uploads\/usu3605\/2025\/12\/cap-d-estudis-adjunt.pdf\">Cap d&#8217;estudis adjunt<\/a><a href=\"https:\/\/agora.xtec.cat\/iesdeulofeu\/wp-content\/uploads\/usu3605\/2025\/12\/cap-d-estudis-adjunt.pdf\" class=\"wp-block-file__button wp-element-button\" download aria-describedby=\"wp-block-file--media-e65d55eb-5205-4874-8653-dd48859f4330\">Baixa<\/a><\/div>\n<\/div><\/div>\n\n\n\n<div class=\"wp-block-getwid-tabs__nav-link\"><span class=\"wp-block-getwid-tabs__title-wrapper\"><a href=\"#\"><span class=\"wp-block-getwid-tabs__title\">Coordinaci\u00f3 pedag\u00f2gica<\/span><\/a><\/span><\/div><div class=\"wp-block-getwid-tabs__tab-content-wrapper\"><div class=\"wp-block-getwid-tabs__tab-content\">\n<p><\/p>\n\n\n\n<div data-wp-interactive=\"core\/file\" class=\"wp-block-file\"><object data-wp-bind--hidden=\"!state.hasPdfPreview\" hidden class=\"wp-block-file__embed\" data=\"https:\/\/agora.xtec.cat\/iesdeulofeu\/wp-content\/uploads\/usu3605\/2025\/12\/coordinacio-pedagogica.pdf\" type=\"application\/pdf\" style=\"width:100%;height:600px\" aria-label=\"Incrustaci\u00f3 del fitxer coordinacio-pedagogica.\"><\/object><a id=\"wp-block-file--media-615e1a33-3ddb-4607-acba-616979d5f8fa\" href=\"https:\/\/agora.xtec.cat\/iesdeulofeu\/wp-content\/uploads\/usu3605\/2025\/12\/coordinacio-pedagogica.pdf\">coordinacio-pedagogica<\/a><a href=\"https:\/\/agora.xtec.cat\/iesdeulofeu\/wp-content\/uploads\/usu3605\/2025\/12\/coordinacio-pedagogica.pdf\" class=\"wp-block-file__button wp-element-button\" download aria-describedby=\"wp-block-file--media-615e1a33-3ddb-4607-acba-616979d5f8fa\">Baixa<\/a><\/div>\n<\/div><\/div>\n\n\n\n<div class=\"wp-block-getwid-tabs__nav-link\"><span class=\"wp-block-getwid-tabs__title-wrapper\"><a href=\"#\"><span class=\"wp-block-getwid-tabs__title\">Secretaria<\/span><\/a><\/span><\/div><div class=\"wp-block-getwid-tabs__tab-content-wrapper\"><div class=\"wp-block-getwid-tabs__tab-content\">\n<p><\/p>\n\n\n\n<div data-wp-interactive=\"core\/file\" class=\"wp-block-file\"><object data-wp-bind--hidden=\"!state.hasPdfPreview\" hidden class=\"wp-block-file__embed\" data=\"https:\/\/agora.xtec.cat\/iesdeulofeu\/wp-content\/uploads\/usu3605\/2025\/12\/secretaria.pdf\" type=\"application\/pdf\" style=\"width:100%;height:600px\" aria-label=\"Incrustaci\u00f3 del fitxer Secretaria.\"><\/object><a id=\"wp-block-file--media-b5357eaa-3388-41bf-8a69-7df5e508f5ac\" href=\"https:\/\/agora.xtec.cat\/iesdeulofeu\/wp-content\/uploads\/usu3605\/2025\/12\/secretaria.pdf\">Secretaria<\/a><a href=\"https:\/\/agora.xtec.cat\/iesdeulofeu\/wp-content\/uploads\/usu3605\/2025\/12\/secretaria.pdf\" class=\"wp-block-file__button wp-element-button\" download aria-describedby=\"wp-block-file--media-b5357eaa-3388-41bf-8a69-7df5e508f5ac\">Baixa<\/a><\/div>\n<\/div><\/div>\n<\/div>\n<\/div><\/div>\n<\/div>\n","protected":false},"excerpt":{"rendered":"<p>Pol\u00edtica de qualitat L\u2019Institut Alexandre Deulofeu est\u00e0 implementant un sistema de gesti\u00f3 de qualitat basat en la norma ISO 9001:2015 que inclou la gesti\u00f3 dels seus processos per a la millora de l\u2019efic\u00e0cia i efici\u00e8ncia en la seva organitzaci\u00f3 i estrat\u00e8gia, abastant, de moment, els ensenyaments de Formaci\u00f3 Professional. La Pol\u00edtica de Qualitat de l\u2019Institut [&hellip;]<\/p>\n","protected":false},"author":1,"featured_media":0,"parent":0,"menu_order":0,"comment_status":"closed","ping_status":"close","template":"","meta":{"site-sidebar-layout":"default","site-content-layout":"","ast-site-content-layout":"default","site-content-style":"default","site-sidebar-style":"default","ast-global-header-display":"","ast-banner-title-visibility":"","ast-main-header-display":"","ast-hfb-above-header-display":"","ast-hfb-below-header-display":"","ast-hfb-mobile-header-display":"","site-post-title":"","ast-breadcrumbs-content":"","ast-featured-img":"","footer-sml-layout":"","theme-transparent-header-meta":"","adv-header-id-meta":"","stick-header-meta":"","header-above-stick-meta":"","header-main-stick-meta":"","header-below-stick-meta":"","astra-migrate-meta-layouts":"set","ast-page-background-enabled":"default","ast-page-background-meta":{"desktop":{"background-color":"var(--ast-global-color-4)","background-image":"","background-repeat":"repeat","background-position":"center center","background-size":"auto","background-attachment":"scroll","background-type":"","background-media":"","overlay-type":"","overlay-color":"","overlay-opacity":"","overlay-gradient":""},"tablet":{"background-color":"","background-image":"","background-repeat":"repeat","background-position":"center center","background-size":"auto","background-attachment":"scroll","background-type":"","background-media":"","overlay-type":"","overlay-color":"","overlay-opacity":"","overlay-gradient":""},"mobile":{"background-color":"","background-image":"","background-repeat":"repeat","background-position":"center center","background-size":"auto","background-attachment":"scroll","background-type":"","background-media":"","overlay-type":"","overlay-color":"","overlay-opacity":"","overlay-gradient":""}},"ast-content-background-meta":{"desktop":{"background-color":"var(--ast-global-color-5)","background-image":"","background-repeat":"repeat","background-position":"center center","background-size":"auto","background-attachment":"scroll","background-type":"","background-media":"","overlay-type":"","overlay-color":"","overlay-opacity":"","overlay-gradient":""},"tablet":{"background-color":"var(--ast-global-color-5)","background-image":"","background-repeat":"repeat","background-position":"center center","background-size":"auto","background-attachment":"scroll","background-type":"","background-media":"","overlay-type":"","overlay-color":"","overlay-opacity":"","overlay-gradient":""},"mobile":{"background-color":"var(--ast-global-color-5)","background-image":"","background-repeat":"repeat","background-position":"center center","background-size":"auto","background-attachment":"scroll","background-type":"","background-media":"","overlay-type":"","overlay-color":"","overlay-opacity":"","overlay-gradient":""}},"footnotes":""},"class_list":["post-1269","page","type-page","status-publish","hentry"],"post_mailing_queue_ids":[],"_links":{"self":[{"href":"https:\/\/agora.xtec.cat\/iesdeulofeu\/wp-json\/wp\/v2\/pages\/1269","targetHints":{"allow":["GET"]}}],"collection":[{"href":"https:\/\/agora.xtec.cat\/iesdeulofeu\/wp-json\/wp\/v2\/pages"}],"about":[{"href":"https:\/\/agora.xtec.cat\/iesdeulofeu\/wp-json\/wp\/v2\/types\/page"}],"author":[{"embeddable":true,"href":"https:\/\/agora.xtec.cat\/iesdeulofeu\/wp-json\/wp\/v2\/users\/1"}],"replies":[{"embeddable":true,"href":"https:\/\/agora.xtec.cat\/iesdeulofeu\/wp-json\/wp\/v2\/comments?post=1269"}],"version-history":[{"count":6,"href":"https:\/\/agora.xtec.cat\/iesdeulofeu\/wp-json\/wp\/v2\/pages\/1269\/revisions"}],"predecessor-version":[{"id":1452,"href":"https:\/\/agora.xtec.cat\/iesdeulofeu\/wp-json\/wp\/v2\/pages\/1269\/revisions\/1452"}],"wp:attachment":[{"href":"https:\/\/agora.xtec.cat\/iesdeulofeu\/wp-json\/wp\/v2\/media?parent=1269"}],"curies":[{"name":"wp","href":"https:\/\/api.w.org\/{rel}","templated":true}]}}