{"id":1195,"date":"2025-11-28T18:23:32","date_gmt":"2025-11-28T17:23:32","guid":{"rendered":"https:\/\/agora.xtec.cat\/iesdeulofeu\/?page_id=1195"},"modified":"2025-11-28T18:23:45","modified_gmt":"2025-11-28T17:23:45","slug":"cicle-formatiu-de-grau-superior-de-dietetica","status":"publish","type":"page","link":"https:\/\/agora.xtec.cat\/iesdeulofeu\/estudis\/cicle-formatiu-de-grau-superior-de-dietetica\/","title":{"rendered":"Cicle formatiu de grau superior\u00a0de Diet\u00e8tica"},"content":{"rendered":"\n<p>Aquests estudis postobligatoris capaciten per elaborar dietes, controlar la qualitat de l&#8217;alimentaci\u00f3 de les persones, analitzar-ne els comportaments alimentaris i programar i aplicar activitats educatives que millorin els h\u00e0bits d&#8217;alimentaci\u00f3 de la poblaci\u00f3.<\/p>\n\n\n\n<p>La durada \u00e9s de 2.000 hores distribu\u00efdes en dos cursos<strong>&nbsp;<\/strong>acad\u00e8mics.<\/p>\n\n\n\n<hr class=\"wp-block-separator has-alpha-channel-opacity\" style=\"margin-top:var(--wp--preset--spacing--50);margin-bottom:var(--wp--preset--spacing--50)\"\/>\n\n\n\n<h2 class=\"wp-block-heading has-large-font-size\">Acc\u00e9s<\/h2>\n\n\n\n<p>Per al curs 2024-2025, pots accedir als cicles de grau superior si compleixes algun dels requisits seg\u00fcents:<\/p>\n\n\n\n<ul class=\"wp-block-list\">\n<li>Tenir un d\u2019aquests t\u00edtols:\n<ul class=\"wp-block-list\">\n<li>Batxillerat.<\/li>\n\n\n\n<li>Batxillerat LOGSE.<\/li>\n\n\n\n<li>BUP.<\/li>\n\n\n\n<li>T\u00e8cnic\/a superior de formaci\u00f3 professional o grau universitari o equivalent.<\/li>\n\n\n\n<li>T\u00e8cnic\/a especialista, t\u00e8cnic\/a superior o equivalent.<\/li>\n\n\n\n<li>T\u00e8cnic\/a de grau mitj\u00e0 de formaci\u00f3 professional o t\u00edtol de t\u00e8cnic\/a o t\u00e8cnic\/a d&#8217;arts pl\u00e0stiques i disseny.<\/li>\n<\/ul>\n<\/li>\n<\/ul>\n\n\n\n<ul class=\"wp-block-list\">\n<li>O b\u00e9, haver superat:\n<ul class=\"wp-block-list\">\n<li>Un curs de formaci\u00f3 espec\u00edfic per a l\u2019acc\u00e9s als cicles de grau superior.<\/li>\n\n\n\n<li>Una prova d&#8217;acc\u00e9s.<\/li>\n\n\n\n<li>El segon curs de qualsevol modalitat de batxillerat experimental.<\/li>\n\n\n\n<li>El COU o un curs preuniversitari.<\/li>\n\n\n\n<li>Haver superat la prova d&#8217;acc\u00e9s a la universitat per a m\u00e9s grans de 25 o de 45 anys, o haver accedit a la universitat per tenir 40 anys o m\u00e9s i acreditar experi\u00e8ncia laboral o professional.<\/li>\n<\/ul>\n<\/li>\n<\/ul>\n\n\n\n<hr class=\"wp-block-separator has-alpha-channel-opacity\" style=\"margin-top:var(--wp--preset--spacing--50);margin-bottom:var(--wp--preset--spacing--50)\"\/>\n\n\n\n<h2 class=\"wp-block-heading has-large-font-size\">Continu\u00eftat<\/h2>\n\n\n\n<h3 class=\"wp-block-heading has-medium-font-size\">Sortides acad\u00e8miques<\/h3>\n\n\n\n<p>Amb aquests estudis s&#8217;obt\u00e9 el t\u00edtol de t\u00e8cnic superior o t\u00e8cnica superior, que permet accedir a qualsevol estudi universitari oficial de grau. Les persones que s&#8217;han graduat en un cicle formatiu de grau superior poden obtenir la convalidaci\u00f3 de cr\u00e8dits universitaris ECTS.<\/p>\n\n\n\n<p>Per a m\u00e9s informaci\u00f3, consulteu el <a href=\"https:\/\/universitats.gencat.cat\/ca\/inici\/index.html\" data-type=\"link\" data-id=\"https:\/\/universitats.gencat.cat\/ca\/inici\/index.html\">Canal Universitats<\/a><\/p>\n\n\n\n<h3 class=\"wp-block-heading has-medium-font-size\">Sortides professionals<\/h3>\n\n\n\n<p>La superaci\u00f3 d&#8217;aquest cicle formatiu permet accedir al m\u00f3n laboral com a:<\/p>\n\n\n\n<ul class=\"wp-block-list\">\n<li>t\u00e8cnic o t\u00e8cnica en diet\u00e8tica i nutrici\u00f3,<\/li>\n\n\n\n<li>responsable d&#8217;alimentaci\u00f3 en empreses de servei d&#8217;\u00e0pats,<\/li>\n\n\n\n<li>t\u00e8cnic o t\u00e8cnica en higiene dels aliments,<\/li>\n\n\n\n<li>consultor o consultora en alimentaci\u00f3 i<\/li>\n\n\n\n<li>educador sanitari o educadora sanit\u00e0ria.<\/li>\n<\/ul>\n\n\n\n<hr class=\"wp-block-separator has-alpha-channel-opacity\" style=\"margin-top:var(--wp--preset--spacing--50);margin-bottom:var(--wp--preset--spacing--50)\"\/>\n\n\n\n<div data-wp-interactive=\"core\/file\" class=\"wp-block-file\"><object data-wp-bind--hidden=\"!state.hasPdfPreview\" hidden class=\"wp-block-file__embed\" data=\"https:\/\/agora.xtec.cat\/iesdeulofeu\/wp-content\/uploads\/usu3605\/2025\/11\/CFGS-Dietetica.pdf\" type=\"application\/pdf\" style=\"width:100%;height:600px\" aria-label=\"Incrustaci\u00f3 del fitxer CFGS Diet\u00e8tica.\"><\/object><a id=\"wp-block-file--media-21cc2ef1-0458-4acd-bbe6-0949d834ed69\" href=\"https:\/\/agora.xtec.cat\/iesdeulofeu\/wp-content\/uploads\/usu3605\/2025\/11\/CFGS-Dietetica.pdf\">CFGS Diet\u00e8tica<\/a><a href=\"https:\/\/agora.xtec.cat\/iesdeulofeu\/wp-content\/uploads\/usu3605\/2025\/11\/CFGS-Dietetica.pdf\" class=\"wp-block-file__button wp-element-button\" download aria-describedby=\"wp-block-file--media-21cc2ef1-0458-4acd-bbe6-0949d834ed69\">Baixa<\/a><\/div>\n","protected":false},"excerpt":{"rendered":"<p>Aquests estudis postobligatoris capaciten per elaborar dietes, controlar la qualitat de l&#8217;alimentaci\u00f3 de les persones, analitzar-ne els comportaments alimentaris i programar i aplicar activitats educatives que millorin els h\u00e0bits d&#8217;alimentaci\u00f3 de la poblaci\u00f3. La durada \u00e9s de 2.000 hores distribu\u00efdes en dos cursos&nbsp;acad\u00e8mics. Acc\u00e9s Per al curs 2024-2025, pots accedir als cicles de grau superior [&hellip;]<\/p>\n","protected":false},"author":1,"featured_media":0,"parent":195,"menu_order":0,"comment_status":"closed","ping_status":"closed","template":"","meta":{"site-sidebar-layout":"default","site-content-layout":"","ast-site-content-layout":"default","site-content-style":"default","site-sidebar-style":"default","ast-global-header-display":"","ast-banner-title-visibility":"","ast-main-header-display":"","ast-hfb-above-header-display":"","ast-hfb-below-header-display":"","ast-hfb-mobile-header-display":"","site-post-title":"","ast-breadcrumbs-content":"","ast-featured-img":"","footer-sml-layout":"","theme-transparent-header-meta":"","adv-header-id-meta":"","stick-header-meta":"","header-above-stick-meta":"","header-main-stick-meta":"","header-below-stick-meta":"","astra-migrate-meta-layouts":"set","ast-page-background-enabled":"default","ast-page-background-meta":{"desktop":{"background-color":"var(--ast-global-color-4)","background-image":"","background-repeat":"repeat","background-position":"center center","background-size":"auto","background-attachment":"scroll","background-type":"","background-media":"","overlay-type":"","overlay-color":"","overlay-opacity":"","overlay-gradient":""},"tablet":{"background-color":"","background-image":"","background-repeat":"repeat","background-position":"center center","background-size":"auto","background-attachment":"scroll","background-type":"","background-media":"","overlay-type":"","overlay-color":"","overlay-opacity":"","overlay-gradient":""},"mobile":{"background-color":"","background-image":"","background-repeat":"repeat","background-position":"center center","background-size":"auto","background-attachment":"scroll","background-type":"","background-media":"","overlay-type":"","overlay-color":"","overlay-opacity":"","overlay-gradient":""}},"ast-content-background-meta":{"desktop":{"background-color":"var(--ast-global-color-5)","background-image":"","background-repeat":"repeat","background-position":"center center","background-size":"auto","background-attachment":"scroll","background-type":"","background-media":"","overlay-type":"","overlay-color":"","overlay-opacity":"","overlay-gradient":""},"tablet":{"background-color":"var(--ast-global-color-5)","background-image":"","background-repeat":"repeat","background-position":"center center","background-size":"auto","background-attachment":"scroll","background-type":"","background-media":"","overlay-type":"","overlay-color":"","overlay-opacity":"","overlay-gradient":""},"mobile":{"background-color":"var(--ast-global-color-5)","background-image":"","background-repeat":"repeat","background-position":"center center","background-size":"auto","background-attachment":"scroll","background-type":"","background-media":"","overlay-type":"","overlay-color":"","overlay-opacity":"","overlay-gradient":""}},"footnotes":""},"class_list":["post-1195","page","type-page","status-publish","hentry"],"post_mailing_queue_ids":[],"_links":{"self":[{"href":"https:\/\/agora.xtec.cat\/iesdeulofeu\/wp-json\/wp\/v2\/pages\/1195","targetHints":{"allow":["GET"]}}],"collection":[{"href":"https:\/\/agora.xtec.cat\/iesdeulofeu\/wp-json\/wp\/v2\/pages"}],"about":[{"href":"https:\/\/agora.xtec.cat\/iesdeulofeu\/wp-json\/wp\/v2\/types\/page"}],"author":[{"embeddable":true,"href":"https:\/\/agora.xtec.cat\/iesdeulofeu\/wp-json\/wp\/v2\/users\/1"}],"replies":[{"embeddable":true,"href":"https:\/\/agora.xtec.cat\/iesdeulofeu\/wp-json\/wp\/v2\/comments?post=1195"}],"version-history":[{"count":1,"href":"https:\/\/agora.xtec.cat\/iesdeulofeu\/wp-json\/wp\/v2\/pages\/1195\/revisions"}],"predecessor-version":[{"id":1198,"href":"https:\/\/agora.xtec.cat\/iesdeulofeu\/wp-json\/wp\/v2\/pages\/1195\/revisions\/1198"}],"up":[{"embeddable":true,"href":"https:\/\/agora.xtec.cat\/iesdeulofeu\/wp-json\/wp\/v2\/pages\/195"}],"wp:attachment":[{"href":"https:\/\/agora.xtec.cat\/iesdeulofeu\/wp-json\/wp\/v2\/media?parent=1195"}],"curies":[{"name":"wp","href":"https:\/\/api.w.org\/{rel}","templated":true}]}}