{"id":1179,"date":"2025-11-28T17:57:14","date_gmt":"2025-11-28T16:57:14","guid":{"rendered":"https:\/\/agora.xtec.cat\/iesdeulofeu\/?page_id=1179"},"modified":"2025-11-28T18:25:08","modified_gmt":"2025-11-28T17:25:08","slug":"cicle-formatiu-de-grau-mitja-de-cures-auxiliars-dinfermeria","status":"publish","type":"page","link":"https:\/\/agora.xtec.cat\/iesdeulofeu\/estudis\/cicle-formatiu-de-grau-mitja-de-cures-auxiliars-dinfermeria\/","title":{"rendered":"Cicle formatiu de grau mitj\u00e0 de Cures auxiliars d&#8217;infermeria"},"content":{"rendered":"\n<p>Els estudis de t\u00e8cnic en cures auxiliars d&#8217;infermeria preparen professionals capacitats per a proporcionar cures auxiliars al pacient\/client i actuar sobre les condicions sanit\u00e0ries del seu entorn, com a membre d&#8217;un equip d&#8217;infermeria en els centres sanitaris d&#8217;atenci\u00f3 especialitzada i prim\u00e0ria, sota la depend\u00e8ncia del personal diplomat en infermeria o, si escau, com a membre d&#8217;un equip de salut en l&#8217;assist\u00e8ncia derivada de la pr\u00e0ctica de l&#8217;exercici liberal, sota la supervisi\u00f3 corresponent.<\/p>\n\n\n\n<p>El cicle formatiu de cures auxiliars d&#8217;infermeria que imparteix l&#8217;INS Alexandre Deulofeu \u00e9s el resultat d&#8217;un conveni entre el Departament d&#8217;Ensenyament de la Generalitat de Catalunya i la Fundaci\u00f3 Salut Empord\u00e0, Hospital de Figueres.<\/p>\n\n\n\n<hr class=\"wp-block-separator has-alpha-channel-opacity\" style=\"margin-top:var(--wp--preset--spacing--50);margin-bottom:var(--wp--preset--spacing--50)\"\/>\n\n\n\n<h2 class=\"wp-block-heading has-large-font-size\">Acc\u00e9s<\/h2>\n\n\n\n<p>Poden accedir al cicle les persones que compleixen algun dels requisits seg\u00fcents:<\/p>\n\n\n\n<ul class=\"wp-block-list\">\n<li>Tenir el t\u00edtol de graduat en educaci\u00f3 secund\u00e0ria obligat\u00f2ria<\/li>\n\n\n\n<li>Haver superat el curs espec\u00edfic per a l&#8217;acc\u00e9s als cicles de grau mitj\u00e0<\/li>\n\n\n\n<li>Tenir el t\u00edtol de t\u00e8cnic o de t\u00e8cnic auxiliar<\/li>\n\n\n\n<li>Haver superat el segon curs del batxillerat unificat i polivalent (BUP)<\/li>\n\n\n\n<li>Tenir altres estudis equivalents a efectes acad\u00e8mics<\/li>\n\n\n\n<li>Haver superat la prova d&#8217;acc\u00e9s a la universitat per a m\u00e9s grans de 25 anys<\/li>\n\n\n\n<li>Haver superat els m\u00f2duls obligatoris d&#8217;un programa de formaci\u00f3 i inserci\u00f3&nbsp;(PFI)<\/li>\n\n\n\n<li>Tenir un t\u00edtol per accedir a un cicle formatiu de grau superior<\/li>\n<\/ul>\n\n\n\n<p>Les persones que no compleixen cap dels requisits esmentats han de superar una prova d&#8217;acc\u00e9s. Per presentar-s&#8217;hi cal tenir com a m\u00ednim 17 anys l&#8217;any en qu\u00e8 es fa la prova.<\/p>\n\n\n\n<p>Les places que ofereix el centre en cada convocat\u00f2ria de preinscripci\u00f3 s&#8217;ordenen per vies, segons els estudis anteriors.&nbsp;<\/p>\n\n\n\n<hr class=\"wp-block-separator has-alpha-channel-opacity\" style=\"margin-top:var(--wp--preset--spacing--50);margin-bottom:var(--wp--preset--spacing--50)\"\/>\n\n\n\n<h2 class=\"wp-block-heading has-large-font-size\">Continu\u00eftat<\/h2>\n\n\n\n<h3 class=\"wp-block-heading has-medium-font-size\">Sortides acad\u00e8miques<\/h3>\n\n\n\n<p>Les persones que superen el cicle formatiu obtenen un t\u00edtol de t\u00e8cnic o t\u00e8cnica, que els permet accedir:<\/p>\n\n\n\n<ul class=\"wp-block-list\">\n<li>Al batxillerat<\/li>\n\n\n\n<li>A&nbsp;un cicle de grau superior del mateix itinerari del cicle de grau mitj\u00e0<\/li>\n<\/ul>\n\n\n\n<h3 class=\"wp-block-heading has-medium-font-size\">Sortides professionals<\/h3>\n\n\n\n<p>La superaci\u00f3 d&#8217;aquest cicle formatiu permet accedir al&nbsp;<strong>m\u00f3n laboral<\/strong>&nbsp;com a:<\/p>\n\n\n\n<ul class=\"wp-block-list\">\n<li>T\u00e8cnic o t\u00e8cnica auxiliar d&#8217;infermeria, atenci\u00f3 prim\u00e0ria o domicili\u00e0ria, en unitats especials i de salut mental<\/li>\n<\/ul>\n\n\n\n<hr class=\"wp-block-separator has-alpha-channel-opacity\" style=\"margin-top:var(--wp--preset--spacing--50);margin-bottom:var(--wp--preset--spacing--50)\"\/>\n\n\n\n<div data-wp-interactive=\"core\/file\" class=\"wp-block-file\"><object data-wp-bind--hidden=\"!state.hasPdfPreview\" hidden class=\"wp-block-file__embed\" data=\"https:\/\/agora.xtec.cat\/iesdeulofeu\/wp-content\/uploads\/usu3605\/2025\/11\/CFGM-CAI.pdf\" type=\"application\/pdf\" style=\"width:100%;height:600px\" aria-label=\"Incrustaci\u00f3 del fitxer CFGM CAI.\"><\/object><a id=\"wp-block-file--media-53817855-325e-4725-aed1-718be52a484a\" href=\"https:\/\/agora.xtec.cat\/iesdeulofeu\/wp-content\/uploads\/usu3605\/2025\/11\/CFGM-CAI.pdf\">CFGM CAI<\/a><a href=\"https:\/\/agora.xtec.cat\/iesdeulofeu\/wp-content\/uploads\/usu3605\/2025\/11\/CFGM-CAI.pdf\" class=\"wp-block-file__button wp-element-button\" download aria-describedby=\"wp-block-file--media-53817855-325e-4725-aed1-718be52a484a\">Baixa<\/a><\/div>\n","protected":false},"excerpt":{"rendered":"<p>Els estudis de t\u00e8cnic en cures auxiliars d&#8217;infermeria preparen professionals capacitats per a proporcionar cures auxiliars al pacient\/client i actuar sobre les condicions sanit\u00e0ries del seu entorn, com a membre d&#8217;un equip d&#8217;infermeria en els centres sanitaris d&#8217;atenci\u00f3 especialitzada i prim\u00e0ria, sota la depend\u00e8ncia del personal diplomat en infermeria o, si escau, com a membre [&hellip;]<\/p>\n","protected":false},"author":1,"featured_media":0,"parent":195,"menu_order":0,"comment_status":"closed","ping_status":"closed","template":"","meta":{"site-sidebar-layout":"default","site-content-layout":"","ast-site-content-layout":"default","site-content-style":"default","site-sidebar-style":"default","ast-global-header-display":"","ast-banner-title-visibility":"","ast-main-header-display":"","ast-hfb-above-header-display":"","ast-hfb-below-header-display":"","ast-hfb-mobile-header-display":"","site-post-title":"","ast-breadcrumbs-content":"","ast-featured-img":"","footer-sml-layout":"","theme-transparent-header-meta":"","adv-header-id-meta":"","stick-header-meta":"","header-above-stick-meta":"","header-main-stick-meta":"","header-below-stick-meta":"","astra-migrate-meta-layouts":"set","ast-page-background-enabled":"default","ast-page-background-meta":{"desktop":{"background-color":"var(--ast-global-color-4)","background-image":"","background-repeat":"repeat","background-position":"center center","background-size":"auto","background-attachment":"scroll","background-type":"","background-media":"","overlay-type":"","overlay-color":"","overlay-opacity":"","overlay-gradient":""},"tablet":{"background-color":"","background-image":"","background-repeat":"repeat","background-position":"center center","background-size":"auto","background-attachment":"scroll","background-type":"","background-media":"","overlay-type":"","overlay-color":"","overlay-opacity":"","overlay-gradient":""},"mobile":{"background-color":"","background-image":"","background-repeat":"repeat","background-position":"center center","background-size":"auto","background-attachment":"scroll","background-type":"","background-media":"","overlay-type":"","overlay-color":"","overlay-opacity":"","overlay-gradient":""}},"ast-content-background-meta":{"desktop":{"background-color":"var(--ast-global-color-5)","background-image":"","background-repeat":"repeat","background-position":"center center","background-size":"auto","background-attachment":"scroll","background-type":"","background-media":"","overlay-type":"","overlay-color":"","overlay-opacity":"","overlay-gradient":""},"tablet":{"background-color":"var(--ast-global-color-5)","background-image":"","background-repeat":"repeat","background-position":"center center","background-size":"auto","background-attachment":"scroll","background-type":"","background-media":"","overlay-type":"","overlay-color":"","overlay-opacity":"","overlay-gradient":""},"mobile":{"background-color":"var(--ast-global-color-5)","background-image":"","background-repeat":"repeat","background-position":"center center","background-size":"auto","background-attachment":"scroll","background-type":"","background-media":"","overlay-type":"","overlay-color":"","overlay-opacity":"","overlay-gradient":""}},"footnotes":""},"class_list":["post-1179","page","type-page","status-publish","hentry"],"post_mailing_queue_ids":[],"_links":{"self":[{"href":"https:\/\/agora.xtec.cat\/iesdeulofeu\/wp-json\/wp\/v2\/pages\/1179","targetHints":{"allow":["GET"]}}],"collection":[{"href":"https:\/\/agora.xtec.cat\/iesdeulofeu\/wp-json\/wp\/v2\/pages"}],"about":[{"href":"https:\/\/agora.xtec.cat\/iesdeulofeu\/wp-json\/wp\/v2\/types\/page"}],"author":[{"embeddable":true,"href":"https:\/\/agora.xtec.cat\/iesdeulofeu\/wp-json\/wp\/v2\/users\/1"}],"replies":[{"embeddable":true,"href":"https:\/\/agora.xtec.cat\/iesdeulofeu\/wp-json\/wp\/v2\/comments?post=1179"}],"version-history":[{"count":5,"href":"https:\/\/agora.xtec.cat\/iesdeulofeu\/wp-json\/wp\/v2\/pages\/1179\/revisions"}],"predecessor-version":[{"id":1202,"href":"https:\/\/agora.xtec.cat\/iesdeulofeu\/wp-json\/wp\/v2\/pages\/1179\/revisions\/1202"}],"up":[{"embeddable":true,"href":"https:\/\/agora.xtec.cat\/iesdeulofeu\/wp-json\/wp\/v2\/pages\/195"}],"wp:attachment":[{"href":"https:\/\/agora.xtec.cat\/iesdeulofeu\/wp-json\/wp\/v2\/media?parent=1179"}],"curies":[{"name":"wp","href":"https:\/\/api.w.org\/{rel}","templated":true}]}}