{"id":1164,"date":"2025-11-28T17:35:55","date_gmt":"2025-11-28T16:35:55","guid":{"rendered":"https:\/\/agora.xtec.cat\/iesdeulofeu\/?page_id=1164"},"modified":"2025-11-28T17:36:08","modified_gmt":"2025-11-28T16:36:08","slug":"batxillerat-dhumanitats-i-ciencies-socials","status":"publish","type":"page","link":"https:\/\/agora.xtec.cat\/iesdeulofeu\/estudis\/batxillerat-dhumanitats-i-ciencies-socials\/","title":{"rendered":"Batxillerat d&#8217;Humanitats i ci\u00e8ncies socials"},"content":{"rendered":"\n<p>La modalitat d&#8217;humanitats i ci\u00e8ncies socials s&#8217;adre\u00e7a a alumnes amb inquietuds relacionades amb els estudis ling\u00fc\u00edstics i literaris, la filosofia, les manifestacions culturals, les ci\u00e8ncies socials, jur\u00eddiques, pol\u00edtiques i econ\u00f2miques, la gesti\u00f3 i administraci\u00f3 p\u00fablica, la comunicaci\u00f3, les relacions p\u00fabliques, la publicitat, el turisme i altres serveis d&#8217;oci.<\/p>\n\n\n\n<div class=\"wp-block-getwid-accordion has-icon-left\" data-active-element=\"none\">\n<div class=\"wp-block-getwid-accordion__header-wrapper\"><span class=\"wp-block-getwid-accordion__header\"><a href=\"#\"><span class=\"wp-block-getwid-accordion__header-title\">1r de Batxillerat d&#8217;Humanitats i ci\u00e8ncies socials<\/span><span class=\"wp-block-getwid-accordion__icon is-active\"><i class=\"fas fa-plus\"><\/i><\/span><span class=\"wp-block-getwid-accordion__icon is-passive\"><i class=\"fas fa-minus\"><\/i><\/span><\/a><\/span><\/div><div class=\"wp-block-getwid-accordion__content-wrapper\"><div class=\"wp-block-getwid-accordion__content\">\n<h2 class=\"wp-block-heading has-medium-font-size\">Mat\u00e8ries comunes<\/h2>\n\n\n\n<ul class=\"wp-block-list\">\n<li>Llengua catalana i literatura 1<\/li>\n\n\n\n<li>Llengua castellana i literatura 1<\/li>\n\n\n\n<li>Llengua estrangera 1&nbsp;(angl\u00e8s o franc\u00e8s)<\/li>\n\n\n\n<li>Educaci\u00f3 f\u00edsica<\/li>\n\n\n\n<li>Filosofia<\/li>\n<\/ul>\n\n\n\n<h2 class=\"wp-block-heading has-medium-font-size\">Mat\u00e8ria&nbsp;obligada de modalitat<\/h2>\n\n\n\n<ul class=\"wp-block-list\">\n<li>Llengua i cultura llatnes&nbsp;1&nbsp;(per a humanitats)<\/li>\n\n\n\n<li>Matem\u00e0tiques aplicades a les ci\u00e8ncies socials 1&nbsp;(per a ci\u00e8ncies socials)<\/li>\n<\/ul>\n\n\n\n<h2 class=\"wp-block-heading has-medium-font-size\">Mat\u00e8ries de modalitat,&nbsp;optatives i de centre<\/h2>\n\n\n\n<ul class=\"wp-block-list\">\n<li>Llengua i cultura llatines 1<\/li>\n\n\n\n<li>Matem\u00e0tiques aplicades a les ci\u00e8ncies socials 1<\/li>\n\n\n\n<li>Llengua i cultura gregues 1<\/li>\n\n\n\n<li>Hist\u00f2ria del m\u00f3n contemporani<\/li>\n\n\n\n<li>Funcionament de l&#8217;empresa<\/li>\n\n\n\n<li>Literatura universal<\/li>\n\n\n\n<li>Economia<\/li>\n\n\n\n<li>M\u00f3n cl\u00e0ssic<\/li>\n\n\n\n<li>Franc\u00e8s 2a llengua estrangera<\/li>\n\n\n\n<li>Ciutadania, pol\u00edtica i dret<\/li>\n\n\n\n<li>Cultura audiovisual<\/li>\n\n\n\n<li>Psigologia<\/li>\n<\/ul>\n<\/div><\/div>\n\n\n\n<div class=\"wp-block-getwid-accordion__header-wrapper\"><span class=\"wp-block-getwid-accordion__header\"><a href=\"#\"><span class=\"wp-block-getwid-accordion__header-title\">2n de Batxillerat d&#8217;Humanitats i ci\u00e8ncies socials<\/span><span class=\"wp-block-getwid-accordion__icon is-active\"><i class=\"fas fa-plus\"><\/i><\/span><span class=\"wp-block-getwid-accordion__icon is-passive\"><i class=\"fas fa-minus\"><\/i><\/span><\/a><\/span><\/div><div class=\"wp-block-getwid-accordion__content-wrapper\"><div class=\"wp-block-getwid-accordion__content\">\n<h2 class=\"wp-block-heading has-medium-font-size\">Mat\u00e8ries comunes<\/h2>\n\n\n\n<ul class=\"wp-block-list\">\n<li>Llengua catalana i literatura 2<\/li>\n\n\n\n<li>Llengua castellana i literatura 2<\/li>\n\n\n\n<li>Llengua estrangera 2&nbsp;(angl\u00e8s o franc\u00e8s)<\/li>\n\n\n\n<li>Hist\u00f2ria de la filosofia<\/li>\n\n\n\n<li>Hist\u00f2ria<\/li>\n<\/ul>\n\n\n\n<h2 class=\"wp-block-heading has-medium-font-size\">Mat\u00e8ria obligada de modalitat<\/h2>\n\n\n\n<ul class=\"wp-block-list\">\n<li>Llengua i cultura llatnes 2&nbsp;(per a humanitats)<\/li>\n\n\n\n<li>Matem\u00e0tiques aplicades a les ci\u00e8ncies socials 2&nbsp;(per a ci\u00e8ncies socials)<\/li>\n<\/ul>\n\n\n\n<h2 class=\"wp-block-heading has-medium-font-size\">Mat\u00e8ries de modalitat<\/h2>\n\n\n\n<ul class=\"wp-block-list\">\n<li>Llengua i cultura llatines 2<\/li>\n\n\n\n<li>Matem\u00e0tiques aplicades a les ci\u00e8ncies socials 2<\/li>\n\n\n\n<li>Llengua i cultura gregues 2<\/li>\n\n\n\n<li>Funcionament de l&#8217;empresa i disseny de models de negoci<\/li>\n\n\n\n<li>Hist\u00f2ria&nbsp;de l&#8217;art<\/li>\n\n\n\n<li>Geografia<\/li>\n\n\n\n<li>Literatura catalana<\/li>\n\n\n\n<li>Literatura castellana<\/li>\n<\/ul>\n<\/div><\/div>\n<\/div>\n","protected":false},"excerpt":{"rendered":"<p>La modalitat d&#8217;humanitats i ci\u00e8ncies socials s&#8217;adre\u00e7a a alumnes amb inquietuds relacionades amb els estudis ling\u00fc\u00edstics i literaris, la filosofia, les manifestacions culturals, les ci\u00e8ncies socials, jur\u00eddiques, pol\u00edtiques i econ\u00f2miques, la gesti\u00f3 i administraci\u00f3 p\u00fablica, la comunicaci\u00f3, les relacions p\u00fabliques, la publicitat, el turisme i altres serveis d&#8217;oci.<\/p>\n","protected":false},"author":1,"featured_media":0,"parent":195,"menu_order":0,"comment_status":"closed","ping_status":"closed","template":"","meta":{"site-sidebar-layout":"default","site-content-layout":"","ast-site-content-layout":"default","site-content-style":"default","site-sidebar-style":"default","ast-global-header-display":"","ast-banner-title-visibility":"","ast-main-header-display":"","ast-hfb-above-header-display":"","ast-hfb-below-header-display":"","ast-hfb-mobile-header-display":"","site-post-title":"","ast-breadcrumbs-content":"","ast-featured-img":"","footer-sml-layout":"","theme-transparent-header-meta":"","adv-header-id-meta":"","stick-header-meta":"","header-above-stick-meta":"","header-main-stick-meta":"","header-below-stick-meta":"","astra-migrate-meta-layouts":"set","ast-page-background-enabled":"default","ast-page-background-meta":{"desktop":{"background-color":"var(--ast-global-color-4)","background-image":"","background-repeat":"repeat","background-position":"center center","background-size":"auto","background-attachment":"scroll","background-type":"","background-media":"","overlay-type":"","overlay-color":"","overlay-opacity":"","overlay-gradient":""},"tablet":{"background-color":"","background-image":"","background-repeat":"repeat","background-position":"center center","background-size":"auto","background-attachment":"scroll","background-type":"","background-media":"","overlay-type":"","overlay-color":"","overlay-opacity":"","overlay-gradient":""},"mobile":{"background-color":"","background-image":"","background-repeat":"repeat","background-position":"center center","background-size":"auto","background-attachment":"scroll","background-type":"","background-media":"","overlay-type":"","overlay-color":"","overlay-opacity":"","overlay-gradient":""}},"ast-content-background-meta":{"desktop":{"background-color":"var(--ast-global-color-5)","background-image":"","background-repeat":"repeat","background-position":"center center","background-size":"auto","background-attachment":"scroll","background-type":"","background-media":"","overlay-type":"","overlay-color":"","overlay-opacity":"","overlay-gradient":""},"tablet":{"background-color":"var(--ast-global-color-5)","background-image":"","background-repeat":"repeat","background-position":"center center","background-size":"auto","background-attachment":"scroll","background-type":"","background-media":"","overlay-type":"","overlay-color":"","overlay-opacity":"","overlay-gradient":""},"mobile":{"background-color":"var(--ast-global-color-5)","background-image":"","background-repeat":"repeat","background-position":"center center","background-size":"auto","background-attachment":"scroll","background-type":"","background-media":"","overlay-type":"","overlay-color":"","overlay-opacity":"","overlay-gradient":""}},"footnotes":""},"class_list":["post-1164","page","type-page","status-publish","hentry"],"post_mailing_queue_ids":[],"_links":{"self":[{"href":"https:\/\/agora.xtec.cat\/iesdeulofeu\/wp-json\/wp\/v2\/pages\/1164","targetHints":{"allow":["GET"]}}],"collection":[{"href":"https:\/\/agora.xtec.cat\/iesdeulofeu\/wp-json\/wp\/v2\/pages"}],"about":[{"href":"https:\/\/agora.xtec.cat\/iesdeulofeu\/wp-json\/wp\/v2\/types\/page"}],"author":[{"embeddable":true,"href":"https:\/\/agora.xtec.cat\/iesdeulofeu\/wp-json\/wp\/v2\/users\/1"}],"replies":[{"embeddable":true,"href":"https:\/\/agora.xtec.cat\/iesdeulofeu\/wp-json\/wp\/v2\/comments?post=1164"}],"version-history":[{"count":1,"href":"https:\/\/agora.xtec.cat\/iesdeulofeu\/wp-json\/wp\/v2\/pages\/1164\/revisions"}],"predecessor-version":[{"id":1166,"href":"https:\/\/agora.xtec.cat\/iesdeulofeu\/wp-json\/wp\/v2\/pages\/1164\/revisions\/1166"}],"up":[{"embeddable":true,"href":"https:\/\/agora.xtec.cat\/iesdeulofeu\/wp-json\/wp\/v2\/pages\/195"}],"wp:attachment":[{"href":"https:\/\/agora.xtec.cat\/iesdeulofeu\/wp-json\/wp\/v2\/media?parent=1164"}],"curies":[{"name":"wp","href":"https:\/\/api.w.org\/{rel}","templated":true}]}}