{"id":1133,"date":"2025-11-25T12:40:23","date_gmt":"2025-11-25T11:40:23","guid":{"rendered":"https:\/\/agora.xtec.cat\/iesdeulofeu\/?page_id=1133"},"modified":"2025-11-25T12:41:35","modified_gmt":"2025-11-25T11:41:35","slug":"projecte-rossinyol","status":"publish","type":"page","link":"https:\/\/agora.xtec.cat\/iesdeulofeu\/projecte-rossinyol\/","title":{"rendered":"Projecte Rossinyol"},"content":{"rendered":"\n<div class=\"wp-block-media-text is-stacked-on-mobile\" style=\"grid-template-columns:16% auto\"><figure class=\"wp-block-media-text__media\"><img loading=\"lazy\" decoding=\"async\" width=\"127\" height=\"186\" src=\"https:\/\/agora.xtec.cat\/iesdeulofeu\/wp-content\/uploads\/usu3605\/2025\/11\/OCELL-TRANSPARENT-text-gris-logo-web.png\" alt=\"\" class=\"wp-image-1134 size-full\"\/><\/figure><div class=\"wp-block-media-text__content\">\n<p>El&nbsp;<a href=\"http:\/\/www.projecterossinyol.org\/\" target=\"_blank\" rel=\"noreferrer noopener\"><strong>Projecte Rossinyol<\/strong><\/a>&nbsp;\u00e9s un projecte de mentoria que es porta a terme per&nbsp;estudiants de la Universitat de Girona&nbsp;i&nbsp;alumnes de prim\u00e0ria i secund\u00e0ria.<\/p>\n\n\n\n<p>Els\/les mentors\/es s\u00f3n estudiants universitaris que acompanyen peri\u00f2dicament un\/a noi\/a per tal que conegui diferents espais de la ciutat, \u00e0mbits de producci\u00f3 cultural, etc. Tot plegat es fa amb la pretensi\u00f3 d&#8217;afavorir el seu proc\u00e9s d&#8217;integraci\u00f3 i coneixement de l&#8217;entorn. Cada curs escolar hi participen alumnes del nostre centre.<\/p>\n<\/div><\/div>\n","protected":false},"excerpt":{"rendered":"<p>El&nbsp;Projecte Rossinyol&nbsp;\u00e9s un projecte de mentoria que es porta a terme per&nbsp;estudiants de la Universitat de Girona&nbsp;i&nbsp;alumnes de prim\u00e0ria i secund\u00e0ria. Els\/les mentors\/es s\u00f3n estudiants universitaris que acompanyen peri\u00f2dicament un\/a noi\/a per tal que conegui diferents espais de la ciutat, \u00e0mbits de producci\u00f3 cultural, etc. Tot plegat es fa amb la pretensi\u00f3 d&#8217;afavorir el seu [&hellip;]<\/p>\n","protected":false},"author":1,"featured_media":0,"parent":0,"menu_order":0,"comment_status":"closed","ping_status":"closed","template":"","meta":{"site-sidebar-layout":"default","site-content-layout":"","ast-site-content-layout":"default","site-content-style":"default","site-sidebar-style":"default","ast-global-header-display":"","ast-banner-title-visibility":"","ast-main-header-display":"","ast-hfb-above-header-display":"","ast-hfb-below-header-display":"","ast-hfb-mobile-header-display":"","site-post-title":"","ast-breadcrumbs-content":"","ast-featured-img":"","footer-sml-layout":"","theme-transparent-header-meta":"","adv-header-id-meta":"","stick-header-meta":"","header-above-stick-meta":"","header-main-stick-meta":"","header-below-stick-meta":"","astra-migrate-meta-layouts":"set","ast-page-background-enabled":"default","ast-page-background-meta":{"desktop":{"background-color":"var(--ast-global-color-4)","background-image":"","background-repeat":"repeat","background-position":"center center","background-size":"auto","background-attachment":"scroll","background-type":"","background-media":"","overlay-type":"","overlay-color":"","overlay-opacity":"","overlay-gradient":""},"tablet":{"background-color":"","background-image":"","background-repeat":"repeat","background-position":"center center","background-size":"auto","background-attachment":"scroll","background-type":"","background-media":"","overlay-type":"","overlay-color":"","overlay-opacity":"","overlay-gradient":""},"mobile":{"background-color":"","background-image":"","background-repeat":"repeat","background-position":"center center","background-size":"auto","background-attachment":"scroll","background-type":"","background-media":"","overlay-type":"","overlay-color":"","overlay-opacity":"","overlay-gradient":""}},"ast-content-background-meta":{"desktop":{"background-color":"var(--ast-global-color-5)","background-image":"","background-repeat":"repeat","background-position":"center center","background-size":"auto","background-attachment":"scroll","background-type":"","background-media":"","overlay-type":"","overlay-color":"","overlay-opacity":"","overlay-gradient":""},"tablet":{"background-color":"var(--ast-global-color-5)","background-image":"","background-repeat":"repeat","background-position":"center center","background-size":"auto","background-attachment":"scroll","background-type":"","background-media":"","overlay-type":"","overlay-color":"","overlay-opacity":"","overlay-gradient":""},"mobile":{"background-color":"var(--ast-global-color-5)","background-image":"","background-repeat":"repeat","background-position":"center center","background-size":"auto","background-attachment":"scroll","background-type":"","background-media":"","overlay-type":"","overlay-color":"","overlay-opacity":"","overlay-gradient":""}},"footnotes":""},"class_list":["post-1133","page","type-page","status-publish","hentry"],"post_mailing_queue_ids":[],"_links":{"self":[{"href":"https:\/\/agora.xtec.cat\/iesdeulofeu\/wp-json\/wp\/v2\/pages\/1133","targetHints":{"allow":["GET"]}}],"collection":[{"href":"https:\/\/agora.xtec.cat\/iesdeulofeu\/wp-json\/wp\/v2\/pages"}],"about":[{"href":"https:\/\/agora.xtec.cat\/iesdeulofeu\/wp-json\/wp\/v2\/types\/page"}],"author":[{"embeddable":true,"href":"https:\/\/agora.xtec.cat\/iesdeulofeu\/wp-json\/wp\/v2\/users\/1"}],"replies":[{"embeddable":true,"href":"https:\/\/agora.xtec.cat\/iesdeulofeu\/wp-json\/wp\/v2\/comments?post=1133"}],"version-history":[{"count":1,"href":"https:\/\/agora.xtec.cat\/iesdeulofeu\/wp-json\/wp\/v2\/pages\/1133\/revisions"}],"predecessor-version":[{"id":1136,"href":"https:\/\/agora.xtec.cat\/iesdeulofeu\/wp-json\/wp\/v2\/pages\/1133\/revisions\/1136"}],"wp:attachment":[{"href":"https:\/\/agora.xtec.cat\/iesdeulofeu\/wp-json\/wp\/v2\/media?parent=1133"}],"curies":[{"name":"wp","href":"https:\/\/api.w.org\/{rel}","templated":true}]}}