{"id":1123,"date":"2025-11-25T12:05:29","date_gmt":"2025-11-25T11:05:29","guid":{"rendered":"https:\/\/agora.xtec.cat\/iesdeulofeu\/?page_id=1123"},"modified":"2025-11-25T12:07:43","modified_gmt":"2025-11-25T11:07:43","slug":"la-coral-del-deulofeu","status":"publish","type":"page","link":"https:\/\/agora.xtec.cat\/iesdeulofeu\/la-coral-del-deulofeu\/","title":{"rendered":"La Coral del Deulofeu"},"content":{"rendered":"\n<p><\/p>\n\n\n\n<div class=\"wp-block-media-text is-stacked-on-mobile\" style=\"grid-template-columns:31% auto\"><figure class=\"wp-block-media-text__media\"><img loading=\"lazy\" decoding=\"async\" width=\"362\" height=\"270\" src=\"https:\/\/agora.xtec.cat\/iesdeulofeu\/wp-content\/uploads\/usu3605\/2025\/11\/logocoral.jpg\" alt=\"\" class=\"wp-image-1124 size-full\" srcset=\"https:\/\/agora.xtec.cat\/iesdeulofeu\/wp-content\/uploads\/usu3605\/2025\/11\/logocoral.jpg 362w, https:\/\/agora.xtec.cat\/iesdeulofeu\/wp-content\/uploads\/usu3605\/2025\/11\/logocoral-300x224.jpg 300w\" sizes=\"auto, (max-width: 362px) 100vw, 362px\" \/><\/figure><div class=\"wp-block-media-text__content\">\n<p>La Coral del Deulofeu\u00a0\u00e9s una coral\u00a0formada pels alumnes del <strong>Batxillerat de M\u00fasica i arts esc\u00e8niques<\/strong> de l&#8217;Institut Alexandre Deulofeu. Es va formar, durant el curs 2011-2012, com a part pr\u00e0ctica de la mat\u00e8ria Llenguatge i pr\u00e0ctica musical de 1r de Batxillerat d&#8217;arts.<\/p>\n\n\n\n<p>En l&#8217;actualitat est\u00e0 formada pels alumnes de la nova mat\u00e8ria de Cor i t\u00e8cnica vocal del batxillerat de M\u00fasica i arts esc\u00e8niques.<\/p>\n\n\n\n<p>Des dels seus inicis, La Coral del Deulofeu aposta per un repertori coral variat a 3 i 4 veus mixtes\u00a0<em>a cappella<\/em>. Podeu escoltar el fruit del nostre treball en les actuacions p\u00fabliques que fem al llarg del curs o b\u00e9 en el nostre<a href=\"https:\/\/www.youtube.com\/channel\/UCBwjXTdCo6G_6SxIH_j3Uiw\" target=\"_blank\" rel=\"noreferrer noopener\">\u00a0canal del youtube<\/a>.<\/p>\n<\/div><\/div>\n\n\n\n<p><\/p>\n","protected":false},"excerpt":{"rendered":"<p>La Coral del Deulofeu\u00a0\u00e9s una coral\u00a0formada pels alumnes del Batxillerat de M\u00fasica i arts esc\u00e8niques de l&#8217;Institut Alexandre Deulofeu. Es va formar, durant el curs 2011-2012, com a part pr\u00e0ctica de la mat\u00e8ria Llenguatge i pr\u00e0ctica musical de 1r de Batxillerat d&#8217;arts. En l&#8217;actualitat est\u00e0 formada pels alumnes de la nova mat\u00e8ria de Cor i [&hellip;]<\/p>\n","protected":false},"author":1,"featured_media":0,"parent":0,"menu_order":0,"comment_status":"closed","ping_status":"closed","template":"","meta":{"site-sidebar-layout":"default","site-content-layout":"","ast-site-content-layout":"default","site-content-style":"default","site-sidebar-style":"default","ast-global-header-display":"","ast-banner-title-visibility":"","ast-main-header-display":"","ast-hfb-above-header-display":"","ast-hfb-below-header-display":"","ast-hfb-mobile-header-display":"","site-post-title":"","ast-breadcrumbs-content":"","ast-featured-img":"","footer-sml-layout":"","theme-transparent-header-meta":"","adv-header-id-meta":"","stick-header-meta":"","header-above-stick-meta":"","header-main-stick-meta":"","header-below-stick-meta":"","astra-migrate-meta-layouts":"set","ast-page-background-enabled":"default","ast-page-background-meta":{"desktop":{"background-color":"var(--ast-global-color-4)","background-image":"","background-repeat":"repeat","background-position":"center center","background-size":"auto","background-attachment":"scroll","background-type":"","background-media":"","overlay-type":"","overlay-color":"","overlay-opacity":"","overlay-gradient":""},"tablet":{"background-color":"","background-image":"","background-repeat":"repeat","background-position":"center center","background-size":"auto","background-attachment":"scroll","background-type":"","background-media":"","overlay-type":"","overlay-color":"","overlay-opacity":"","overlay-gradient":""},"mobile":{"background-color":"","background-image":"","background-repeat":"repeat","background-position":"center center","background-size":"auto","background-attachment":"scroll","background-type":"","background-media":"","overlay-type":"","overlay-color":"","overlay-opacity":"","overlay-gradient":""}},"ast-content-background-meta":{"desktop":{"background-color":"var(--ast-global-color-5)","background-image":"","background-repeat":"repeat","background-position":"center center","background-size":"auto","background-attachment":"scroll","background-type":"","background-media":"","overlay-type":"","overlay-color":"","overlay-opacity":"","overlay-gradient":""},"tablet":{"background-color":"var(--ast-global-color-5)","background-image":"","background-repeat":"repeat","background-position":"center center","background-size":"auto","background-attachment":"scroll","background-type":"","background-media":"","overlay-type":"","overlay-color":"","overlay-opacity":"","overlay-gradient":""},"mobile":{"background-color":"var(--ast-global-color-5)","background-image":"","background-repeat":"repeat","background-position":"center center","background-size":"auto","background-attachment":"scroll","background-type":"","background-media":"","overlay-type":"","overlay-color":"","overlay-opacity":"","overlay-gradient":""}},"footnotes":""},"class_list":["post-1123","page","type-page","status-publish","hentry"],"post_mailing_queue_ids":[],"_links":{"self":[{"href":"https:\/\/agora.xtec.cat\/iesdeulofeu\/wp-json\/wp\/v2\/pages\/1123","targetHints":{"allow":["GET"]}}],"collection":[{"href":"https:\/\/agora.xtec.cat\/iesdeulofeu\/wp-json\/wp\/v2\/pages"}],"about":[{"href":"https:\/\/agora.xtec.cat\/iesdeulofeu\/wp-json\/wp\/v2\/types\/page"}],"author":[{"embeddable":true,"href":"https:\/\/agora.xtec.cat\/iesdeulofeu\/wp-json\/wp\/v2\/users\/1"}],"replies":[{"embeddable":true,"href":"https:\/\/agora.xtec.cat\/iesdeulofeu\/wp-json\/wp\/v2\/comments?post=1123"}],"version-history":[{"count":1,"href":"https:\/\/agora.xtec.cat\/iesdeulofeu\/wp-json\/wp\/v2\/pages\/1123\/revisions"}],"predecessor-version":[{"id":1126,"href":"https:\/\/agora.xtec.cat\/iesdeulofeu\/wp-json\/wp\/v2\/pages\/1123\/revisions\/1126"}],"wp:attachment":[{"href":"https:\/\/agora.xtec.cat\/iesdeulofeu\/wp-json\/wp\/v2\/media?parent=1123"}],"curies":[{"name":"wp","href":"https:\/\/api.w.org\/{rel}","templated":true}]}}