{"id":1110,"date":"2025-11-25T11:21:00","date_gmt":"2025-11-25T10:21:00","guid":{"rendered":"https:\/\/agora.xtec.cat\/iesdeulofeu\/?page_id=1110"},"modified":"2025-11-25T11:22:55","modified_gmt":"2025-11-25T10:22:55","slug":"club-de-lectura","status":"publish","type":"page","link":"https:\/\/agora.xtec.cat\/iesdeulofeu\/club-de-lectura\/","title":{"rendered":"Club de lectura"},"content":{"rendered":"\n<p>El club de lectura \u00e9s un espai on els joves lectors poden compartir la seva afici\u00f3 pels llibres i poden con\u00e8ixer nous textos i autors. Cada curs s&#8217;adapta el club de lectura a les edats i necessitats dels nois i noies que volen formar-ne part. Podeu consultar el&nbsp;<strong><a href=\"http:\/\/clubdelecturadeldeulofeu.blogspot.com\/\">blog del club de lectura&nbsp;<\/a><\/strong>per seguir les activitats que s&#8217;hi van fent.<\/p>\n\n\n\n<p>Tothom hi \u00e9s benvingut!<\/p>\n\n\n\n<p>(Professora de contacte per a m\u00e9s informaci\u00f3: Ant\u00f2nia Tubau).<\/p>\n\n\n<ul class=\"has-dates has-excerpts wp-block-rss\"><li class='wp-block-rss__item'><div class='wp-block-rss__item-title'><a href='https:\/\/clubdelecturadeldeulofeu.blogspot.com\/2026\/02\/lectura-extra-pel-3r-trimestre.html'>LECTURA EXTRA PEL 3r TRIMESTRE!!!<\/a><\/div><time datetime=\"2026-02-25T18:04:00+01:00\" class=\"wp-block-rss__item-publish-date\">25\/02\/2026<\/time> <div class=\"wp-block-rss__item-excerpt\">\u00a0Voleu ser els primers a con\u00e8ixer els t\u00edtols que llegirem al club de lectura aquest tercer trimestre? Doncs mireu b\u00e9 aquests cartells que penjarem la setmana que ve per l&#039;institut, aqu\u00ed hi trobareu tota la informaci\u00f3: t\u00edtol, autor, sinopsi, data i lloc de recollida de l&#039;exemplar, dia i hora de la trobada per comentar la [&hellip;]<\/div><\/li><li class='wp-block-rss__item'><div class='wp-block-rss__item-title'><a href='https:\/\/clubdelecturadeldeulofeu.blogspot.com\/2025\/12\/preparats-per-les-lectures-del-2n.html'>PREPARATS PER A LES LECTURES DEL 2N TRIMESTRE???<\/a><\/div><time datetime=\"2025-12-09T16:57:00+01:00\" class=\"wp-block-rss__item-publish-date\">09\/12\/2025<\/time> <div class=\"wp-block-rss__item-excerpt\">\u00a0La setmana que ve tindrem aqu\u00ed els lots de llibres del 2n trimestre i els repartirem abans de les vacances de Nadal perqu\u00e8 els nois i noies tinguin m\u00e9s temps, sense haver de combinar-s&#039;ho amb les tasques escolars, si aix\u00ed ho desitgen.\u00a0El primer t\u00edtol segur que us sona, perqu\u00e8 \u00e9s ja un cl\u00e0ssic juvenil. De [&hellip;]<\/div><\/li><li class='wp-block-rss__item'><div class='wp-block-rss__item-title'><a href='https:\/\/clubdelecturadeldeulofeu.blogspot.com\/2025\/11\/primeres-sessions-realitzades.html'>PRIMERES SESSIONS REALITZADES!!!<\/a><\/div><time datetime=\"2025-11-29T11:09:00+01:00\" class=\"wp-block-rss__item-publish-date\">29\/11\/2025<\/time> <div class=\"wp-block-rss__item-excerpt\">\u00a0\u00a0\u00a0 \u00a0\u00a0\u00a0 \u00a0\u00a0 \u00a0 Aquesta setmana hem tingut les dues primeres sessions del club de lectura d&#039;aquest curs. Eren llibres llargs, per\u00f2 tot i aix\u00ed hi ha hagut un bon grapat de valents que s&#039;hi han atrevit i a la trobada han explicat el molt que els han agradat. S\u00ed que \u00e9s veritat que tamb\u00e9 [&hellip;]<\/div><\/li><li class='wp-block-rss__item'><div class='wp-block-rss__item-title'><a href='https:\/\/clubdelecturadeldeulofeu.blogspot.com\/2025\/10\/nou-curs-noves-lectures_7.html'>NOU CURS, NOVES LECTURES!!!<\/a><\/div><time datetime=\"2025-10-07T15:38:00+02:00\" class=\"wp-block-rss__item-publish-date\">07\/10\/2025<\/time> <div class=\"wp-block-rss__item-excerpt\">\u00a0 Ja tenim aqu\u00ed els primers t\u00edtols del club de lectura i comencem amb misteri i fantasia!!!Aquest divendres 10 d&#039;octubre, a l&#039;estona de l&#039;esbarjo, serem a la biblioteca per repartir &quot;Ales de sang&quot;, de la Rebecca Yarros, el nou fenomen de fantasia juvenil del que parla tothom. El coneixeu? Us en faig cinc c\u00e8ntims!Sinopsi: La [&hellip;]<\/div><\/li><li class='wp-block-rss__item'><div class='wp-block-rss__item-title'><a href='https:\/\/clubdelecturadeldeulofeu.blogspot.com\/2025\/06\/hem-conegut-lescriptora-maria-carme-roca.html'>HEM CONEGUT L&#039;ESCRIPTORA MARIA CARME ROCA!!!<\/a><\/div><time datetime=\"2025-06-03T08:55:00+02:00\" class=\"wp-block-rss__item-publish-date\">03\/06\/2025<\/time> <div class=\"wp-block-rss__item-excerpt\">\u00a0Aquest passat divendres 30 de maig vam tenir l&#039;oportunitat de con\u00e8ixer la Maria Carme Roca, una escriptora coneguda tant per les seves obres de literatura juvenil com les adre\u00e7ades a un p\u00fablic adult (Precisament acaba de guanyar el Premi Santa Eul\u00e0lia de Barcelona amb la seva novel\u00b7la &quot;El passatge&quot;). Aquesta trobada es va realitzar al [&hellip;]<\/div><\/li><li class='wp-block-rss__item'><div class='wp-block-rss__item-title'><a href='https:\/\/clubdelecturadeldeulofeu.blogspot.com\/2025\/05\/petits-grups-tot-un-exit.html'>PETITS GRUPS, TOT UN \u00c8XIT!!!<\/a><\/div><time datetime=\"2025-05-14T09:16:00+02:00\" class=\"wp-block-rss__item-publish-date\">14\/05\/2025<\/time> <div class=\"wp-block-rss__item-excerpt\">\u00a0Aquest 3r trimestre, veient la gran quantitat d&#039;alumnes que volien assistir al club de lectura, hem fet desdoblaments per edats a les lectures en catal\u00e0 per poder atendre millor als alumnes, perqu\u00e8 poguessin comentar tot all\u00f2 que desitgessin amb temps i tranquil\u00b7litat, i en fem una valoraci\u00f3 molt positiva.\u00a0Una de les novel\u00b7les que ha cridat [&hellip;]<\/div><\/li><li class='wp-block-rss__item'><div class='wp-block-rss__item-title'><a href='https:\/\/clubdelecturadeldeulofeu.blogspot.com\/2025\/03\/arriben-les-lectures-del-3r-trimestre.html'>ARRIBEN LES LECTURES DEL 3r TRIMESTRE!!!<\/a><\/div><time datetime=\"2025-03-06T09:07:00+01:00\" class=\"wp-block-rss__item-publish-date\">06\/03\/2025<\/time> <div class=\"wp-block-rss__item-excerpt\">\u00a0La setmana que ve, si tot va b\u00e9, ja tindrem aqu\u00ed els quatre lots per fer les sessions del 3r trimestre del club de lectura. S\u00f3n les seg\u00fcents novel\u00b7les:- Thornhill, de Pam Smy, (CAT) que tracta d&#039;un orfenat encantat, on potser el terror no ve dels fantasmes, sin\u00f3 de les nenes que dormen al teu [&hellip;]<\/div><\/li><li class='wp-block-rss__item'><div class='wp-block-rss__item-title'><a href='https:\/\/clubdelecturadeldeulofeu.blogspot.com\/2025\/01\/sessions-molt-enriquidores-al-2n.html'>SESSIONS MOLT ENRIQUIDORES AL 2n TRIMESTRE<\/a><\/div><time datetime=\"2025-01-24T17:01:00+01:00\" class=\"wp-block-rss__item-publish-date\">24\/01\/2025<\/time> <div class=\"wp-block-rss__item-excerpt\">\u00a0Aquesta setmana hem finalitzat les sessions del 2n trimestre amb molta participaci\u00f3 per part de l&#039;alumnat. Un fet que ens agrada molt \u00e9s veure cares noves al club de lectura i l&#039;altre, que cada cop hi ha menys nois\/noies que agafen el llibre i no el llegeixen; tenim unes sessions molt plenes i intentem que [&hellip;]<\/div><\/li><li class='wp-block-rss__item'><div class='wp-block-rss__item-title'><a href='https:\/\/clubdelecturadeldeulofeu.blogspot.com\/2024\/12\/tot-preparat-pel-2n-trimestre.html'>TOT PREPARAT PEL 2N TRIMESTRE<\/a><\/div><time datetime=\"2024-12-10T19:25:00+01:00\" class=\"wp-block-rss__item-publish-date\">10\/12\/2024<\/time> <div class=\"wp-block-rss__item-excerpt\">Avui hem acabat de repartir tots els llibres dels lots pel 2n trimestre i, fins i tot, hem acabat amb llistes d&#039;espera. Ja ho tenim tot preparat per a les sessions que farem despr\u00e9s de festes, nom\u00e9s resta que els nois i noies s&#039;ho passin genial endinsant-se en aquestes aventures que els hem proposat. Bona [&hellip;]<\/div><\/li><li class='wp-block-rss__item'><div class='wp-block-rss__item-title'><a href='https:\/\/clubdelecturadeldeulofeu.blogspot.com\/2024\/11\/sessions-del-1r-trimestre-fetes.html'>SESSIONS DEL 1R TRIMESTRE FETES!!!<\/a><\/div><time datetime=\"2024-11-18T16:57:00+01:00\" class=\"wp-block-rss__item-publish-date\">18\/11\/2024<\/time> <div class=\"wp-block-rss__item-excerpt\">\u00a0\u00a0\u00a0Avui hem fet la darrera sessi\u00f3 del club de lectura per aquest 1r trimestre assolint la quarentena d&#039;alumnes (entre totes les sessions) que volunt\u00e0riament fan una lectura extra i venen a la trobada per comentar qu\u00e8 li ha semblat. Sembla mentida com de diferents s\u00f3n les opinions i visions dels lectors i com de diferents [&hellip;]<\/div><\/li><\/ul>","protected":false},"excerpt":{"rendered":"<p>El club de lectura \u00e9s un espai on els joves lectors poden compartir la seva afici\u00f3 pels llibres i poden con\u00e8ixer nous textos i autors. Cada curs s&#8217;adapta el club de lectura a les edats i necessitats dels nois i noies que volen formar-ne part. Podeu consultar el&nbsp;blog del club de lectura&nbsp;per seguir les activitats [&hellip;]<\/p>\n","protected":false},"author":1,"featured_media":0,"parent":0,"menu_order":0,"comment_status":"closed","ping_status":"closed","template":"","meta":{"site-sidebar-layout":"default","site-content-layout":"","ast-site-content-layout":"default","site-content-style":"default","site-sidebar-style":"default","ast-global-header-display":"","ast-banner-title-visibility":"","ast-main-header-display":"","ast-hfb-above-header-display":"","ast-hfb-below-header-display":"","ast-hfb-mobile-header-display":"","site-post-title":"","ast-breadcrumbs-content":"","ast-featured-img":"","footer-sml-layout":"","theme-transparent-header-meta":"","adv-header-id-meta":"","stick-header-meta":"","header-above-stick-meta":"","header-main-stick-meta":"","header-below-stick-meta":"","astra-migrate-meta-layouts":"set","ast-page-background-enabled":"default","ast-page-background-meta":{"desktop":{"background-color":"var(--ast-global-color-4)","background-image":"","background-repeat":"repeat","background-position":"center center","background-size":"auto","background-attachment":"scroll","background-type":"","background-media":"","overlay-type":"","overlay-color":"","overlay-opacity":"","overlay-gradient":""},"tablet":{"background-color":"","background-image":"","background-repeat":"repeat","background-position":"center center","background-size":"auto","background-attachment":"scroll","background-type":"","background-media":"","overlay-type":"","overlay-color":"","overlay-opacity":"","overlay-gradient":""},"mobile":{"background-color":"","background-image":"","background-repeat":"repeat","background-position":"center center","background-size":"auto","background-attachment":"scroll","background-type":"","background-media":"","overlay-type":"","overlay-color":"","overlay-opacity":"","overlay-gradient":""}},"ast-content-background-meta":{"desktop":{"background-color":"var(--ast-global-color-5)","background-image":"","background-repeat":"repeat","background-position":"center center","background-size":"auto","background-attachment":"scroll","background-type":"","background-media":"","overlay-type":"","overlay-color":"","overlay-opacity":"","overlay-gradient":""},"tablet":{"background-color":"var(--ast-global-color-5)","background-image":"","background-repeat":"repeat","background-position":"center center","background-size":"auto","background-attachment":"scroll","background-type":"","background-media":"","overlay-type":"","overlay-color":"","overlay-opacity":"","overlay-gradient":""},"mobile":{"background-color":"var(--ast-global-color-5)","background-image":"","background-repeat":"repeat","background-position":"center center","background-size":"auto","background-attachment":"scroll","background-type":"","background-media":"","overlay-type":"","overlay-color":"","overlay-opacity":"","overlay-gradient":""}},"footnotes":""},"class_list":["post-1110","page","type-page","status-publish","hentry"],"post_mailing_queue_ids":[],"_links":{"self":[{"href":"https:\/\/agora.xtec.cat\/iesdeulofeu\/wp-json\/wp\/v2\/pages\/1110","targetHints":{"allow":["GET"]}}],"collection":[{"href":"https:\/\/agora.xtec.cat\/iesdeulofeu\/wp-json\/wp\/v2\/pages"}],"about":[{"href":"https:\/\/agora.xtec.cat\/iesdeulofeu\/wp-json\/wp\/v2\/types\/page"}],"author":[{"embeddable":true,"href":"https:\/\/agora.xtec.cat\/iesdeulofeu\/wp-json\/wp\/v2\/users\/1"}],"replies":[{"embeddable":true,"href":"https:\/\/agora.xtec.cat\/iesdeulofeu\/wp-json\/wp\/v2\/comments?post=1110"}],"version-history":[{"count":1,"href":"https:\/\/agora.xtec.cat\/iesdeulofeu\/wp-json\/wp\/v2\/pages\/1110\/revisions"}],"predecessor-version":[{"id":1112,"href":"https:\/\/agora.xtec.cat\/iesdeulofeu\/wp-json\/wp\/v2\/pages\/1110\/revisions\/1112"}],"wp:attachment":[{"href":"https:\/\/agora.xtec.cat\/iesdeulofeu\/wp-json\/wp\/v2\/media?parent=1110"}],"curies":[{"name":"wp","href":"https:\/\/api.w.org\/{rel}","templated":true}]}}