{"id":1097,"date":"2025-11-25T10:51:09","date_gmt":"2025-11-25T09:51:09","guid":{"rendered":"https:\/\/agora.xtec.cat\/iesdeulofeu\/?page_id=1097"},"modified":"2025-11-25T11:04:08","modified_gmt":"2025-11-25T10:04:08","slug":"ars-nauta","status":"publish","type":"page","link":"https:\/\/agora.xtec.cat\/iesdeulofeu\/ars-nauta\/","title":{"rendered":"Ars nauta"},"content":{"rendered":"\n<h2 class=\"wp-block-heading has-medium-font-size\">Ars nauta: un blog fet&nbsp;per gent com tu i per a gent com tu<\/h2>\n\n\n\n<p><a href=\"https:\/\/arsnauta.wordpress.com\/\" target=\"_blank\" rel=\"noreferrer noopener\">Aquest blog<\/a>&nbsp;el creem un grup de persones que estimem la literatura, el cinema, la m\u00fasica, la pintura\u2026, en definitiva, totes les arts. I per aix\u00f2 us volem oferir propostes variades que esperem que us interessin.<\/p>\n\n\n<ul class=\"has-dates has-excerpts wp-block-rss\"><li class='wp-block-rss__item'><div class='wp-block-rss__item-title'><a href='https:\/\/arsnauta.wordpress.com\/2026\/02\/05\/abandonado-sebastian-f-gomez\/'>Abandonado (Sebasti\u00e1n F. G\u00f3mez)<\/a><\/div><time datetime=\"2026-02-05T10:31:05+01:00\" class=\"wp-block-rss__item-publish-date\">05\/02\/2026<\/time> <div class=\"wp-block-rss__item-excerpt\">Fue de repente, como un parpadeo, deb\u00ed hacerle caso, deb\u00ed quedarme callado. Ahora este es mi castigo \u00bfUn limbo? Quiz\u00e1s. Un purgatorio? No creo, antes de acabar aqu\u00ed fui una buena persona\u2026 o al menos hace dos semanas.\u00a0 Odio tener que decirlo, me recuerda que soy alguien miserable, pero dicen que contar lo que te [&hellip;]<\/div><\/li><li class='wp-block-rss__item'><div class='wp-block-rss__item-title'><a href='https:\/\/arsnauta.wordpress.com\/2026\/01\/28\/fechada-para-hoy-martina-cabre\/'>\u00abFechada para hoy\u00bb (Martina Cabr\u00e9)<\/a><\/div><time datetime=\"2026-01-28T17:09:49+01:00\" class=\"wp-block-rss__item-publish-date\">28\/01\/2026<\/time> <div class=\"wp-block-rss__item-excerpt\">La primera carta lleg\u00f3 un martes cualquiera mezclada entre facturas y publicidad. No habr\u00eda abierto esa carta si en el sobre no hubiera mi nombre con una letra id\u00e9ntica a la m\u00eda. Ese martes hab\u00eda sido como cualquier otro, fui a trabajar, almorc\u00e9 con mi amiga Carla y poco m\u00e1s. Al llegar a casa, no [&hellip;]<\/div><\/li><li class='wp-block-rss__item'><div class='wp-block-rss__item-title'><a href='https:\/\/arsnauta.wordpress.com\/2026\/01\/25\/ser-soldado-nil-jimenez\/'>\u00abSer soldado\u00bb (Nil Jim\u00e9nez)<\/a><\/div><time datetime=\"2026-01-25T11:24:45+01:00\" class=\"wp-block-rss__item-publish-date\">25\/01\/2026<\/time> <div class=\"wp-block-rss__item-excerpt\">Era una ma\u00f1ana de diciembre, a punto de entrar en el a\u00f1o 2015. El soldado Jos\u00e9, m\u00e1s conocido como cabo Suri, sal\u00eda del acuartelamiento \u201cGeneral \u00c1lvarez de Castro\u201d, ubicado en el Alt Empord\u00e0, m\u00e1s concretamente en un pueblo llamado Sant Climent Sescebes, dirigi\u00e9ndose por fin a su querido hogar, tras pasar seis meses en Letonia. [&hellip;]<\/div><\/li><li class='wp-block-rss__item'><div class='wp-block-rss__item-title'><a href='https:\/\/arsnauta.wordpress.com\/2025\/10\/04\/a-un-muro-de-ti-alex-saez\/'>A un muro de ti (\u00c1lex S\u00e1ez)<\/a><\/div><time datetime=\"2025-10-04T16:08:29+02:00\" class=\"wp-block-rss__item-publish-date\">04\/10\/2025<\/time> <div class=\"wp-block-rss__item-excerpt\">Berl\u00edn, noviembre de 1961. El fr\u00edo invernal empezaba a aparecer en las concurridas calles de la capital germana. Se preve\u00eda un invierno largo y g\u00e9lido, ya fuera por la temperatura o por el miedo e incertidumbre que acechaba a los alemanes del momento. Hac\u00eda tan solo unos meses desde el alzamiento del imponente muro que [&hellip;]<\/div><\/li><li class='wp-block-rss__item'><div class='wp-block-rss__item-title'><a href='https:\/\/arsnauta.wordpress.com\/2025\/10\/04\/mes-antibiblioteques-antonia-tubau\/'>\u00abM\u00e9s antibiblioteques\u00bb, Ant\u00f2nia Tubau<\/a><\/div><time datetime=\"2025-10-04T16:03:19+02:00\" class=\"wp-block-rss__item-publish-date\">04\/10\/2025<\/time> <div class=\"wp-block-rss__item-excerpt\">Ning\u00fa pot negar el valor de les biblioteques p\u00fabliques, s\u00f3n un s\u00edmbol cultural, la realitat d\u2019una mem\u00f2ria col\u00b7lectiva i universal. I pocs s\u00f3n els que s\u2019atreveixen a negar el valor d\u2019una biblioteca personal, reflex i gaudi del seu propietari; tan sols un rep\u00e0s i hi trobes les seves prefer\u00e8ncies, \u00e0nsies i curiositat, de la mateixa [&hellip;]<\/div><\/li><li class='wp-block-rss__item'><div class='wp-block-rss__item-title'><a href='https:\/\/arsnauta.wordpress.com\/2025\/06\/20\/records-des-dun-soterrani-a-crystal-lake-alex-saez\/'>RECORDS, DES D\u2019UN SOTERRANI A CRYSTAL LAKE (\u00c0lex S\u00e1ez)<\/a><\/div><time datetime=\"2025-06-20T09:44:56+02:00\" class=\"wp-block-rss__item-publish-date\">20\/06\/2025<\/time> <div class=\"wp-block-rss__item-excerpt\">Estiu de 1973. Crystal Lake, Illinois. El potent sol estival enlluerna un Chevrolet Cheveller vermell de 1970 aparcat a la vora del llac. Porta del conductor oberta, totes les finestres baixades i la melodia de \u201cJolene\u201d de Dolly Parton sonant subtilment des dels altaveus. Amb una m\u00e0 sobre el volant i l\u2019altra aguantant la cigarreta [&hellip;]<\/div><\/li><li class='wp-block-rss__item'><div class='wp-block-rss__item-title'><a href='https:\/\/arsnauta.wordpress.com\/2025\/06\/02\/bon-estiu-a-tots-feliz-verano-para-todos-4\/'>Bon estiu a tots! \u00a1Feliz verano para todos!<\/a><\/div><time datetime=\"2025-06-02T11:20:26+02:00\" class=\"wp-block-rss__item-publish-date\">02\/06\/2025<\/time> <div class=\"wp-block-rss__item-excerpt\">Ha arribat el mes de juny i s\u2019acosten les merescud\u00edssimes vacances. Els editors de l\u2019Ars Nauta descansaran un parell de mesos i tornaran, totalment renovats, al setembre. Gaudiu d\u2019aquest estiu i ens retrobem el proper curs!!! Ha llegado el mes de junio y se acercan las tan merecidas vacaciones. Los editores del Ars Nauta descansar\u00e1n [&hellip;]<\/div><\/li><li class='wp-block-rss__item'><div class='wp-block-rss__item-title'><a href='https:\/\/arsnauta.wordpress.com\/2025\/05\/20\/bosque-sara-baeza-andronoff\/'>Bosque (Sara Baeza Andronoff)<\/a><\/div><time datetime=\"2025-05-20T12:35:08+02:00\" class=\"wp-block-rss__item-publish-date\">20\/05\/2025<\/time> <div class=\"wp-block-rss__item-excerpt\">En el alba canta el viento, soplo dulce sobre el mar. Baila el r\u00edo en movimiento, brilla el sol al despertar. Las monta\u00f1as se estremecen, vibra el bosque encantador. Las flores se reverdecen, brotan llenas de color. El crep\u00fasculo se apaga, se adormece ya el sendero. La luna en el cielo vaga, duerme el mundo [&hellip;]<\/div><\/li><li class='wp-block-rss__item'><div class='wp-block-rss__item-title'><a href='https:\/\/arsnauta.wordpress.com\/2025\/05\/20\/el-temps-val-or-eva-bigun-mayarchuk\/'>El temps val or (Eva Bigun Mayarchuk)<\/a><\/div><time datetime=\"2025-05-20T12:13:55+02:00\" class=\"wp-block-rss__item-publish-date\">20\/05\/2025<\/time> <div class=\"wp-block-rss__item-excerpt\">\u00c9s un dia gris i avorrit d\u2019hivern com qualsevol altre. Jo, Max, i el meu amic Will, estem a una peculiar llibreria que mai hem vist abans a Peeble, la ciutat on vivim. Per fora, fa una mica de por, amb aquelles g\u00e0rgoles i colors foscos, i per dins la cosa no millora. Est\u00e0 decorada [&hellip;]<\/div><\/li><li class='wp-block-rss__item'><div class='wp-block-rss__item-title'><a href='https:\/\/arsnauta.wordpress.com\/2025\/05\/17\/terra-baixa-jatnna-sanchez\/'>TERRA BAIXA (Jatnna S\u00e1nchez )<\/a><\/div><time datetime=\"2025-05-17T12:15:06+02:00\" class=\"wp-block-rss__item-publish-date\">17\/05\/2025<\/time> <div class=\"wp-block-rss__item-excerpt\">FITXA BIBLIOGR\u00c0FICA T\u00edtol Terra Baixa Autor \u00c0ngel Guimer\u00e0 Adaptaci\u00f3 Sebasti\u00e0 Bech Editorial BARCANOVA Llengua Catal\u00e0 Ciutat i any: Espanya,1896 Nombre de p\u00e0gines: 128 G\u00e8nere Teatre ISBN: 978-84-489-5301-0 SINOPSIS L\u2019obra de Terra Baixa ens presenta la hist\u00f2ria d\u2019en Manelic, un pag\u00e8s innocent que viu a terra alta. Es trasllada a terra baixa per casar-se amb la [&hellip;]<\/div><\/li><\/ul>","protected":false},"excerpt":{"rendered":"<p>Ars nauta: un blog fet&nbsp;per gent com tu i per a gent com tu Aquest blog&nbsp;el creem un grup de persones que estimem la literatura, el cinema, la m\u00fasica, la pintura\u2026, en definitiva, totes les arts. I per aix\u00f2 us volem oferir propostes variades que esperem que us interessin.<\/p>\n","protected":false},"author":1,"featured_media":0,"parent":0,"menu_order":0,"comment_status":"closed","ping_status":"closed","template":"","meta":{"site-sidebar-layout":"default","site-content-layout":"","ast-site-content-layout":"default","site-content-style":"default","site-sidebar-style":"default","ast-global-header-display":"","ast-banner-title-visibility":"","ast-main-header-display":"","ast-hfb-above-header-display":"","ast-hfb-below-header-display":"","ast-hfb-mobile-header-display":"","site-post-title":"","ast-breadcrumbs-content":"","ast-featured-img":"","footer-sml-layout":"","theme-transparent-header-meta":"","adv-header-id-meta":"","stick-header-meta":"","header-above-stick-meta":"","header-main-stick-meta":"","header-below-stick-meta":"","astra-migrate-meta-layouts":"set","ast-page-background-enabled":"default","ast-page-background-meta":{"desktop":{"background-color":"var(--ast-global-color-4)","background-image":"","background-repeat":"repeat","background-position":"center center","background-size":"auto","background-attachment":"scroll","background-type":"","background-media":"","overlay-type":"","overlay-color":"","overlay-opacity":"","overlay-gradient":""},"tablet":{"background-color":"","background-image":"","background-repeat":"repeat","background-position":"center center","background-size":"auto","background-attachment":"scroll","background-type":"","background-media":"","overlay-type":"","overlay-color":"","overlay-opacity":"","overlay-gradient":""},"mobile":{"background-color":"","background-image":"","background-repeat":"repeat","background-position":"center center","background-size":"auto","background-attachment":"scroll","background-type":"","background-media":"","overlay-type":"","overlay-color":"","overlay-opacity":"","overlay-gradient":""}},"ast-content-background-meta":{"desktop":{"background-color":"var(--ast-global-color-5)","background-image":"","background-repeat":"repeat","background-position":"center center","background-size":"auto","background-attachment":"scroll","background-type":"","background-media":"","overlay-type":"","overlay-color":"","overlay-opacity":"","overlay-gradient":""},"tablet":{"background-color":"var(--ast-global-color-5)","background-image":"","background-repeat":"repeat","background-position":"center center","background-size":"auto","background-attachment":"scroll","background-type":"","background-media":"","overlay-type":"","overlay-color":"","overlay-opacity":"","overlay-gradient":""},"mobile":{"background-color":"var(--ast-global-color-5)","background-image":"","background-repeat":"repeat","background-position":"center center","background-size":"auto","background-attachment":"scroll","background-type":"","background-media":"","overlay-type":"","overlay-color":"","overlay-opacity":"","overlay-gradient":""}},"footnotes":""},"class_list":["post-1097","page","type-page","status-publish","hentry"],"post_mailing_queue_ids":[],"_links":{"self":[{"href":"https:\/\/agora.xtec.cat\/iesdeulofeu\/wp-json\/wp\/v2\/pages\/1097","targetHints":{"allow":["GET"]}}],"collection":[{"href":"https:\/\/agora.xtec.cat\/iesdeulofeu\/wp-json\/wp\/v2\/pages"}],"about":[{"href":"https:\/\/agora.xtec.cat\/iesdeulofeu\/wp-json\/wp\/v2\/types\/page"}],"author":[{"embeddable":true,"href":"https:\/\/agora.xtec.cat\/iesdeulofeu\/wp-json\/wp\/v2\/users\/1"}],"replies":[{"embeddable":true,"href":"https:\/\/agora.xtec.cat\/iesdeulofeu\/wp-json\/wp\/v2\/comments?post=1097"}],"version-history":[{"count":6,"href":"https:\/\/agora.xtec.cat\/iesdeulofeu\/wp-json\/wp\/v2\/pages\/1097\/revisions"}],"predecessor-version":[{"id":1105,"href":"https:\/\/agora.xtec.cat\/iesdeulofeu\/wp-json\/wp\/v2\/pages\/1097\/revisions\/1105"}],"wp:attachment":[{"href":"https:\/\/agora.xtec.cat\/iesdeulofeu\/wp-json\/wp\/v2\/media?parent=1097"}],"curies":[{"name":"wp","href":"https:\/\/api.w.org\/{rel}","templated":true}]}}