{"id":9755,"date":"2025-08-31T22:01:28","date_gmt":"2025-08-31T20:01:28","guid":{"rendered":"https:\/\/agora.xtec.cat\/iesdesales\/?page_id=9755"},"modified":"2025-08-31T22:24:04","modified_gmt":"2025-08-31T20:24:04","slug":"erasmus-intrust","status":"publish","type":"page","link":"https:\/\/agora.xtec.cat\/iesdesales\/projecte-educatiu\/erasmus-intrust\/","title":{"rendered":"Erasmus+ inTruST"},"content":{"rendered":"<p><a href=\"https:\/\/intrust.info\/\"><img loading=\"lazy\" decoding=\"async\" class=\"wp-image-9767 aligncenter\" src=\"https:\/\/agora.xtec.cat\/iesdesales\/wp-content\/uploads\/usu678\/2025\/08\/inTrust.png\" alt=\"\" width=\"179\" height=\"179\" srcset=\"https:\/\/agora.xtec.cat\/iesdesales\/wp-content\/uploads\/usu678\/2025\/08\/inTrust.png 500w, https:\/\/agora.xtec.cat\/iesdesales\/wp-content\/uploads\/usu678\/2025\/08\/inTrust-300x300.png 300w, https:\/\/agora.xtec.cat\/iesdesales\/wp-content\/uploads\/usu678\/2025\/08\/inTrust-150x150.png 150w\" sizes=\"auto, (max-width: 179px) 100vw, 179px\" \/><\/a><\/p>\n<p><img loading=\"lazy\" decoding=\"async\" class=\"size-full wp-image-9766 aligncenter\" src=\"https:\/\/agora.xtec.cat\/iesdesales\/wp-content\/uploads\/usu678\/2025\/08\/EuropeanErasmus.png\" alt=\"\" width=\"330\" height=\"70\" srcset=\"https:\/\/agora.xtec.cat\/iesdesales\/wp-content\/uploads\/usu678\/2025\/08\/EuropeanErasmus.png 330w, https:\/\/agora.xtec.cat\/iesdesales\/wp-content\/uploads\/usu678\/2025\/08\/EuropeanErasmus-300x64.png 300w\" sizes=\"auto, (max-width: 330px) 100vw, 330px\" \/><\/p>\n<p>El centre est\u00e0 participant en el projecte Erasmus+ inTruST (increase Trust in Science and Technology:<br \/>\nImproving science education and fostering a culture of trust and integrity in science) des de l&#8217;1 de gener del 2025 fins al 31 de desembre del 2027. \u00c9s un projecte KA2, que consisteix en posar en contacte associacions entre socis de diferents pa\u00efsos en el context de l&#8217;educaci\u00f3 escolar i amb un objectiu com\u00fa rellevant.<\/p>\n<p>El projecte promou maneres d\u2019implementar una din\u00e0mica docent orientada a l\u2019acci\u00f3, interdisciplin\u00e0ria i basada en la investigaci\u00f3. L\u2019objectiu \u00e9s transformar el comportament d\u2019aprenentatge de l\u2019alumnat, que passa de ser consumidor a agent actiu, a trav\u00e9s d\u2019aspectes competencials com el pensament cr\u00edtic, la comunicaci\u00f3, la col\u00b7laboraci\u00f3 i la creativitat.<\/p>\n<p>Els escenaris d&#8217;aprenentatge s\u00f3n: tallers de Learning, Teaching and Training i aquells basats en la investigaci\u00f3 que ofereixen una visi\u00f3 de diferents enfocaments i implementacions tant a l\u2019escola prim\u00e0ria com a l\u2019educaci\u00f3 secund\u00e0ria.<\/p>\n<p><em>Partners del projecte:<\/em><\/p>\n<p><a href=\"https:\/\/www.escolasantjosep.com\/\"><img loading=\"lazy\" decoding=\"async\" class=\"alignnone wp-image-9758\" src=\"https:\/\/agora.xtec.cat\/iesdesales\/wp-content\/uploads\/usu678\/2025\/08\/partner5.png\" alt=\"\" width=\"276\" height=\"118\" srcset=\"https:\/\/agora.xtec.cat\/iesdesales\/wp-content\/uploads\/usu678\/2025\/08\/partner5.png 968w, https:\/\/agora.xtec.cat\/iesdesales\/wp-content\/uploads\/usu678\/2025\/08\/partner5-300x128.png 300w, https:\/\/agora.xtec.cat\/iesdesales\/wp-content\/uploads\/usu678\/2025\/08\/partner5-768x328.png 768w\" sizes=\"auto, (max-width: 276px) 100vw, 276px\" \/><\/a><\/p>\n<p><a href=\"http:\/\/www.bggmuend.ac.at\/\"><img loading=\"lazy\" decoding=\"async\" class=\"alignnone wp-image-9760\" src=\"https:\/\/agora.xtec.cat\/iesdesales\/wp-content\/uploads\/usu678\/2025\/08\/partner3.png\" alt=\"\" width=\"291\" height=\"76\" srcset=\"https:\/\/agora.xtec.cat\/iesdesales\/wp-content\/uploads\/usu678\/2025\/08\/partner3.png 934w, https:\/\/agora.xtec.cat\/iesdesales\/wp-content\/uploads\/usu678\/2025\/08\/partner3-300x78.png 300w, https:\/\/agora.xtec.cat\/iesdesales\/wp-content\/uploads\/usu678\/2025\/08\/partner3-768x201.png 768w\" sizes=\"auto, (max-width: 291px) 100vw, 291px\" \/><\/a><\/p>\n<p><a href=\"https:\/\/www.bgschwechat.ac.at\/\"><img loading=\"lazy\" decoding=\"async\" class=\"alignnone wp-image-9761\" src=\"https:\/\/agora.xtec.cat\/iesdesales\/wp-content\/uploads\/usu678\/2025\/08\/partner2-1024x883.png\" alt=\"\" width=\"172\" height=\"148\" srcset=\"https:\/\/agora.xtec.cat\/iesdesales\/wp-content\/uploads\/usu678\/2025\/08\/partner2-1024x883.png 1024w, https:\/\/agora.xtec.cat\/iesdesales\/wp-content\/uploads\/usu678\/2025\/08\/partner2-300x259.png 300w, https:\/\/agora.xtec.cat\/iesdesales\/wp-content\/uploads\/usu678\/2025\/08\/partner2-768x662.png 768w, https:\/\/agora.xtec.cat\/iesdesales\/wp-content\/uploads\/usu678\/2025\/08\/partner2.png 1205w\" sizes=\"auto, (max-width: 172px) 100vw, 172px\" \/><\/a><\/p>\n<p><a href=\"https:\/\/www.ntua.gr\/en\/\"><img loading=\"lazy\" decoding=\"async\" class=\"alignnone wp-image-9763\" src=\"https:\/\/agora.xtec.cat\/iesdesales\/wp-content\/uploads\/usu678\/2025\/08\/partner8.png\" alt=\"\" width=\"364\" height=\"94\" srcset=\"https:\/\/agora.xtec.cat\/iesdesales\/wp-content\/uploads\/usu678\/2025\/08\/partner8.png 758w, https:\/\/agora.xtec.cat\/iesdesales\/wp-content\/uploads\/usu678\/2025\/08\/partner8-300x78.png 300w\" sizes=\"auto, (max-width: 364px) 100vw, 364px\" \/><\/a><\/p>\n<p><a href=\"https:\/\/kphvie.ac.at\/en\/home.html\"><img loading=\"lazy\" decoding=\"async\" class=\"alignnone wp-image-9764\" src=\"https:\/\/agora.xtec.cat\/iesdesales\/wp-content\/uploads\/usu678\/2025\/08\/partner7.png\" alt=\"\" width=\"283\" height=\"167\" srcset=\"https:\/\/agora.xtec.cat\/iesdesales\/wp-content\/uploads\/usu678\/2025\/08\/partner7.png 526w, https:\/\/agora.xtec.cat\/iesdesales\/wp-content\/uploads\/usu678\/2025\/08\/partner7-300x177.png 300w\" sizes=\"auto, (max-width: 283px) 100vw, 283px\" \/><\/a><\/p>\n<p><img loading=\"lazy\" decoding=\"async\" class=\"alignnone wp-image-9765\" src=\"https:\/\/agora.xtec.cat\/iesdesales\/wp-content\/uploads\/usu678\/2025\/08\/partner6.png\" alt=\"\" width=\"175\" height=\"169\" srcset=\"https:\/\/agora.xtec.cat\/iesdesales\/wp-content\/uploads\/usu678\/2025\/08\/partner6.png 314w, https:\/\/agora.xtec.cat\/iesdesales\/wp-content\/uploads\/usu678\/2025\/08\/partner6-300x290.png 300w\" sizes=\"auto, (max-width: 175px) 100vw, 175px\" \/><\/p>\n<p><a href=\"https:\/\/agora.xtec.cat\/iesdesales\/\"><img loading=\"lazy\" decoding=\"async\" class=\"alignnone wp-image-9759\" src=\"https:\/\/agora.xtec.cat\/iesdesales\/wp-content\/uploads\/usu678\/2025\/08\/partner4.png\" alt=\"\" width=\"120\" height=\"119\" srcset=\"https:\/\/agora.xtec.cat\/iesdesales\/wp-content\/uploads\/usu678\/2025\/08\/partner4.png 274w, https:\/\/agora.xtec.cat\/iesdesales\/wp-content\/uploads\/usu678\/2025\/08\/partner4-150x150.png 150w\" sizes=\"auto, (max-width: 120px) 100vw, 120px\" \/><\/a><\/p>\n","protected":false},"excerpt":{"rendered":"<p><a href=\"https:\/\/intrust.info\/\"><\/a><\/p>\n<p>El centre est\u00e0 participant en el projecte Erasmus+ inTruST (increase Trust in Science and Technology:<br \/>\nImproving science education and fostering a culture of trust and integrity in science) des de l&#8217;1 de gener del 2025 fins al 31 de desembre del 2027. \u00c9s un projecte&hellip;  <a href=\"https:\/\/agora.xtec.cat\/iesdesales\/projecte-educatiu\/erasmus-intrust\/\" title=\"Read Erasmus+ inTruST\">Llegeix m\u00e9s\u00bb<\/a><\/p>\n","protected":false},"author":1,"featured_media":0,"parent":57,"menu_order":0,"comment_status":"closed","ping_status":"closed","template":"","meta":{"_bbp_topic_count":0,"_bbp_reply_count":0,"_bbp_total_topic_count":0,"_bbp_total_reply_count":0,"_bbp_voice_count":0,"_bbp_anonymous_reply_count":0,"_bbp_topic_count_hidden":0,"_bbp_reply_count_hidden":0,"_bbp_forum_subforum_count":0,"footnotes":""},"class_list":["post-9755","page","type-page","status-publish","hentry"],"post_mailing_queue_ids":[],"_links":{"self":[{"href":"https:\/\/agora.xtec.cat\/iesdesales\/wp-json\/wp\/v2\/pages\/9755","targetHints":{"allow":["GET"]}}],"collection":[{"href":"https:\/\/agora.xtec.cat\/iesdesales\/wp-json\/wp\/v2\/pages"}],"about":[{"href":"https:\/\/agora.xtec.cat\/iesdesales\/wp-json\/wp\/v2\/types\/page"}],"author":[{"embeddable":true,"href":"https:\/\/agora.xtec.cat\/iesdesales\/wp-json\/wp\/v2\/users\/1"}],"replies":[{"embeddable":true,"href":"https:\/\/agora.xtec.cat\/iesdesales\/wp-json\/wp\/v2\/comments?post=9755"}],"version-history":[{"count":4,"href":"https:\/\/agora.xtec.cat\/iesdesales\/wp-json\/wp\/v2\/pages\/9755\/revisions"}],"predecessor-version":[{"id":9771,"href":"https:\/\/agora.xtec.cat\/iesdesales\/wp-json\/wp\/v2\/pages\/9755\/revisions\/9771"}],"up":[{"embeddable":true,"href":"https:\/\/agora.xtec.cat\/iesdesales\/wp-json\/wp\/v2\/pages\/57"}],"wp:attachment":[{"href":"https:\/\/agora.xtec.cat\/iesdesales\/wp-json\/wp\/v2\/media?parent=9755"}],"curies":[{"name":"wp","href":"https:\/\/api.w.org\/{rel}","templated":true}]}}