{"id":9,"date":"2014-09-12T10:15:01","date_gmt":"2014-09-12T10:15:01","guid":{"rendered":"http:\/\/agora.xtec.cat\/iesdesales\/?page_id=9"},"modified":"2026-04-10T09:25:02","modified_gmt":"2026-04-10T07:25:02","slug":"pagina-dinici-buida","status":"publish","type":"page","link":"https:\/\/agora.xtec.cat\/iesdesales\/","title":{"rendered":"Benvinguts a l&#8217;espai virtual del nostre institut"},"content":{"rendered":"<table style=\"height: 57px; width: 99.9951%; border-collapse: collapse;\">\n<tbody>\n<tr style=\"height: 152px;\">\n<td style=\"width: 12.5884%; height: 57px; text-align: center; vertical-align: middle;\"><strong><img loading=\"lazy\" decoding=\"async\" class=\"wp-image-8092 aligncenter\" src=\"https:\/\/agora.xtec.cat\/iesdesales\/wp-content\/uploads\/usu678\/2023\/10\/clock.png\" alt=\"\" width=\"63\" height=\"63\" srcset=\"https:\/\/agora.xtec.cat\/iesdesales\/wp-content\/uploads\/usu678\/2023\/10\/clock.png 512w, https:\/\/agora.xtec.cat\/iesdesales\/wp-content\/uploads\/usu678\/2023\/10\/clock-300x300.png 300w, https:\/\/agora.xtec.cat\/iesdesales\/wp-content\/uploads\/usu678\/2023\/10\/clock-150x150.png 150w\" sizes=\"auto, (max-width: 63px) 100vw, 63px\" \/><\/strong><\/p>\n<p><strong><a href=\"https:\/\/agora.xtec.cat\/iesdesales\/linstitut\/horaris-serveis\/\">Horari serveis<\/a><\/strong><\/td>\n<td style=\"width: 13.0857%; height: 57px; text-align: center; vertical-align: middle;\"><strong><img loading=\"lazy\" decoding=\"async\" class=\"wp-image-8091 aligncenter\" src=\"https:\/\/agora.xtec.cat\/iesdesales\/wp-content\/uploads\/usu678\/2023\/10\/folder-open.png\" alt=\"\" width=\"55\" height=\"55\" srcset=\"https:\/\/agora.xtec.cat\/iesdesales\/wp-content\/uploads\/usu678\/2023\/10\/folder-open.png 512w, https:\/\/agora.xtec.cat\/iesdesales\/wp-content\/uploads\/usu678\/2023\/10\/folder-open-300x300.png 300w, https:\/\/agora.xtec.cat\/iesdesales\/wp-content\/uploads\/usu678\/2023\/10\/folder-open-150x150.png 150w\" sizes=\"auto, (max-width: 55px) 100vw, 55px\" \/><\/strong><\/p>\n<p><strong><a href=\"https:\/\/agora.xtec.cat\/iesdesales\/secretaria-2\/documents-administratius\/\">Documents administratius<\/a><\/strong><\/td>\n<td style=\"width: 12.7904%; height: 57px; text-align: center; vertical-align: middle;\"><strong><img loading=\"lazy\" decoding=\"async\" class=\"wp-image-8093 aligncenter\" src=\"https:\/\/agora.xtec.cat\/iesdesales\/wp-content\/uploads\/usu678\/2023\/10\/calendar-days.png\" alt=\"\" width=\"55\" height=\"55\" srcset=\"https:\/\/agora.xtec.cat\/iesdesales\/wp-content\/uploads\/usu678\/2023\/10\/calendar-days.png 512w, https:\/\/agora.xtec.cat\/iesdesales\/wp-content\/uploads\/usu678\/2023\/10\/calendar-days-300x300.png 300w, https:\/\/agora.xtec.cat\/iesdesales\/wp-content\/uploads\/usu678\/2023\/10\/calendar-days-150x150.png 150w\" sizes=\"auto, (max-width: 55px) 100vw, 55px\" \/><\/strong><\/p>\n<p><strong><a href=\"https:\/\/agora.xtec.cat\/iesdesales\/linstitut\/calendari-del-curs\/\">Calendari 25-26<\/a><\/strong><\/td>\n<td style=\"width: 12.9171%; height: 57px; text-align: center; vertical-align: middle;\"><strong><img loading=\"lazy\" decoding=\"async\" class=\"wp-image-8090 aligncenter\" src=\"https:\/\/agora.xtec.cat\/iesdesales\/wp-content\/uploads\/usu678\/2023\/10\/book-copy.png\" alt=\"\" width=\"57\" height=\"57\" srcset=\"https:\/\/agora.xtec.cat\/iesdesales\/wp-content\/uploads\/usu678\/2023\/10\/book-copy.png 512w, https:\/\/agora.xtec.cat\/iesdesales\/wp-content\/uploads\/usu678\/2023\/10\/book-copy-300x300.png 300w, https:\/\/agora.xtec.cat\/iesdesales\/wp-content\/uploads\/usu678\/2023\/10\/book-copy-150x150.png 150w\" sizes=\"auto, (max-width: 57px) 100vw, 57px\" \/><\/strong><\/p>\n<p><strong><a href=\"https:\/\/agora.xtec.cat\/iesdesales\/linstitut\/llibres-de-text\/\">Llibres 25-26<\/a><\/strong><\/td>\n<td style=\"width: 13.028%; height: 57px; text-align: center; vertical-align: middle;\"><strong><img loading=\"lazy\" decoding=\"async\" class=\"wp-image-8094 aligncenter\" src=\"https:\/\/agora.xtec.cat\/iesdesales\/wp-content\/uploads\/usu678\/2023\/10\/users-alt.png\" alt=\"\" width=\"57\" height=\"57\" srcset=\"https:\/\/agora.xtec.cat\/iesdesales\/wp-content\/uploads\/usu678\/2023\/10\/users-alt.png 512w, https:\/\/agora.xtec.cat\/iesdesales\/wp-content\/uploads\/usu678\/2023\/10\/users-alt-300x300.png 300w, https:\/\/agora.xtec.cat\/iesdesales\/wp-content\/uploads\/usu678\/2023\/10\/users-alt-150x150.png 150w\" sizes=\"auto, (max-width: 57px) 100vw, 57px\" \/><\/strong><\/p>\n<p><strong><a href=\"https:\/\/agora.xtec.cat\/iesdesales\/linstitut\/estudis\/\">Informaci\u00f3 grups 25-26<\/a><\/strong><\/td>\n<\/tr>\n<\/tbody>\n<\/table>\n<table style=\"border-collapse: collapse; width: 100%; height: 123px;\">\n<tbody>\n<tr style=\"height: 123px;\">\n<td style=\"width: 19.4162%; text-align: center; height: 123px;\"><img loading=\"lazy\" decoding=\"async\" class=\"alignnone wp-image-8970\" src=\"https:\/\/agora.xtec.cat\/iesdesales\/wp-content\/uploads\/usu678\/2024\/11\/blackmobilephonesymbol_87847.png\" alt=\"\" width=\"55\" height=\"55\" srcset=\"https:\/\/agora.xtec.cat\/iesdesales\/wp-content\/uploads\/usu678\/2024\/11\/blackmobilephonesymbol_87847.png 512w, https:\/\/agora.xtec.cat\/iesdesales\/wp-content\/uploads\/usu678\/2024\/11\/blackmobilephonesymbol_87847-300x300.png 300w, https:\/\/agora.xtec.cat\/iesdesales\/wp-content\/uploads\/usu678\/2024\/11\/blackmobilephonesymbol_87847-150x150.png 150w\" sizes=\"auto, (max-width: 55px) 100vw, 55px\" \/><\/p>\n<p><strong><a href=\"https:\/\/agora.xtec.cat\/iesdesales\/manuals-dieduca-per-a-families\/\">Manuals iEduca fam\u00edlies<\/a><\/strong><\/td>\n<td style=\"width: 20.3374%;\"><strong><img loading=\"lazy\" decoding=\"async\" class=\"wp-image-8095 aligncenter\" src=\"https:\/\/agora.xtec.cat\/iesdesales\/wp-content\/uploads\/usu678\/2023\/10\/umbrella-beach.png\" alt=\"\" width=\"53\" height=\"53\" srcset=\"https:\/\/agora.xtec.cat\/iesdesales\/wp-content\/uploads\/usu678\/2023\/10\/umbrella-beach.png 512w, https:\/\/agora.xtec.cat\/iesdesales\/wp-content\/uploads\/usu678\/2023\/10\/umbrella-beach-300x300.png 300w, https:\/\/agora.xtec.cat\/iesdesales\/wp-content\/uploads\/usu678\/2023\/10\/umbrella-beach-150x150.png 150w\" sizes=\"auto, (max-width: 53px) 100vw, 53px\" \/><\/strong><\/p>\n<p style=\"text-align: center;\"><strong><a href=\"https:\/\/agora.xtec.cat\/iesdesales\/departaments-didactics\/treballs-destiu\/\">Deures estiu 2025<\/a><\/strong><\/p>\n<\/td>\n<td style=\"width: 19.9238%; text-align: center; height: 123px;\"><img loading=\"lazy\" decoding=\"async\" class=\"alignnone wp-image-9026\" src=\"https:\/\/agora.xtec.cat\/iesdesales\/wp-content\/uploads\/usu678\/2024\/11\/certificat.jpg\" alt=\"\" width=\"57\" height=\"64\" srcset=\"https:\/\/agora.xtec.cat\/iesdesales\/wp-content\/uploads\/usu678\/2024\/11\/certificat.jpg 294w, https:\/\/agora.xtec.cat\/iesdesales\/wp-content\/uploads\/usu678\/2024\/11\/certificat-267x300.jpg 267w\" sizes=\"auto, (max-width: 57px) 100vw, 57px\" \/><\/p>\n<p><a href=\"https:\/\/agora.xtec.cat\/iesdesales\/linstitut\/estudis\/cicles-formatius\/cures-auxiliars-dinfermeria\/proves-per-a-lobtencio-del-titol-de-cai\/\"><strong>POT CAI (Proves Obtenci\u00f3 T\u00edtol)<\/strong><\/a><\/td>\n<td style=\"width: 20.0889%; text-align: center; height: 123px;\"><img loading=\"lazy\" decoding=\"async\" class=\"alignnone wp-image-9065\" src=\"https:\/\/agora.xtec.cat\/iesdesales\/wp-content\/uploads\/usu678\/2024\/11\/world_655860.png\" alt=\"\" width=\"64\" height=\"64\" srcset=\"https:\/\/agora.xtec.cat\/iesdesales\/wp-content\/uploads\/usu678\/2024\/11\/world_655860.png 512w, https:\/\/agora.xtec.cat\/iesdesales\/wp-content\/uploads\/usu678\/2024\/11\/world_655860-300x300.png 300w, https:\/\/agora.xtec.cat\/iesdesales\/wp-content\/uploads\/usu678\/2024\/11\/world_655860-150x150.png 150w\" sizes=\"auto, (max-width: 64px) 100vw, 64px\" \/><\/p>\n<p><strong><a href=\"https:\/\/agora.xtec.cat\/iesdesales\/linstitut\/estudis\/cicles-formatius\/beques-erasmus-per-a-fp\/\">Beques Erasmus FP 25-26<\/a><\/strong><\/td>\n<td style=\"width: 20.2338%; text-align: center;\"><a href=\"https:\/\/agora.xtec.cat\/iesdesales\/wp-content\/uploads\/usu678\/2025\/03\/Porta_Oberta.png\"><img loading=\"lazy\" decoding=\"async\" class=\"wp-image-9304 alignnone\" src=\"https:\/\/agora.xtec.cat\/iesdesales\/wp-content\/uploads\/usu678\/2025\/03\/Porta_Oberta.png\" alt=\"\" width=\"46\" height=\"69\" srcset=\"https:\/\/agora.xtec.cat\/iesdesales\/wp-content\/uploads\/usu678\/2025\/03\/Porta_Oberta.png 220w, https:\/\/agora.xtec.cat\/iesdesales\/wp-content\/uploads\/usu678\/2025\/03\/Porta_Oberta-200x300.png 200w\" sizes=\"auto, (max-width: 46px) 100vw, 46px\" \/><\/a><\/p>\n<p><strong><a href=\"https:\/\/agora.xtec.cat\/iesdesales\/presentacions-portes-obertes\/\">Portes Obertes<\/a><\/strong><\/td>\n<\/tr>\n<\/tbody>\n<\/table>\n<div>\n<hr \/>\n<p style=\"text-align: center;\"><strong><em>PREINSCRIPCI\u00d3 I MATR\u00cdCULA CICLES FORMATIUS<\/em><\/strong><\/p>\n<ul>\n<li><strong><a href=\"https:\/\/preinscripcio.gencat.cat\/ca\/inici\" data-saferedirecturl=\"https:\/\/www.google.com\/url?q=https:\/\/preinscripcio.gencat.cat\/ca\/inici&amp;source=gmail&amp;ust=1748173580105000&amp;usg=AOvVaw1vI8my-xqqM785r37hAZm6\">INFORMACI\u00d3 INSCRIPCI\u00d3 DEPARTAMENT EDUCACI\u00d3<\/a><\/strong><\/li>\n<li><strong><a href=\"https:\/\/preinscripcio.gencat.cat\/ca\/estudis\/fp-grau-superior\/informat\/calendari\/\" data-saferedirecturl=\"https:\/\/www.google.com\/url?q=https:\/\/preinscripcio.gencat.cat\/ca\/estudis\/fp-grau-superior\/informat\/calendari\/&amp;source=gmail&amp;ust=1748173580105000&amp;usg=AOvVaw0061ED8OlY2X69cqlbsc0v\">CALENDARI I TERMINIS<\/a><\/strong><\/li>\n<li><strong><a href=\"https:\/\/preinscripcio.gencat.cat\/ca\/estudis\/fp-grau-mitja\/informat\/consulta-notes-tall\/\" data-saferedirecturl=\"https:\/\/www.google.com\/url?q=https:\/\/preinscripcio.gencat.cat\/ca\/estudis\/fp-grau-mitja\/informat\/consulta-notes-tall\/&amp;source=gmail&amp;ust=1748173580105000&amp;usg=AOvVaw0j3lA8S0aslORXjg07yxj9\">CONSULTA NOTES DE TALL CICLES FORMATIUS<\/a><\/strong><\/li>\n<\/ul>\n<hr \/>\n<p style=\"text-align: center;\"><strong>COMPLECI\u00d3 DELS ENSENYAMENTS PROFESSIONALITZADORS<\/strong><\/p>\n<p>L\u2019exalumnat dels cicles formatius <strong>DAS<\/strong>, <strong>HBD<\/strong> i <strong>FAR<\/strong> que tingui pendent la superaci\u00f3 de <strong>m\u00f2duls professionals<\/strong> i\/o <strong>unitats formatives (UF)<\/strong> pot acollir-se al procediment de <strong>compleci\u00f3 dels ensenyaments professionalitzadors<\/strong>.<\/p>\n<p><strong>Qui s\u2019hi pot presentar<\/strong><br \/>\nNom\u00e9s s\u2019hi pot presentar <strong>exalumnat del centre<\/strong> que tingui m\u00f2duls professionals o unitats formatives pendents d\u2019avaluaci\u00f3 o de superar.<\/p>\n<p><strong>Com inscriure\u2019s a les proves<\/strong><br \/>\nLa inscripci\u00f3 s\u2019ha de fer mitjan\u00e7ant una <strong>sol\u00b7licitud gen\u00e8rica<\/strong> presentada a la <strong>secretaria del centre<\/strong>, indicant:<\/p>\n<ul>\n<li><strong>Cicle formatiu<\/strong><\/li>\n<li><strong>M\u00f2dul professional<\/strong> al qual es presenta<\/li>\n<li><strong>Unitats formatives (UF)<\/strong> corresponents<\/li>\n<\/ul>\n<p><strong>Calendari de preinscripci\u00f3 i proves<\/strong><\/p>\n<ul>\n<li><strong>Del 1 al 15 d\u2019octubre<\/strong>: preinscripci\u00f3 per realitzar les proves durant el <strong>mes de novembre<\/strong><\/li>\n<li><strong>Del 1 al 15 de mar\u00e7<\/strong>: preinscripci\u00f3 per realitzar les proves durant el <strong>mes d\u2019abril<\/strong><\/li>\n<\/ul>\n<p><strong>Calendari i horari de les proves (2a convocat\u00f2ria &#8211; abril)<\/strong><\/p>\n<\/div>\n<p>Consulteu <a href=\"https:\/\/agora.xtec.cat\/iesdesales\/wp-content\/uploads\/usu678\/2026\/04\/horari-2a-conv.pdf\">aqu\u00ed <\/a>el calendari segons el cicle i el m\u00f2dul.<\/p>\n<p>(<strong>Atenci\u00f3:<\/strong> canvi de data del m\u00f2dul M4 de Farm\u00e0cia)<\/p>\n<div>\n<p><strong>Convocat\u00f2ries<\/strong><br \/>\nL\u2019exalumnat t\u00e9 dret a un m\u00e0xim de <strong>4 convocat\u00f2ries<\/strong>, que nom\u00e9s es poden realitzar <strong>dins dels dos anys posteriors a l\u2019extinci\u00f3 de l\u2019ensenyament<\/strong>.<\/p>\n<p><strong>M\u00e9s informaci\u00f3<\/strong><br \/>\nPer a qualsevol dubte, podeu adre\u00e7ar-vos a la secretaria del centre o escriure un correu a <strong><a rel=\"noopener\">a8034621@xtec.cat<\/a><span class=\"gmail_default\">.<\/span><\/strong><\/p>\n<\/div>\n<hr \/>\n<div>\n<div style=\"width: 100%;\">\n<div style=\"position: relative; padding-bottom: 56.25%; padding-top: 0; height: 0;\"><iframe loading=\"lazy\" style=\"position: absolute; top: 0; left: 0; width: 100%; height: 100%;\" title=\"Genially_copy - WEB - Infografia PFI 25-26\" src=\"https:\/\/view.genially.com\/67dd8efa8d1ca3ce3412b148\" width=\"1200px\" height=\"675px\" frameborder=\"0\" scrolling=\"yes\" allowfullscreen=\"allowfullscreen\"><\/iframe><\/div>\n<\/div>\n<hr \/>\n<div style=\"width: 100%;\">\n<div style=\"position: relative; padding-bottom: 56.25%; padding-top: 0; height: 0;\"><iframe loading=\"lazy\" style=\"position: absolute; top: 0; left: 0; width: 100%; height: 100%;\" title=\"Genially_copy - PORTES OBERTES- WEB_26-27 -Portes obertes Ci\" src=\"https:\/\/view.genially.com\/69bd285076482ab6048e8957\" width=\"1200px\" height=\"675px\" frameborder=\"0\" scrolling=\"yes\" allowfullscreen=\"allowfullscreen\"><\/iframe><\/div>\n<\/div>\n<\/div>\n","protected":false},"excerpt":{"rendered":"<p><a href=\"https:\/\/agora.xtec.cat\/iesdesales\/linstitut\/horaris-serveis\/\">Horari serveis<\/a><\/p>\n<p><a href=\"https:\/\/agora.xtec.cat\/iesdesales\/secretaria-2\/documents-administratius\/\">Documents administratius<\/a><\/p>\n<p><a href=\"https:\/\/agora.xtec.cat\/iesdesales\/linstitut\/calendari-del-curs\/\">Calendari 25-26<\/a><\/p>\n<p><a href=\"https:\/\/agora.xtec.cat\/iesdesales\/linstitut\/llibres-de-text\/\">Llibres 25-26<\/a><\/p>\n<p><a href=\"https:\/\/agora.xtec.cat\/iesdesales\/linstitut\/estudis\/\">Informaci\u00f3 grups 25-26<\/a><\/p>\n<p><a href=\"https:\/\/agora.xtec.cat\/iesdesales\/manuals-dieduca-per-a-families\/\">Manuals iEduca fam\u00edlies<\/a><\/p>\n<p><a href=\"https:\/\/agora.xtec.cat\/iesdesales\/departaments-didactics\/treballs-destiu\/\">Deures estiu 2025<\/a><\/p>\n<p><a href=\"https:\/\/agora.xtec.cat\/iesdesales\/linstitut\/estudis\/cicles-formatius\/cures-auxiliars-dinfermeria\/proves-per-a-lobtencio-del-titol-de-cai\/\">POT CAI (Proves Obtenci\u00f3 T\u00edtol)<\/a><\/p>\n<p><a href=\"https:\/\/agora.xtec.cat\/iesdesales\/linstitut\/estudis\/cicles-formatius\/beques-erasmus-per-a-fp\/\">Beques Erasmus FP 25-26<\/a><br \/>\n<a href=\"https:\/\/agora.xtec.cat\/iesdesales\/wp-content\/uploads\/usu678\/2025\/03\/Porta_Oberta.png\"><\/a><br \/>\n<a href=\"https:\/\/agora.xtec.cat\/iesdesales\/presentacions-portes-obertes\/\">Portes Obertes<\/a><\/p>\n<p>PREINSCRIPCI\u00d3 I MATR\u00cdCULA CICLES FORMATIUS<\/p>\n<ul>\n<li><a href=\"https:\/\/preinscripcio.gencat.cat\/ca\/inici\" data-saferedirecturl=\"https:\/\/www.google.com\/url?q=https:\/\/preinscripcio.gencat.cat\/ca\/inici&amp;source=gmail&amp;ust=1748173580105000&amp;usg=AOvVaw1vI8my-xqqM785r37hAZm6\">INFORMACI\u00d3 INSCRIPCI\u00d3 DEPARTAMENT EDUCACI\u00d3<\/a><\/li>\n<li><a href=\"https:\/\/preinscripcio.gencat.cat\/ca\/estudis\/fp-grau-superior\/informat\/calendari\/\" data-saferedirecturl=\"https:\/\/www.google.com\/url?q=https:\/\/preinscripcio.gencat.cat\/ca\/estudis\/fp-grau-superior\/informat\/calendari\/&amp;source=gmail&amp;ust=1748173580105000&amp;usg=AOvVaw0061ED8OlY2X69cqlbsc0v\">CALENDARI I TERMINIS<\/a><\/li>\n<li><a href=\"https:\/\/preinscripcio.gencat.cat\/ca\/estudis\/fp-grau-mitja\/informat\/consulta-notes-tall\/\" data-saferedirecturl=\"https:\/\/www.google.com\/url?q=https:\/\/preinscripcio.gencat.cat\/ca\/estudis\/fp-grau-mitja\/informat\/consulta-notes-tall\/&amp;source=gmail&amp;ust=1748173580105000&amp;usg=AOvVaw0j3lA8S0aslORXjg07yxj9\">CONSULTA&hellip;  <a href=\"https:\/\/agora.xtec.cat\/iesdesales\/\" title=\"Read Benvinguts a l&#8217;espai virtual del nostre institut\">Llegeix m\u00e9s\u00bb<\/a><br \/>\n","protected":false},"author":1,"featured_media":0,"parent":0,"menu_order":0,"comment_status":"closed","ping_status":"closed","template":"page-templates\/front-page.php","meta":{"_bbp_topic_count":0,"_bbp_reply_count":0,"_bbp_total_topic_count":0,"_bbp_total_reply_count":0,"_bbp_voice_count":0,"_bbp_anonymous_reply_count":0,"_bbp_topic_count_hidden":0,"_bbp_reply_count_hidden":0,"_bbp_forum_subforum_count":0,"footnotes":""},"class_list":["post-9","page","type-page","status-publish","hentry"],"post_mailing_queue_ids":[],"_links":{"self":[{"href":"https:\/\/agora.xtec.cat\/iesdesales\/wp-json\/wp\/v2\/pages\/9","targetHints":{"allow":["GET"]}}],"collection":[{"href":"https:\/\/agora.xtec.cat\/iesdesales\/wp-json\/wp\/v2\/pages"}],"about":[{"href":"https:\/\/agora.xtec.cat\/iesdesales\/wp-json\/wp\/v2\/types\/page"}],"author":[{"embeddable":true,"href":"https:\/\/agora.xtec.cat\/iesdesales\/wp-json\/wp\/v2\/users\/1"}],"replies":[{"embeddable":true,"href":"https:\/\/agora.xtec.cat\/iesdesales\/wp-json\/wp\/v2\/comments?post=9"}],"version-history":[{"count":8,"href":"https:\/\/agora.xtec.cat\/iesdesales\/wp-json\/wp\/v2\/pages\/9\/revisions"}],"predecessor-version":[{"id":10256,"href":"https:\/\/agora.xtec.cat\/iesdesales\/wp-json\/wp\/v2\/pages\/9\/revisions\/10256"}],"wp:attachment":[{"href":"https:\/\/agora.xtec.cat\/iesdesales\/wp-json\/wp\/v2\/media?parent=9"}],"curies":[{"name":"wp","href":"https:\/\/api.w.org\/{rel}","templated":true}]}}