{"id":8971,"date":"2024-11-06T14:25:18","date_gmt":"2024-11-06T13:25:18","guid":{"rendered":"https:\/\/agora.xtec.cat\/iesdesales\/?page_id=8971"},"modified":"2024-11-06T16:45:58","modified_gmt":"2024-11-06T15:45:58","slug":"manuals-dieduca-per-a-families","status":"publish","type":"page","link":"https:\/\/agora.xtec.cat\/iesdesales\/manuals-dieduca-per-a-families\/","title":{"rendered":"Manuals d&#8217;iEduca per a fam\u00edlies"},"content":{"rendered":"<p>Aqu\u00ed podeu accedir a manuals de funcionament d&#8217;iEduca:<\/p>\n<ul>\n<li><strong><a href=\"https:\/\/agora.xtec.cat\/iesdesales\/wp-content\/uploads\/usu678\/2024\/11\/Guia-iEduca-per-les-families.pdf\">Guia iEduca<\/a>:<\/strong> informaci\u00f3 sobre acc\u00e9s i funcionalitats de l&#8217;espai iEduca.<\/li>\n<\/ul>\n<p><a href=\"https:\/\/agora.xtec.cat\/iesdesales\/wp-content\/uploads\/usu678\/2024\/11\/Guia-iEduca-per-les-families.pdf\"><img loading=\"lazy\" decoding=\"async\" class=\"size-full wp-image-8977 aligncenter\" src=\"https:\/\/agora.xtec.cat\/iesdesales\/wp-content\/uploads\/usu678\/2024\/11\/GuiaiEducaFamilies.jpg\" alt=\"\" width=\"554\" height=\"263\" srcset=\"https:\/\/agora.xtec.cat\/iesdesales\/wp-content\/uploads\/usu678\/2024\/11\/GuiaiEducaFamilies.jpg 554w, https:\/\/agora.xtec.cat\/iesdesales\/wp-content\/uploads\/usu678\/2024\/11\/GuiaiEducaFamilies-300x142.jpg 300w\" sizes=\"auto, (max-width: 554px) 100vw, 554px\" \/><\/a><\/p>\n<ul>\n<li><a href=\"https:\/\/www.youtube.com\/watch?v=J1A1eLSb450\"><strong>Instruccions d&#8217;instal\u00b7lacci\u00f3 de TookApp<\/strong><\/a>: v\u00eddeo explicatiu sobre la instal\u00b7laci\u00f3 a dispositius m\u00f2bils de l&#8217;aplicaci\u00f3 d&#8217;iEduca, anomenada TookApp.<\/li>\n<\/ul>\n<p style=\"text-align: center;\"><iframe loading=\"lazy\" title=\"YouTube video player\" src=\"https:\/\/www.youtube.com\/embed\/J1A1eLSb450?si=BFzQOmwEqcKqzmtX\" width=\"560\" height=\"315\" frameborder=\"0\" allowfullscreen=\"allowfullscreen\"><\/iframe><\/p>\n","protected":false},"excerpt":{"rendered":"<p>Aqu\u00ed podeu accedir a manuals de funcionament d&#8217;iEduca:<\/p>\n<ul>\n<li><a href=\"https:\/\/agora.xtec.cat\/iesdesales\/wp-content\/uploads\/usu678\/2024\/11\/Guia-iEduca-per-les-families.pdf\">Guia iEduca<\/a>: informaci\u00f3 sobre acc\u00e9s i funcionalitats de l&#8217;espai iEduca.<\/li>\n<\/ul>\n<p><a href=\"https:\/\/agora.xtec.cat\/iesdesales\/wp-content\/uploads\/usu678\/2024\/11\/Guia-iEduca-per-les-families.pdf\"><\/a><\/p>\n<ul>\n<li><a href=\"https:\/\/www.youtube.com\/watch?v=J1A1eLSb450\">Instruccions d&#8217;instal\u00b7lacci\u00f3 de TookApp<\/a>: v\u00eddeo explicatiu sobre la instal\u00b7laci\u00f3 a dispositius m\u00f2bils de l&#8217;aplicaci\u00f3 d&#8217;iEduca, anomenada TookApp.<\/li>\n<\/ul>\n","protected":false},"author":1,"featured_media":0,"parent":0,"menu_order":0,"comment_status":"closed","ping_status":"closed","template":"","meta":{"_bbp_topic_count":0,"_bbp_reply_count":0,"_bbp_total_topic_count":0,"_bbp_total_reply_count":0,"_bbp_voice_count":0,"_bbp_anonymous_reply_count":0,"_bbp_topic_count_hidden":0,"_bbp_reply_count_hidden":0,"_bbp_forum_subforum_count":0,"footnotes":""},"class_list":["post-8971","page","type-page","status-publish","hentry"],"post_mailing_queue_ids":[],"_links":{"self":[{"href":"https:\/\/agora.xtec.cat\/iesdesales\/wp-json\/wp\/v2\/pages\/8971","targetHints":{"allow":["GET"]}}],"collection":[{"href":"https:\/\/agora.xtec.cat\/iesdesales\/wp-json\/wp\/v2\/pages"}],"about":[{"href":"https:\/\/agora.xtec.cat\/iesdesales\/wp-json\/wp\/v2\/types\/page"}],"author":[{"embeddable":true,"href":"https:\/\/agora.xtec.cat\/iesdesales\/wp-json\/wp\/v2\/users\/1"}],"replies":[{"embeddable":true,"href":"https:\/\/agora.xtec.cat\/iesdesales\/wp-json\/wp\/v2\/comments?post=8971"}],"version-history":[{"count":4,"href":"https:\/\/agora.xtec.cat\/iesdesales\/wp-json\/wp\/v2\/pages\/8971\/revisions"}],"predecessor-version":[{"id":8979,"href":"https:\/\/agora.xtec.cat\/iesdesales\/wp-json\/wp\/v2\/pages\/8971\/revisions\/8979"}],"wp:attachment":[{"href":"https:\/\/agora.xtec.cat\/iesdesales\/wp-json\/wp\/v2\/media?parent=8971"}],"curies":[{"name":"wp","href":"https:\/\/api.w.org\/{rel}","templated":true}]}}