{"id":8153,"date":"2023-10-10T17:23:06","date_gmt":"2023-10-10T15:23:06","guid":{"rendered":"https:\/\/agora.xtec.cat\/iesdesales\/?page_id=8153"},"modified":"2023-10-10T18:09:20","modified_gmt":"2023-10-10T16:09:20","slug":"batxillerat","status":"publish","type":"page","link":"https:\/\/agora.xtec.cat\/iesdesales\/linstitut\/estudis\/batxillerat\/","title":{"rendered":"Batxillerat"},"content":{"rendered":"<p>El batxillerat \u00e9s l&#8217;etapa que es cursa normalment entre els 16 i els 18 anys, tot i que \u00e9s oberta a persones de qualsevol edat, ja sigui de forma presencial o a dist\u00e0ncia. En el nostre centre el batxillerat nom\u00e9s es pot cursar de manera presencial.<\/p>\n<p>\u00c9s un cicle format per dos cursos de trenta hores lectives setmanals. El batxillerat prepara els alumnes per a la seva incorporaci\u00f3 a estudis posteriors, tant professionals com universitaris, i per a l&#8217;acc\u00e9s al m\u00f3n laboral.<\/p>\n<p>Tot i que existeixen m\u00e9s, en l\u2019Institut de Sales nom\u00e9s es pot escollir entre dues modalitats de batxillerat:<\/p>\n<ul>\n<li>Ci\u00e8ncies i tecnologia<\/li>\n<li>Humanitats i ci\u00e8ncies socials<\/li>\n<\/ul>\n<p>Els dos cursos s&#8217;organitzen en:<\/p>\n<ul>\n<li>Mat\u00e8ries comunes:<img loading=\"lazy\" decoding=\"async\" class=\"alignnone size-full wp-image-8156\" src=\"https:\/\/agora.xtec.cat\/iesdesales\/wp-content\/uploads\/usu678\/2023\/10\/materies_comunes.png\" alt=\"\" width=\"913\" height=\"264\" srcset=\"https:\/\/agora.xtec.cat\/iesdesales\/wp-content\/uploads\/usu678\/2023\/10\/materies_comunes.png 913w, https:\/\/agora.xtec.cat\/iesdesales\/wp-content\/uploads\/usu678\/2023\/10\/materies_comunes-300x87.png 300w, https:\/\/agora.xtec.cat\/iesdesales\/wp-content\/uploads\/usu678\/2023\/10\/materies_comunes-768x222.png 768w\" sizes=\"auto, (max-width: 913px) 100vw, 913px\" \/><\/li>\n<li>Mat\u00e8ria comuna d\u2019opci\u00f3 (obligat\u00f2ria segons la modalitat): matem\u00e0tiques, matem\u00e0tiques aplicades a les ci\u00e8ncies socials i llengua i cultura llatines.<\/li>\n<li>Mat\u00e8ries de modalitat (dues com a m\u00ednim).<\/li>\n<li>Mat\u00e8ries optatives.<\/li>\n<\/ul>\n<p>A m\u00e9s, en cada curs, l&#8217;alumnat t\u00e9 assignada una hora setmanal de tutoria.<\/p>\n<p>Per motius organitzatius del centre, les mat\u00e8ries de modalitat i optatives s\u2019han agrupat en 5 itineraris diferents que podeu trobar especificats en les graelles seg\u00fcents:<\/p>\n<p><img loading=\"lazy\" decoding=\"async\" class=\"alignnone size-large wp-image-8158\" src=\"https:\/\/agora.xtec.cat\/iesdesales\/wp-content\/uploads\/usu678\/2023\/10\/1BAT_itineraris-1024x522.jpg\" alt=\"\" width=\"1024\" height=\"522\" srcset=\"https:\/\/agora.xtec.cat\/iesdesales\/wp-content\/uploads\/usu678\/2023\/10\/1BAT_itineraris-1024x522.jpg 1024w, https:\/\/agora.xtec.cat\/iesdesales\/wp-content\/uploads\/usu678\/2023\/10\/1BAT_itineraris-300x153.jpg 300w, https:\/\/agora.xtec.cat\/iesdesales\/wp-content\/uploads\/usu678\/2023\/10\/1BAT_itineraris-768x391.jpg 768w, https:\/\/agora.xtec.cat\/iesdesales\/wp-content\/uploads\/usu678\/2023\/10\/1BAT_itineraris.jpg 1048w\" sizes=\"auto, (max-width: 1024px) 100vw, 1024px\" \/><\/p>\n<p><img loading=\"lazy\" decoding=\"async\" class=\"alignnone size-large wp-image-8159\" src=\"https:\/\/agora.xtec.cat\/iesdesales\/wp-content\/uploads\/usu678\/2023\/10\/2BAT_itineraris-1024x354.jpg\" alt=\"\" width=\"1024\" height=\"354\" srcset=\"https:\/\/agora.xtec.cat\/iesdesales\/wp-content\/uploads\/usu678\/2023\/10\/2BAT_itineraris-1024x354.jpg 1024w, https:\/\/agora.xtec.cat\/iesdesales\/wp-content\/uploads\/usu678\/2023\/10\/2BAT_itineraris-300x104.jpg 300w, https:\/\/agora.xtec.cat\/iesdesales\/wp-content\/uploads\/usu678\/2023\/10\/2BAT_itineraris-768x265.jpg 768w, https:\/\/agora.xtec.cat\/iesdesales\/wp-content\/uploads\/usu678\/2023\/10\/2BAT_itineraris.jpg 1187w\" sizes=\"auto, (max-width: 1024px) 100vw, 1024px\" \/><\/p>\n<p>Si voleu ampliar la informaci\u00f3 sobre les mat\u00e8ries optatives de 1r curs podeu consultar el seg\u00fcent document: <a href=\"https:\/\/drive.google.com\/file\/d\/1x5QO17MKcQXP5-5MQh178_AJPwnrafkE\/view\">Mat\u00e8ries optatives de 1r bat<\/a><\/p>\n<p>A segon curs l\u2019alumnat ha de presentar <a href=\"https:\/\/agora.xtec.cat\/iesdesales\/linstitut\/estudis\/treball-de-recerca-del-batxillerat\/\">un treball de recerca<\/a> que ha comen\u00e7at a elaborar l\u2019\u00faltim trimestre de 1r.<\/p>\n<p>Podeu tamb\u00e9 consultar la <a href=\"https:\/\/agora.xtec.cat\/iesdesales\/wp-content\/uploads\/usu678\/2023\/10\/RC-EA.162-GUIA-DE-LALUMNAT_BATXILLERAT_23-24-definitiva-color.pdf\">Guia de batxillerat (2023-24)<\/a>.<\/p>\n<p>A continuaci\u00f3 podeu trobar informaci\u00f3 relativa a l\u2019acc\u00e9s als graus universitaris:<\/p>\n<p><a href=\"https:\/\/universitats.gencat.cat\/ca\/estudis-universitaris\/\">Estudis universitaris<\/a><\/p>\n<p><a href=\"https:\/\/universitats.gencat.cat\/ca\/proves-acces-PAU-PAP\/\">Proves acc\u00e9s universitat PAU i PAP<\/a><\/p>\n<p><a href=\"https:\/\/universitats.gencat.cat\/ca\/preinscripcions\/sobre-preinscripcio\/ponderacions\/\">Ponderacions<\/a><\/p>\n<p>&nbsp;<\/p>\n","protected":false},"excerpt":{"rendered":"<p>El batxillerat \u00e9s l&#8217;etapa que es cursa normalment entre els 16 i els 18 anys, tot i que \u00e9s oberta a persones de qualsevol edat, ja sigui de forma presencial o a dist\u00e0ncia. En el nostre centre el batxillerat nom\u00e9s es pot cursar de manera&hellip;  <a href=\"https:\/\/agora.xtec.cat\/iesdesales\/linstitut\/estudis\/batxillerat\/\" title=\"Read Batxillerat\">Llegeix m\u00e9s\u00bb<\/a><\/p>\n","protected":false},"author":1,"featured_media":0,"parent":195,"menu_order":0,"comment_status":"closed","ping_status":"closed","template":"","meta":{"_bbp_topic_count":0,"_bbp_reply_count":0,"_bbp_total_topic_count":0,"_bbp_total_reply_count":0,"_bbp_voice_count":0,"_bbp_anonymous_reply_count":0,"_bbp_topic_count_hidden":0,"_bbp_reply_count_hidden":0,"_bbp_forum_subforum_count":0,"footnotes":""},"class_list":["post-8153","page","type-page","status-publish","hentry"],"post_mailing_queue_ids":[],"_links":{"self":[{"href":"https:\/\/agora.xtec.cat\/iesdesales\/wp-json\/wp\/v2\/pages\/8153","targetHints":{"allow":["GET"]}}],"collection":[{"href":"https:\/\/agora.xtec.cat\/iesdesales\/wp-json\/wp\/v2\/pages"}],"about":[{"href":"https:\/\/agora.xtec.cat\/iesdesales\/wp-json\/wp\/v2\/types\/page"}],"author":[{"embeddable":true,"href":"https:\/\/agora.xtec.cat\/iesdesales\/wp-json\/wp\/v2\/users\/1"}],"replies":[{"embeddable":true,"href":"https:\/\/agora.xtec.cat\/iesdesales\/wp-json\/wp\/v2\/comments?post=8153"}],"version-history":[{"count":3,"href":"https:\/\/agora.xtec.cat\/iesdesales\/wp-json\/wp\/v2\/pages\/8153\/revisions"}],"predecessor-version":[{"id":8161,"href":"https:\/\/agora.xtec.cat\/iesdesales\/wp-json\/wp\/v2\/pages\/8153\/revisions\/8161"}],"up":[{"embeddable":true,"href":"https:\/\/agora.xtec.cat\/iesdesales\/wp-json\/wp\/v2\/pages\/195"}],"wp:attachment":[{"href":"https:\/\/agora.xtec.cat\/iesdesales\/wp-json\/wp\/v2\/media?parent=8153"}],"curies":[{"name":"wp","href":"https:\/\/api.w.org\/{rel}","templated":true}]}}