{"id":7812,"date":"2023-07-24T10:35:42","date_gmt":"2023-07-24T08:35:42","guid":{"rendered":"https:\/\/agora.xtec.cat\/iesdesales\/?page_id=7812"},"modified":"2025-09-12T15:58:54","modified_gmt":"2025-09-12T13:58:54","slug":"documents-administratius","status":"publish","type":"page","link":"https:\/\/agora.xtec.cat\/iesdesales\/secretaria-2\/documents-administratius\/","title":{"rendered":"Documents administratius"},"content":{"rendered":"<table style=\"border-collapse: collapse; width: 71.7912%; height: 931px;\">\n<tbody>\n<tr style=\"height: 32px;\">\n<td style=\"width: 50%; height: 32px; text-align: center; background-color: #f79b11;\">DOCUMENTS QUE ES SIGNEN EN EL MOMENT DE LA MATR\u00cdCULA<\/td>\n<td style=\"width: 21.7912%; text-align: center; height: 32px; background-color: #f79b11;\">ESTUDIS<\/td>\n<\/tr>\n<tr style=\"height: 32px;\">\n<td style=\"width: 50%; height: 32px;\"><a href=\"https:\/\/agora.xtec.cat\/iesdesales\/wp-content\/uploads\/usu678\/2023\/07\/RC-EA.51_Carta-de-compromis_ESO_BAT.docx.pdf\">RC-EA.51_Carta de comprom\u00eds_ESO_BAT.docx<\/a><\/td>\n<td style=\"width: 21.7912%; text-align: center; height: 32px;\">ESO-Batxillerat<\/td>\n<\/tr>\n<tr style=\"height: 32px;\">\n<td style=\"width: 50%; height: 32px;\"><a href=\"https:\/\/agora.xtec.cat\/iesdesales\/wp-content\/uploads\/usu678\/2023\/07\/RE03.09_Autoritzacio_Drets-imatge.docx.pdf\">RE03.09_Autoritzacio_Drets imatge.docx<\/a><\/td>\n<td style=\"width: 21.7912%; text-align: center; height: 32px;\">ESO-Batxillerat<\/td>\n<\/tr>\n<tr style=\"height: 32px;\">\n<td style=\"width: 50%; height: 32px;\"><a href=\"https:\/\/agora.xtec.cat\/iesdesales\/wp-content\/uploads\/usu678\/2023\/07\/RE03.69-Autoritzacio-de-cessio-de-dades-AMPA.pdf\">RE03.69 Autoritzaci\u00f3 de cessi\u00f3 de dades AMPA<\/a><\/td>\n<td style=\"width: 21.7912%; text-align: center; height: 32px;\">ESO-Batxillerat<\/td>\n<\/tr>\n<tr style=\"height: 32px;\">\n<td style=\"width: 50%; height: 32px;\"><a href=\"https:\/\/agora.xtec.cat\/iesdesales\/wp-content\/uploads\/usu678\/2023\/07\/RE03.48_Autoritzacio_cessio_dades_alumnes-1.pdf\">RE03.48_Autoritzacio_cessio_dades_alumnes<\/a><\/td>\n<td style=\"width: 21.7912%; text-align: center; height: 32px;\">ESO-Batxillerat<\/td>\n<\/tr>\n<tr style=\"height: 32px;\">\n<td style=\"width: 50%; height: 32px;\"><a href=\"https:\/\/agora.xtec.cat\/iesdesales\/wp-content\/uploads\/usu678\/2023\/07\/RE03.64_Autoritzacio_GSuite-1.pdf\">RE03.64_Autoritzacio_GSuite<\/a><\/td>\n<td style=\"width: 21.7912%; text-align: center; height: 32px;\">ESO-Batxillerat<\/td>\n<\/tr>\n<tr style=\"height: 35px;\">\n<td style=\"width: 50%; height: 35px;\"><a href=\"https:\/\/agora.xtec.cat\/iesdesales\/wp-content\/uploads\/usu678\/2023\/07\/RE03.17_Autoritzacio_Paracetamol.pdf\">RE03.17_Autoritzaci\u00f3_Paracetamol<\/a><\/td>\n<td style=\"width: 21.7912%; text-align: center; height: 35px;\">ESO-Batxillerat<\/td>\n<\/tr>\n<tr style=\"height: 32px;\">\n<td style=\"width: 50%; height: 32px;\"><a href=\"https:\/\/agora.xtec.cat\/iesdesales\/wp-content\/uploads\/usu678\/2023\/07\/RE03.11_Autoritzacio-aparells-TIC.docx.pdf\">RE03.11_Autoritzaci\u00f3 aparells TIC.docx<\/a><\/td>\n<td style=\"width: 21.7912%; text-align: center; height: 32px;\">ESO-Batxillerat<\/td>\n<\/tr>\n<tr style=\"height: 32px;\">\n<td style=\"width: 50%; height: 32px;\"><a href=\"https:\/\/agora.xtec.cat\/iesdesales\/wp-content\/uploads\/usu678\/2023\/07\/RE03.27_Autoritz-primeres-hores-ESO.docx.pdf\">RE03.27_Autoritz primeres hores ESO.docx<\/a><\/td>\n<td style=\"width: 21.7912%; text-align: center; height: 32px;\">ESO<\/td>\n<\/tr>\n<tr style=\"height: 32px;\">\n<td style=\"width: 50%; height: 32px;\"><a href=\"https:\/\/agora.xtec.cat\/iesdesales\/wp-content\/uploads\/usu678\/2023\/07\/carta_socialitzacio_ESO_signar.docx.pdf\">carta_socialitzaci\u00f3_ESO_signar.docx<\/a><\/td>\n<td style=\"width: 21.7912%; text-align: center; height: 32px;\">ESO<\/td>\n<\/tr>\n<tr style=\"height: 32px;\">\n<td style=\"width: 50%; height: 32px;\"><a href=\"https:\/\/agora.xtec.cat\/iesdesales\/wp-content\/uploads\/usu678\/2023\/07\/RE03.13_sortida-pati-alumnes-bat.pdf\">RE03.13_sortida pati alumnes bat<\/a><\/td>\n<td style=\"width: 21.7912%; text-align: center; height: 32px;\">Batxillerat<\/td>\n<\/tr>\n<tr style=\"height: 32px;\">\n<td style=\"width: 50%; height: 32px;\"><a href=\"https:\/\/agora.xtec.cat\/iesdesales\/wp-content\/uploads\/usu678\/2023\/07\/RE03.12_Autoritz-entrada-sortida-BAT.pdf\">RE03.12_Autoritz entrada sortida BAT<\/a><\/td>\n<td style=\"width: 21.7912%; text-align: center; height: 32px;\">Batxillerat<\/td>\n<\/tr>\n<tr style=\"height: 32px;\">\n<td style=\"width: 50%; text-align: center; background-color: #f5a80f; height: 32px;\">DOCUMENTS FUNCIONAMENT CURS<\/td>\n<td style=\"width: 21.7912%; text-align: center; background-color: #f5a80f; height: 32px;\">ESTUDIS<\/td>\n<\/tr>\n<tr style=\"height: 32px;\">\n<td style=\"width: 50%; height: 32px;\"><a href=\"https:\/\/agora.xtec.cat\/iesdesales\/wp-content\/uploads\/usu678\/2023\/07\/Sollicitud-convalidacio-materies-ESO-musica.pdf\">Sol\u00b7licitud convalidaci\u00f3 mat\u00e8ries ESO-m\u00fasica<\/a><\/td>\n<td style=\"width: 21.7912%; text-align: center; height: 32px;\">ESO<\/td>\n<\/tr>\n<tr style=\"height: 32px;\">\n<td style=\"width: 50%; height: 32px;\"><a href=\"https:\/\/agora.xtec.cat\/iesdesales\/wp-content\/uploads\/usu678\/2023\/07\/Sollicitud-convalidacio-materies-ESO-practica-esport.pdf\">Sol\u00b7licitud convalidaci\u00f3 mat\u00e8ries ESO-pr\u00e0ctica esport<\/a><\/td>\n<td style=\"width: 21.7912%; text-align: center; height: 32px;\">ESO<\/td>\n<\/tr>\n<tr style=\"height: 32px;\">\n<td style=\"width: 50%; height: 32px;\"><a href=\"https:\/\/agora.xtec.cat\/iesdesales\/wp-content\/uploads\/usu678\/2023\/07\/RS01.10_Sollicitud-Convalidacio-materies-batxillerat.pdf\">RS01.10_Sol\u00b7licitud Convalidaci\u00f3 mat\u00e8ries batxillerat<\/a><\/td>\n<td style=\"width: 21.7912%; text-align: center; height: 32px;\">Batxillerat<\/td>\n<\/tr>\n<tr style=\"height: 32px;\">\n<td style=\"width: 50%; height: 32px;\"><a href=\"https:\/\/agora.xtec.cat\/iesdesales\/wp-content\/uploads\/usu678\/2023\/07\/Sollicitud-convalidacio-materies-BAT-practica-esport.pdf\">Sol\u00b7licitud convalidaci\u00f3 mat\u00e8ries BAT- pr\u00e0ctica esport<\/a><\/td>\n<td style=\"width: 21.7912%; text-align: center; height: 32px;\">Batxillerat<\/td>\n<\/tr>\n<tr style=\"height: 32px;\">\n<td style=\"width: 50%; height: 32px;\"><a href=\"https:\/\/agora.xtec.cat\/iesdesales\/wp-content\/uploads\/usu678\/2023\/07\/Sollicitud-convalidacio-materies-BAT-musica.pdf\">Sol\u00b7licitud convalidaci\u00f3 mat\u00e8ries BAT-m\u00fasica<\/a><\/td>\n<td style=\"width: 21.7912%; text-align: center; height: 32px;\">Batxillerat<\/td>\n<\/tr>\n<tr style=\"height: 32px;\">\n<td style=\"width: 50%; height: 32px;\"><a href=\"https:\/\/agora.xtec.cat\/iesdesales\/wp-content\/uploads\/usu678\/2023\/07\/sollicitud-Canvi-Optatives-BTX.doc\">Sol\u00b7licitud Canvi Optatives BTX<\/a><\/td>\n<td style=\"width: 21.7912%; text-align: center; height: 32px;\">Batxillerat<\/td>\n<\/tr>\n<tr style=\"height: 32px;\">\n<td style=\"width: 50%; height: 32px;\"><a href=\"https:\/\/agora.xtec.cat\/iesdesales\/wp-content\/uploads\/usu678\/2023\/07\/sollicitud-ioc.pdf\">Sol\u00b7licitud ioc<\/a><\/td>\n<td style=\"width: 21.7912%; text-align: center; height: 32px;\">Batxillerat<\/td>\n<\/tr>\n<tr style=\"height: 32px;\">\n<td style=\"width: 50%; height: 32px;\"><a href=\"https:\/\/agora.xtec.cat\/iesdesales\/wp-content\/uploads\/usu678\/2023\/07\/Baixa-centre-menor-dedat.pdf\">Baixa centre menor d&#8217;edat<\/a><\/td>\n<td style=\"width: 21.7912%; text-align: center; height: 32px;\">ESO-Batxillerat<\/td>\n<\/tr>\n<tr style=\"height: 32px;\">\n<td style=\"height: 32px; text-align: center; background-color: #7578d1; width: 50%;\">DOCUMENTS CICLES FORMATIUS<\/td>\n<td style=\"height: 32px; text-align: center; background-color: #7578d1; width: 21.7912%;\"><\/td>\n<\/tr>\n<tr style=\"height: 32px;\">\n<td style=\"height: 32px; width: 50%;\"><a href=\"https:\/\/docs.google.com\/forms\/d\/e\/1FAIpQLSfolQ87nq3dTRP1SxD03DcQUv3ptQ3IBRDlrWtFh2BXHdr2QQ\/viewform\">CONVALIDACIONS<\/a><\/td>\n<td style=\"height: 32px; text-align: center; width: 21.7912%;\">CICLES<\/td>\n<\/tr>\n<tr style=\"height: 32px;\">\n<td style=\"height: 32px; width: 50%;\"><a href=\"https:\/\/drive.google.com\/file\/d\/1KKjlqm-8aVg3dde8jB78ji2VSk6DkfRS\/view?usp=drive_link\">EXEMPCIONS FCT<\/a><\/td>\n<td style=\"height: 32px; text-align: center; width: 21.7912%;\">CICLES<\/td>\n<\/tr>\n<tr style=\"height: 32px;\">\n<td style=\"height: 32px; width: 50%;\"><a href=\"https:\/\/drive.google.com\/file\/d\/1SHU5_0meOQ_zptP8gs5oI5p_lB0htkxU\/view?usp=drive_link\">BAIXA DE CR\u00c8DITS\/MP\/UF I REN\u00daNCIA TOTAL DE MATR\u00cdCULA<\/a><\/td>\n<td style=\"height: 32px; text-align: center; width: 21.7912%;\">CICLES<\/td>\n<\/tr>\n<tr style=\"height: 32px;\">\n<td style=\"height: 32px; width: 50%;\"><a href=\"https:\/\/drive.google.com\/file\/d\/1SO1bM1R4rSaXXU0mVlXDUko_g0DfW-_-\/view?usp=drive_link\">SEMIPRESENCIALITAT<\/a><\/td>\n<td style=\"height: 32px; text-align: center; width: 21.7912%;\">CICLES<\/td>\n<\/tr>\n<tr style=\"height: 32px;\">\n<td style=\"height: 32px; width: 50%;\"><a href=\"https:\/\/drive.google.com\/file\/d\/1yISfnOECEpSKRQhOyBfWuYSuvp4n39JT\/view?usp=drive_link\">CANVI DE TORN<\/a><\/td>\n<td style=\"height: 32px; text-align: center; width: 21.7912%;\">CICLES<\/td>\n<\/tr>\n<tr style=\"height: 32px;\">\n<td style=\"height: 32px; width: 50%;\"><a href=\"https:\/\/drive.google.com\/file\/d\/1n1jvgE8AqISAEfcu7_VilIZNkqjj4Eto\/view?usp=drive_link\">RECLAMACI\u00d3 DE QUALIFICACIONS<\/a><\/td>\n<td style=\"height: 32px; text-align: center; width: 21.7912%;\">CICLES<\/td>\n<\/tr>\n<tr style=\"height: 32px;\">\n<td style=\"height: 32px; width: 50%;\"><a href=\"https:\/\/drive.google.com\/file\/d\/1fuRKxWzjud0B6iIyRsDRoRy_FVjYtp1Q\/view?usp=drive_link\">RECLAMACI\u00d3 DE LA RESOLUCI\u00d3 DE RECLAMACI\u00d3 DE QUALIFICACIONS<\/a><\/td>\n<td style=\"height: 32px; text-align: center; width: 21.7912%;\">CICLES<\/td>\n<\/tr>\n<\/tbody>\n<\/table>\n","protected":false},"excerpt":{"rendered":"<p>DOCUMENTS QUE ES SIGNEN EN EL MOMENT DE LA MATR\u00cdCULA<br \/>\nESTUDIS<\/p>\n<p><a href=\"https:\/\/agora.xtec.cat\/iesdesales\/wp-content\/uploads\/usu678\/2023\/07\/RC-EA.51_Carta-de-compromis_ESO_BAT.docx.pdf\">RC-EA.51_Carta de comprom\u00eds_ESO_BAT.docx<\/a><br \/>\nESO-Batxillerat<\/p>\n<p><a href=\"https:\/\/agora.xtec.cat\/iesdesales\/wp-content\/uploads\/usu678\/2023\/07\/RE03.09_Autoritzacio_Drets-imatge.docx.pdf\">RE03.09_Autoritzacio_Drets imatge.docx<\/a><br \/>\nESO-Batxillerat<\/p>\n<p><a href=\"https:\/\/agora.xtec.cat\/iesdesales\/wp-content\/uploads\/usu678\/2023\/07\/RE03.69-Autoritzacio-de-cessio-de-dades-AMPA.pdf\">RE03.69 Autoritzaci\u00f3 de cessi\u00f3 de dades AMPA<\/a><br \/>\nESO-Batxillerat<\/p>\n<p><a href=\"https:\/\/agora.xtec.cat\/iesdesales\/wp-content\/uploads\/usu678\/2023\/07\/RE03.48_Autoritzacio_cessio_dades_alumnes-1.pdf\">RE03.48_Autoritzacio_cessio_dades_alumnes<\/a><br \/>\nESO-Batxillerat<\/p>\n<p><a href=\"https:\/\/agora.xtec.cat\/iesdesales\/wp-content\/uploads\/usu678\/2023\/07\/RE03.64_Autoritzacio_GSuite-1.pdf\">RE03.64_Autoritzacio_GSuite<\/a><br \/>\nESO-Batxillerat<\/p>\n<p><a href=\"https:\/\/agora.xtec.cat\/iesdesales\/wp-content\/uploads\/usu678\/2023\/07\/RE03.17_Autoritzacio_Paracetamol.pdf\">RE03.17_Autoritzaci\u00f3_Paracetamol<\/a><br \/>\nESO-Batxillerat<\/p>\n<p><a href=\"https:\/\/agora.xtec.cat\/iesdesales\/wp-content\/uploads\/usu678\/2023\/07\/RE03.11_Autoritzacio-aparells-TIC.docx.pdf\">RE03.11_Autoritzaci\u00f3 aparells TIC.docx<\/a><br \/>\nESO-Batxillerat<\/p>\n<p><a href=\"https:\/\/agora.xtec.cat\/iesdesales\/wp-content\/uploads\/usu678\/2023\/07\/RE03.27_Autoritz-primeres-hores-ESO.docx.pdf\">RE03.27_Autoritz primeres hores ESO.docx<\/a><br \/>\nESO<\/p>\n<p><a href=\"https:\/\/agora.xtec.cat\/iesdesales\/wp-content\/uploads\/usu678\/2023\/07\/carta_socialitzacio_ESO_signar.docx.pdf\">carta_socialitzaci\u00f3_ESO_signar.docx<\/a><br \/>\nESO<\/p>\n<p><a href=\"https:\/\/agora.xtec.cat\/iesdesales\/wp-content\/uploads\/usu678\/2023\/07\/RE03.13_sortida-pati-alumnes-bat.pdf\">RE03.13_sortida pati alumnes bat<\/a><br \/>\nBatxillerat<\/p>\n<p><a href=\"https:\/\/agora.xtec.cat\/iesdesales\/wp-content\/uploads\/usu678\/2023\/07\/RE03.12_Autoritz-entrada-sortida-BAT.pdf\">RE03.12_Autoritz entrada sortida BAT<\/a><br \/>\nBatxillerat<\/p>\n<p>DOCUMENTS FUNCIONAMENT CURS<br \/>\nESTUDIS<\/p>\n<p><a href=\"https:\/\/agora.xtec.cat\/iesdesales\/wp-content\/uploads\/usu678\/2023\/07\/Sollicitud-convalidacio-materies-ESO-musica.pdf\">Sol\u00b7licitud convalidaci\u00f3&hellip;  <a href=\"https:\/\/agora.xtec.cat\/iesdesales\/secretaria-2\/documents-administratius\/\" title=\"Read Documents administratius\">Llegeix m\u00e9s\u00bb<\/a><\/p>\n","protected":false},"author":8,"featured_media":0,"parent":81,"menu_order":0,"comment_status":"closed","ping_status":"closed","template":"","meta":{"_bbp_topic_count":0,"_bbp_reply_count":0,"_bbp_total_topic_count":0,"_bbp_total_reply_count":0,"_bbp_voice_count":0,"_bbp_anonymous_reply_count":0,"_bbp_topic_count_hidden":0,"_bbp_reply_count_hidden":0,"_bbp_forum_subforum_count":0,"footnotes":""},"class_list":["post-7812","page","type-page","status-publish","hentry"],"post_mailing_queue_ids":[],"_links":{"self":[{"href":"https:\/\/agora.xtec.cat\/iesdesales\/wp-json\/wp\/v2\/pages\/7812","targetHints":{"allow":["GET"]}}],"collection":[{"href":"https:\/\/agora.xtec.cat\/iesdesales\/wp-json\/wp\/v2\/pages"}],"about":[{"href":"https:\/\/agora.xtec.cat\/iesdesales\/wp-json\/wp\/v2\/types\/page"}],"author":[{"embeddable":true,"href":"https:\/\/agora.xtec.cat\/iesdesales\/wp-json\/wp\/v2\/users\/8"}],"replies":[{"embeddable":true,"href":"https:\/\/agora.xtec.cat\/iesdesales\/wp-json\/wp\/v2\/comments?post=7812"}],"version-history":[{"count":6,"href":"https:\/\/agora.xtec.cat\/iesdesales\/wp-json\/wp\/v2\/pages\/7812\/revisions"}],"predecessor-version":[{"id":9798,"href":"https:\/\/agora.xtec.cat\/iesdesales\/wp-json\/wp\/v2\/pages\/7812\/revisions\/9798"}],"up":[{"embeddable":true,"href":"https:\/\/agora.xtec.cat\/iesdesales\/wp-json\/wp\/v2\/pages\/81"}],"wp:attachment":[{"href":"https:\/\/agora.xtec.cat\/iesdesales\/wp-json\/wp\/v2\/media?parent=7812"}],"curies":[{"name":"wp","href":"https:\/\/api.w.org\/{rel}","templated":true}]}}