{"id":7308,"date":"2023-01-07T17:33:39","date_gmt":"2023-01-07T16:33:39","guid":{"rendered":"https:\/\/agora.xtec.cat\/iesdesales\/?page_id=7308"},"modified":"2025-06-13T14:36:39","modified_gmt":"2025-06-13T12:36:39","slug":"pfi-en-auxiliar-en-centres-sanitaris","status":"publish","type":"page","link":"https:\/\/agora.xtec.cat\/iesdesales\/linstitut\/estudis\/pfi-en-auxiliar-en-centres-sanitaris\/","title":{"rendered":"PFI en Auxiliar en centres sanitaris"},"content":{"rendered":"<p style=\"text-align: right;\"><a href=\"https:\/\/agora.xtec.cat\/iesdesales\/wp-content\/uploads\/usu678\/2025\/06\/PFI.pdf\">D\u00edptic PFI<\/a><\/p>\n<h4 style=\"color: blue;\">Descripci\u00f3<\/h4>\n<p>Aquests estudis capaciten per dur a terme tasques auxiliars de mobilitzaci\u00f3 i trasllat de pacients i d&#8217;ordenaci\u00f3 i trasllat de documents i materials en centres sanitaris.<\/p>\n<p>Tenen una durada total de 1.000 hores, un curs acad\u00e8mic.<\/p>\n<h4 style=\"color: blue;\">Acc\u00e9s<\/h4>\n<p>Poden accedir a aquest programa de formaci\u00f3 i inserci\u00f3 (PFI) els joves no ocupats que compleixin com a m\u00ednim 16 anys d&#8217;edat i com a m\u00e0xim 21 en l&#8217;any d&#8217;inici del programa i que no hagin obtingut el graduat en ESO.<\/p>\n<h4 style=\"color: blue;\">Continguts<\/h4>\n<p>Mat\u00e8ries i continguts que s&#8217;imparteixen:<\/p>\n<p><strong>M\u00f2duls de formaci\u00f3 professional<\/strong><\/p>\n<ul>\n<li>Organitzaci\u00f3, Comunicaci\u00f3 i Trasllat de Documentaci\u00f3, Materials i Equips d&#8217;un Centre Sanitari<\/li>\n<li>Mobilitzaci\u00f3 i Trasllat de Pacients en Centres Sanitaris<\/li>\n<li>Trasllat de Pacients en Serveis Especials d&#8217;un Centre Sanitari<br \/>\nHabilitats comunicatives en Centres Sanitaris<\/li>\n<li>Formaci\u00f3 en Primers Auxilis<\/li>\n<li>Projecte Integrat<\/li>\n<li>Formaci\u00f3 B\u00e0sica en Prevenci\u00f3 de Riscos Laborals<\/li>\n<li>Formaci\u00f3 Pr\u00e0ctica en Empreses (200 hores)<\/li>\n<\/ul>\n<p><strong>M\u00f2duls de formaci\u00f3 general<\/strong><\/p>\n<ul>\n<li>Estrat\u00e8gies i Eines de Comunicaci\u00f3<\/li>\n<li>Entorn Social i Territorial<\/li>\n<li>Estrat\u00e8gies i Eines Matem\u00e0tiques<\/li>\n<li>Incorporaci\u00f3 al M\u00f3n Professional<\/li>\n<\/ul>\n<p><strong>Tutoria, seguiment i orientaci\u00f3 personalitzada (40 hores)<\/strong><\/p>\n<h4 style=\"color: blue;\">Pla de formaci\u00f3 i distribuci\u00f3 d&#8217;hores lectives<\/h4>\n<p><strong><u>Organitzaci\u00f3 dels m\u00f2duls de formaci\u00f3 professional (MFP) en alternan\u00e7a amb Formaci\u00f3 Estades en Empreses (FEE)<\/u><\/strong><\/p>\n<table style=\"width: 100%; height: 482px;\">\n<tbody>\n<tr style=\"height: 64px;\">\n<td style=\"height: 64px;\" width=\"259\"><strong>M\u00d2DULS PROFESSIONALS<\/strong><\/td>\n<td style=\"height: 64px;\" width=\"332\"><strong>NOM DEL M\u00d2DUL<\/strong><\/td>\n<td style=\"height: 64px;\"><strong>Hores <\/strong><strong>Centre<\/strong><\/td>\n<td style=\"height: 64px;\" width=\"114\"><strong>Hores <\/strong><strong>Empresa*<\/strong><\/td>\n<\/tr>\n<tr style=\"height: 124px;\">\n<td style=\"height: 124px;\" width=\"259\"><strong>MP1 &#8211; 2251<\/strong><\/td>\n<td style=\"height: 124px;\" width=\"332\">Organitzaci\u00f3, comunicaci\u00f3 i trasllat de documentaci\u00f3, materials i equips d\u2019un centre sanitari<\/td>\n<td style=\"height: 124px;\">40<\/td>\n<td style=\"height: 124px;\" width=\"114\">35<\/td>\n<\/tr>\n<tr style=\"height: 79px;\">\n<td style=\"height: 79px;\" width=\"259\"><strong>MP2 &#8211; 2252<\/strong><\/td>\n<td style=\"height: 79px;\" width=\"332\">Mobilitzaci\u00f3 i trasllat de pacients en centres sanitaris<\/td>\n<td style=\"height: 79px;\">120<\/td>\n<td style=\"height: 79px;\" width=\"114\">100<\/td>\n<\/tr>\n<tr style=\"height: 79px;\">\n<td style=\"height: 79px;\" width=\"259\"><strong>MP3 &#8211; MFPE039<\/strong><\/td>\n<td style=\"height: 79px;\" width=\"332\">Trasllat de pacients en serveis especials d\u2019un centre sanitari<\/td>\n<td style=\"height: 79px;\">100<\/td>\n<td style=\"height: 79px;\" width=\"114\">31<\/td>\n<\/tr>\n<tr style=\"height: 79px;\">\n<td style=\"height: 79px;\" width=\"259\"><strong>MP4 &#8211; MFPE040<\/strong><\/td>\n<td style=\"height: 79px;\" width=\"332\">Habilitats comunicatives en centres sanitaris<\/td>\n<td style=\"height: 79px;\">59<\/td>\n<td style=\"height: 79px;\" width=\"114\">21<\/td>\n<\/tr>\n<tr style=\"height: 57px;\">\n<td style=\"height: 57px;\" width=\"259\"><strong>MFPE042<\/strong><\/td>\n<td style=\"height: 57px;\" width=\"332\">Primers Auxilis<\/td>\n<td style=\"height: 57px;\">76<\/td>\n<td style=\"height: 57px;\" width=\"114\">13<\/td>\n<\/tr>\n<\/tbody>\n<\/table>\n<p><em>*Una part dels M\u00f2duls de Formaci\u00f3 Professional es realitzaran durant la Formaci\u00f3 d&#8217;Estades en Empreses i l&#8217;alumnat ser\u00e0 avaluat pels i les tutores de pr\u00e0ctiques amb una nota num\u00e8rica que sumar\u00e0 el 10% de la nota final dels m\u00f2duls professionals.<\/em><\/p>\n<p><strong><u>Organitzaci\u00f3 dels m\u00f2duls de formaci\u00f3 general (MFG):<\/u><\/strong><\/p>\n<table style=\"width: 75.612%;\">\n<tbody>\n<tr>\n<td style=\"width: 31.5476%;\"><strong>M\u00d2DULS GENERALS<\/strong><\/td>\n<td style=\"width: 52.0678%;\"><strong>NOM DEL M\u00d2DUL<\/strong><\/td>\n<td style=\"width: 21.2371%;\"><strong>HORES<\/strong><\/td>\n<\/tr>\n<tr>\n<td style=\"width: 31.5476%;\">M1<\/td>\n<td style=\"width: 52.0678%;\">EEC \u2013 Estrat\u00e8gies i Eines Comunicatives<\/td>\n<td style=\"width: 21.2371%;\">110<\/td>\n<\/tr>\n<tr>\n<td style=\"width: 31.5476%;\">M2<\/td>\n<td style=\"width: 52.0678%;\">EST \u2013 Entorn Social i Territorial<\/td>\n<td style=\"width: 21.2371%;\">45<\/td>\n<\/tr>\n<tr>\n<td style=\"width: 31.5476%;\">M3<\/td>\n<td style=\"width: 52.0678%;\">EEM \u2013 Estrat\u00e8gies i Eines Matem\u00e0tiques<\/td>\n<td style=\"width: 21.2371%;\">110<\/td>\n<\/tr>\n<tr>\n<td style=\"width: 31.5476%;\">M4<\/td>\n<td style=\"width: 52.0678%;\">IMP \u2013 Incorporaci\u00f3 al M\u00f3n Professional<\/td>\n<td style=\"width: 21.2371%;\">50<\/td>\n<\/tr>\n<\/tbody>\n<\/table>\n<table style=\"width: 75.3893%;\">\n<thead>\n<tr>\n<td style=\"width: 30.7263%;\"><strong>M\u00d2DULS<\/strong><\/td>\n<td style=\"width: 51.5829%;\"><strong>NOM DEL M\u00d2DUL<\/strong><\/td>\n<td style=\"width: 15.8287%;\"><strong>HORES<\/strong><\/td>\n<\/tr>\n<tr>\n<td style=\"width: 30.7263%;\">PI (Projecte final)<\/td>\n<td style=\"width: 51.5829%;\">Projecte integrat<\/td>\n<td style=\"width: 15.8287%;\">25<\/td>\n<\/tr>\n<\/thead>\n<tbody>\n<tr>\n<td style=\"width: 30.7263%;\">Tutoria<\/td>\n<td style=\"width: 51.5829%;\">1 hora setmanal<\/td>\n<td style=\"width: 15.8287%;\">35<\/td>\n<\/tr>\n<\/tbody>\n<\/table>\n<div>\n<h4 style=\"color: blue;\">Centres col\u00b7laboradors (pr\u00e0ctiques)<\/h4>\n<\/div>\n<ul>\n<li>Hospital Universitari de Bellvitge (ICS)<\/li>\n<li>Institut Catal\u00e0 d&#8217;Oncologia (ICS)<\/li>\n<li>Hospital de Viladecans (ICS)<\/li>\n<li>Hospital Mois\u00e8s Broggi (CSI)<\/li>\n<\/ul>\n<h4 style=\"color: blue;\">Continu\u00eftat<\/h4>\n<p>La superaci\u00f3 d&#8217;aquest programa de formaci\u00f3 i inserci\u00f3 (PFI) comporta el seg\u00fcent:<\/p>\n<ul>\n<li>Certificat acad\u00e8mic, que cont\u00e9 la qualificaci\u00f3 final obtinguda en el PFI.<\/li>\n<li>Certificat del Curs d&#8217;acc\u00e9s als cicles formatius de grau mitj\u00e0 (CAM), si el PFI s&#8217;ha cursat en un centre autoritzat a impartir aquest Curs d\u2019acc\u00e9s.<\/li>\n<li>Acc\u00e9s als cicles formatius de grau mitj\u00e0, d&#8217;acord amb la Resoluci\u00f3 EDU\/2638\/2020, de 26 d&#8217;octubre.<\/li>\n<li>Reconeixement dels m\u00f2duls professionals superats en el PFI.<\/li>\n<li>Acc\u00e9s als centres de formaci\u00f3 d&#8217;adults per obtenir el graduat en educaci\u00f3 secund\u00e0ria obligat\u00f2ria (GESO), sense complir el requisit de tenir 18 anys.<\/li>\n<\/ul>\n<p>La superaci\u00f3 d&#8217;aquest PFI permet accedir al m\u00f3n laboral com a:<\/p>\n<ul>\n<li>Zelador o zeladora d&#8217;institucions sanit\u00e0ries<\/li>\n<li>Zelador o zeladora d&#8217;unitats hospital\u00e0ries<\/li>\n<li>Zelador o zeladora de magatzem<\/li>\n<li>Zelador o zeladora de centres d&#8217;atenci\u00f3 prim\u00e0ria<\/li>\n<li>Zelador o zeladora d&#8217;anatomia patol\u00f2gica<\/li>\n<\/ul>\n<p><a href=\"https:\/\/photos.app.goo.gl\/ZtS9BTWckXKUv5AD9\"><img loading=\"lazy\" decoding=\"async\" class=\"alignnone size-large wp-image-9429\" src=\"https:\/\/agora.xtec.cat\/iesdesales\/wp-content\/uploads\/usu678\/2025\/04\/1738099396017-COLLAGE-1024x1024.jpg\" alt=\"\" width=\"1024\" height=\"1024\" srcset=\"https:\/\/agora.xtec.cat\/iesdesales\/wp-content\/uploads\/usu678\/2025\/04\/1738099396017-COLLAGE-1024x1024.jpg 1024w, https:\/\/agora.xtec.cat\/iesdesales\/wp-content\/uploads\/usu678\/2025\/04\/1738099396017-COLLAGE-300x300.jpg 300w, https:\/\/agora.xtec.cat\/iesdesales\/wp-content\/uploads\/usu678\/2025\/04\/1738099396017-COLLAGE-150x150.jpg 150w, https:\/\/agora.xtec.cat\/iesdesales\/wp-content\/uploads\/usu678\/2025\/04\/1738099396017-COLLAGE-768x768.jpg 768w, https:\/\/agora.xtec.cat\/iesdesales\/wp-content\/uploads\/usu678\/2025\/04\/1738099396017-COLLAGE-1536x1536.jpg 1536w, https:\/\/agora.xtec.cat\/iesdesales\/wp-content\/uploads\/usu678\/2025\/04\/1738099396017-COLLAGE.jpg 2047w\" sizes=\"auto, (max-width: 1024px) 100vw, 1024px\" \/><\/a><\/p>\n","protected":false},"excerpt":{"rendered":"<p><a href=\"https:\/\/agora.xtec.cat\/iesdesales\/wp-content\/uploads\/usu678\/2025\/06\/PFI.pdf\">D\u00edptic PFI<\/a><br \/>\nDescripci\u00f3<br \/>\nAquests estudis capaciten per dur a terme tasques auxiliars de mobilitzaci\u00f3 i trasllat de pacients i d&#8217;ordenaci\u00f3 i trasllat de documents i materials en centres sanitaris.<br \/>\nTenen una durada total de 1.000 hores, un curs acad\u00e8mic.<br \/>\nAcc\u00e9s<br \/>\nPoden accedir a aquest programa de formaci\u00f3 i inserci\u00f3&hellip;  <a href=\"https:\/\/agora.xtec.cat\/iesdesales\/linstitut\/estudis\/pfi-en-auxiliar-en-centres-sanitaris\/\" title=\"Read PFI en Auxiliar en centres sanitaris\">Llegeix m\u00e9s\u00bb<\/a><\/p>\n","protected":false},"author":1,"featured_media":0,"parent":195,"menu_order":0,"comment_status":"closed","ping_status":"closed","template":"","meta":{"_bbp_topic_count":0,"_bbp_reply_count":0,"_bbp_total_topic_count":0,"_bbp_total_reply_count":0,"_bbp_voice_count":0,"_bbp_anonymous_reply_count":0,"_bbp_topic_count_hidden":0,"_bbp_reply_count_hidden":0,"_bbp_forum_subforum_count":0,"footnotes":""},"class_list":["post-7308","page","type-page","status-publish","hentry"],"post_mailing_queue_ids":[],"_links":{"self":[{"href":"https:\/\/agora.xtec.cat\/iesdesales\/wp-json\/wp\/v2\/pages\/7308","targetHints":{"allow":["GET"]}}],"collection":[{"href":"https:\/\/agora.xtec.cat\/iesdesales\/wp-json\/wp\/v2\/pages"}],"about":[{"href":"https:\/\/agora.xtec.cat\/iesdesales\/wp-json\/wp\/v2\/types\/page"}],"author":[{"embeddable":true,"href":"https:\/\/agora.xtec.cat\/iesdesales\/wp-json\/wp\/v2\/users\/1"}],"replies":[{"embeddable":true,"href":"https:\/\/agora.xtec.cat\/iesdesales\/wp-json\/wp\/v2\/comments?post=7308"}],"version-history":[{"count":6,"href":"https:\/\/agora.xtec.cat\/iesdesales\/wp-json\/wp\/v2\/pages\/7308\/revisions"}],"predecessor-version":[{"id":9641,"href":"https:\/\/agora.xtec.cat\/iesdesales\/wp-json\/wp\/v2\/pages\/7308\/revisions\/9641"}],"up":[{"embeddable":true,"href":"https:\/\/agora.xtec.cat\/iesdesales\/wp-json\/wp\/v2\/pages\/195"}],"wp:attachment":[{"href":"https:\/\/agora.xtec.cat\/iesdesales\/wp-json\/wp\/v2\/media?parent=7308"}],"curies":[{"name":"wp","href":"https:\/\/api.w.org\/{rel}","templated":true}]}}