{"id":6956,"date":"2022-09-01T12:49:48","date_gmt":"2022-09-01T10:49:48","guid":{"rendered":"https:\/\/agora.xtec.cat\/iesdesales\/?page_id=6956"},"modified":"2022-09-01T12:59:07","modified_gmt":"2022-09-01T10:59:07","slug":"videos-de-centre","status":"publish","type":"page","link":"https:\/\/agora.xtec.cat\/iesdesales\/videos-de-centre\/","title":{"rendered":"V\u00eddeos de centre"},"content":{"rendered":"<p>En aquest espai trobareu uns v\u00eddeos de presentaci\u00f3 del centre i dels estudis que impartim:<\/p>\n<p>V\u00cdDEO PRESENTACI\u00d3 DEL CENTRE:<\/p>\n<p style=\"text-align: center;\"><iframe loading=\"lazy\" src=\"https:\/\/www.youtube.com\/embed\/BxS5VUznj10\" width=\"560\" height=\"315\" frameborder=\"0\" allowfullscreen=\"allowfullscreen\"><\/iframe><\/p>\n<p style=\"text-align: left;\">V\u00cdDEO PRESENTACI\u00d3 D&#8217;ESO:<\/p>\n<p style=\"text-align: center;\"><iframe loading=\"lazy\" src=\"https:\/\/www.youtube.com\/embed\/PrvmSmOiHBc?rel=0\" width=\"560\" height=\"315\" frameborder=\"0\" allowfullscreen=\"allowfullscreen\"><\/iframe><\/p>\n<p style=\"text-align: left;\">V\u00cdDEO PRESENTACI\u00d3 DE BAT:<\/p>\n<p style=\"text-align: center;\"><iframe loading=\"lazy\" src=\"https:\/\/www.youtube.com\/embed\/bbWLCDdIVv8?rel=0\" width=\"560\" height=\"315\" frameborder=\"0\" allowfullscreen=\"allowfullscreen\"><\/iframe><\/p>\n<p style=\"text-align: left;\">V\u00cdDEO PRESENTACI\u00d3 DE CICLES FORMATIUS:<\/p>\n<p style=\"text-align: center;\"><iframe loading=\"lazy\" src=\"https:\/\/www.youtube.com\/embed\/FYnuc65Vp34\" width=\"560\" height=\"315\" frameborder=\"0\" allowfullscreen=\"allowfullscreen\"><\/iframe><\/p>\n<p style=\"text-align: left;\">V\u00cdDEO PRESENTACI\u00d3 DE CAI:<\/p>\n<p style=\"text-align: center;\"><iframe loading=\"lazy\" src=\"https:\/\/www.youtube.com\/embed\/Yrw1iw9aC7w\" width=\"560\" height=\"315\" frameborder=\"0\" allowfullscreen=\"allowfullscreen\"><\/iframe><\/p>\n<p style=\"text-align: left;\">V\u00cdDEO PRESENTACI\u00d3 DE FARM\u00c0CIA:<\/p>\n<p style=\"text-align: center;\"><iframe loading=\"lazy\" src=\"https:\/\/www.youtube.com\/embed\/3WRtN9I5mRY\" width=\"560\" height=\"315\" frameborder=\"0\" allowfullscreen=\"allowfullscreen\"><\/iframe><\/p>\n<p style=\"text-align: left;\">V\u00cdDEO PRESENTACI\u00d3 DE DIE:<\/p>\n<p style=\"text-align: center;\"><iframe loading=\"lazy\" src=\"https:\/\/www.youtube.com\/embed\/KujRoJsMsuU\" width=\"560\" height=\"315\" frameborder=\"0\" allowfullscreen=\"allowfullscreen\"><\/iframe><\/p>\n<p style=\"text-align: left;\">V\u00cdDEO PRESENTACI\u00d3 D&#8217;HIGIENE BUCODENTAL:<\/p>\n<p style=\"text-align: center;\"><iframe loading=\"lazy\" src=\"https:\/\/www.youtube.com\/embed\/qjOwc-nSzY4\" width=\"560\" height=\"315\" frameborder=\"0\" allowfullscreen=\"allowfullscreen\"><\/iframe><\/p>\n<p style=\"text-align: left;\">V\u00cdDEO PRESENTACI\u00d3 DE DOCUMENTACI\u00d3 I ADMINISTRACI\u00d3 SANIT\u00c0RIA:<\/p>\n<p style=\"text-align: center;\"><iframe loading=\"lazy\" src=\"https:\/\/www.youtube.com\/embed\/h8oC49h7Ddc\" width=\"560\" height=\"315\" frameborder=\"0\" allowfullscreen=\"allowfullscreen\"><\/iframe><\/p>\n","protected":false},"excerpt":{"rendered":"<p>En aquest espai trobareu uns v\u00eddeos de presentaci\u00f3 del centre i dels estudis que impartim:<br \/>\nV\u00cdDEO PRESENTACI\u00d3 DEL CENTRE:<\/p>\n<p>V\u00cdDEO PRESENTACI\u00d3 D&#8217;ESO:<\/p>\n<p>V\u00cdDEO PRESENTACI\u00d3 DE BAT:<\/p>\n<p>V\u00cdDEO PRESENTACI\u00d3 DE CICLES FORMATIUS:<\/p>\n<p>V\u00cdDEO PRESENTACI\u00d3 DE CAI:<\/p>\n<p>V\u00cdDEO PRESENTACI\u00d3 DE FARM\u00c0CIA:<\/p>\n<p>V\u00cdDEO PRESENTACI\u00d3 DE DIE:<\/p>\n<p>V\u00cdDEO PRESENTACI\u00d3 D&#8217;HIGIENE BUCODENTAL:<\/p>\n<p>V\u00cdDEO PRESENTACI\u00d3 DE DOCUMENTACI\u00d3 I ADMINISTRACI\u00d3 SANIT\u00c0RIA:<\/p>\n","protected":false},"author":1,"featured_media":0,"parent":0,"menu_order":0,"comment_status":"closed","ping_status":"closed","template":"","meta":{"_bbp_topic_count":0,"_bbp_reply_count":0,"_bbp_total_topic_count":0,"_bbp_total_reply_count":0,"_bbp_voice_count":0,"_bbp_anonymous_reply_count":0,"_bbp_topic_count_hidden":0,"_bbp_reply_count_hidden":0,"_bbp_forum_subforum_count":0,"footnotes":""},"class_list":["post-6956","page","type-page","status-publish","hentry"],"post_mailing_queue_ids":[],"_links":{"self":[{"href":"https:\/\/agora.xtec.cat\/iesdesales\/wp-json\/wp\/v2\/pages\/6956","targetHints":{"allow":["GET"]}}],"collection":[{"href":"https:\/\/agora.xtec.cat\/iesdesales\/wp-json\/wp\/v2\/pages"}],"about":[{"href":"https:\/\/agora.xtec.cat\/iesdesales\/wp-json\/wp\/v2\/types\/page"}],"author":[{"embeddable":true,"href":"https:\/\/agora.xtec.cat\/iesdesales\/wp-json\/wp\/v2\/users\/1"}],"replies":[{"embeddable":true,"href":"https:\/\/agora.xtec.cat\/iesdesales\/wp-json\/wp\/v2\/comments?post=6956"}],"version-history":[{"count":1,"href":"https:\/\/agora.xtec.cat\/iesdesales\/wp-json\/wp\/v2\/pages\/6956\/revisions"}],"predecessor-version":[{"id":6957,"href":"https:\/\/agora.xtec.cat\/iesdesales\/wp-json\/wp\/v2\/pages\/6956\/revisions\/6957"}],"wp:attachment":[{"href":"https:\/\/agora.xtec.cat\/iesdesales\/wp-json\/wp\/v2\/media?parent=6956"}],"curies":[{"name":"wp","href":"https:\/\/api.w.org\/{rel}","templated":true}]}}